{"id":19477,"date":"2025-12-13T07:49:55","date_gmt":"2025-12-13T07:49:55","guid":{"rendered":"https:\/\/keylessbest.com\/?post_type=product&#038;p=19477"},"modified":"2026-02-25T02:23:26","modified_gmt":"2026-02-25T02:23:26","slug":"llavero-de-la-chevrolet-silverado-ev-2024-2026-pn13547258-para-keylessbest","status":"publish","type":"product","link":"https:\/\/keylessbest.com\/es\/producto\/llavero-de-la-chevrolet-silverado-ev-2024-2026-pn13547258-para-keylessbest\/","title":{"rendered":"Llave de mando Chevrolet Silverado EV 2024-2026 PN:13547258 para Keylessbest"},"content":{"rendered":"<p>*La informaci\u00f3n detallada de este llavero sin llave de Chevrolet 2021-2024 es la siguiente. Por favor, confirme que los siguientes detalles coinciden con su veh\u00edculo antes de realizar el pedido: ID FCC, N\u00famero de pieza, A\u00f1o Modelo, IC, Frecuencia, Chip y Botones.<\/p>\n<p>Introducci\u00f3n del producto:<br \/>\nNombre: Chevrolet 5 botones<br \/>\nFrecuencia: 434MHz<br \/>\nChip: 49<br \/>\nID FCC: YG0G21TB2<br \/>\nPN: 13547258<br \/>\nBotones: Bloquear, Desbloquear, Arranque remoto, Maletero delantero, P\u00e1nico<br \/>\nClave de prueba: HU100<br \/>\nBater\u00eda: CR2450<\/p>\n<p>El Modelo de Referencia:<br \/>\nChevrolet Silverado EV 2024 \u2013 2026<\/p>","protected":false},"excerpt":{"rendered":"<ul>\n<li>SKU:CA-GM677<\/li>\n<li>Frecuencia: 434MHz<\/li>\n<li>Chip: 49<\/li>\n<li>ID FCC: YG0G21TB2<\/li>\n<li>PN: 13547258<\/li>\n<li>Botones: Bloquear, Desbloquear, Arranque remoto, Maletero delantero, P\u00e1nico<\/li>\n<li>Clave de prueba: HU100<\/li>\n<li>Bater\u00eda: CR2450<\/li>\n<\/ul>","protected":false},"featured_media":21530,"comment_status":"open","ping_status":"closed","template":"","meta":{"_bst_post_transparent":"default","_bst_post_title":"","_bst_post_layout":"default","_bst_post_sidebar_id":"","_bst_post_content_style":"default","_bst_post_vertical_padding":"default","_bst_post_feature":"","_bst_post_feature_position":"","_bst_post_header":false,"_bst_post_footer":false},"product_brand":[],"product_cat":[15,152],"product_tag":[],"2_year_make_model":[],"class_list":{"0":"post-19477","1":"product","2":"type-product","3":"status-publish","4":"has-post-thumbnail","6":"product_cat-carkeyremote","7":"product_cat-for-gmc","9":"first","10":"instock","11":"sale","12":"shipping-taxable","13":"purchasable","14":"product-type-simple","15":"entry","16":"content-bg","17":"loop-entry"},"_links":{"self":[{"href":"https:\/\/keylessbest.com\/es\/wp-json\/wp\/v2\/product\/19477","targetHints":{"allow":["GET"]}}],"collection":[{"href":"https:\/\/keylessbest.com\/es\/wp-json\/wp\/v2\/product"}],"about":[{"href":"https:\/\/keylessbest.com\/es\/wp-json\/wp\/v2\/types\/product"}],"replies":[{"embeddable":true,"href":"https:\/\/keylessbest.com\/es\/wp-json\/wp\/v2\/comments?post=19477"}],"version-history":[{"count":1,"href":"https:\/\/keylessbest.com\/es\/wp-json\/wp\/v2\/product\/19477\/revisions"}],"predecessor-version":[{"id":19478,"href":"https:\/\/keylessbest.com\/es\/wp-json\/wp\/v2\/product\/19477\/revisions\/19478"}],"wp:featuredmedia":[{"embeddable":true,"href":"https:\/\/keylessbest.com\/es\/wp-json\/wp\/v2\/media\/21530"}],"wp:attachment":[{"href":"https:\/\/keylessbest.com\/es\/wp-json\/wp\/v2\/media?parent=19477"}],"wp:term":[{"taxonomy":"product_brand","embeddable":true,"href":"https:\/\/keylessbest.com\/es\/wp-json\/wp\/v2\/product_brand?post=19477"},{"taxonomy":"product_cat","embeddable":true,"href":"https:\/\/keylessbest.com\/es\/wp-json\/wp\/v2\/product_cat?post=19477"},{"taxonomy":"product_tag","embeddable":true,"href":"https:\/\/keylessbest.com\/es\/wp-json\/wp\/v2\/product_tag?post=19477"},{"taxonomy":"2_year_make_model","embeddable":true,"href":"https:\/\/keylessbest.com\/es\/wp-json\/wp\/v2\/2_year_make_model?post=19477"}],"curies":[{"name":"wp","href":"https:\/\/api.w.org\/{rel}","templated":true}]}}