{"id":21840,"date":"2026-03-09T08:56:44","date_gmt":"2026-03-09T08:56:44","guid":{"rendered":"https:\/\/keylessbest.com\/?post_type=product&#038;p=21840"},"modified":"2026-03-09T08:56:44","modified_gmt":"2026-03-09T08:56:44","slug":"2021-2024-lexus-key-fob-hyq14flb-for-keylessbest","status":"publish","type":"product","link":"https:\/\/keylessbest.com\/es\/producto\/2021-2024-lexus-key-fob-hyq14flb-for-keylessbest\/","title":{"rendered":"2021-2024 Lexus Key Fob HYQ14FLB for keylessbest"},"content":{"rendered":"<p>CA-TA256<br \/>\n*La informaci\u00f3n detallada de este llavero sin llave de Chevrolet 2016-2020 es la siguiente. Por favor, confirme que los siguientes detalles coinciden con su veh\u00edculo antes de realizar el pedido: ID FCC, N\u00famero de pieza, A\u00f1o del modelo, IC, Frecuencia, Chip y Botones.<br \/>\nInformaci\u00f3n del Producto:<br \/>\n\uf0b7FCC ID: HYQ14FLB<br \/>\n\uf0b7PN: 89904-53E70 89904-53E71<br \/>\n\uf0b7IC: 1551A-14FLB<br \/>\n\uf0b7Frequency:315MHz<br \/>\n\uf0b7Chip:8A<br \/>\n\uf0b7Buttons:Lock, Unlock, Hatch, Panic<br \/>\nEl modelo de referencia:<br \/>\n\uf0b72021-2024 Lexus IS250<br \/>\n\uf0b72021-2024 Lexus RC<br \/>\nIncluye en el paquete:<br \/>\n\uf0b7A new aftermarket keyless remote fob<br \/>\n\uf0b7A free aftermarket emergency insert key<br \/>\n\uf0b7All transmitters come with a battery<br \/>\n\uf0b7All units are tested prior to shipping<br \/>\n\uf0b72-year 100% satisfaction guarantee and warranty<br \/>\nNota:<br \/>\n\uf0b7The\u00a0 2021-2024 Lexus smart keyless entry fob replacement \u2013 \u00a0\u00a0without \u00a0a \u00a0logo, with \u00a0an \u00a0uncut emergency \u00a0insert \u00a0key included.<br \/>\nNo cortamos ni programamos la llave remota. Adem\u00e1s, para precios, por favor contacte con un cerrajero local o concesionario.<br \/>\nEste transmisor es compatible con veh\u00edculos que cuentan con un bot\u00f3n de arranque\/parada en el tablero o encendido con perilla giratoria, junto con un sistema de entrada sin llave proxy.<br \/>\nEl precio es por un mando de entrada sin llave de reemplazo completo, con llave de emergencia incluida.<br \/>\n\uf0b7Therefore,we strongly recommend that you have your \u00a0KEY FOB programmed by a professional locksmith or dealer.<br \/>\nRecursos de programaci\u00f3n\u00a0<br \/>\nGracias por elegirnos.<br \/>\nSomos uno de los fabricantes m\u00e1s profesionales de llaves de coche, sistemas de entrada sin llave, mandos a distancia de llave de coche, chips transpondedores, programadores de llaves, carcasas de llaves de coche, cerraduras de coche, herramientas de cerrajer\u00eda y otros. Adem\u00e1s, nuestra empresa cuenta con un equipo profesional y una l\u00ednea de producci\u00f3n. Adem\u00e1s, nos especializamos en la producci\u00f3n de varias llaves de coche, carcasas de llaves y herramientas de cerrajer\u00eda. Tambi\u00e9n nos encargamos del desarrollo, fabricaci\u00f3n y venta al por mayor de productos de seguridad y protecci\u00f3n para autom\u00f3viles.<br \/>\nPrecios competitivos y servicios dedicados le ayudar\u00e1n a obtener un buen mercado. Adem\u00e1s, un equipo de ventas joven y en\u00e9rgico ofrece un servicio r\u00e1pido, profesional y amigable en cualquier momento. Adem\u00e1s, todos nuestros productos se env\u00edan directamente desde el almac\u00e9n en Espa\u00f1a, Canad\u00e1 y M\u00e9xico. Por lo tanto, los productos que compre ser\u00e1n empaquetados y enviados en 48 horas despu\u00e9s de realizar el pedido. M\u00e1s de 100% de nuestros productos est\u00e1n en stock, y el inventario es suficiente.<\/p>","protected":false},"excerpt":{"rendered":"<p>\uf0b7FCC ID: HYQ14FLB<br \/>\n\uf0b7PN: 89904-53E70 89904-53E71<br \/>\n\uf0b7IC: 1551A-14FLB<br \/>\n\uf0b7Frequency:315MHz<br \/>\n\uf0b7Chip:8A<br \/>\n\uf0b7Buttons:Lock, Unlock, Hatch, Panic<\/p>","protected":false},"featured_media":21841,"comment_status":"open","ping_status":"closed","template":"","meta":{"_bst_post_transparent":"default","_bst_post_title":"","_bst_post_layout":"default","_bst_post_sidebar_id":"","_bst_post_content_style":"default","_bst_post_vertical_padding":"default","_bst_post_feature":"","_bst_post_feature_position":"","_bst_post_header":false,"_bst_post_footer":false},"product_brand":[],"product_cat":[15,384],"product_tag":[],"2_year_make_model":[],"class_list":{"0":"post-21840","1":"product","2":"type-product","3":"status-publish","4":"has-post-thumbnail","6":"product_cat-carkeyremote","7":"product_cat-for-lexus","9":"first","10":"instock","11":"sale","12":"shipping-taxable","13":"purchasable","14":"product-type-simple","15":"entry","16":"content-bg","17":"loop-entry"},"_links":{"self":[{"href":"https:\/\/keylessbest.com\/es\/wp-json\/wp\/v2\/product\/21840","targetHints":{"allow":["GET"]}}],"collection":[{"href":"https:\/\/keylessbest.com\/es\/wp-json\/wp\/v2\/product"}],"about":[{"href":"https:\/\/keylessbest.com\/es\/wp-json\/wp\/v2\/types\/product"}],"replies":[{"embeddable":true,"href":"https:\/\/keylessbest.com\/es\/wp-json\/wp\/v2\/comments?post=21840"}],"version-history":[{"count":3,"href":"https:\/\/keylessbest.com\/es\/wp-json\/wp\/v2\/product\/21840\/revisions"}],"predecessor-version":[{"id":21847,"href":"https:\/\/keylessbest.com\/es\/wp-json\/wp\/v2\/product\/21840\/revisions\/21847"}],"wp:featuredmedia":[{"embeddable":true,"href":"https:\/\/keylessbest.com\/es\/wp-json\/wp\/v2\/media\/21841"}],"wp:attachment":[{"href":"https:\/\/keylessbest.com\/es\/wp-json\/wp\/v2\/media?parent=21840"}],"wp:term":[{"taxonomy":"product_brand","embeddable":true,"href":"https:\/\/keylessbest.com\/es\/wp-json\/wp\/v2\/product_brand?post=21840"},{"taxonomy":"product_cat","embeddable":true,"href":"https:\/\/keylessbest.com\/es\/wp-json\/wp\/v2\/product_cat?post=21840"},{"taxonomy":"product_tag","embeddable":true,"href":"https:\/\/keylessbest.com\/es\/wp-json\/wp\/v2\/product_tag?post=21840"},{"taxonomy":"2_year_make_model","embeddable":true,"href":"https:\/\/keylessbest.com\/es\/wp-json\/wp\/v2\/2_year_make_model?post=21840"}],"curies":[{"name":"wp","href":"https:\/\/api.w.org\/{rel}","templated":true}]}}