{"id":21869,"date":"2026-03-09T09:10:17","date_gmt":"2026-03-09T09:10:17","guid":{"rendered":"https:\/\/keylessbest.com\/?post_type=product&#038;p=21869"},"modified":"2026-03-09T09:10:17","modified_gmt":"2026-03-09T09:10:17","slug":"2024-2025-mitsubishi-key-fob-ghr-m013-fsl-for-keylessbest","status":"publish","type":"product","link":"https:\/\/keylessbest.com\/es\/producto\/2024-2025-mitsubishi-key-fob-ghr-m013-fsl-for-keylessbest\/","title":{"rendered":"2024-2025 Mitsubishi Key Fob GHR-M013-FSL for keylessbest"},"content":{"rendered":"<p>CA-MT266<br \/>\n*La informaci\u00f3n detallada de este mando a distancia sin llave Mitsubishi de 2021-2024 es la siguiente. Por favor, confirme que los siguientes detalles coinciden con su veh\u00edculo antes de realizar el pedido: ID FCC, N\u00famero de pieza, A\u00f1o del modelo, IC, Frecuencia, Chip y Botones.<br \/>\nInformaci\u00f3n del Producto:<br \/>\n\uf0b7FCC ID: GHR-M013-FSL<br \/>\n\uf0b7PN:8637C998  285E3W550P<br \/>\n\uf0b7IC:850G-GHRM013<br \/>\n\uf0b7Frequency:315MHz<br \/>\n\uf0b7Chip:ID47<br \/>\n\uf0b7Buttons:Lock, Unlock, Panic, Trunk<br \/>\nEl modelo de referencia:<br \/>\n\uf0b7 2024-2025 Mitsubishi<br \/>\nIncluye en el paquete:<br \/>\n\uf0b7A new aftermarket keyless remote fob<br \/>\n\uf0b7A free aftermarket emergency insert key<br \/>\n\uf0b7All transmitters come with a battery<br \/>\n\uf0b7All units are tested prior to shipping<br \/>\n\uf0b72-year 100% satisfaction guarantee and warranty<br \/>\nNota:<br \/>\n\uf0b7The\u00a0  2024-2025 Mitsubishi smart keyless entry fob replacement \u2013 \u00a0\u00a0without \u00a0a \u00a0logo, with \u00a0an \u00a0uncut emergency \u00a0insert \u00a0key included.<br \/>\nNo cortamos ni programamos la llave remota. Adem\u00e1s, para precios, por favor contacte con un cerrajero local o concesionario.<br \/>\nEste transmisor es compatible con veh\u00edculos que cuentan con un bot\u00f3n de arranque\/parada en el tablero o encendido con perilla giratoria, junto con un sistema de entrada sin llave proxy.<br \/>\nEl precio es por un mando de entrada sin llave de reemplazo completo, con llave de emergencia incluida.<br \/>\n\uf0b7Therefore,we strongly recommend that you have your \u00a0KEY FOB programmed by a professional locksmith or dealer.<br \/>\nRecursos de programaci\u00f3n\u00a0<br \/>\nGracias por elegirnos.<br \/>\nSomos uno de los fabricantes m\u00e1s profesionales de llaves de coche, sistemas de entrada sin llave, mandos a distancia de llave de coche, chips transpondedores, programadores de llaves, carcasas de llaves de coche, cerraduras de coche, herramientas de cerrajer\u00eda y otros. Adem\u00e1s, nuestra empresa cuenta con un equipo profesional y una l\u00ednea de producci\u00f3n. Adem\u00e1s, nos especializamos en la producci\u00f3n de varias llaves de coche, carcasas de llaves y herramientas de cerrajer\u00eda. Tambi\u00e9n nos encargamos del desarrollo, fabricaci\u00f3n y venta al por mayor de productos de seguridad y protecci\u00f3n para autom\u00f3viles.<br \/>\nPrecios competitivos y servicios dedicados le ayudar\u00e1n a obtener un buen mercado. Adem\u00e1s, un equipo de ventas joven y en\u00e9rgico ofrece un servicio r\u00e1pido, profesional y amigable en cualquier momento. Adem\u00e1s, todos nuestros productos se env\u00edan directamente desde el almac\u00e9n en Espa\u00f1a, Canad\u00e1 y M\u00e9xico. Por lo tanto, los productos que compre ser\u00e1n empaquetados y enviados en 48 horas despu\u00e9s de realizar el pedido. M\u00e1s de 100% de nuestros productos est\u00e1n en stock, y el inventario es suficiente.<\/p>","protected":false},"excerpt":{"rendered":"<p>\uf0b7FCC ID: GHR-M013-FSL<br \/>\n\uf0b7PN:8637C998  285E3W550P<br \/>\n\uf0b7IC:850G-GHRM013<br \/>\n\uf0b7Frequency:315MHz<br \/>\n\uf0b7Chip:ID47<br \/>\n\uf0b7Buttons:Lock, Unlock, Panic, Trunk<\/p>","protected":false},"featured_media":21870,"comment_status":"open","ping_status":"closed","template":"","meta":{"_bst_post_transparent":"default","_bst_post_title":"","_bst_post_layout":"default","_bst_post_sidebar_id":"","_bst_post_content_style":"default","_bst_post_vertical_padding":"default","_bst_post_feature":"","_bst_post_feature_position":"","_bst_post_header":false,"_bst_post_footer":false},"product_brand":[],"product_cat":[15,170],"product_tag":[],"2_year_make_model":[],"class_list":{"0":"post-21869","1":"product","2":"type-product","3":"status-publish","4":"has-post-thumbnail","6":"product_cat-carkeyremote","7":"product_cat-for-mitsubishi","9":"first","10":"instock","11":"sale","12":"shipping-taxable","13":"purchasable","14":"product-type-simple","15":"entry","16":"content-bg","17":"loop-entry"},"_links":{"self":[{"href":"https:\/\/keylessbest.com\/es\/wp-json\/wp\/v2\/product\/21869","targetHints":{"allow":["GET"]}}],"collection":[{"href":"https:\/\/keylessbest.com\/es\/wp-json\/wp\/v2\/product"}],"about":[{"href":"https:\/\/keylessbest.com\/es\/wp-json\/wp\/v2\/types\/product"}],"replies":[{"embeddable":true,"href":"https:\/\/keylessbest.com\/es\/wp-json\/wp\/v2\/comments?post=21869"}],"version-history":[{"count":1,"href":"https:\/\/keylessbest.com\/es\/wp-json\/wp\/v2\/product\/21869\/revisions"}],"predecessor-version":[{"id":21871,"href":"https:\/\/keylessbest.com\/es\/wp-json\/wp\/v2\/product\/21869\/revisions\/21871"}],"wp:featuredmedia":[{"embeddable":true,"href":"https:\/\/keylessbest.com\/es\/wp-json\/wp\/v2\/media\/21870"}],"wp:attachment":[{"href":"https:\/\/keylessbest.com\/es\/wp-json\/wp\/v2\/media?parent=21869"}],"wp:term":[{"taxonomy":"product_brand","embeddable":true,"href":"https:\/\/keylessbest.com\/es\/wp-json\/wp\/v2\/product_brand?post=21869"},{"taxonomy":"product_cat","embeddable":true,"href":"https:\/\/keylessbest.com\/es\/wp-json\/wp\/v2\/product_cat?post=21869"},{"taxonomy":"product_tag","embeddable":true,"href":"https:\/\/keylessbest.com\/es\/wp-json\/wp\/v2\/product_tag?post=21869"},{"taxonomy":"2_year_make_model","embeddable":true,"href":"https:\/\/keylessbest.com\/es\/wp-json\/wp\/v2\/2_year_make_model?post=21869"}],"curies":[{"name":"wp","href":"https:\/\/api.w.org\/{rel}","templated":true}]}}