{"id":13672,"date":"2025-07-31T11:17:02","date_gmt":"2025-07-31T11:17:02","guid":{"rendered":"https:\/\/hanwuji.shengjit.com\/?page_id=13672"},"modified":"2025-07-31T11:19:28","modified_gmt":"2025-07-31T11:19:28","slug":"centre-de-service","status":"publish","type":"page","link":"https:\/\/keylessbest.com\/fr\/centre-de-service\/","title":{"rendered":"Centre de service"},"content":{"rendered":"<div data-elementor-type=\"wp-page\" data-elementor-id=\"13672\" class=\"elementor elementor-13672\" data-elementor-post-type=\"page\">\n\t\t\t\t<div class=\"elementor-element elementor-element-a64d101 e-flex e-con-boxed e-con e-parent\" data-id=\"a64d101\" data-element_type=\"container\">\n\t\t\t\t\t<div class=\"e-con-inner\">\n\t\t\t\t<div class=\"elementor-element elementor-element-024a4ae elementor-widget elementor-widget-heading\" data-id=\"024a4ae\" data-element_type=\"widget\" data-widget_type=\"heading.default\">\n\t\t\t\t\t<h2 class=\"elementor-heading-title elementor-size-default\">Comment confirmer le bon produit ?<\/h2>\t\t\t\t<\/div>\n\t\t\t\t<div class=\"elementor-element elementor-element-8b281f4 elementor-widget elementor-widget-text-editor\" data-id=\"8b281f4\" data-element_type=\"widget\" data-widget_type=\"text-editor.default\">\n\t\t\t\t\t\t\t\t\t<p>\u00a0Veuillez confirmer que les d\u00e9tails suivants correspondent \u00e0 votre v\u00e9hicule avant de commander : ID FCC, Num\u00e9ro de pi\u00e8ce, Ann\u00e9e du mod\u00e8le, IC, Fr\u00e9quence, Puce et Boutons.<\/p>\t\t\t\t\t\t\t\t<\/div>\n\t\t\t\t\t<\/div>\n\t\t\t\t<\/div>\n\t\t<div class=\"elementor-element elementor-element-3928f84 e-flex e-con-boxed e-con e-parent\" data-id=\"3928f84\" data-element_type=\"container\">\n\t\t\t\t\t<div class=\"e-con-inner\">\n\t\t\t\t<div class=\"elementor-element elementor-element-6650928 elementor-widget elementor-widget-heading\" data-id=\"6650928\" data-element_type=\"widget\" data-widget_type=\"heading.default\">\n\t\t\t\t\t<h2 class=\"elementor-heading-title elementor-size-default\">Comment changer la batterie ?<\/h2>\t\t\t\t<\/div>\n\t\t\t\t<div class=\"elementor-element elementor-element-9fa0c98 elementor-widget elementor-widget-text-editor\" data-id=\"9fa0c98\" data-element_type=\"widget\" data-widget_type=\"text-editor.default\">\n\t\t\t\t\t\t\t\t\t<p>Tout d'abord, d\u00e9montez la cl\u00e9 \u00e0 distance. Ensuite, retirez la vieille batterie qui est d\u00e9charg\u00e9e. Nouvelle batterie, faites attention aux p\u00f4les positif et n\u00e9gatif. Ins\u00e9rez la nouvelle batterie et r\u00e9assemblez la t\u00e9l\u00e9commande. Apr\u00e8s un test r\u00e9ussi, c'est termin\u00e9 !<\/p>\t\t\t\t\t\t\t\t<\/div>\n\t\t\t\t\t<\/div>\n\t\t\t\t<\/div>\n\t\t<div class=\"elementor-element elementor-element-48c971e e-flex e-con-boxed e-con e-parent\" data-id=\"48c971e\" data-element_type=\"container\">\n\t\t\t\t\t<div class=\"e-con-inner\">\n\t\t\t\t<div class=\"elementor-element elementor-element-d91d4d6 elementor-widget elementor-widget-heading\" data-id=\"d91d4d6\" data-element_type=\"widget\" data-widget_type=\"heading.default\">\n\t\t\t\t\t<h2 class=\"elementor-heading-title elementor-size-default\">Comment programmer la t\u00e9l\u00e9commande ?<\/h2>\t\t\t\t<\/div>\n\t\t\t\t<div class=\"elementor-element elementor-element-e9c7e6f elementor-widget elementor-widget-text-editor\" data-id=\"e9c7e6f\" data-element_type=\"widget\" data-widget_type=\"text-editor.default\">\n\t\t\t\t\t\t\t\t\t<p>Tout d'abord, vous devez confirmer si votre t\u00e9l\u00e9commande peut \u00eatre programm\u00e9e par vous-m\u00eame ou si vous avez besoin d'un professionnel pour le faire. Deuxi\u00e8mement, si votre v\u00e9hicule supporte la programmation automatique, vous pouvez suivre le tutoriel de programmation de la t\u00e9l\u00e9commande pour le faire vous-m\u00eame. Si votre v\u00e9hicule doit \u00eatre programm\u00e9 par un professionnel, contactez votre serrurier ou concessionnaire local qui effectuera la programmation. Plus important encore, vous devez vous assurer que la cl\u00e9 de voiture que vous avez achet\u00e9e est compatible avec votre voiture, et si la programmation \u00e9choue en raison d'un achat incorrect, je suis vraiment d\u00e9sol\u00e9 pour vous.<\/p>\t\t\t\t\t\t\t\t<\/div>\n\t\t\t\t\t<\/div>\n\t\t\t\t<\/div>\n\t\t\t\t<\/div>","protected":false},"excerpt":{"rendered":"<p>How to confirm correct product? \u00a0Please confirm the following details match your vehicle before ordering: FCC ID , Part Number , Year Model , IC , Frequency, Chip, and Buttons. How to change battery? First, disassemble the remote key. Then, take out the old battery that has run out of power.New battery, pay attention to&#8230;<\/p>","protected":false},"author":1,"featured_media":0,"parent":0,"menu_order":0,"comment_status":"closed","ping_status":"closed","template":"","meta":{"_bst_post_transparent":"","_bst_post_title":"hide","_bst_post_layout":"fullwidth","_bst_post_sidebar_id":"","_bst_post_content_style":"unboxed","_bst_post_vertical_padding":"hide","_bst_post_feature":"hide","_bst_post_feature_position":"","_bst_post_header":false,"_bst_post_footer":false,"footnotes":""},"class_list":["post-13672","page","type-page","status-publish","hentry"],"_links":{"self":[{"href":"https:\/\/keylessbest.com\/fr\/wp-json\/wp\/v2\/pages\/13672","targetHints":{"allow":["GET"]}}],"collection":[{"href":"https:\/\/keylessbest.com\/fr\/wp-json\/wp\/v2\/pages"}],"about":[{"href":"https:\/\/keylessbest.com\/fr\/wp-json\/wp\/v2\/types\/page"}],"author":[{"embeddable":true,"href":"https:\/\/keylessbest.com\/fr\/wp-json\/wp\/v2\/users\/1"}],"replies":[{"embeddable":true,"href":"https:\/\/keylessbest.com\/fr\/wp-json\/wp\/v2\/comments?post=13672"}],"version-history":[{"count":0,"href":"https:\/\/keylessbest.com\/fr\/wp-json\/wp\/v2\/pages\/13672\/revisions"}],"wp:attachment":[{"href":"https:\/\/keylessbest.com\/fr\/wp-json\/wp\/v2\/media?parent=13672"}],"curies":[{"name":"wp","href":"https:\/\/api.w.org\/{rel}","templated":true}]}}