{"id":13678,"date":"2025-07-31T11:35:00","date_gmt":"2025-07-31T11:35:00","guid":{"rendered":"https:\/\/hanwuji.shengjit.com\/?page_id=13678"},"modified":"2025-12-10T06:00:36","modified_gmt":"2025-12-10T06:00:36","slug":"comment-confirmer-et-commander-la-cle-electronique-correcte","status":"publish","type":"page","link":"https:\/\/keylessbest.com\/fr\/comment-confirmer-et-commander-la-cle-electronique-correcte\/","title":{"rendered":"Comment confirmer et commander la bonne t\u00e9l\u00e9commande"},"content":{"rendered":"<div data-elementor-type=\"wp-page\" data-elementor-id=\"13678\" class=\"elementor elementor-13678\" data-elementor-post-type=\"page\">\n\t\t\t\t<div class=\"elementor-element elementor-element-bdf5a51 e-flex e-con-boxed e-con e-parent\" data-id=\"bdf5a51\" data-element_type=\"container\">\n\t\t\t\t\t<div class=\"e-con-inner\">\n\t\t\t\t<div class=\"elementor-element elementor-element-e47988d elementor-widget elementor-widget-heading\" data-id=\"e47988d\" data-element_type=\"widget\" data-widget_type=\"heading.default\">\n\t\t\t\t\t<h1 class=\"elementor-heading-title elementor-size-default\">Comment confirmer la bonne cl\u00e9 t\u00e9l\u00e9commande pour le remplacement de votre voiture<\/h1>\t\t\t\t<\/div>\n\t\t\t\t\t<\/div>\n\t\t\t\t<\/div>\n\t\t<div class=\"elementor-element elementor-element-f657606 e-flex e-con-boxed e-con e-parent\" data-id=\"f657606\" data-element_type=\"container\">\n\t\t\t\t\t<div class=\"e-con-inner\">\n\t\t\t\t<div class=\"elementor-element elementor-element-9efa8a5 elementor-widget elementor-widget-text-editor\" data-id=\"9efa8a5\" data-element_type=\"widget\" data-widget_type=\"text-editor.default\">\n\t\t\t\t\t\t\t\t\t<h2><strong><b>\u00c9tape 1 \u2013 Trouvez votre cl\u00e9 t\u00e9l\u00e9commande d'origine (ou ce qu'il en reste)<\/b><\/strong><\/h2><p>Avant de faire quoi que ce soit d'autre, localisez votre cl\u00e9 t\u00e9l\u00e9commande d'origine, m\u00eame si elle est fissur\u00e9e, us\u00e9e ou que des boutons manquent. <strong><b>Voici l'astuce que la plupart des gens manquent :<\/b><\/strong>\u00a0les informations essentielles dont vous avez besoin pour confirmer le bon remplacement sont g\u00e9n\u00e9ralement cach\u00e9es l\u00e0 o\u00f9 vous vous y attendez le moins. Ne vous contentez pas de regarder en surface.<\/p><h2><strong><b>Les fabricants cachent souvent des d\u00e9tails cl\u00e9s dans ces endroits :<\/b><\/strong><\/h2><ul><li><b><\/b><strong><b>Couverture arri\u00e8re :<\/b><\/strong>Parfois imprim\u00e9e ou moul\u00e9e directement sur le dos.<\/li><li><b><\/b><strong><b>Compartiment de la batterie :<\/b><\/strong>Ouvrez le couvercle de la batterie \u2014 \u00e0 l'int\u00e9rieur, vous pourriez trouver l'ID FCC, le num\u00e9ro de pi\u00e8ce ou les informations de fr\u00e9quence.<\/li><li><b><\/b><strong><b>Lame de cl\u00e9 en m\u00e9tal :<\/b><\/strong>V\u00e9rifiez le c\u00f4t\u00e9 ou la base de la lame de cl\u00e9 pour des num\u00e9ros ou codes estamp\u00e9s.<\/li><\/ul><p><strong><b>NE sautez PAS cette \u00e9tape.<\/b><\/strong> Prenez des photos claires de chaque \u00e9tiquette et marque avant que votre original <a href=\"https:\/\/keylessbest.com\/fr\/comment-changer-la-batterie-de-lancien-badge-de-cle\/\" data-wpil-monitor-id=\"1752\">porte-cl\u00e9s \u00e9lectronique<\/a> dispara\u00eet compl\u00e8tement ou soit jet\u00e9.<\/p>\t\t\t\t\t\t\t\t<\/div>\n\t\t\t\t\t<\/div>\n\t\t\t\t<\/div>\n\t\t<div class=\"elementor-element elementor-element-878a06c e-flex e-con-boxed e-con e-parent\" data-id=\"878a06c\" data-element_type=\"container\">\n\t\t\t\t\t<div class=\"e-con-inner\">\n\t\t\t\t<div class=\"elementor-element elementor-element-d6d69ff elementor-widget elementor-widget-image\" data-id=\"d6d69ff\" data-element_type=\"widget\" data-widget_type=\"image.default\">\n\t\t\t\t\t\t\t\t\t\t\t\t\t\t\t<img fetchpriority=\"high\" decoding=\"async\" width=\"1024\" height=\"576\" src=\"https:\/\/keylessbest.com\/wp-content\/uploads\/2025\/12\/how-to-confirm-1024x576.png\" class=\"attachment-large size-large wp-image-19256\" alt=\"Vous ne savez pas comment confirmer et v\u00e9rifier la bonne t\u00e9l\u00e9commande pour votre v\u00e9hicule ? Ce guide \u00e9tape par \u00e9tape couvre la v\u00e9rification de la compatibilit\u00e9, les v\u00e9rifications de programmation et les astuces de d\u00e9pannage pour une correspondance parfaite.\" srcset=\"https:\/\/keylessbest.com\/wp-content\/uploads\/2025\/12\/how-to-confirm-1024x576.png 1024w, https:\/\/keylessbest.com\/wp-content\/uploads\/2025\/12\/how-to-confirm-300x169.png 300w, https:\/\/keylessbest.com\/wp-content\/uploads\/2025\/12\/how-to-confirm-768x432.png 768w, https:\/\/keylessbest.com\/wp-content\/uploads\/2025\/12\/how-to-confirm-1536x863.png 1536w, https:\/\/keylessbest.com\/wp-content\/uploads\/2025\/12\/how-to-confirm-2048x1151.png 2048w, https:\/\/keylessbest.com\/wp-content\/uploads\/2025\/12\/how-to-confirm-18x10.png 18w, https:\/\/keylessbest.com\/wp-content\/uploads\/2025\/12\/how-to-confirm-700x393.png 700w\" sizes=\"(max-width: 1024px) 100vw, 1024px\" \/>\t\t\t\t\t\t\t\t\t\t\t\t\t\t\t<\/div>\n\t\t\t\t\t<\/div>\n\t\t\t\t<\/div>\n\t\t<div class=\"elementor-element elementor-element-bb3485e e-flex e-con-boxed e-con e-parent\" data-id=\"bb3485e\" data-element_type=\"container\">\n\t\t\t\t\t<div class=\"e-con-inner\">\n\t\t\t\t<div class=\"elementor-element elementor-element-855442a elementor-widget elementor-widget-text-editor\" data-id=\"855442a\" data-element_type=\"widget\" data-widget_type=\"text-editor.default\">\n\t\t\t\t\t\t\t\t\t<h2><strong><b>\u00c9tape 2 \u2013 <\/b><\/strong><strong><b>Localisez ces <\/b><\/strong><strong><b>6<\/b><\/strong><strong><b>\u00a0Identifiants Critiques<\/b><\/strong><\/h2><p>Avant de commander une cl\u00e9 t\u00e9l\u00e9commande de remplacement, il est indispensable de confirmer ces 7 identifiants cl\u00e9s. M\u00eame si deux cl\u00e9s semblent identiques, des diff\u00e9rences dans ces d\u00e9tails affecteront la compatibilit\u00e9 et la r\u00e9ussite de la programmation.<\/p>\t\t\t\t\t\t\t\t<\/div>\n\t\t\t\t\t<\/div>\n\t\t\t\t<\/div>\n\t\t<div class=\"elementor-element elementor-element-0cf8596 e-flex e-con-boxed e-con e-parent\" data-id=\"0cf8596\" data-element_type=\"container\">\n\t\t\t\t\t<div class=\"e-con-inner\">\n\t\t<div class=\"elementor-element elementor-element-37682cc e-con-full e-flex e-con e-child\" data-id=\"37682cc\" data-element_type=\"container\">\n\t\t\t\t<div class=\"elementor-element elementor-element-3302dc0 elementor-widget elementor-widget-text-editor\" data-id=\"3302dc0\" data-element_type=\"widget\" data-widget_type=\"text-editor.default\">\n\t\t\t\t\t\t\t\t\t<h3 style=\"text-align: center;\"><strong><b>ID FCC (le plus important)<\/b><\/strong><\/h3><p style=\"text-align: left;\">Il est attribu\u00e9 par la Commission f\u00e9d\u00e9rale des communications et indique la fr\u00e9quence radio exacte et la technologie \u00e0 l'int\u00e9rieur de la t\u00e9l\u00e9commande. Vous le trouverez g\u00e9n\u00e9ralement estamp\u00e9 \u00e0 l'int\u00e9rieur du compartiment de la batterie, sur la couverture arri\u00e8re, ou parfois grav\u00e9 sur la lame de cl\u00e9 en m\u00e9tal. Prenez une photo claire, cet ID permet de v\u00e9rifier si la t\u00e9l\u00e9commande correspond au r\u00e9cepteur de votre v\u00e9hicule.<\/p>\t\t\t\t\t\t\t\t<\/div>\n\t\t\t\t<\/div>\n\t\t<div class=\"elementor-element elementor-element-2b1fac2 e-con-full e-flex e-con e-child\" data-id=\"2b1fac2\" data-element_type=\"container\">\n\t\t\t\t<div class=\"elementor-element elementor-element-c02800a elementor-widget elementor-widget-text-editor\" data-id=\"c02800a\" data-element_type=\"widget\" data-widget_type=\"text-editor.default\">\n\t\t\t\t\t\t\t\t\t<h3 style=\"text-align: center;\"><strong><b>\u00a0Num\u00e9ro de pi\u00e8ce<\/b><\/strong><\/h3><p>Ce num\u00e9ro est souvent hyph\u00e9n\u00e9 (comme le \u00ab 89904-###-### \u00bb de Toyota ou un style similaire de Honda). Il identifie de mani\u00e8re unique la pi\u00e8ce du fabricant et est essentiel pour trouver le bon remplacement. Vous le trouverez g\u00e9n\u00e9ralement imprim\u00e9 \u00e0 l\u2019int\u00e9rieur de la t\u00e9l\u00e9commande ou sur son bo\u00eetier. Faire correspondre ce num\u00e9ro \u00e9vite toute confusion entre les cl\u00e9s de rechange et celles d\u2019origine.<\/p>\t\t\t\t\t\t\t\t<\/div>\n\t\t\t\t<\/div>\n\t\t<div class=\"elementor-element elementor-element-6a049ae e-con-full e-flex e-con e-child\" data-id=\"6a049ae\" data-element_type=\"container\">\n\t\t\t\t<div class=\"elementor-element elementor-element-48d83dc elementor-widget elementor-widget-text-editor\" data-id=\"48d83dc\" data-element_type=\"widget\" data-widget_type=\"text-editor.default\">\n\t\t\t\t\t\t\t\t\t<h3 style=\"text-align: center;\"><strong><b>\u00a0Num\u00e9ro IC<\/b><\/strong><\/h3><p>Similaire \u00e0 l\u2019ID FCC mais pour la r\u00e9glementation fran\u00e7aise, le num\u00e9ro IC aide \u00e0 confirmer la compatibilit\u00e9 r\u00e9gionale. Tous les t\u00e9l\u00e9commandes ne disposent pas de ce num\u00e9ro, mais si la v\u00f4tre l\u2019a, notez-le attentivement.<\/p>\t\t\t\t\t\t\t\t<\/div>\n\t\t\t\t<\/div>\n\t\t<div class=\"elementor-element elementor-element-a63143c e-con-full e-flex e-con e-child\" data-id=\"a63143c\" data-element_type=\"container\">\n\t\t\t\t<div class=\"elementor-element elementor-element-c3f90a6 elementor-widget elementor-widget-text-editor\" data-id=\"c3f90a6\" data-element_type=\"widget\" data-widget_type=\"text-editor.default\">\n\t\t\t\t\t\t\t\t\t<h3 style=\"text-align: center;\"><strong><b>Fr\u00e9quence (315 MHz vs 433 MHz vs 868 MHz)<\/b><\/strong><\/h3><p>Votre voiture et votre t\u00e9l\u00e9commande communiquent sur une fr\u00e9quence sp\u00e9cifique. Pour les v\u00e9hicules fran\u00e7ais, 315 MHz est courant, mais certains mod\u00e8les utilisent 433 MHz ou une technologie plus r\u00e9cente comme 868 MHz (principalement en Europe). Si vous choisissez la mauvaise fr\u00e9quence, votre cl\u00e9 ne fonctionnera pas m\u00eame si elle semble correcte.<\/p>\t\t\t\t\t\t\t\t<\/div>\n\t\t\t\t<\/div>\n\t\t<div class=\"elementor-element elementor-element-951212b e-con-full e-flex e-con e-child\" data-id=\"951212b\" data-element_type=\"container\">\n\t\t\t\t<div class=\"elementor-element elementor-element-fec7aa9 elementor-widget elementor-widget-text-editor\" data-id=\"fec7aa9\" data-element_type=\"widget\" data-widget_type=\"text-editor.default\">\n\t\t\t\t\t\t\t\t\t<h3 style=\"text-align: center;\"><strong><b>Type de puce transpondeur<\/b><\/strong><\/h3><p>\u00c0 l'int\u00e9rieur de la t\u00e9l\u00e9commande se trouve une puce qui communique avec l'immobilisateur de votre voiture. Les types courants incluent 4D, 4C, PHILIPS ID46, 80 bits ou G-chip. Ces informations peuvent n\u00e9cessiter d'ouvrir la coque ou de v\u00e9rifier la documentation. Cela influence si votre <a href=\"https:\/\/keylessbest.com\/fr\/comment-programmer-rapidement-et-facilement-un-badge-de-cle-etape-par-etape-pour-nimporte-quelle-voiture\/\"  data-wpil-monitor-id=\"1751\">voiture acceptera la programmation de la cl\u00e9<\/a>.<\/p>\t\t\t\t\t\t\t\t<\/div>\n\t\t\t\t<\/div>\n\t\t<div class=\"elementor-element elementor-element-789c809 e-con-full e-flex e-con e-child\" data-id=\"789c809\" data-element_type=\"container\">\n\t\t\t\t<div class=\"elementor-element elementor-element-0af2605 elementor-widget elementor-widget-text-editor\" data-id=\"0af2605\" data-element_type=\"widget\" data-widget_type=\"text-editor.default\">\n\t\t\t\t\t\t\t\t\t<h3 style=\"text-align: center;\"><strong><b>Nombre exact de boutons &amp; disposition<\/b><\/strong><\/h3><p>Comptez soigneusement vos boutons : Verrouiller, D\u00e9verrouiller, Coffre, Panic, D\u00e9marrage \u00e0 distance, etc. M\u00eame un ordre diff\u00e9rent ou un bouton suppl\u00e9mentaire peut signifier un circuit interne diff\u00e9rent. Par exemple, voyez comment la cl\u00e9 \u00e0 4 boutons se compare \u00e0 la t\u00e9l\u00e9commande Ford Expedition \u00e0 5 boutons que nous proposons, avec la disposition correcte et le num\u00e9ro de pi\u00e8ce \u00e0\u00a0<a href=\"https:\/\/keylessbest.com\/fr\/product\/2025-2024-ford-expedition-5-buttons-keyless-entry-remote-m3n-a3c108397-pn-164-r8355-pl1t-15k601-ga-49__trashed\/\">cette t\u00e9l\u00e9commande Ford Expedition<\/a>.<\/p>\t\t\t\t\t\t\t\t<\/div>\n\t\t\t\t<\/div>\n\t\t\t\t\t<\/div>\n\t\t\t\t<\/div>\n\t\t<div class=\"elementor-element elementor-element-1f36ec5 e-flex e-con-boxed e-con e-parent\" data-id=\"1f36ec5\" data-element_type=\"container\">\n\t\t\t\t\t<div class=\"e-con-inner\">\n\t\t\t\t<div class=\"elementor-element elementor-element-ab221c5 elementor-widget elementor-widget-text-editor\" data-id=\"ab221c5\" data-element_type=\"widget\" data-widget_type=\"text-editor.default\">\n\t\t\t\t\t\t\t\t\t<h2><strong><b>\u00c9tape 3 \u2013 Correspondance correcte de l\u2019ann\u00e9e, de la marque, du mod\u00e8le et de la finition<\/b><\/strong><\/h2><p>Obtenir la<strong> ann\u00e9e<\/strong>, <strong>marque<\/strong>, <strong>mod\u00e8le<\/strong>, et<strong> finition<\/strong> correcte est crucial lors de la confirmation de la bonne t\u00e9l\u00e9commande. M\u00eame si vous poss\u00e9dez une Honda Accord de 2018 \u00e0 2025, vous pourriez avoir trois ou plus de t\u00e9l\u00e9commandes diff\u00e9rentes selon la finition et les fonctionnalit\u00e9s. <strong>Par exemple<\/strong>, une finition Sport n\u2019utilisera pas toujours la m\u00eame t\u00e9l\u00e9commande qu\u2019une version EX-L ou Hybride. Il en va de m\u00eame pour d\u2019autres marques comme Toyota, Ford et GM, o\u00f9 diff\u00e9rentes finitions signifient souvent des fr\u00e9quences, des puces transpondeurs ou des dispositions de boutons diff\u00e9rentes.<\/p>\t\t\t\t\t\t\t\t<\/div>\n\t\t\t\t\t<\/div>\n\t\t\t\t<\/div>\n\t\t<div class=\"elementor-element elementor-element-3f73087 e-flex e-con-boxed e-con e-parent\" data-id=\"3f73087\" data-element_type=\"container\">\n\t\t\t\t\t<div class=\"e-con-inner\">\n\t\t\t\t<div class=\"elementor-element elementor-element-f0c86c0 elementor-widget elementor-widget-text-editor\" data-id=\"f0c86c0\" data-element_type=\"widget\" data-widget_type=\"text-editor.default\">\n\t\t\t\t\t\t\t\t\t<h2><strong><b>\u00c9tape 4 \u2013 Utilisez des outils et bases de donn\u00e9es en ligne gratuits<\/b><\/strong><\/h2><p>Une fois que vous avez rassembl\u00e9 tous les d\u00e9tails de la t\u00e9l\u00e9commande, des outils en ligne gratuits peuvent \u00eatre une aide pr\u00e9cieuse pour confirmer la compatibilit\u00e9. Commencez par l\u2019\u00a0<strong><b>outil de recherche FCC.ID<\/b><\/strong>\u2014il suffit d\u2019entrer l\u2019ID FCC de votre t\u00e9l\u00e9commande d\u2019origine pour trouver des informations officielles sur la fr\u00e9quence de l\u2019\u00e9metteur, le fabricant et le mod\u00e8le. Cela permet de v\u00e9rifier que vous regardez le m\u00eame type de signal radio, \u00e9vitant ainsi des confusions co\u00fbteuses de fr\u00e9quences comme confondre des t\u00e9l\u00e9commandes 315 MHz avec des variantes 433 MHz.<\/p><p>Ensuite, v\u00e9rifiez des ressources comme le\u00a0<strong><b>base de donn\u00e9es de la NASTF (Force de T\u00e2che pour les Services Automobiles Nationaux)<\/b><\/strong>\u00a0or\u00a0<strong><b>base de donn\u00e9es d\u2019iLocksmith<\/b><\/strong>. Ce sont d\u2019excellents outils pour faire des r\u00e9f\u00e9rences crois\u00e9es sur les types de puces transpondeurs et les num\u00e9ros de pi\u00e8ces OEM, surtout si vous traitez avec des technologies de transpondeurs difficiles comme les puces 4D ou PHILIPS ID46. Les bases de donn\u00e9es de serrurier incluent parfois des notes sur les finitions de v\u00e9hicules et les diff\u00e9rences sp\u00e9cifiques \u00e0 l\u2019ann\u00e9e, ce qui peut \u00eatre d\u2019une grande aide.<\/p><p>Vous pouvez \u00e9galement utiliser\u00a0<strong><b>des sites de recherche VIN-vers-cl\u00e9<\/b><\/strong>\u00a0qui promettent des v\u00e9rifications rapides de compatibilit\u00e9 en entrant le VIN de votre v\u00e9hicule. Ces outils varient : certains tirent directement des dossiers du fabricant, tandis que d\u2019autres s\u2019appuient sur les donn\u00e9es des utilisateurs. L\u2019avantage est la rapidit\u00e9 et la commodit\u00e9, mais l\u2019inconv\u00e9nient est la pr\u00e9cision \u2014 ne faites jamais confiance uniquement \u00e0 ces outils sans v\u00e9rifier l\u2019ID FCC et le num\u00e9ro de pi\u00e8ce.<\/p><p>Utiliser ces bases de donn\u00e9es gratuites ensemble vous donne une image plus claire, aidant \u00e0 \u00e9viter de choisir la mauvaise t\u00e9l\u00e9commande qui \u00ab semble correcte \u00bb mais ne pourra pas \u00eatre programm\u00e9e ou fonctionner sur votre voiture. Par exemple, si vous conduisez une Toyota ou une Subaru avec plusieurs cl\u00e9s compatibles qui diff\u00e8rent seulement subtilement, ces v\u00e9rifications \u00e9conomisent du temps et de l\u2019argent avant de commander des remplacements comme la\u00a0<a href=\"https:\/\/keylessbest.com\/fr\/product\/2010-2020-toyota-subaru-scion-camry-brz-fr-s-telecommande-dentree-sans-cle-a-4-boutons-hyq12bby-pn-89070-06650-89070-06440-57497-ca110-57497-ca310-su003-01445-g\/\">t\u00e9l\u00e9commande d\u2019entr\u00e9e sans cl\u00e9 Toyota\/Subaru<\/a>.<\/p>\t\t\t\t\t\t\t\t<\/div>\n\t\t\t\t\t<\/div>\n\t\t\t\t<\/div>\n\t\t<div class=\"elementor-element elementor-element-34636af e-flex e-con-boxed e-con e-parent\" data-id=\"34636af\" data-element_type=\"container\">\n\t\t\t\t\t<div class=\"e-con-inner\">\n\t\t\t\t<div class=\"elementor-element elementor-element-b66d39e elementor-widget elementor-widget-text-editor\" data-id=\"b66d39e\" data-element_type=\"widget\" data-widget_type=\"text-editor.default\">\n\t\t\t\t\t\t\t\t\t<h2><strong><b>\u00c9tape 5 \u2013 Comment V\u00e9rifier avec le Vendeur (Questions Exactes \u00e0 Poser \u00e0 keylessbest ou Tout Autre Vendeur)<\/b><\/strong><\/h2><p>Avant d\u2019acheter une t\u00e9l\u00e9commande de remplacement, v\u00e9rifiez toujours les d\u00e9tails avec le vendeur. Voici une liste simple de questions \u00e0 poser \u00e0 keylessbest ou \u00e0 tout autre vendeur pour \u00e9viter des probl\u00e8mes de compatibilit\u00e9 :<\/p><h3><strong><b>Quel est l\u2019ID FCC de cette t\u00e9l\u00e9commande ?<\/b><\/strong><\/h3><p>C\u2019est l\u2019identifiant le plus critique. Assurez-vous qu\u2019il correspond exactement \u00e0 ce que vous avez trouv\u00e9 sur votre t\u00e9l\u00e9commande d\u2019origine.<\/p><h3><strong><b>Pouvez-vous fournir le num\u00e9ro de pi\u00e8ce OEM ?<\/b><\/strong><\/h3><p>Demandez le num\u00e9ro de pi\u00e8ce pr\u00e9cis (souvent hyph\u00e9n\u00e9 comme les codes Toyota ou Honda) pour vous assurer d\u2019obtenir le bon mod\u00e8le.<\/p><h3><strong><b>Quelle fr\u00e9quence cette t\u00e9l\u00e9commande utilise-t-elle ?<\/b><\/strong><\/h3><p>Confirmez si c\u2019est 315 MHz, 433 MHz, 868 MHz ou UWB \u2014 utiliser la mauvaise fr\u00e9quence peut entra\u00eener un \u00e9chec de programmation.<\/p><h3><strong><b>Quelle puce transpondeur est \u00e0 l\u2019int\u00e9rieur ?<\/b><\/strong><\/h3><p>V\u00e9rifiez si c\u2019est une 4D, 4C, PHILIPS ID46, 80 bits ou G-chip. Diff\u00e9rentes puces ne fonctionneront pas m\u00eame si la t\u00e9l\u00e9commande semble identique.<\/p><h3><strong><b>La lame de cl\u00e9 ou la cl\u00e9 d'urgence correspond-elle au profil de mon v\u00e9hicule ?<\/b><\/strong><\/h3><p>C'est important si vous pr\u00e9voyez d'utiliser la cl\u00e9 d'urgence ; les incompatibilit\u00e9s arrivent plus souvent qu'on ne le pense.<\/p><h3><strong><b>Combien de boutons y a-t-il sur le badge et quelles fonctions couvrent-ils ?<\/b><\/strong><\/h3><p>V\u00e9rifiez la disposition exacte \u2014 verrouillage, d\u00e9verrouillage, coffre, alarme, d\u00e9marrage \u00e0 distance \u2014 pour \u00e9viter les surprises.<\/p><h3><strong><b>Signaux d'alerte des r\u00e9ponses du vendeur<\/b><\/strong><\/h3><ul><li><b><\/b><strong><b>R\u00e9ponse vague ou aucune r\u00e9ponse concernant l'ID FCC ou le num\u00e9ro de pi\u00e8ce<\/b><\/strong>\u2014 Toute personne affirmant que \u00ab tous les t\u00e9l\u00e9commandes se ressemblent \u00bb est risqu\u00e9e.<\/li><li><b><\/b><strong><b>Aucun d\u00e9tail sur le type de puce ou la fr\u00e9quence<\/b><\/strong>\u2014 \u00c9chec de programmation probable si ces informations manquent.<\/li><li><b><\/b><strong><b>Promesses de compatibilit\u00e9 sans v\u00e9rification<\/b><\/strong>\u2014 Faites confiance aux vendeurs qui confirment les sp\u00e9cificit\u00e9s, pas aux suppositions.<\/li><li><b><\/b><strong><b>Photos uniquement issues d'images de stock, aucune photo r\u00e9elle du produit<\/b><\/strong>\u2014 Cela peut indiquer qu'ils ne disposent pas du badge exact dont vous avez besoin.<\/li><li><b><\/b><strong><b>Refus de r\u00e9pondre aux questions ou de fournir des sp\u00e9cifications d\u00e9taill\u00e9es<\/b><\/strong>\u2014 Il est temps de partir.<\/li><\/ul>\t\t\t\t\t\t\t\t<\/div>\n\t\t\t\t\t<\/div>\n\t\t\t\t<\/div>\n\t\t<div class=\"elementor-element elementor-element-b0a3221 e-flex e-con-boxed e-con e-parent\" data-id=\"b0a3221\" data-element_type=\"container\">\n\t\t\t\t\t<div class=\"e-con-inner\">\n\t\t\t\t<div class=\"elementor-element elementor-element-29eeb42 elementor-widget elementor-widget-text-editor\" data-id=\"29eeb42\" data-element_type=\"widget\" data-widget_type=\"text-editor.default\">\n\t\t\t\t\t\t\t\t\t<h2><strong><b>\u00c9tape 6 \u2013 Toujours pas s\u00fbr ? Voici la m\u00e9thode infaillible 100%<\/b><\/strong><\/h2><p>Envoyez simplement des photos claires de votre badge original (ou ce qu'il en reste) ainsi que le VIN de votre v\u00e9hicule \u00e0 un professionnel. Chez keylessbest, nous proposons ce service\u00a0<strong><b>gratuitement<\/b><\/strong>\u00a0pour vous aider \u00e0 \u00e9viter des erreurs co\u00fbteuses. Faire cette \u00e9tape suppl\u00e9mentaire\u00a0<strong><b>avant<\/b><\/strong>\u00a0la commande peut vous faire \u00e9conomiser des centaines d'euros et \u00e9viter des maux de t\u00eate li\u00e9s \u00e0 l'achat de t\u00e9l\u00e9commandes incorrectes. Donc, si vous \u00eates bloqu\u00e9, faites confiance aux professionnels et envoyez vos photos ainsi que le num\u00e9ro VIN pour obtenir une correspondance pr\u00e9cise \u00e0 100% \u00e0 chaque fois.<\/p>\t\t\t\t\t\t\t\t<\/div>\n\t\t\t\t\t<\/div>\n\t\t\t\t<\/div>\n\t\t<div class=\"elementor-element elementor-element-818462a e-flex e-con-boxed e-con e-parent\" data-id=\"818462a\" data-element_type=\"container\">\n\t\t\t\t\t<div class=\"e-con-inner\">\n\t\t\t\t<div class=\"elementor-element elementor-element-8e25c2c elementor-widget elementor-widget-text-editor\" data-id=\"8e25c2c\" data-element_type=\"widget\" data-widget_type=\"text-editor.default\">\n\t\t\t\t\t\t\t\t\t<h2><strong><b>Erreurs courantes qui co\u00fbtent des centaines d'euros (avec des exemples r\u00e9els)<\/b><\/strong><\/h2><p>De nombreux acheteurs font <a href=\"https:\/\/keylessbest.com\/fr\/combien-coute-le-remplacement-dune-telecommande-de-voiture-en-2025\/\"  data-wpil-monitor-id=\"1750\">des erreurs co\u00fbteuses lors de l'achat de t\u00e9l\u00e9commandes de remplacement<\/a>. Voici quelques erreurs courantes \u00e0 \u00e9viter :<\/p><h3><strong><b>Histoires du type \u00ab C\u2019\u00e9tait exactement la m\u00eame chose sur Amazon \u00bb<\/b><\/strong><\/h3><p>De nombreux acheteurs supposent que si une t\u00e9l\u00e9commande ressemble \u00e0 la leur, elle fonctionnera. Mais l\u2019apparence seule ne garantit pas la compatibilit\u00e9. Deux t\u00e9l\u00e9commandes peuvent avoir la m\u00eame disposition des boutons mais diff\u00e9rer compl\u00e8tement dans leur codage interne, ce qui entra\u00eene un \u00e9chec de programmation ou aucune fonction.<\/p><h3><strong><b>Confusions de fr\u00e9quence (sp\u00e9cifications fran\u00e7aises vs europ\u00e9ennes)<\/b><\/strong><\/h3><p>Les t\u00e9l\u00e9commandes fonctionnent sur des fr\u00e9quences radio sp\u00e9cifiques, comme 315 MHz, 433 MHz ou 868 MHz. Acheter une t\u00e9l\u00e9commande con\u00e7ue pour des mod\u00e8les europ\u00e9ens alors que vous avez besoin d\u2019une pour un v\u00e9hicule fran\u00e7ais peut entra\u00eener frustration et perte d\u2019argent car les fr\u00e9quences ne correspondront pas.<\/p>\t\t\t\t\t\t\t\t<\/div>\n\t\t\t\t\t<\/div>\n\t\t\t\t<\/div>\n\t\t<div class=\"elementor-element elementor-element-316480a e-flex e-con-boxed e-con e-parent\" data-id=\"316480a\" data-element_type=\"container\">\n\t\t\t\t\t<div class=\"e-con-inner\">\n\t\t\t\t<div class=\"elementor-element elementor-element-505130b elementor-widget elementor-widget-text-editor\" data-id=\"505130b\" data-element_type=\"widget\" data-widget_type=\"text-editor.default\">\n\t\t\t\t\t\t\t\t\t<p>Pour \u00e9viter ces pi\u00e8ges, confirmez toujours les d\u00e9tails cl\u00e9s : <span style=\"color: #ff6600;\"><strong>ID FCC<\/strong><\/span>, <strong><span style=\"color: #ff6600;\">Num\u00e9ro de pi\u00e8ce<\/span><\/strong>,<span style=\"color: #ff6600;\"><strong> fr\u00e9quence<\/strong><\/span>, <span style=\"color: #ff6600;\"><strong>type de puce<\/strong><\/span>, et<span style=\"color: #ff6600;\"><strong> bouton<\/strong><\/span> , avant de commander. Par exemple, si vous avez une Subaru de 2010-2014, consultez nos <a href=\"https:\/\/keylessbest.com\/fr\/product\/2010-2014-subaru-forester-impreza-impreza-wrx-sti-telecommande-dentree-sans-cle-a-4-boutons-cwtwb1u819-pn88036-fg030\/\">options de t\u00e9l\u00e9commandes sans cl\u00e9 Subaru<\/a>\u00a0pour vous assurer d\u2019obtenir la bonne compatibilit\u00e9. Prendre ces pr\u00e9cautions vous fait \u00e9conomiser de l\u2019argent et des tracas, en vous assurant que votre nouvelle t\u00e9l\u00e9commande fonctionnera du premier coup.<\/p><p>\u00a0<\/p><p>\u00a0<\/p>\t\t\t\t\t\t\t\t<\/div>\n\t\t\t\t\t<\/div>\n\t\t\t\t<\/div>\n\t\t\t\t<\/div>","protected":false},"excerpt":{"rendered":"<p>How to Confirm the Correct Key Fob for Your Car Replacement Step 1 \u2013 Find Your Original Key Fob (or What\u2019s Left of It) Before you do anything else, locate your original key fob,even if it\u2019s cracked, worn, or missing buttons. Here\u2019s the trick most people miss:\u00a0the vital information you need to confirm the correct&#8230;<\/p>","protected":false},"author":1,"featured_media":0,"parent":0,"menu_order":0,"comment_status":"closed","ping_status":"closed","template":"","meta":{"_bst_post_transparent":"","_bst_post_title":"hide","_bst_post_layout":"fullwidth","_bst_post_sidebar_id":"","_bst_post_content_style":"unboxed","_bst_post_vertical_padding":"hide","_bst_post_feature":"hide","_bst_post_feature_position":"","_bst_post_header":false,"_bst_post_footer":false,"footnotes":""},"class_list":["post-13678","page","type-page","status-publish","hentry"],"_links":{"self":[{"href":"https:\/\/keylessbest.com\/fr\/wp-json\/wp\/v2\/pages\/13678","targetHints":{"allow":["GET"]}}],"collection":[{"href":"https:\/\/keylessbest.com\/fr\/wp-json\/wp\/v2\/pages"}],"about":[{"href":"https:\/\/keylessbest.com\/fr\/wp-json\/wp\/v2\/types\/page"}],"author":[{"embeddable":true,"href":"https:\/\/keylessbest.com\/fr\/wp-json\/wp\/v2\/users\/1"}],"replies":[{"embeddable":true,"href":"https:\/\/keylessbest.com\/fr\/wp-json\/wp\/v2\/comments?post=13678"}],"version-history":[{"count":11,"href":"https:\/\/keylessbest.com\/fr\/wp-json\/wp\/v2\/pages\/13678\/revisions"}],"predecessor-version":[{"id":19259,"href":"https:\/\/keylessbest.com\/fr\/wp-json\/wp\/v2\/pages\/13678\/revisions\/19259"}],"wp:attachment":[{"href":"https:\/\/keylessbest.com\/fr\/wp-json\/wp\/v2\/media?parent=13678"}],"curies":[{"name":"wp","href":"https:\/\/api.w.org\/{rel}","templated":true}]}}