{"id":18448,"date":"2025-11-20T06:47:54","date_gmt":"2025-11-20T06:47:54","guid":{"rendered":"https:\/\/keylessbest.com\/?page_id=18448"},"modified":"2025-11-21T06:48:13","modified_gmt":"2025-11-21T06:48:13","slug":"keylessbest-a-propos-de-nous","status":"publish","type":"page","link":"https:\/\/keylessbest.com\/fr\/keylessbest-a-propos-de-nous\/","title":{"rendered":"\u00c0 propos de nous"},"content":{"rendered":"<style>* { box-sizing: border-box; } body {margin: 0;}*{box-sizing:border-box;}body{margin-top:0px;margin-right:0px;margin-bottom:0px;margin-left:0px;}.c1734{max-width:100%;width:100%;}.c1826{max-width:100%;width:100%;}.c1871{max-width:100%;width:100%;}.c2198{max-width:100%;width:100%;}.c881{max-width:100%;width:100%;}.c1067{max-width:100%;width:100%;}.c1189{max-width:100%;width:100%;}.c1559{max-width:100%;width:100%;}.c1953{max-width:100%;width:100%;}.c3831{outline:none;-webkit-font-smoothing:antialiased;-webkit-tap-highlight-color:rgba(0, 0, 0, 0);border-color:initial;border-image:initial;margin:0px;padding:0px;font-size:16px;line-height:28px;overflow-anchor:auto;font-family:Inter, -apple-system, BlinkMacSystemFont, \"Segoe UI\", \"PingFang SC\", \"Hiragino Sans GB\", \"Microsoft YaHei\", \"Helvetica Neue\", Helvetica, Arial, sans-serif;color:rgb(0, 0, 0) !important;outline-color:initial;outline-style:none;outline-width:initial;border-top-color:initial;border-right-color:initial;border-bottom-color:initial;border-left-color:initial;border-image-source:initial;border-image-slice:initial;border-image-width:initial;border-image-outset:initial;border-image-repeat:initial;margin-top:0px;margin-right:0px;margin-bottom:0px;margin-left:0px;padding-top:0px;padding-right:0px;padding-bottom:0px;padding-left:0px;}.c4874{margin-left:36pt;text-indent:-18pt;tab-stops:blank 36.0000pt;mso-list:l0 level1 lfo1;}.c4878{mso-spacerun:'yes';font-family:Calibri;mso-fareast-font-family:&#23435;&#20307;;mso-bidi-font-family:'Times New Roman';font-size:10.5pt;mso-font-kerning:1.0000pt;}.c4896{mso-spacerun:'yes';font-family:&#23435;&#20307;;mso-ascii-font-family:Calibri;mso-hansi-font-family:Calibri;mso-bidi-font-family:'Times New Roman';font-size:10.5pt;mso-font-kerning:1.0000pt;}.c4923{mso-spacerun:'yes';font-family:Calibri;mso-fareast-font-family:&#23435;&#20307;;mso-bidi-font-family:'Times New Roman';font-size:10.5pt;mso-font-kerning:1.0000pt;}.c4941{mso-spacerun:'yes';font-family:&#23435;&#20307;;mso-ascii-font-family:Calibri;mso-hansi-font-family:Calibri;mso-bidi-font-family:'Times New Roman';font-size:10.5pt;mso-font-kerning:1.0000pt;}.c4959{mso-spacerun:'yes';font-family:Calibri;mso-fareast-font-family:&#23435;&#20307;;mso-bidi-font-family:'Times New Roman';font-size:10.5pt;mso-font-kerning:1.0000pt;}.c4977{mso-spacerun:'yes';font-family:&#23435;&#20307;;mso-ascii-font-family:Calibri;mso-hansi-font-family:Calibri;mso-bidi-font-family:'Times New Roman';font-size:10.5pt;mso-font-kerning:1.0000pt;}.c5004{mso-spacerun:'yes';font-family:Calibri;mso-fareast-font-family:&#23435;&#20307;;mso-bidi-font-family:'Times New Roman';font-size:10.5pt;mso-font-kerning:1.0000pt;}.c8465{margin-left:18pt;mso-para-margin-left:0.0000gd;}.c8609{margin-left:18pt;mso-para-margin-left:0.0000gd;}.c8753{margin-left:18pt;mso-para-margin-left:0.0000gd;}.c8933{margin-left:18pt;mso-para-margin-left:0.0000gd;}.c8468{mso-spacerun:'yes';font-family:Calibri;mso-fareast-font-family:&#23435;&#20307;;mso-bidi-font-family:'Times New Roman';font-size:10.5pt;mso-font-kerning:1.0000pt;}.c8495{mso-spacerun:'yes';font-family:&#23435;&#20307;;mso-ascii-font-family:Calibri;mso-hansi-font-family:Calibri;mso-bidi-font-family:'Times New Roman';font-size:10.5pt;mso-font-kerning:1.0000pt;}.c8522{mso-spacerun:'yes';font-family:Calibri;mso-fareast-font-family:&#23435;&#20307;;mso-bidi-font-family:'Times New Roman';font-size:10.5pt;mso-font-kerning:1.0000pt;}.c8540{mso-spacerun:'yes';font-family:&#23435;&#20307;;mso-ascii-font-family:Calibri;mso-hansi-font-family:Calibri;mso-bidi-font-family:'Times New Roman';font-size:10.5pt;mso-font-kerning:1.0000pt;}.c8567{mso-spacerun:'yes';font-family:Calibri;mso-fareast-font-family:&#23435;&#20307;;mso-bidi-font-family:'Times New Roman';font-size:10.5pt;mso-font-kerning:1.0000pt;}.c8585{mso-spacerun:'yes';font-family:Calibri;mso-fareast-font-family:&#23435;&#20307;;mso-bidi-font-family:'Times New Roman';font-size:10.5pt;mso-font-kerning:1.0000pt;}.c8612{mso-spacerun:'yes';font-family:Calibri;mso-fareast-font-family:&#23435;&#20307;;mso-bidi-font-family:'Times New Roman';font-size:10.5pt;mso-font-kerning:1.0000pt;}.c8639{mso-spacerun:'yes';font-family:&#23435;&#20307;;mso-ascii-font-family:Calibri;mso-hansi-font-family:Calibri;mso-bidi-font-family:'Times New Roman';font-size:10.5pt;mso-font-kerning:1.0000pt;}.c8666{mso-spacerun:'yes';font-family:Calibri;mso-fareast-font-family:&#23435;&#20307;;mso-bidi-font-family:'Times New Roman';font-size:10.5pt;mso-font-kerning:1.0000pt;}.c8684{mso-spacerun:'yes';font-family:&#23435;&#20307;;mso-ascii-font-family:Calibri;mso-hansi-font-family:Calibri;mso-bidi-font-family:'Times New Roman';font-size:10.5pt;mso-font-kerning:1.0000pt;}.c8711{mso-spacerun:'yes';font-family:Calibri;mso-fareast-font-family:&#23435;&#20307;;mso-bidi-font-family:'Times New Roman';font-size:10.5pt;mso-font-kerning:1.0000pt;}.c8729{mso-spacerun:'yes';font-family:Calibri;mso-fareast-font-family:&#23435;&#20307;;mso-bidi-font-family:'Times New Roman';font-size:10.5pt;mso-font-kerning:1.0000pt;}.c8756{mso-spacerun:'yes';font-family:Calibri;mso-fareast-font-family:&#23435;&#20307;;mso-bidi-font-family:'Times New Roman';font-size:10.5pt;mso-font-kerning:1.0000pt;}.c8783{mso-spacerun:'yes';font-family:&#23435;&#20307;;mso-ascii-font-family:Calibri;mso-hansi-font-family:Calibri;mso-bidi-font-family:'Times New Roman';font-size:10.5pt;mso-font-kerning:1.0000pt;}.c8810{mso-spacerun:'yes';font-family:Calibri;mso-fareast-font-family:&#23435;&#20307;;mso-bidi-font-family:'Times New Roman';font-size:10.5pt;mso-font-kerning:1.0000pt;}.c8828{mso-spacerun:'yes';font-family:&#23435;&#20307;;mso-ascii-font-family:Calibri;mso-hansi-font-family:Calibri;mso-bidi-font-family:'Times New Roman';font-size:10.5pt;mso-font-kerning:1.0000pt;}.c8855{mso-spacerun:'yes';font-family:Calibri;mso-fareast-font-family:&#23435;&#20307;;mso-bidi-font-family:'Times New Roman';font-size:10.5pt;mso-font-kerning:1.0000pt;}.c8873{mso-spacerun:'yes';font-family:Calibri;mso-fareast-font-family:&#23435;&#20307;;mso-bidi-font-family:'Times New Roman';font-size:10.5pt;mso-font-kerning:1.0000pt;}.c8900{mso-spacerun:'yes';font-family:Calibri;mso-fareast-font-family:&#23435;&#20307;;mso-bidi-font-family:'Times New Roman';font-size:10.5pt;mso-font-kerning:1.0000pt;}.c8909{mso-spacerun:'yes';font-family:Calibri;mso-fareast-font-family:&#23435;&#20307;;mso-bidi-font-family:'Times New Roman';font-size:10.5pt;mso-font-kerning:1.0000pt;}.c8936{mso-spacerun:'yes';font-family:Calibri;mso-fareast-font-family:&#23435;&#20307;;mso-bidi-font-family:'Times New Roman';font-size:10.5pt;mso-font-kerning:1.0000pt;}.c8963{mso-spacerun:'yes';font-family:&#23435;&#20307;;mso-ascii-font-family:Calibri;mso-hansi-font-family:Calibri;mso-bidi-font-family:'Times New Roman';font-size:10.5pt;mso-font-kerning:1.0000pt;}.c8990{mso-spacerun:'yes';font-family:Calibri;mso-fareast-font-family:&#23435;&#20307;;mso-bidi-font-family:'Times New Roman';font-size:10.5pt;mso-font-kerning:1.0000pt;}.c9008{mso-spacerun:'yes';font-family:Calibri;mso-fareast-font-family:&#23435;&#20307;;mso-bidi-font-family:'Times New Roman';font-size:10.5pt;mso-font-kerning:1.0000pt;}<\/style>\n<p><body><\/p>\n<section class=\"relative bg-white bg-[url('https:\/\/hn-smartautokey.usa18.wondercdn.com\/uploads\/image\/60f7bb87a36b6.jpg')] bg-center bg-no-repeat bg-cover max-h-[600px] sm:max-h-[700px] lg:max-h-[800px] mb-0' style='max-width: 100%; width: max-width: c881\" style=\"max-width: 100%; width: 100%;\">\n<div class=\"absolute inset-0 bg-black bg-opacity-40\"><\/div>\n<div class=\"relative z-10 max-w-7xl mx-auto h-full flex flex-col justify-center px-6 py-20 sm:py-32 lg:py-40 container\">\n<h1 class=\"text-white font-extrabold text-4xl sm:text-5xl md:text-6xl max-w-3xl leading-tight drop-shadow-lg\">Le fabricant professionnel en solutions d'entr\u00e9e sans cl\u00e9 pour l'automobile<\/h1>\n<p class=\"mt-6 max-w-xl text-orange-500 text-lg sm:text-xl font-semibold drop-shadow-md\">Offrant des syst\u00e8mes d'entr\u00e9e sans cl\u00e9 transparents, s\u00e9curis\u00e9s et innovants \u00e0 l'\u00e9chelle nationale.<\/p>\n<div class=\"mt-10 flex flex-col sm:flex-row sm:space-x-6 space-y-4 sm:space-y-0 max-w-xl\">\n<div class=\"rounded-md shadow\"><a class=\"w-full flex items-center justify-center px-8 py-3 border border-transparent text-base font-medium rounded-md text-white bg-orange-600 hover:bg-orange-700 focus:outline-none focus:ring-2 focus:ring-offset-2 focus:ring-orange-500' href='#\"> D\u00e9couvrez Nos Solutions <\/a><\/div>\n<div class=\"rounded-md shadow\">Contacter le Service Commercial<\/div>\n<\/div>\n<\/div>\n<\/section>\n<section class=\"bg-white mb-0' style='max-width: 100%; width: max-width: c1067\" style=\"max-width: 100%; width: 100%;\">\n<div class=\"container mx-auto px-6 py-20 flex flex-col-reverse lg:flex-row items-center lg:items-start gap-12\">\n<div class=\"lg:w-1\/2 text-center lg:text-left\">\n<h1 class=\"text-4xl md:text-5xl font-extrabold text-gray-900 leading-tight\">R\u00e9volutionner votre exp\u00e9rience d'acc\u00e8s<\/h1>\n<p class=\"mt-6 text-lg md:text-xl text-gray-700 max-w-xl mx-auto lg:mx-0\">D\u00e9couvrez des solutions sans cl\u00e9 de pointe, fiables, con\u00e7ues pour am\u00e9liorer la s\u00e9curit\u00e9 et la commodit\u00e9 pour les entreprises du monde entier.<\/p>\n<p><button type=\"button\" class=\"mt-8 inline-block bg-orange-600 hover:bg-orange-700 focus-visible:outline focus-visible:outline-2 focus-visible:outline-offset-2 focus-visible:outline-orange-600 text-white font-semibold px-8 py-3 rounded-md transition-colors text-lg\"> D\u00e9couvrez Nos Solutions <\/button><\/div>\n<div class=\"lg:w-1\/2 max-w-lg mx-auto\"><img fetchpriority=\"high\" src=\"https:\/\/keylessbest.com\/wp-content\/uploads\/2025\/11\/60f7bb87a36b6.webp\" alt=\"Coques de cl\u00e9s de voiture Keyless\" width=\"1000\" height=\"1000\" class=\"w-full h-auto rounded-lg shadow-lg' loading='eager' decoding='async\"><\/div>\n<\/div>\n<\/section>\n<section class=\"bg-gray-100 mb-0' style='max-width: 100%; width: max-width: c1189\" style=\"max-width: 100%; width: 100%;\">\n<div class=\"container mx-auto px-6 py-20\">\n<div class=\"max-w-7xl mx-auto grid grid-cols-1 lg:grid-cols-2 gap-12 items-center\">\n<div>\n<h2 class=\"text-4xl font-extrabold text-gray-900 mb-6\">\u00c0 propos de keylessbest<\/h2>\n<p class=\"text-gray-700 mb-6 leading-relaxed\">keylessbest est l'un des fabricants les plus professionnels et populaires en solutions avanc\u00e9es d'entr\u00e9e sans cl\u00e9 et de s\u00e9curit\u00e9 automobile. Nous combinons une technologie innovante avec un savoir-faire expert pour offrir une commodit\u00e9 sans faille.<\/p>\n<h3 class=\"text-2xl font-semibold text-gray-900 mb-4\">Comp\u00e9tences Cl\u00e9s<\/h3>\n<ul class=\"list-disc list-inside space-y-2 text-gray-700 mb-8\">\n<li>Technologie de pointe <a href=\"https:\/\/keylessbest.com\/fr\/product\/2013-2021-toyota-rav4-vehicules-uniquement-fabriques-en-france-highlander-tacoma-tundra-sequoia-telecommande-dentree-sans-cle-a-4-boutons-gq4-52t-gq452t-pn-89070-0r100-h\/\" data-wpil-monitor-id=\"6\">technologie sans cl\u00e9 adapt\u00e9e aux v\u00e9hicules modernes<\/a><\/li>\n<li>Protocoles de s\u00e9curit\u00e9 robustes garantissant une protection maximale<\/li>\n<li>D\u00e9veloppement rapide de produits conforme aux normes de l'industrie<\/li>\n<li>Support client d\u00e9di\u00e9 et service fiable<\/li>\n<\/ul>\n<h3 class=\"text-2xl font-semibold text-gray-900 mb-4\">Avantages pour l'utilisateur<\/h3>\n<ul class=\"list-disc list-inside space-y-2 text-gray-700\">\n<li>Acc\u00e8s simplifi\u00e9 au v\u00e9hicule avec des solutions s\u00e9curis\u00e9es et pratiques<\/li>\n<li>S\u00e9curit\u00e9 accrue du v\u00e9hicule avec une technologie fiable et test\u00e9e<\/li>\n<li>R\u00e9duction du risque de perte et de dommage gr\u00e2ce \u00e0 des fonctionnalit\u00e9s sans cl\u00e9 avanc\u00e9es<\/li>\n<li>Tranquillit\u00e9 d'esprit gr\u00e2ce \u00e0 des produits fiables et durables<\/li>\n<\/ul>\n<\/div>\n<div class=\"flex justify-center\"><img loading=\"lazy\" decoding=\"async\" src=\"https:\/\/keylessbest.com\/wp-content\/uploads\/2025\/11\/60f7bb87a36b6.webp\" alt=\"Syst\u00e8me d\u2019entr\u00e9e sans cl\u00e9 moderne\" width=\"450\" height=\"479\" class=\"rounded-lg shadow-lg object-cover w-full max-w-md' loading='lazy\"><\/div>\n<\/div>\n<div class=\"mt-20 max-w-xl mx-auto text-center\">\n<p class=\"text-lg text-gray-800 leading-relaxed\">Chez keylessbest, la confiance est la fondation de chaque produit que nous construisons. Notre engagement envers la qualit\u00e9, la s\u00e9curit\u00e9 et la conception centr\u00e9e sur l'utilisateur garantit que vous b\u00e9n\u00e9ficiez de la meilleure exp\u00e9rience sans cl\u00e9 possible.<\/p>\n<p><button type=\"button\" class=\"mt-10 inline-block bg-orange-600 hover:bg-orange-700 focus-visible:outline focus-visible:outline-2 focus-visible:outline-offset-2 focus-visible:outline-orange-600 text-white font-semibold py-3 px-8 rounded-lg transition\"> D\u00e9couvrez Nos Solutions <\/button><\/div>\n<\/div>\n<\/section>\n<section class=\"bg-white text-gray-900 mb-0' style='max-width: 100%; width: max-width: c1559\" style=\"max-width: 100%; width: 100%;\">\n<div class=\"container mx-auto px-6 py-20\">\n<header class=\"text-center max-w-3xl mx-auto mb-16\">\n<h1 class=\"text-4xl font-extrabold tracking-tight mb-4\">Gammes de Produits keylessbest<\/h1>\n<p class=\"text-lg leading-relaxed\">Nous sommes sp\u00e9cialis\u00e9s dans la production d'une large gamme de produits de cl\u00e9s de voiture pour les entreprises, y compris <b>cl\u00e9s de voiture standard<\/b>, <b>cl\u00e9s t\u00e9l\u00e9commandes intelligentes<\/b>,<b> cl\u00e9s transpondeurs<\/b>, et <b>remplacements de cl\u00e9s \u00e0 distance<\/b>. Au-del\u00e0 des cl\u00e9s finies, nous proposons \u00e9galement des composants de fabrication connexes tels que<b> blanks de cl\u00e9s<\/b>,<b> puces \u00e9lectroniques<\/b>, et<b> modules de codage<\/b>, con\u00e7us pour s'adapter \u00e0 diff\u00e9rentes marques et mod\u00e8les de voitures. Notre mission principale est de fournir aux clients des produits de cl\u00e9s de voiture de haute qualit\u00e9 \u00e0 des prix comp\u00e9titifs.<\/p>\n<\/header>\n<div class=\"grid gap-12 lg:grid-cols-2 lg:items-center\">\n<div>\n<h2 class=\"text-3xl font-semibold mb-4 text-orange-600\">Introduction de la Marque<\/h2>\n<p class=\"mb-6\"><span class=\"c3831\">Produire les meilleures cl\u00e9s de voiture. nous sommes <b>plus que des fabricants professionnels<\/b>. Notre objectif est de <b>assurer des voyages en toute s\u00e9curit\u00e9 pour les personnes du monde entier.<\/b><\/span><\/p>\n<p><img decoding=\"async\" src=\"https:\/\/keylessbest.com\/wp-content\/uploads\/2025\/11\/60f7bb87a36b6.webp\" alt=\"Affichage des produits Keylessbest\" class=\"w-full rounded-lg shadow-md object-cover max-h-80' loading='lazy\"><\/div>\n<div class=\"space-y-12\">\n<section class=\"mb-0 c1734\" style=\"max-width: 100%; width: 100%;\">\n<h3 class=\"text-2xl font-semibold text-orange-600 mb-3\">Points forts du Produit<\/h3>\n<ul class=\"list-disc list-inside space-y-2 text-gray-800\">\n<li>Chiffrement avanc\u00e9 garantissant la s\u00e9curit\u00e9 du v\u00e9hicule et la protection contre le vol.<\/li>\n<li>Conceptions ergonomiques pour une exp\u00e9rience utilisateur fluide et une manipulation facile.<\/li>\n<li>Compatibilit\u00e9 \u00e9tendue avec les principales marques et mod\u00e8les de v\u00e9hicules.<\/li>\n<\/ul>\n<\/section>\n<section class=\"mb-0 c1826\" style=\"max-width: 100%; width: 100%;\">\n<h3 class=\"text-2xl font-semibold text-orange-600 mb-3\">Assurance Qualit\u00e9<\/h3>\n<p class=\"text-gray-800 leading-relaxed\">Chaque produit subit un contr\u00f4le qualit\u00e9 strict, comprenant des tests d'endurance et des certifications industrielles.<\/p>\n<\/section>\n<section class=\"mb-0 c1871\" style=\"max-width: 100%; width: 100%;\"><button class=\"mt-4 bg-orange-600 hover:bg-orange-700 text-white font-semibold px-6 py-3 rounded-md focus:outline-none focus-visible:ring-2 focus-visible:ring-orange-500 focus-visible:ring-offset-2 transition\"> D\u00e9couvrez Notre Gamme <\/button><\/section>\n<\/div>\n<\/div>\n<\/div>\n<\/section>\n<section class=\"bg-gray-100 mb-0' style='max-width: 100%; width: max-width: c1953\" style=\"max-width: 100%; width: 100%;\">\n<div class=\"container mx-auto px-6 py-20\">\n<header class=\"max-w-3xl mx-auto text-center mb-16\">\n<h2 class=\"text-4xl font-extrabold text-gray-900 mb-4\">Pourquoi choisir keylessbest<\/h2>\n<p class=\"text-gray-700 text-lg\">Solutions innovantes offrant fiabilit\u00e9, s\u00e9curit\u00e9 et commodit\u00e9 dans chaque produit sans cl\u00e9.<\/p>\n<\/header>\n<div class=\"grid gap-12 lg:grid-cols-3 lg:gap-16 mb-20' role='list' aria-label='Unique selling points of keylessbest\">\n<article class=\"bg-white rounded-lg shadow-md p-8 flex flex-col items-center text-center\"><img decoding=\"async\" src=\"https:\/\/keylessbest.com\/wp-content\/uploads\/2025\/11\/60f7bb87a36b6.webp\" alt=\"\u00c9tui universel pour cl\u00e9 de voiture\" width=\"150\" height=\"150\" class=\"mb-6\"><\/p>\n<h3 class=\"text-xl font-semibold text-gray-900 mb-2\">Compatibilit\u00e9 \u00c9tendue<\/h3>\n<p class=\"text-gray-600\">Prise en charge d'une large gamme de mod\u00e8les de v\u00e9hicules assurant une int\u00e9gration transparente avec la technologie existante.<\/p>\n<\/article>\n<article class=\"bg-white rounded-lg shadow-md p-8 flex flex-col items-center text-center\"><img decoding=\"async\" src=\"https:\/\/keylessbest.com\/wp-content\/uploads\/2025\/11\/60f7bb87a36b6.webp\" alt=\"Syst\u00e8me d\u2019entr\u00e9e sans cl\u00e9 s\u00e9curis\u00e9\" width=\"150\" height=\"150\" class=\"mb-6\"><\/p>\n<h3 class=\"text-xl font-semibold text-gray-900 mb-2\">S\u00e9curit\u00e9 Avanc\u00e9e<\/h3>\n<p class=\"text-gray-600\">Chiffrement de pointe et designs r\u00e9sistants \u00e0 la manipulation pour garder votre v\u00e9hicule en s\u00e9curit\u00e9 contre les acc\u00e8s non autoris\u00e9s.<\/p>\n<\/article>\n<article class=\"bg-white rounded-lg shadow-md p-8 flex flex-col items-center text-center\">\n<div class=\"w-16 h-16 flex items-center justify-center rounded-full bg-orange-500 text-white text-2xl font-bold mb-6\">&#9851;<\/div>\n<h3 class=\"text-xl font-semibold text-gray-900 mb-2\">Mat\u00e9riaux \u00c9cologiques<\/h3>\n<p class=\"text-gray-600\">Composants issus de sources durables r\u00e9duisant l'impact environnemental sans compromettre la durabilit\u00e9 ou la performance.<\/p>\n<\/article>\n<\/div>\n<section aria-labelledby=\"testimonials-heading\" class=\"max-w-5xl mx-auto mb-20 mb-0 c2198\" style=\"max-width: 100%; width: 100%;\">\n<h3 id=\"testimonials-heading\" class=\"text-3xl font-extrabold text-gray-900 text-center mb-12\">\n<p>T\u00e9moignages Clients<\/h3>\n<div class=\"space-y-12\">\n<blockquote class=\"bg-white p-8 rounded-lg shadow-md\">\n<p class=\"text-gray-700 mb-6\">\n<p class=\"MsoNormal c4874\"><span class=\"c4878\">&#8220;My husband lost the key to our 2019 Subaru Outback while camping<\/span><span class=\"c4896\"><font face=\"Calibri\">, <\/font><\/span><span class=\"c4923\">notre concessionnaire local a indiqu\u00e9 $420 et une<\/span><span class=\"c4941\">&nbsp;<\/span><span class=\"c4959\">week wait. I contacted customer service here to purchase one: we paid just $89, and the key arrived in Colorado in 36 hours. Most importantly, it started the car on the first try! I still can&rsquo;t believe the value, so I bought two more as spares. I&rsquo;ve also recommended this store to my family and friends, and they all love it too. I&rsquo;m thrilled!&#8221;<\/span><span class=\"c4977\"><font face=\"Calibri\">&#8212;<\/font><\/span><span class=\"c5004\">Jennifer<br \/><\/span><\/p>\n<p class=\"MsoNormal c8465\"><span class=\"c8468\"><br \/>\"J'ai command\u00e9 une cl\u00e9 intelligente pour ma Hyundai Tucson 2022 \u00e0 23h le mercredi, et FedEx l'a livr\u00e9e avant 9h le vendredi\"<\/span><span class=\"c8495\"><font face=\"Calibri\">, <\/font><\/span><span class=\"c8522\">3 days faster than the local shop&rsquo;s turnaround. I have my own programming equipment, so following their step-by-step tutorial made programming a breeze. Plus, it&rsquo;s 80% cheaper than the dealership!&#8221;<\/span><span class=\"c8540\"><font face=\"Calibri\">&#8212;<\/font><\/span><span class=\"c8567\">Brandon<\/span><span class=\"c8585\"><\/p>\n<p><\/span><\/p>\n<p class=\"MsoNormal c8609\"><span class=\"c8612\"><br \/>\"Je g\u00e8re un petit atelier de r\u00e9paration automobile et j\u2019ai remplac\u00e9 tout mon inventaire de cl\u00e9s Toyota par Keyless il y a six mois. Nous avons install\u00e9 362 cl\u00e9s sans aucun probl\u00e8me<\/span><span class=\"c8639\"><font face=\"Calibri\">,<\/font><\/span><span class=\"c8666\">their transponder chips are even more reliable than OEM. My customers have given great feedback! Before, my old supplier&rsquo;s constant delays made me lose many clients, but now they&rsquo;re all coming back&mdash;and bringing new ones. I credit this to switching to KeylessBest. My customer base keeps growing, and I&rsquo;m often working overtime now. Their wholesale prices are great, and my profit margin has increased by 30%!&#8221;<\/span><span class=\"c8684\"><font face=\"Calibri\">&#8212;<\/font><\/span><span class=\"c8711\">Mason Brooks<\/span><span class=\"c8729\"><\/p>\n<p><\/span><\/p>\n<p class=\"MsoNormal c8753\"><span class=\"c8756\"><br \/>&#8220;Tried a cheap key from Amazon for my 2017 Chevrolet Silverado<\/span><span class=\"c8783\"><font face=\"Calibri\">,<\/font><\/span><span class=\"c8810\">it wouldn&rsquo;t sync at all, wasting 3 hours of my time. Worse, they provided the wrong programming instructions, which locked me out of my car. I ended up paying $278 locally to fix it, and I was furious. Then I bought from here: the staff walked me through troubleshooting step by step over the phone, and programming was done in 30 minutes. Total lifesavers!&#8221;<\/span><span class=\"c8828\"><font face=\"Calibri\">&#8212;<\/font><\/span><span class=\"c8855\">Leo Hernandez<\/span><span class=\"c8873\"><\/p>\n<p><\/span><\/p>\n<p draggable=\"true\" class=\"MsoNormal c4874\"><span draggable=\"true\" class=\"c8900\"><\/span><span id=\"i55d6t\" draggable=\"true\" class=\"c8909\"><\/p>\n<p id=\"iunpsk\" draggable=\"true\">\n<p><\/span><\/p>\n<p class=\"MsoNormal c8933\"><span class=\"c8936\"><br \/>&#8220;Bought a remote key for my 2023 Kia from Keyless for $109, while the dealership wanted $395. Accidentally spilled coffee on it a month ago&mdash;wiped it off, and it works like new. Their 2-year warranty is just an added bonus, but I don&rsquo;t think I&rsquo;ll ever need to use it!&#8221;<\/span><span class=\"c8963\"><font face=\"Calibri\">&#8212;<\/font><\/span><span class=\"c8990\">Dylan Reeves<\/span><span class=\"c9008\"><\/p>\n<p><\/span><\/p>\n<\/p>\n<footer class=\"flex items-center\"><\/footer>\n<\/blockquote>\n<\/div>\n<\/section>\n<\/div>\n<\/section>\n<p><!-- AIVB Required Assets --> <\/body><\/p>\n<p><!-- AIVB Required Assets -->\n<link rel=\"stylesheet\" href=\"https:\/\/cdn.jsdelivr.net\/npm\/tailwindcss@2.2.19\/dist\/tailwind.min.css\">\n<link rel=\"stylesheet\" id=\"aivb-fontawesome-css\" href=\"https:\/\/cdn.jsdelivr.net\/npm\/@fortawesome\/fontawesome-free@6.4.0\/css\/all.min.css?ver=6.4.0\" media=\"all\">\n<script src=\"https:\/\/cdn.tailwindcss.com\"><\/script><\/p>\n<style>\n#content { width: 100% !important;  max-width: 100% !important; }\n#content > div:first-child { width: 100% !important;  max-width: 100% !important; }\n.ast-container { width: 100% !important;  max-width: 100% !important; }\nmain#content { width: 100% !important; max-width: 100% !important; }\n.page-content { width: 100% !important; max-width: 100% !important; }\n.site-content .ast-container { display: block !important; }\n<\/style>","protected":false},"excerpt":{"rendered":"<p>The Professional Manufacturer in Keyless Automotive Solutions Delivering seamless, secure, and innovative keyless entry systems nationwide. Explore Our Solutions Contact Sales Revolutionizing Your Access Experience Discover cutting-edge, reliable keyless solutions designed to enhance security and convenience for businesses worldwide. Explore Our Solutions About keylessbest keylessbest is one of the most professional and popular manufacturers in&#8230;<\/p>","protected":false},"author":1,"featured_media":0,"parent":0,"menu_order":0,"comment_status":"closed","ping_status":"closed","template":"","meta":{"_bst_post_transparent":"","_bst_post_title":"","_bst_post_layout":"","_bst_post_sidebar_id":"","_bst_post_content_style":"","_bst_post_vertical_padding":"","_bst_post_feature":"","_bst_post_feature_position":"","_bst_post_header":false,"_bst_post_footer":false,"footnotes":""},"class_list":["post-18448","page","type-page","status-publish","hentry"],"_links":{"self":[{"href":"https:\/\/keylessbest.com\/fr\/wp-json\/wp\/v2\/pages\/18448","targetHints":{"allow":["GET"]}}],"collection":[{"href":"https:\/\/keylessbest.com\/fr\/wp-json\/wp\/v2\/pages"}],"about":[{"href":"https:\/\/keylessbest.com\/fr\/wp-json\/wp\/v2\/types\/page"}],"author":[{"embeddable":true,"href":"https:\/\/keylessbest.com\/fr\/wp-json\/wp\/v2\/users\/1"}],"replies":[{"embeddable":true,"href":"https:\/\/keylessbest.com\/fr\/wp-json\/wp\/v2\/comments?post=18448"}],"version-history":[{"count":6,"href":"https:\/\/keylessbest.com\/fr\/wp-json\/wp\/v2\/pages\/18448\/revisions"}],"predecessor-version":[{"id":18518,"href":"https:\/\/keylessbest.com\/fr\/wp-json\/wp\/v2\/pages\/18448\/revisions\/18518"}],"wp:attachment":[{"href":"https:\/\/keylessbest.com\/fr\/wp-json\/wp\/v2\/media?parent=18448"}],"curies":[{"name":"wp","href":"https:\/\/api.w.org\/{rel}","templated":true}]}}