{"id":2,"date":"2024-06-21T03:54:29","date_gmt":"2024-06-21T03:54:29","guid":{"rendered":"https:\/\/demos.coderplace.com\/wp\/WP03\/WP03074\/?page_id=2"},"modified":"2024-06-21T03:54:29","modified_gmt":"2024-06-21T03:54:29","slug":"page-dexemple","status":"publish","type":"page","link":"https:\/\/keylessbest.com\/fr\/page-dexemple\/","title":{"rendered":"Page d'exemple"},"content":{"rendered":"<p>Ceci est une page d'exemple. Elle est diff\u00e9rente d'un article de blog car elle restera \u00e0 un endroit et appara\u00eetra dans la navigation de votre site (dans la plupart des th\u00e8mes). La plupart des gens commencent par une page \u00c0 propos qui les pr\u00e9sente aux visiteurs potentiels du site. Elle pourrait dire quelque chose comme ceci :<\/p>\n\n\n\n<blockquote class=\"wp-block-quote is-layout-flow wp-block-quote-is-layout-flow\"><p>Bonjour ! Je suis coursier \u00e0 v\u00e9lo le jour, acteur en herbe la nuit, et voici mon site web. Je vis \u00e0 Paris, j'ai un chien g\u00e9nial nomm\u00e9 Jack, et j'aime les pi\u00f1a coladas. (Et me faire attraper sous la pluie.)<\/p><\/blockquote>\n\n\n\n<p>\u2026ou quelque chose comme ceci :<\/p>\n\n\n\n<blockquote class=\"wp-block-quote is-layout-flow wp-block-quote-is-layout-flow\"><p>La soci\u00e9t\u00e9 XYZ Doohickey a \u00e9t\u00e9 fond\u00e9e en 1971, et fournit des gadgets de qualit\u00e9 au public depuis lors. Situ\u00e9e \u00e0 Paris, XYZ emploie plus de 2 000 personnes et r\u00e9alise toutes sortes de choses incroyables pour la communaut\u00e9 parisienne.<\/p><\/blockquote>\n\n\n\n<p>En tant que nouvel utilisateur de WordPress, vous devriez aller \u00e0 <a href=\"https:\/\/demos.coderplace.com\/wp\/WP03\/WP03074\/wp-admin\/\" target=\"_blank\" rel=\"noopener\">votre tableau de bord<\/a> pour supprimer cette page et cr\u00e9er de nouvelles pages pour votre contenu. Amusez-vous bien !<\/p>","protected":false},"excerpt":{"rendered":"<p>This is an example page. It&#8217;s different from a blog post because it will stay in one place and will show up in your site navigation (in most themes). Most people start with an About page that introduces them to potential site visitors. It might say something like this: Hi there! I&#8217;m a bike messenger&#8230;<\/p>","protected":false},"author":1,"featured_media":0,"parent":0,"menu_order":0,"comment_status":"closed","ping_status":"open","template":"","meta":{"_bst_post_transparent":"","_bst_post_title":"","_bst_post_layout":"","_bst_post_sidebar_id":"","_bst_post_content_style":"","_bst_post_vertical_padding":"","_bst_post_feature":"","_bst_post_feature_position":"","_bst_post_header":false,"_bst_post_footer":false,"footnotes":""},"class_list":["post-2","page","type-page","status-publish","hentry"],"_links":{"self":[{"href":"https:\/\/keylessbest.com\/fr\/wp-json\/wp\/v2\/pages\/2","targetHints":{"allow":["GET"]}}],"collection":[{"href":"https:\/\/keylessbest.com\/fr\/wp-json\/wp\/v2\/pages"}],"about":[{"href":"https:\/\/keylessbest.com\/fr\/wp-json\/wp\/v2\/types\/page"}],"author":[{"embeddable":true,"href":"https:\/\/keylessbest.com\/fr\/wp-json\/wp\/v2\/users\/1"}],"replies":[{"embeddable":true,"href":"https:\/\/keylessbest.com\/fr\/wp-json\/wp\/v2\/comments?post=2"}],"version-history":[{"count":0,"href":"https:\/\/keylessbest.com\/fr\/wp-json\/wp\/v2\/pages\/2\/revisions"}],"wp:attachment":[{"href":"https:\/\/keylessbest.com\/fr\/wp-json\/wp\/v2\/media?parent=2"}],"curies":[{"name":"wp","href":"https:\/\/api.w.org\/{rel}","templated":true}]}}