{"id":13743,"date":"2025-08-19T08:35:16","date_gmt":"2025-08-19T08:35:16","guid":{"rendered":"https:\/\/hanwuji.shengjit.com\/?post_type=product&#038;p=13743"},"modified":"2026-02-11T05:10:30","modified_gmt":"2026-02-11T05:10:30","slug":"cle-sans-contact-cadillac-chevrolet-gmc-2003-2007-lhj011-pour-keylessbest","status":"publish","type":"product","link":"https:\/\/keylessbest.com\/fr\/product\/cle-sans-contact-cadillac-chevrolet-gmc-2003-2007-lhj011-pour-keylessbest\/","title":{"rendered":"Cl\u00e9 sans contact Cadillac Chevrolet GMC 2003-2007 LHJ011 pour Keylessbest"},"content":{"rendered":"<p>*Les informations d\u00e9taill\u00e9es de cette cl\u00e9 sans contact pour Cadillac Chevrolet GMC Hummer Pontiac de 2003 \u00e0 2007 sont les suivantes. Veuillez confirmer que les d\u00e9tails suivants correspondent \u00e0 votre v\u00e9hicule avant de commander : ID FCC, Num\u00e9ro de pi\u00e8ce, <span style=\"font-size: 16px; font-style: normal; font-weight: 400;\">\u00a0<\/span><span style=\"font-size: 16px; font-style: normal; font-weight: 400;\">Ann\u00e9e Mod\u00e8le,<\/span><span style=\"font-size: 16px; font-style: normal; font-weight: 400;\">IC,<\/span><span style=\"font-size: 16px; font-style: normal; font-weight: 400;\">\u00a0<\/span><span style=\"font-size: 16px;\">Fr\u00e9quence, Puce, et Boutons.<\/span><\/p>\n<h6><strong><b>Informations sur le produit :<\/b><\/strong><\/h6>\n<ul>\n<li style=\"font-size: 16px;\">ID FCC : LHJ011<\/li>\n<li style=\"font-size: 16px;\">PN : 21997127, 10377295, M1, 15132197, 15186200, M2, 15132198, 15186201<\/li>\n<li>Fr\u00e9quence : 315MHz<\/li>\n<li>Boutons : Verrouiller, D\u00e9verrouiller, Panique<\/li>\n<\/ul>\n<h6><strong><b>Le mod\u00e8le de r\u00e9f\u00e9rence<\/b><\/strong><strong><b>\uff1a<\/b><\/strong><\/h6>\n<ul>\n<li>2003-2007 <a href=\"https:\/\/keylessbest.com\/fr\/product\/2007-2014-cadillac-escalade-escalade-esv-escalade-ext-telecommande-dentree-sans-cle-a-4-boutons-ouc6000066-pn22756463-22756464-5923886-5923885__trashed\/\" data-wpil-monitor-id=\"764\">Cadillac Escalade<\/a><\/li>\n<li>Chevrolet Avalanche de 2003 \u00e0 2007<\/li>\n<li>Chevrolet Equinox de 2005 \u00e0 2006<\/li>\n<li>Chevrolet Silverado de 2003 \u00e0 2006<\/li>\n<li>2003-2007 <a href=\"https:\/\/keylessbest.com\/fr\/product\/2021-2024-chevrolet-suburban-tahoe-telecommande-dentree-sans-cle-a-4-boutons-yg0g21tb-pn-13541561-13545334-13548432__trashed\/\" data-wpil-monitor-id=\"765\">Chevrolet Suburban<\/a><\/li>\n<li>Chevrolet Tahoe de 2003 \u00e0 2007<\/li>\n<li>GMC Sierra de 2003 \u00e0 2007<\/li>\n<li>GMC Sierra 2500 de 2003 \u00e0 2004<\/li>\n<li>GMC Sierra 2500 HD de 2003 \u00e0 2006<\/li>\n<li>GMC Sierra 3500 de 2003 \u00e0 2006<\/li>\n<li>GMC Sierra Denali de 2003 \u00e0 2006<\/li>\n<li>GMC Yukon de 2003 \u00e0 2007<\/li>\n<li>GMC Yukon XL 1500 de 2003 \u00e0 2006<\/li>\n<li>GMC Yukon XL 2500 de 2003 \u00e0 2006<\/li>\n<li>Hummer H2 de 2003 \u00e0 2007<\/li>\n<li>Pontiac Torrent de 2006<\/li>\n<li>Saturn Vue de 2004 \u00e0 2007<\/li>\n<li>Chevrolet Silverado Classic de 2007<\/li>\n<\/ul>\n<h6><strong><b>Contenu du colis :<\/b><\/strong><\/h6>\n<ul>\n<li>Un nouveau march\u00e9 apr\u00e8s-vente <a href=\"https:\/\/keylessbest.com\/fr\/product\/cle-de-telecommande-dentree-sans-cle-pour-ford-fiesta-2011-2017-kr55wk47899-pn164-r8042-remote-164-r8043-lame-164-r8042-164-r8039\/\" data-wpil-monitor-id=\"763\">cl\u00e9 sans contact<\/a><\/li>\n<li>Une cl\u00e9 d'urgence de rechange gratuite<\/li>\n<li>Tous les \u00e9metteurs sont livr\u00e9s avec une batterie<\/li>\n<li>Toutes les unit\u00e9s sont test\u00e9es avant l'exp\u00e9dition<\/li>\n<li>Garantie de satisfaction et garantie de 2 ans pour 100%<\/li>\n<\/ul>\n<h6><strong><b>Remarque :<\/b><\/strong><\/h6>\n<ul>\n<li>La cl\u00e9 intelligente sans contact de remplacement pour Cadillac Chevrolet GMC Hummer Pontiac de 2003 \u00e0 2007 \u2013 sans logo, avec une cl\u00e9 d'urgence non coup\u00e9e incluse.<\/li>\n<li>Nous ne coupons pas ni ne programmons la <a href=\"https:\/\/keylessbest.com\/fr\/boutique-de-cles-de-voiture-sans-cle-keylessbestcarkeyfobshop\/\" data-wpil-monitor-id=\"766\">cl\u00e9 \u00e0 distance<\/a>. De plus, pour les prix, veuillez contacter le serrurier local ou le concessionnaire.<\/li>\n<li>Ce transmetteur est compatible avec les v\u00e9hicules \u00e9quip\u00e9s d'un bouton de d\u00e9marrage\/arr\u00eat sur le tableau de bord ou d'une commande de d\u00e9marrage \u00e0 rotation, ainsi qu'une cl\u00e9 proxy <a href=\"https:\/\/keylessbest.com\/fr\/product\/nissan-rogue-versa-pathfinder-2007-2013-avec-systeme-intelligent-telecommande-dentree-sans-cle-a-3-boutons-cwtwbu729-cwtwbu735-cwtwbu624-pn-285e3-em30d-285e3-em31d\/\" data-wpil-monitor-id=\"762\">syst\u00e8me d'entr\u00e9e sans cl\u00e9<\/a>.<\/li>\n<li>Le prix est pour un ensemble complet <a href=\"https:\/\/keylessbest.com\/fr\/product\/2015-2021-jeep-renegade-telecommande-dentree-sans-cle-a-5-boutons-m3n-40821302-remplace-pn-6mp33dx9aa-id-47-4a__trashed\/\" data-wpil-monitor-id=\"760\">t\u00e9l\u00e9commande d'entr\u00e9e sans cl\u00e9 de remplacement<\/a>, cl\u00e9 d'urgence incluse.<\/li>\n<li>Par cons\u00e9quent, nous vous recommandons vivement de faire v\u00e9rifier votre <a href=\"https:\/\/keylessbest.com\/fr\/comment-programmer-rapidement-et-facilement-un-badge-de-cle-etape-par-etape-pour-nimporte-quelle-voiture\/\" data-wpil-monitor-id=\"761\">Cl\u00e9 de voiture programm\u00e9e<\/a> par un serrurier professionnel ou un revendeur.<\/li>\n<\/ul>\n<h6><strong>Ressources de programmation :<\/strong><\/h6>\n<p><a href=\"http:\/\/programyourfob.com\/?list_5\/\" target=\"_blank\" rel=\"noopener\">Cadillac-Cambrian (Liaoning) Electronic Technology Co., Ltd.<\/a><\/p>\n<p><a href=\"http:\/\/programyourfob.com\/?list_6\/\" target=\"_blank\" rel=\"noopener\">Chevrolet-Cambrian (Liaoning) Electronic Technology Co., Ltd.<\/a><\/p>\n<p><a href=\"http:\/\/programyourfob.com\/?list_11\/\" target=\"_blank\" rel=\"noopener\">GMC-Cambrian (Liaoning) Electronic Technology Co., Ltd.<\/a><\/p>\n<p><a href=\"http:\/\/programyourfob.com\/?list_13\/\" target=\"_blank\" rel=\"noopener\">Hummer-Cambrian (Liaoning) Electronic Technology Co., Ltd.<\/a><\/p>\n<p><a href=\"http:\/\/programyourfob.com\/?list_30\/\" target=\"_blank\" rel=\"noopener\">Pontiac-Cambrian (Liaoning) Electronic Technology Co., Ltd.<\/a><\/p>\n<p>Merci de nous avoir choisis.<\/p>\n<p>Nous sommes l'un des fabricants les plus professionnels de cl\u00e9s de voiture, syst\u00e8mes d'entr\u00e9e sans cl\u00e9, <a href=\"https:\/\/keylessbest.com\/fr\/product\/1996-2005-buick-cadillac-chevrolet-gmc-oldsmobile-pontiac-lesabre-park-avenue-lesabre-park-avenue-riviera-eldorado-seville-astro-blazer-impala-malibu-monte-carlo-envoy-jimmy-safari-brava\/\" data-wpil-monitor-id=\"759\">t\u00e9l\u00e9commande de cl\u00e9 de voiture<\/a>, puces transpondeurs, programmeurs de cl\u00e9s, coques de cl\u00e9s de voiture, serrures de voiture, outils de serrurier, et ainsi de suite. De plus, notre entreprise dispose d'une \u00e9quipe professionnelle et d'une ligne de production. En outre, nous sommes sp\u00e9cialis\u00e9s dans la production de diverses cl\u00e9s de voiture, coques de cl\u00e9s, et outils de serrurier. Nous g\u00e9rons \u00e9galement le d\u00e9veloppement, la fabrication et la vente en gros de produits de s\u00e9curit\u00e9 et de protection automobile.<\/p>\n<p>Des prix comp\u00e9titifs et des services d\u00e9vou\u00e9s vous aideront \u00e0 conqu\u00e9rir un bon march\u00e9. De plus, une \u00e9quipe de plus de 10 jeunes et dynamiques commerciaux offre un service rapide, professionnel et amical \u00e0 tout moment. En outre, tous nos produits sont exp\u00e9di\u00e9s directement depuis l'entrep\u00f4t en France, en Allemagne et en Espagne. Ainsi, les marchandises que vous achetez seront emball\u00e9es et exp\u00e9di\u00e9es dans les 48 heures suivant votre commande. Plus de 100% de nos produits sont en stock, et l'inventaire est suffisant.<\/p>","protected":false},"excerpt":{"rendered":"<ul>\n<li style=\"font-size: 16px;\">UGS : CA-GM008<\/li>\n<li style=\"font-size: 16px;\">ID FCC : LHJ011<\/li>\n<li style=\"font-size: 16px;\">PN : 21997127, 10377295, M1, 15132197, 15186200, M2, 15132198, 15186201<\/li>\n<li>Fr\u00e9quence : 315MHz<\/li>\n<li>Boutons : Verrouiller, D\u00e9verrouiller, Panique<\/li>\n<\/ul>","protected":false},"featured_media":20811,"comment_status":"open","ping_status":"closed","template":"","meta":{"_bst_post_transparent":"default","_bst_post_title":"","_bst_post_layout":"default","_bst_post_sidebar_id":"","_bst_post_content_style":"default","_bst_post_vertical_padding":"default","_bst_post_feature":"","_bst_post_feature_position":"","_bst_post_header":false,"_bst_post_footer":false},"product_brand":[],"product_cat":[15,149,150,152,374,373,375],"product_tag":[],"2_year_make_model":[],"class_list":{"0":"post-13743","1":"product","2":"type-product","3":"status-publish","4":"has-post-thumbnail","6":"product_cat-carkeyremote","7":"product_cat-for-cadillac","8":"product_cat-for-chevrolet","9":"product_cat-for-gmc","10":"product_cat-for-hummer","11":"product_cat-for-pontiac","12":"product_cat-for-saturn","14":"first","15":"instock","16":"sale","17":"shipping-taxable","18":"purchasable","19":"product-type-simple","20":"entry","21":"content-bg","22":"loop-entry"},"_links":{"self":[{"href":"https:\/\/keylessbest.com\/fr\/wp-json\/wp\/v2\/product\/13743","targetHints":{"allow":["GET"]}}],"collection":[{"href":"https:\/\/keylessbest.com\/fr\/wp-json\/wp\/v2\/product"}],"about":[{"href":"https:\/\/keylessbest.com\/fr\/wp-json\/wp\/v2\/types\/product"}],"replies":[{"embeddable":true,"href":"https:\/\/keylessbest.com\/fr\/wp-json\/wp\/v2\/comments?post=13743"}],"version-history":[{"count":2,"href":"https:\/\/keylessbest.com\/fr\/wp-json\/wp\/v2\/product\/13743\/revisions"}],"predecessor-version":[{"id":19364,"href":"https:\/\/keylessbest.com\/fr\/wp-json\/wp\/v2\/product\/13743\/revisions\/19364"}],"wp:featuredmedia":[{"embeddable":true,"href":"https:\/\/keylessbest.com\/fr\/wp-json\/wp\/v2\/media\/20811"}],"wp:attachment":[{"href":"https:\/\/keylessbest.com\/fr\/wp-json\/wp\/v2\/media?parent=13743"}],"wp:term":[{"taxonomy":"product_brand","embeddable":true,"href":"https:\/\/keylessbest.com\/fr\/wp-json\/wp\/v2\/product_brand?post=13743"},{"taxonomy":"product_cat","embeddable":true,"href":"https:\/\/keylessbest.com\/fr\/wp-json\/wp\/v2\/product_cat?post=13743"},{"taxonomy":"product_tag","embeddable":true,"href":"https:\/\/keylessbest.com\/fr\/wp-json\/wp\/v2\/product_tag?post=13743"},{"taxonomy":"2_year_make_model","embeddable":true,"href":"https:\/\/keylessbest.com\/fr\/wp-json\/wp\/v2\/2_year_make_model?post=13743"}],"curies":[{"name":"wp","href":"https:\/\/api.w.org\/{rel}","templated":true}]}}