{"id":13745,"date":"2025-08-19T08:35:16","date_gmt":"2025-08-19T08:35:16","guid":{"rendered":"https:\/\/hanwuji.shengjit.com\/?post_type=product&#038;p=13745"},"modified":"2026-02-11T05:25:14","modified_gmt":"2026-02-11T05:25:14","slug":"2010-2019-cle-de-voiture-buick-chevrolet-oht01060512-pour-sans-cle-meilleur-2","status":"publish","type":"product","link":"https:\/\/keylessbest.com\/fr\/product\/2010-2019-cle-de-voiture-buick-chevrolet-oht01060512-pour-sans-cle-meilleur-2\/","title":{"rendered":"T\u00e9l\u00e9commande de cl\u00e9 Buick Chevrolet 2010-2019 OHT01060512 pour Keylessbest"},"content":{"rendered":"<p>*Les informations d\u00e9taill\u00e9es de cette t\u00e9l\u00e9commande sans cl\u00e9 Chevrolet GMC Buick de 2010 \u00e0 2019 sont les suivantes. Veuillez confirmer que les d\u00e9tails suivants correspondent \u00e0 votre v\u00e9hicule avant de commander : ID FCC, Num\u00e9ro de pi\u00e8ce, <span style=\"font-size: 16px; font-style: normal; font-weight: 400;\">\u00a0<\/span><span style=\"font-size: 16px; font-style: normal; font-weight: 400;\">Ann\u00e9e Mod\u00e8le,<\/span><span style=\"font-size: 16px; font-style: normal; font-weight: 400;\">IC,<\/span><span style=\"font-size: 16px; font-style: normal; font-weight: 400;\">\u00a0<\/span><span style=\"font-size: 16px;\">Fr\u00e9quence, Puce, et Boutons.<\/span><\/p>\n<h6><strong><b>Informations sur le produit :<\/b><\/strong><\/h6>\n<ul>\n<li style=\"font-size: 16px;\">ID FCC : OHT01060512<\/li>\n<li style=\"font-size: 16px;\">PN : 13504199, 13574863, 20979468, 13504259, 13504204, 5924369, 5912548, 5912556, 5913397, 13504199, 13574863, 20979468, 13504259, 13504204<\/li>\n<li>IC : 5461A-01060512<\/li>\n<li>Fr\u00e9quence : 315MHz<\/li>\n<li>Puce : 46<\/li>\n<li>Boutons : Verrouiller, D\u00e9verrouiller, Panique, Coffre, D\u00e9marrage \u00e0 distance<\/li>\n<\/ul>\n<h6><strong><b>Le mod\u00e8le de r\u00e9f\u00e9rence<\/b><\/strong><strong><b>\uff1a<\/b><\/strong><\/h6>\n<ul>\n<li><a href=\"https:\/\/keylessbest.com\/fr\/product\/2009-2014-toyota-avalon-camry-corolla-telecommande-dentree-sans-cle-a-3-boutons-hyq14aem-pn-89904-0r060-89904-60770-89904-0r090-89904-42140__trashed\/\" data-wpil-monitor-id=\"752\">2010 &#8211; 2012<\/a> Buick La Crosse<\/li>\n<li>2013 \u2013 2020 Buick Encore<\/li>\n<li>2010 \u2013 2016 Buick Lacrosse<\/li>\n<li>2011 \u2013 2017 Buick Regal<\/li>\n<li>2012 \u2013 2016 Buick Verano<\/li>\n<li>2010 \u2013 2016 Chevrolet Camaro<\/li>\n<li>2012 \u2013 2013 Chevrolet Camaro Convertible<\/li>\n<li>2011 &#8211; 2015 <a href=\"https:\/\/keylessbest.com\/fr\/product\/2016-2020-chevrolet-cruze-xl7-sonic-telecommande-dentree-sans-cle-a-4-boutons-hyq4aa-pn13508770-13529661-46__trashed\/\" data-wpil-monitor-id=\"758\">Chevrolet Cruze<\/a><\/li>\n<li>2016 \u2013 2016 Chevrolet Cruze (D1SC)<\/li>\n<li>Chevrolet Equinox 2010 \u2013 2019<\/li>\n<li>2014 \u2013 2019 Chevrolet Impala<\/li>\n<li>2013 \u2013 2016 Chevrolet Malibu<\/li>\n<li>2012 \u2013 2017 Chevrolet Sonic 4 Door<\/li>\n<li>2010 \u2013 2019 GMC Terrain<\/li>\n<\/ul>\n<p>*Note 2016 <a href=\"https:\/\/keylessbest.com\/fr\/product\/chevrolet-cruze-xl7-sonic-volt-bolt-spark-2016-2020-telecommande-dentree-sans-cle-a-5-boutons-hyq4aa-pn-13508768-13585722-13585723-13529661-13529664-13508770-46\/\" data-wpil-monitor-id=\"756\">Chevrolet Cruze dispose de 3 t\u00e9l\u00e9commandes possibles<\/a> cl\u00e9s pliantes, veuillez v\u00e9rifier la cl\u00e9 dont vous avez besoin. Les autres options sont 13514135 (v\u00e9hicules avec mise \u00e0 jour XL8 433 MHz) et 13588756 (v\u00e9hicules avec XL7 315 MHz)<\/p>\n<p>Cette cl\u00e9 peut \u00eatre r\u00e9utilis\u00e9e apr\u00e8s avoir effectu\u00e9 les \u00e9tapes suivantes\u00a0:<\/p>\n<p>1. Appuyez simultan\u00e9ment sur les boutons VERROUILLAGE et D\u00c9VERROUILLAGE pendant environ 5\u00a0secondes<br \/>\n2. Rel\u00e2chez uniquement le bouton VERROUILLAGE (continuez \u00e0 maintenir le bouton de d\u00e9verrouillage enfonc\u00e9)<br \/>\n3. Appuyez 3\u00a0fois sur le bouton VERROUILLAGE<br \/>\n4. Rel\u00e2chez tous les boutons, appuyez une fois sur n\u2019importe quel bouton, terminez le d\u00e9verrouillage<\/p>\n<p>Remarque\u00a0: vous devez appuyer rapidement sur les boutons. Si vous maintenez chaque bouton enfonc\u00e9 pendant 1\u00a0seconde, c\u2019est trop long<\/p>\n<p>Utilisez cette cl\u00e9 lors de la perte de toutes les cl\u00e9s et si le v\u00e9hicule n\u00e9cessite 2 nouvelles cl\u00e9s, puis r\u00e9initialisez la cl\u00e9 pour l'utiliser \u00e0 nouveau sur un autre v\u00e9hicule !<\/p>\n<h6><strong><b>Contenu du colis :<\/b><\/strong><\/h6>\n<ul>\n<li>Un nouveau march\u00e9 apr\u00e8s-vente <a href=\"https:\/\/keylessbest.com\/fr\/product\/cle-de-telecommande-dentree-sans-cle-pour-ford-fiesta-2011-2017-kr55wk47899-pn164-r8042-remote-164-r8043-lame-164-r8042-164-r8039\/\" data-wpil-monitor-id=\"757\">cl\u00e9 sans contact<\/a><\/li>\n<li>Une cl\u00e9 d'urgence de rechange gratuite<\/li>\n<li>Tous les \u00e9metteurs sont livr\u00e9s avec une batterie<\/li>\n<li>Toutes les unit\u00e9s sont test\u00e9es avant l'exp\u00e9dition<\/li>\n<li>Garantie de satisfaction et garantie de 2 ans pour 100%<\/li>\n<\/ul>\n<h6><strong><b>Remarque :<\/b><\/strong><\/h6>\n<ul>\n<li>Remplacement de la cl\u00e9 intelligente sans cl\u00e9 d'entr\u00e9e sans logo pour Chevrolet GMC Buick de 2010 \u00e0 2019 \u2013 sans logo, avec une cl\u00e9 d'urgence non coup\u00e9e incluse.<\/li>\n<li>Nous ne coupons ni ne programmons la cl\u00e9 \u00e0 distance. De plus, pour les prix, veuillez contacter un serrurier local ou un concessionnaire.<\/li>\n<li>Ce transmetteur est compatible avec les v\u00e9hicules \u00e9quip\u00e9s d'un bouton de d\u00e9marrage\/arr\u00eat sur le tableau de bord ou d'une commande de d\u00e9marrage \u00e0 rotation, ainsi qu'une cl\u00e9 proxy <a href=\"https:\/\/keylessbest.com\/fr\/product\/nissan-rogue-versa-pathfinder-2007-2013-avec-systeme-intelligent-telecommande-dentree-sans-cle-a-3-boutons-cwtwbu729-cwtwbu735-cwtwbu624-pn-285e3-em30d-285e3-em31d\/\" data-wpil-monitor-id=\"755\">syst\u00e8me d'entr\u00e9e sans cl\u00e9<\/a>.<\/li>\n<li>Le prix est pour un ensemble complet <a href=\"https:\/\/keylessbest.com\/fr\/product\/2015-2021-jeep-renegade-telecommande-dentree-sans-cle-a-5-boutons-m3n-40821302-remplace-pn-6mp33dx9aa-id-47-4a__trashed\/\" data-wpil-monitor-id=\"753\">t\u00e9l\u00e9commande d'entr\u00e9e sans cl\u00e9 de remplacement<\/a>, cl\u00e9 d'urgence incluse.<\/li>\n<li>Par cons\u00e9quent, nous vous recommandons vivement de faire v\u00e9rifier votre <a href=\"https:\/\/keylessbest.com\/fr\/comment-programmer-rapidement-et-facilement-un-badge-de-cle-etape-par-etape-pour-nimporte-quelle-voiture\/\" data-wpil-monitor-id=\"754\">Cl\u00e9 de voiture programm\u00e9e<\/a> par un serrurier professionnel ou un revendeur.<\/li>\n<\/ul>\n<h6><strong>Ressources de programmation :<\/strong><\/h6>\n<p><a href=\"http:\/\/programyourfob.com\/?list_6\/\" target=\"_blank\" rel=\"noopener\">Chevrolet-Cambrian (Liaoning) Electronic Technology Co., Ltd.<\/a><\/p>\n<p><a href=\"http:\/\/programyourfob.com\/?list_4\/\" target=\"_blank\" rel=\"noopener\">Buick-Cambrian (Liaoning) Electronic Technology Co., Ltd.<\/a><\/p>\n<p><a href=\"http:\/\/programyourfob.com\/?list_11\/\" target=\"_blank\" rel=\"noopener\">GMC-Cambrian (Liaoning) Electronic Technology Co., Ltd.<\/a><\/p>\n<p>Merci de nous avoir choisis.<\/p>\n<p>Nous sommes l'un des fabricants les plus professionnels de cl\u00e9s de voiture, syst\u00e8mes d'entr\u00e9e sans cl\u00e9, <a href=\"https:\/\/keylessbest.com\/fr\/product\/1996-2005-buick-cadillac-chevrolet-gmc-oldsmobile-pontiac-lesabre-park-avenue-lesabre-park-avenue-riviera-eldorado-seville-astro-blazer-impala-malibu-monte-carlo-envoy-jimmy-safari-brava\/\" data-wpil-monitor-id=\"751\">t\u00e9l\u00e9commande de cl\u00e9 de voiture<\/a>, puces transpondeurs, programmeurs de cl\u00e9s, coques de cl\u00e9s de voiture, serrures de voiture, outils de serrurier, et ainsi de suite. De plus, notre entreprise dispose d'une \u00e9quipe professionnelle et d'une ligne de production. En outre, nous sommes sp\u00e9cialis\u00e9s dans la production de diverses cl\u00e9s de voiture, coques de cl\u00e9s, et outils de serrurier. Nous g\u00e9rons \u00e9galement le d\u00e9veloppement, la fabrication et la vente en gros de produits de s\u00e9curit\u00e9 et de protection automobile.<\/p>\n<p>Des prix comp\u00e9titifs et des services d\u00e9vou\u00e9s vous aideront \u00e0 conqu\u00e9rir un bon march\u00e9. De plus, une \u00e9quipe de plus de 10 jeunes et dynamiques commerciaux offre un service rapide, professionnel et amical \u00e0 tout moment. En outre, tous nos produits sont exp\u00e9di\u00e9s directement depuis l'entrep\u00f4t en France, en Allemagne et en Espagne. Ainsi, les marchandises que vous achetez seront emball\u00e9es et exp\u00e9di\u00e9es dans les 48 heures suivant votre commande. Plus de 100% de nos produits sont en stock, et l'inventaire est suffisant.<\/p>","protected":false},"excerpt":{"rendered":"<ul>\n<li style=\"list-style-type: none;\">\n<ul>\n<li style=\"font-size: 16px;\">R\u00e9f : CA-GM010<\/li>\n<li style=\"font-size: 16px;\">ID FCC : OHT01060512<\/li>\n<li style=\"font-size: 16px;\">PN : 13504199, 13574863, 20979468, 13504259, 13504204, 5924369, 5912548, 5912556, 5913397, 13504199, 13574863, 20979468, 13504259, 13504204<\/li>\n<li>IC : 5461A-01060512<\/li>\n<li>Fr\u00e9quence : 315MHz<\/li>\n<li>Puce : 46<\/li>\n<li>Boutons : Verrouiller, D\u00e9verrouiller, Panique, Coffre, D\u00e9marrage \u00e0 distance<\/li>\n<\/ul>\n<\/li>\n<\/ul>","protected":false},"featured_media":20814,"comment_status":"open","ping_status":"closed","template":"","meta":{"_bst_post_transparent":"default","_bst_post_title":"","_bst_post_layout":"default","_bst_post_sidebar_id":"","_bst_post_content_style":"default","_bst_post_vertical_padding":"default","_bst_post_feature":"","_bst_post_feature_position":"","_bst_post_header":false,"_bst_post_footer":false},"product_brand":[],"product_cat":[15,151,150,152],"product_tag":[],"2_year_make_model":[],"class_list":{"0":"post-13745","1":"product","2":"type-product","3":"status-publish","4":"has-post-thumbnail","6":"product_cat-carkeyremote","7":"product_cat-for-buick","8":"product_cat-for-chevrolet","9":"product_cat-for-gmc","11":"first","12":"instock","13":"sale","14":"shipping-taxable","15":"purchasable","16":"product-type-simple","17":"entry","18":"content-bg","19":"loop-entry"},"_links":{"self":[{"href":"https:\/\/keylessbest.com\/fr\/wp-json\/wp\/v2\/product\/13745","targetHints":{"allow":["GET"]}}],"collection":[{"href":"https:\/\/keylessbest.com\/fr\/wp-json\/wp\/v2\/product"}],"about":[{"href":"https:\/\/keylessbest.com\/fr\/wp-json\/wp\/v2\/types\/product"}],"replies":[{"embeddable":true,"href":"https:\/\/keylessbest.com\/fr\/wp-json\/wp\/v2\/comments?post=13745"}],"version-history":[{"count":3,"href":"https:\/\/keylessbest.com\/fr\/wp-json\/wp\/v2\/product\/13745\/revisions"}],"predecessor-version":[{"id":20813,"href":"https:\/\/keylessbest.com\/fr\/wp-json\/wp\/v2\/product\/13745\/revisions\/20813"}],"wp:featuredmedia":[{"embeddable":true,"href":"https:\/\/keylessbest.com\/fr\/wp-json\/wp\/v2\/media\/20814"}],"wp:attachment":[{"href":"https:\/\/keylessbest.com\/fr\/wp-json\/wp\/v2\/media?parent=13745"}],"wp:term":[{"taxonomy":"product_brand","embeddable":true,"href":"https:\/\/keylessbest.com\/fr\/wp-json\/wp\/v2\/product_brand?post=13745"},{"taxonomy":"product_cat","embeddable":true,"href":"https:\/\/keylessbest.com\/fr\/wp-json\/wp\/v2\/product_cat?post=13745"},{"taxonomy":"product_tag","embeddable":true,"href":"https:\/\/keylessbest.com\/fr\/wp-json\/wp\/v2\/product_tag?post=13745"},{"taxonomy":"2_year_make_model","embeddable":true,"href":"https:\/\/keylessbest.com\/fr\/wp-json\/wp\/v2\/2_year_make_model?post=13745"}],"curies":[{"name":"wp","href":"https:\/\/api.w.org\/{rel}","templated":true}]}}