{"id":13753,"date":"2025-08-19T08:35:17","date_gmt":"2025-08-19T08:35:17","guid":{"rendered":"https:\/\/hanwuji.shengjit.com\/?post_type=product&#038;p=13753"},"modified":"2026-02-11T05:45:41","modified_gmt":"2026-02-11T05:45:41","slug":"telecommande-chevrolet-2005-2017-pn-15913421-pour-keylessbest","status":"publish","type":"product","link":"https:\/\/keylessbest.com\/fr\/product\/telecommande-chevrolet-2005-2017-pn-15913421-pour-keylessbest\/","title":{"rendered":"T\u00e9l\u00e9commande Chevrolet 2005-2017 PN : 15913421 pour Keylessbest"},"content":{"rendered":"<p>Les informations d\u00e9taill\u00e9es de cette t\u00e9l\u00e9commande sans cl\u00e9 Cadillac GMC Chevrolet Saturn Buick Pontiac Suzuki de 2005 \u00e0 2017 sont les suivantes. Veuillez confirmer que les d\u00e9tails suivants correspondent \u00e0 votre v\u00e9hicule avant de commander : ID FCC, Num\u00e9ro de pi\u00e8ce, Ann\u00e9e Mod\u00e8le, IC, Fr\u00e9quence, Puce et Boutons.<\/p>\n<h6><strong><b>Informations sur le produit :<\/b><\/strong><\/h6>\n<ul>\n<li>ID FCC : OUC60270 &amp; OUC60221<\/li>\n<li>PN : 15913421, 20868672, 20952474<\/li>\n<li>IC : 850K60270 \/ 850K60221<\/li>\n<li>Fr\u00e9quence : 315MHz<\/li>\n<li>Boutons : Verrouiller, D\u00e9verrouiller, Coffre, Panique<\/li>\n<\/ul>\n<h6><strong><b>Le mod\u00e8le de r\u00e9f\u00e9rence :<\/b><\/strong><\/h6>\n<ul>\n<li><a href=\"https:\/\/keylessbest.com\/fr\/product\/2009-2014-toyota-avalon-camry-corolla-telecommande-dentree-sans-cle-a-3-boutons-hyq14aem-pn-89904-0r060-89904-60770-89904-0r090-89904-42140__trashed\/\" data-wpil-monitor-id=\"992\">2007 &#8211; 2014<\/a> Cadillac Escalade<\/li>\n<li>2006 &#8211; 2011 <a href=\"https:\/\/keylessbest.com\/fr\/product\/2007-2013-cadillac-cts-non-prox-dts-non-prox-srx-non-prox-telecommande-dentree-sans-cle-a-5-boutons-ouc6000066-pn-20998256-20998254-20998255-5923880-5923879\/\" data-wpil-monitor-id=\"993\">Cadillac DTS<\/a><\/li>\n<li>GMC Acadia 2007 \u2013 2017<\/li>\n<li>GMC Savana 2007 \u2013 2017<\/li>\n<li>GMC Sierra 2007 \u2013 2014<\/li>\n<li>GMC Yukon 2007 \u2013 2014<\/li>\n<li>Chevrolet Impala 2006 \u2013 2013<\/li>\n<li>2005 &#8211; 2007 <a href=\"https:\/\/keylessbest.com\/fr\/product\/1996-2002-chevrolet-buick-gmc-pontiac-oldsmobile-skylark-escalade-suburban-camaro-lumina-monte-carlo-yukon-cutlass-firebird-telecommande-dentree-sans-cle-a-4-boutons-ab01502tabo1502t-pn16245100-16245\/\" data-wpil-monitor-id=\"996\">Chevrolet Monte Carlo<\/a><\/li>\n<li>Chevrolet Avalanche 2007 \u2013 2013<\/li>\n<li>Chevrolet Silverado 2007 \u2013 2014<\/li>\n<li>Chevrolet Traverse 2009 \u2013 2017<\/li>\n<li>Chevrolet Equinox 2007 \u2013 2014<\/li>\n<li>Buick Enclave 2008 \u2013 2017<\/li>\n<li>Saturn Outlook 2007 \u2013 2010<\/li>\n<li>Saturn Vue 2008 \u2013 2010<\/li>\n<li>Pontiac Torrent 2007 \u2013 2009<\/li>\n<li>Suzuki XL-7 2007 \u2013 2009<\/li>\n<\/ul>\n<h6><strong><b>Contenu du colis :<\/b><\/strong><\/h6>\n<ul>\n<li>Un nouveau march\u00e9 apr\u00e8s-vente <a href=\"https:\/\/keylessbest.com\/fr\/product\/cle-de-telecommande-dentree-sans-cle-pour-ford-fiesta-2011-2017-kr55wk47899-pn164-r8042-remote-164-r8043-lame-164-r8042-164-r8039\/\" data-wpil-monitor-id=\"998\">cl\u00e9 sans contact<\/a><\/li>\n<li>Une cl\u00e9 d'urgence de rechange gratuite<\/li>\n<li>Tous les \u00e9metteurs sont livr\u00e9s avec une batterie<\/li>\n<li>Toutes les unit\u00e9s sont test\u00e9es avant l'exp\u00e9dition<\/li>\n<li>Garantie de satisfaction et garantie de 2 ans pour 100%<\/li>\n<\/ul>\n<h6><strong><b>Remarque :<\/b><\/strong><\/h6>\n<ul>\n<li>Remplacement de la cl\u00e9 intelligente sans cl\u00e9 de 2005 \u00e0 2017 pour Cadillac GMC Chevrolet Saturn Buick Pontiac Suzuki \u2013 sans logo, avec une cl\u00e9 d'urgence non coup\u00e9e incluse.<\/li>\n<li>Nous ne coupons ni ne programmons la cl\u00e9 \u00e0 distance. De plus, pour les prix, veuillez contacter un serrurier local ou un concessionnaire.<\/li>\n<li>Ce transmetteur est compatible avec les v\u00e9hicules \u00e9quip\u00e9s d'un bouton de d\u00e9marrage\/arr\u00eat sur le tableau de bord ou d'une commande de d\u00e9marrage \u00e0 rotation, ainsi qu'une cl\u00e9 proxy <a href=\"https:\/\/keylessbest.com\/fr\/product\/nissan-rogue-versa-pathfinder-2007-2013-avec-systeme-intelligent-telecommande-dentree-sans-cle-a-3-boutons-cwtwbu729-cwtwbu735-cwtwbu624-pn-285e3-em30d-285e3-em31d\/\" data-wpil-monitor-id=\"997\">syst\u00e8me d'entr\u00e9e sans cl\u00e9<\/a>.<\/li>\n<li>Le prix est pour un ensemble complet <a href=\"https:\/\/keylessbest.com\/fr\/product\/2015-2021-jeep-renegade-telecommande-dentree-sans-cle-a-5-boutons-m3n-40821302-remplace-pn-6mp33dx9aa-id-47-4a__trashed\/\" data-wpil-monitor-id=\"994\">t\u00e9l\u00e9commande d'entr\u00e9e sans cl\u00e9 de remplacement<\/a>, cl\u00e9 d'urgence incluse.<\/li>\n<li>Par cons\u00e9quent, nous vous recommandons vivement de faire v\u00e9rifier votre <a href=\"https:\/\/keylessbest.com\/fr\/comment-programmer-rapidement-et-facilement-un-badge-de-cle-etape-par-etape-pour-nimporte-quelle-voiture\/\" data-wpil-monitor-id=\"995\">Cl\u00e9 de voiture programm\u00e9e<\/a> par un serrurier professionnel ou un revendeur.<\/li>\n<\/ul>\n<h6><strong>Ressources de programmation :<\/strong><\/h6>\n<p><a href=\"http:\/\/programyourfob.com\/?list_4\/\" target=\"_blank\" rel=\"noopener\">http:\/\/programyourfob.com\/?list_4\/<\/a><\/p>\n<p><a href=\"http:\/\/programyourfob.com\/?list_5\/\" target=\"_blank\" rel=\"noopener\">http:\/\/programyourfob.com\/?list_5\/<\/a><\/p>\n<p><a href=\"http:\/\/programyourfob.com\/?list_6\/\" target=\"_blank\" rel=\"noopener\">http:\/\/programyourfob.com\/?list_6\/<\/a><\/p>\n<p><a href=\"http:\/\/programyourfob.com\/?list_11\/\" target=\"_blank\" rel=\"noopener\">http:\/\/programyourfob.com\/?list_11\/<\/a><\/p>\n<p><a href=\"http:\/\/programyourfob.com\/?list_30\/\" target=\"_blank\" rel=\"noopener\">http:\/\/programyourfob.com\/?list_30\/<\/a><\/p>\n<p><a href=\"http:\/\/programyourfob.com\/?list_32\/\" target=\"_blank\" rel=\"noopener\">http:\/\/programyourfob.com\/?list_32\/<\/a><\/p>\n<p><a href=\"http:\/\/programyourfob.com\/?list_35\/\" target=\"_blank\" rel=\"noopener\">http:\/\/programyourfob.com\/?list_35\/<\/a><\/p>\n<p>Merci de nous avoir choisis.<\/p>\n<p>Nous sommes l'un des fabricants les plus professionnels de cl\u00e9s de voiture, syst\u00e8mes d'entr\u00e9e sans cl\u00e9, <a href=\"https:\/\/keylessbest.com\/fr\/product\/2004-2018-toyota-sequoia-solara-avalon-highlander-sienna-tacoma-telecommande-dentree-sans-cle-a-3-boutons-gq43vt20t-pn-89742-ae010-89742-ae011\/\" data-wpil-monitor-id=\"991\">t\u00e9l\u00e9commande de cl\u00e9 de voiture<\/a>, puces transpondeurs, programmeurs de cl\u00e9s, coques de cl\u00e9s de voiture, serrures de voiture, outils de serrurier, et ainsi de suite. De plus, notre entreprise dispose d'une \u00e9quipe professionnelle et d'une ligne de production. En outre, nous sommes sp\u00e9cialis\u00e9s dans la production de diverses cl\u00e9s de voiture, coques de cl\u00e9s, et outils de serrurier. Nous g\u00e9rons \u00e9galement le d\u00e9veloppement, la fabrication et la vente en gros de produits de s\u00e9curit\u00e9 et de protection automobile.<\/p>\n<p>Des prix comp\u00e9titifs et des services d\u00e9vou\u00e9s vous aideront \u00e0 conqu\u00e9rir un bon march\u00e9. De plus, une \u00e9quipe de plus de 10 jeunes et dynamiques commerciaux offre un service rapide, professionnel et amical \u00e0 tout moment. En outre, tous nos produits sont exp\u00e9di\u00e9s directement depuis l'entrep\u00f4t en France, en Allemagne et en Espagne. Ainsi, les marchandises que vous achetez seront emball\u00e9es et exp\u00e9di\u00e9es dans les 48 heures suivant votre commande. Plus de 100% de nos produits sont en stock, et l'inventaire est suffisant.<\/p>","protected":false},"excerpt":{"rendered":"<ul>\n<li>R\u00e9f\u00e9rence : CA-GM016<\/li>\n<li>ID FCC : OUC60270 &amp; OUC60221<\/li>\n<li>PN : 15913421, 20868672, 20952474<\/li>\n<li>IC : 850K60270 \/ 850K60221<\/li>\n<li>Fr\u00e9quence : 315MHz<\/li>\n<li>Boutons : Verrouiller, D\u00e9verrouiller, Coffre, Panique<\/li>\n<\/ul>","protected":false},"featured_media":20822,"comment_status":"open","ping_status":"closed","template":"","meta":{"_bst_post_transparent":"default","_bst_post_title":"","_bst_post_layout":"default","_bst_post_sidebar_id":"","_bst_post_content_style":"default","_bst_post_vertical_padding":"default","_bst_post_feature":"","_bst_post_feature_position":"","_bst_post_header":false,"_bst_post_footer":false},"product_brand":[],"product_cat":[15,151,149,150,152,373,375,176],"product_tag":[],"2_year_make_model":[],"class_list":{"0":"post-13753","1":"product","2":"type-product","3":"status-publish","4":"has-post-thumbnail","6":"product_cat-carkeyremote","7":"product_cat-for-buick","8":"product_cat-for-cadillac","9":"product_cat-for-chevrolet","10":"product_cat-for-gmc","11":"product_cat-for-pontiac","12":"product_cat-for-saturn","13":"product_cat-for-suzuki","15":"first","16":"instock","17":"sale","18":"shipping-taxable","19":"purchasable","20":"product-type-simple","21":"entry","22":"content-bg","23":"loop-entry"},"_links":{"self":[{"href":"https:\/\/keylessbest.com\/fr\/wp-json\/wp\/v2\/product\/13753","targetHints":{"allow":["GET"]}}],"collection":[{"href":"https:\/\/keylessbest.com\/fr\/wp-json\/wp\/v2\/product"}],"about":[{"href":"https:\/\/keylessbest.com\/fr\/wp-json\/wp\/v2\/types\/product"}],"replies":[{"embeddable":true,"href":"https:\/\/keylessbest.com\/fr\/wp-json\/wp\/v2\/comments?post=13753"}],"version-history":[{"count":3,"href":"https:\/\/keylessbest.com\/fr\/wp-json\/wp\/v2\/product\/13753\/revisions"}],"predecessor-version":[{"id":19418,"href":"https:\/\/keylessbest.com\/fr\/wp-json\/wp\/v2\/product\/13753\/revisions\/19418"}],"wp:featuredmedia":[{"embeddable":true,"href":"https:\/\/keylessbest.com\/fr\/wp-json\/wp\/v2\/media\/20822"}],"wp:attachment":[{"href":"https:\/\/keylessbest.com\/fr\/wp-json\/wp\/v2\/media?parent=13753"}],"wp:term":[{"taxonomy":"product_brand","embeddable":true,"href":"https:\/\/keylessbest.com\/fr\/wp-json\/wp\/v2\/product_brand?post=13753"},{"taxonomy":"product_cat","embeddable":true,"href":"https:\/\/keylessbest.com\/fr\/wp-json\/wp\/v2\/product_cat?post=13753"},{"taxonomy":"product_tag","embeddable":true,"href":"https:\/\/keylessbest.com\/fr\/wp-json\/wp\/v2\/product_tag?post=13753"},{"taxonomy":"2_year_make_model","embeddable":true,"href":"https:\/\/keylessbest.com\/fr\/wp-json\/wp\/v2\/2_year_make_model?post=13753"}],"curies":[{"name":"wp","href":"https:\/\/api.w.org\/{rel}","templated":true}]}}