{"id":13785,"date":"2025-08-19T08:35:41","date_gmt":"2025-08-19T08:35:41","guid":{"rendered":"https:\/\/hanwuji.shengjit.com\/?post_type=product&#038;p=13785"},"modified":"2026-02-11T07:15:44","modified_gmt":"2026-02-11T07:15:44","slug":"cle-de-telecommande-dodge-caravan-2004-2007-m3n5wy72xx-pour-keylessbest","status":"publish","type":"product","link":"https:\/\/keylessbest.com\/fr\/product\/cle-de-telecommande-dodge-caravan-2004-2007-m3n5wy72xx-pour-keylessbest\/","title":{"rendered":"T\u00e9l\u00e9commande de cl\u00e9 Dodge Caravan 2004-2007 M3N5WY72XX pour Keylessbest"},"content":{"rendered":"<p>*Les informations d\u00e9taill\u00e9es de cette t\u00e9l\u00e9commande sans cl\u00e9 Dodge Chrysler Fiat de 2011 \u00e0 2021 sont les suivantes. Veuillez confirmer que les d\u00e9tails suivants correspondent \u00e0 votre v\u00e9hicule avant de commander : ID FCC, Num\u00e9ro de pi\u00e8ce, Ann\u00e9e Mod\u00e8le, IC, Fr\u00e9quence, Puce et Boutons.<\/p>\n<h6><strong><b>Informations sur le produit : <\/b><\/strong><\/h6>\n<ul>\n<li>ID FCC : M3N5WY72XX<\/li>\n<li>PN : 05183683AA<\/li>\n<li>IC : 267F-5WY72XX<\/li>\n<li>Fr\u00e9quence : 315MHz<\/li>\n<li>Puce : ID46<\/li>\n<li>Boutons : Verrouiller, D\u00e9verrouiller, Panic, Hayon, Gauche <a href=\"https:\/\/keylessbest.com\/fr\/product\/2001-2012-chevrolet-hummer-gmc-oldsmobile-pontiac-isuzu-colorado-h3-venture-sans-portes-coulissantes-silhouette-canyon-montana-h3t-i-280-i-290-i-350-i-370-3-boutons-telecommande-dentree-sans-cle-l2c0\/\"  data-wpil-monitor-id=\"641\">Porti\u00e8re coulissante<\/a>, Porti\u00e8re coulissante droite<\/li>\n<\/ul>\n<h6><strong><b>Le mod\u00e8le de r\u00e9f\u00e9rence :<\/b><\/strong><\/h6>\n<ul>\n<li>2004 \u2013 2007 Chrysler Town &amp; Country<\/li>\n<li>2004 \u2013 2007 Dodge Caravan<\/li>\n<li>2004 \u2013 2007 Dodge Grand Caravan<\/li>\n<\/ul>\n<h6><strong><b>Contenu du colis :<\/b><\/strong><\/h6>\n<ul>\n<li>Un nouveau march\u00e9 apr\u00e8s-vente <a href=\"https:\/\/keylessbest.com\/fr\/product\/cle-de-telecommande-dentree-sans-cle-pour-ford-fiesta-2011-2017-kr55wk47899-pn164-r8042-remote-164-r8043-lame-164-r8042-164-r8039\/\"  data-wpil-monitor-id=\"638\">cl\u00e9 sans contact<\/a><\/li>\n<li>Une cl\u00e9 d'urgence de rechange gratuite<\/li>\n<li>Tous les \u00e9metteurs sont livr\u00e9s avec une batterie<\/li>\n<li>Toutes les unit\u00e9s sont test\u00e9es avant l'exp\u00e9dition<\/li>\n<li>Garantie de satisfaction et garantie de 2 ans pour 100%<\/li>\n<\/ul>\n<h6><strong><b>Remarque :<\/b><\/strong><\/h6>\n<ul>\n<li>La t\u00e9l\u00e9commande d'entr\u00e9e sans cl\u00e9 intelligente de remplacement pour Chrysler 2004 \u2013 2007 \u2013 sans logo, avec une cl\u00e9 d'urgence non coup\u00e9e incluse.<\/li>\n<li>Nous ne coupons pas ni ne programmons la <a href=\"https:\/\/keylessbest.com\/fr\/boutique-de-cles-de-voiture-sans-cle-keylessbestcarkeyfobshop\/\"  data-wpil-monitor-id=\"643\">cl\u00e9 \u00e0 distance<\/a>.De plus, pour les prix, veuillez contacter le serrurier local ou le concessionnaire.<\/li>\n<li>Ce transmetteur est compatible avec les v\u00e9hicules \u00e9quip\u00e9s d'un bouton de d\u00e9marrage\/arr\u00eat sur le tableau de bord ou d'une cl\u00e9 \u00e0 rotation, ainsi qu'avec un proxy <a href=\"https:\/\/keylessbest.com\/fr\/product\/nissan-rogue-versa-pathfinder-2007-2013-avec-systeme-intelligent-telecommande-dentree-sans-cle-a-3-boutons-cwtwbu729-cwtwbu735-cwtwbu624-pn-285e3-em30d-285e3-em31d\/\"  data-wpil-monitor-id=\"639\">entr\u00e9e sans cl\u00e9<\/a> syst\u00e8me.<\/li>\n<li>Le prix est pour un remplacement complet unique \u00a0\u00a0<a href=\"https:\/\/keylessbest.com\/fr\/product\/chevrolet-gmc-cadillac-suburban-tahoe-yukon-silverado-escalade-sierra-avalanche-s10-pickup-de-2001-a-2011-telecommande-dentree-sans-cle-a-3-boutons-koblear1xt-pn-15042968\/\"  data-wpil-monitor-id=\"645\">t\u00e9l\u00e9commande d'entr\u00e9e sans cl\u00e9<\/a>, cl\u00e9 d'urgence incluse.<\/li>\n<li>Par cons\u00e9quent, nous vous recommandons vivement de faire v\u00e9rifier votre \u00a0<a href=\"https:\/\/keylessbest.com\/fr\/comment-programmer-rapidement-et-facilement-un-badge-de-cle-etape-par-etape-pour-nimporte-quelle-voiture\/\"  data-wpil-monitor-id=\"637\">Cl\u00e9 de voiture programm\u00e9e<\/a> par un serrurier professionnel ou un revendeur.<\/li>\n<\/ul>\n<h6><strong><b>Ressources de programmation\u00a0<\/b><\/strong><\/h6>\n<p><a href=\"http:\/\/programyourfob.com\/?list_7\/\" target=\"_blank\" rel=\"noopener\">http:\/\/programyourfob.com\/?list_7\/<\/a><\/p>\n<p>Merci de nous avoir choisis.<\/p>\n<p>Nous sommes l'un des fabricants les plus professionnels de cl\u00e9s de voiture,\u00a0<a href=\"https:\/\/keylessbest.com\/fr\/product\/2016-2022-chevrolet-volt-cruze-nouveau-modele-traverse-camaro-malibu-4-boutons-telecommande-dentree-sans-cle-hyq4ea-pn-1350877113584504-13529660-46\/\" data-wpil-monitor-id=\"640\">syst\u00e8me d'entr\u00e9e sans cl\u00e9<\/a>, t\u00e9l\u00e9commande de voiture, puces transpondeurs, programmeurs de cl\u00e9s, coques de cl\u00e9s de voiture, serrures de voiture, outils de serrurier, etc. De plus, notre entreprise dispose d'une \u00e9quipe professionnelle et d'une ligne de production. En outre, nous sommes sp\u00e9cialis\u00e9s dans la fabrication de divers <a href=\"https:\/\/keylessbest.com\/fr\/combien-coute-le-remplacement-dune-telecommande-de-voiture-en-2025\/\" data-wpil-monitor-id=\"644\">cl\u00e9 de voiture<\/a>coques de cl\u00e9s de voiture, et outils de serrurier. Nous g\u00e9rons \u00e9galement le d\u00e9veloppement, la fabrication et la vente en gros de produits de s\u00e9curit\u00e9 et de protection automobile.<\/p>\n<p>Des prix comp\u00e9titifs et des services d\u00e9vou\u00e9s vous aideront \u00e0 conqu\u00e9rir un bon march\u00e9. De plus, une \u00e9quipe de plus de 10 jeunes et dynamiques commerciaux offre un service rapide, professionnel et amical \u00e0 tout moment. En outre, tous nos produits sont exp\u00e9di\u00e9s directement depuis l'entrep\u00f4t en France, en Allemagne et en Espagne. Ainsi, les marchandises que vous achetez seront emball\u00e9es et exp\u00e9di\u00e9es dans les 48 heures suivant votre commande. Plus de 100% de nos produits sont en stock, et l'inventaire est suffisant.<\/p>","protected":false},"excerpt":{"rendered":"<ul>\n<li>R\u00e9f\u00e9rence : CA-DG034<\/li>\n<li>ID FCC : M3N5WY72XX<\/li>\n<li>PN : 05183683AA<\/li>\n<li>IC : 267F-5WY72XX<\/li>\n<li>Fr\u00e9quence : 315MHz<\/li>\n<li>Puce : ID46<\/li>\n<li>Boutons : Verrouiller, D\u00e9verrouiller, Panic, Hayon, Gauche <a href=\"https:\/\/keylessbest.com\/fr\/product\/2001-2012-chevrolet-hummer-gmc-oldsmobile-pontiac-isuzu-colorado-h3-venture-sans-portes-coulissantes-silhouette-canyon-montana-h3t-i-280-i-290-i-350-i-370-3-boutons-telecommande-dentree-sans-cle-l2c0\/\"  data-wpil-monitor-id=\"642\">Porti\u00e8re coulissante<\/a>, Porti\u00e8re coulissante droite<\/li>\n<\/ul>","protected":false},"featured_media":20862,"comment_status":"open","ping_status":"closed","template":"","meta":{"_bst_post_transparent":"default","_bst_post_title":"","_bst_post_layout":"default","_bst_post_sidebar_id":"","_bst_post_content_style":"default","_bst_post_vertical_padding":"default","_bst_post_feature":"","_bst_post_feature_position":"","_bst_post_header":false,"_bst_post_footer":false},"product_brand":[],"product_cat":[15,155],"product_tag":[],"2_year_make_model":[],"class_list":{"0":"post-13785","1":"product","2":"type-product","3":"status-publish","4":"has-post-thumbnail","6":"product_cat-carkeyremote","7":"product_cat-for-chrysler","9":"first","10":"instock","11":"sale","12":"shipping-taxable","13":"purchasable","14":"product-type-simple","15":"entry","16":"content-bg","17":"loop-entry"},"_links":{"self":[{"href":"https:\/\/keylessbest.com\/fr\/wp-json\/wp\/v2\/product\/13785","targetHints":{"allow":["GET"]}}],"collection":[{"href":"https:\/\/keylessbest.com\/fr\/wp-json\/wp\/v2\/product"}],"about":[{"href":"https:\/\/keylessbest.com\/fr\/wp-json\/wp\/v2\/types\/product"}],"replies":[{"embeddable":true,"href":"https:\/\/keylessbest.com\/fr\/wp-json\/wp\/v2\/comments?post=13785"}],"version-history":[{"count":2,"href":"https:\/\/keylessbest.com\/fr\/wp-json\/wp\/v2\/product\/13785\/revisions"}],"predecessor-version":[{"id":19539,"href":"https:\/\/keylessbest.com\/fr\/wp-json\/wp\/v2\/product\/13785\/revisions\/19539"}],"wp:featuredmedia":[{"embeddable":true,"href":"https:\/\/keylessbest.com\/fr\/wp-json\/wp\/v2\/media\/20862"}],"wp:attachment":[{"href":"https:\/\/keylessbest.com\/fr\/wp-json\/wp\/v2\/media?parent=13785"}],"wp:term":[{"taxonomy":"product_brand","embeddable":true,"href":"https:\/\/keylessbest.com\/fr\/wp-json\/wp\/v2\/product_brand?post=13785"},{"taxonomy":"product_cat","embeddable":true,"href":"https:\/\/keylessbest.com\/fr\/wp-json\/wp\/v2\/product_cat?post=13785"},{"taxonomy":"product_tag","embeddable":true,"href":"https:\/\/keylessbest.com\/fr\/wp-json\/wp\/v2\/product_tag?post=13785"},{"taxonomy":"2_year_make_model","embeddable":true,"href":"https:\/\/keylessbest.com\/fr\/wp-json\/wp\/v2\/2_year_make_model?post=13785"}],"curies":[{"name":"wp","href":"https:\/\/api.w.org\/{rel}","templated":true}]}}