{"id":13787,"date":"2025-08-19T08:35:41","date_gmt":"2025-08-19T08:35:41","guid":{"rendered":"https:\/\/hanwuji.shengjit.com\/?post_type=product&#038;p=13787"},"modified":"2026-02-11T07:20:22","modified_gmt":"2026-02-11T07:20:22","slug":"telecommande-de-cle-ford-1999-2016-2s4t-15k601-ab-pour-keylessbest","status":"publish","type":"product","link":"https:\/\/keylessbest.com\/fr\/product\/telecommande-de-cle-ford-1999-2016-2s4t-15k601-ab-pour-keylessbest\/","title":{"rendered":"Cl\u00e9 de voiture Ford 1999-2016 2S4T-15K601-AB pour keylessbest"},"content":{"rendered":"<p>*Les informations d\u00e9taill\u00e9es de cette t\u00e9l\u00e9commande sans cl\u00e9 Ford Lincoln Mazda de 2006 \u00e0 2017 sont les suivantes. Veuillez confirmer que les d\u00e9tails suivants correspondent \u00e0 votre v\u00e9hicule avant de commander : ID FCC, Num\u00e9ro de pi\u00e8ce, Ann\u00e9e du mod\u00e8le, IC, Fr\u00e9quence, Puce et Boutons.<\/p>\n<h6><strong><b>Informations sur le produit :<\/b><\/strong><\/h6>\n<ul>\n<li>ID FCC : CWTWB1U345, GQ43VT11T, CWTWB1U331, CWTWB1U322<\/li>\n<li>PN : 2S4T-15K601-AB, 8S4T-15K601-AB, 8S4Z-15K601-AA<\/li>\n<li>IC : 1788A-FWB1U345<\/li>\n<li>Fr\u00e9quence : 315MHz<\/li>\n<li>Boutons : Verrouiller, D\u00e9verrouiller, Coffre, Panique<\/li>\n<\/ul>\n<h6><strong><b>Le mod\u00e8le de r\u00e9f\u00e9rence :<\/b><\/strong><\/h6>\n<ul>\n<li>Ford Crown Victoria 2006-2011<\/li>\n<li><span style=\"font-size: 16px;\">2008-2015 <a href=\"https:\/\/keylessbest.com\/fr\/product\/ford-edge-explorer-fusion-mustang-2017-2022-a-4-boutons-telecommande-dentree-sans-cle-m3n-a2c93142300-pn-164-r8150-5929506-hs7t-15k601-ac\/\" data-wpil-monitor-id=\"870\">Ford Edge<\/a><\/span><\/li>\n<li><span style=\"font-size: 16px;\">Ford Escape 2001-2014<\/span><\/li>\n<li><span style=\"font-size: 16px;\">Ford Escort 1999-2003<\/span><\/li>\n<li><span style=\"font-size: 16px;\">Ford Excursion 2001-2005<\/span><\/li>\n<li><span style=\"font-size: 16px;\">1999-2016 <a href=\"https:\/\/keylessbest.com\/fr\/product\/2023-2024-ford-expedition-telecommande-dentree-sans-cle-a-5-boutons-m3n-a3c108397-pn-164-r8355-pl1t-15k601-ga-49__trashed\/\" data-wpil-monitor-id=\"869\">Ford Expedition<\/a><\/span><\/li>\n<li><span style=\"font-size: 16px;\">Ford Explorer 1999-2015<\/span><\/li>\n<li><span style=\"font-size: 16px;\">Ford Explorer Sport Trac 2001-2009<\/span><\/li>\n<li><span style=\"font-size: 16px;\">Ford Flex 2009-2016<\/span><\/li>\n<li><span style=\"font-size: 16px;\">Ford Focus 2003-2014<\/span><\/li>\n<li><span style=\"font-size: 16px;\">Ford Freestar 2004-2007<\/span><\/li>\n<li><span style=\"font-size: 16px;\">Ford Freestyle 2005-2007<\/span><\/li>\n<li><span style=\"font-size: 16px;\">Ford Fusion 2010-2012<\/span><\/li>\n<li><span style=\"font-size: 16px;\">Ford GT 2005-2006<\/span><\/li>\n<li><span style=\"font-size: 16px;\">1999-2014 <a href=\"https:\/\/keylessbest.com\/fr\/product\/2023-2024-ford-mustang-telecommande-dentree-sans-cle-a-5-boutons-m3n-a3c108397-pn-164-r8355-pr3t-15k601-b__trashed\/\" data-wpil-monitor-id=\"868\">Ford Mustang<\/a><\/span><\/li>\n<li><span style=\"font-size: 16px;\">Ford Taurus 1999-2009<\/span><\/li>\n<li><span style=\"font-size: 16px;\">Ford Taurus X 2008-2009<\/span><\/li>\n<li><span style=\"font-size: 16px;\">Ford Thunderbird 2002-2005<\/span><\/li>\n<li><span style=\"font-size: 16px;\">Lincoln LS 2001-2006<\/span><\/li>\n<li>Lincoln MKS 2009-2013<\/li>\n<li>Lincoln MKX 2007-2013<\/li>\n<li>2008-2016 Lincoln MKZ<\/li>\n<li>2001-2015 Lincoln Navigator<\/li>\n<li>2003-2005 Lincoln Aviator<\/li>\n<li>1999-2011 Lincoln Town Car<\/li>\n<li>Lincoln Zephyr 2006<\/li>\n<li>2006-2011 Mercury Grand Marquis<\/li>\n<li>Mercury Marauder 2003<\/li>\n<li>2005-2011 Mercury Mariner<\/li>\n<li>2006-2011 Mercury Milan<\/li>\n<li>2005-2007 Mercury Montego<\/li>\n<li>2005-2007 Mercury Monterey<\/li>\n<li>1999-2010 Mercury Mountaineer<\/li>\n<li>1999-2002 Mercury Cougar<\/li>\n<li>1999-2009 Mercury Sable<\/li>\n<li>Mercury Tracer 1999<\/li>\n<li>2008-2011 Mazda Tribute<\/li>\n<\/ul>\n<h6><strong><b>Contenu du colis :<\/b><\/strong><\/h6>\n<ul>\n<li>Un nouveau march\u00e9 apr\u00e8s-vente <a href=\"https:\/\/keylessbest.com\/fr\/product\/cle-de-telecommande-dentree-sans-cle-pour-ford-fiesta-2011-2017-kr55wk47899-pn164-r8042-remote-164-r8043-lame-164-r8042-164-r8039\/\" data-wpil-monitor-id=\"867\">cl\u00e9 sans contact<\/a><\/li>\n<li>Une cl\u00e9 d'urgence de rechange gratuite<\/li>\n<li>Tous les \u00e9metteurs sont livr\u00e9s avec une batterie<\/li>\n<li>Toutes les unit\u00e9s sont test\u00e9es avant l'exp\u00e9dition<\/li>\n<li>Garantie de satisfaction et garantie de 2 ans pour 100%<\/li>\n<\/ul>\n<h6><strong><b>Remarque :<\/b><\/strong><\/h6>\n<ul>\n<li>Remplacement de la cl\u00e9 intelligente sans logo, avec une cl\u00e9 d'urgence non coup\u00e9e incluse, pour Ford Lincoln Mercury Mazda de 1999 \u00e0 2016 \u2013 sans logo, avec une cl\u00e9 d'urgence non coup\u00e9e incluse.<\/li>\n<li>Nous ne coupons ni ne programmons la cl\u00e9 \u00e0 distance. De plus, pour les prix, veuillez contacter un serrurier local ou un concessionnaire.<\/li>\n<li>Ce transmetteur est compatible avec les v\u00e9hicules \u00e9quip\u00e9s d'un bouton de d\u00e9marrage\/arr\u00eat sur le tableau de bord ou d'une commande de d\u00e9marrage \u00e0 rotation, ainsi qu'une cl\u00e9 proxy <a href=\"https:\/\/keylessbest.com\/fr\/product\/nissan-rogue-versa-pathfinder-2007-2013-avec-systeme-intelligent-telecommande-dentree-sans-cle-a-3-boutons-cwtwbu729-cwtwbu735-cwtwbu624-pn-285e3-em30d-285e3-em31d\/\" data-wpil-monitor-id=\"866\">syst\u00e8me d'entr\u00e9e sans cl\u00e9<\/a>.<\/li>\n<li>Le prix est pour un ensemble complet <a href=\"https:\/\/keylessbest.com\/fr\/product\/2015-2021-jeep-renegade-telecommande-dentree-sans-cle-a-5-boutons-m3n-40821302-remplace-pn-6mp33dx9aa-id-47-4a__trashed\/\" data-wpil-monitor-id=\"864\">t\u00e9l\u00e9commande d'entr\u00e9e sans cl\u00e9 de remplacement<\/a>, cl\u00e9 d'urgence incluse.<\/li>\n<li>Par cons\u00e9quent, nous vous recommandons vivement de faire v\u00e9rifier votre <a href=\"https:\/\/keylessbest.com\/fr\/comment-programmer-rapidement-et-facilement-un-badge-de-cle-etape-par-etape-pour-nimporte-quelle-voiture\/\" data-wpil-monitor-id=\"865\">Cl\u00e9 de voiture programm\u00e9e<\/a> par un serrurier professionnel ou un revendeur.<\/li>\n<\/ul>\n<h6><strong>Ressources de programmation :<\/strong><\/h6>\n<p><a href=\"http:\/\/programyourfob.com\/?list_9\/\" target=\"_blank\" rel=\"noopener\">http:\/\/programyourfob.com\/?list_9\/<\/a><\/p>\n<p><a href=\"http:\/\/programyourfob.com\/?list_22\/\" target=\"_blank\" rel=\"noopener\">http:\/\/programyourfob.com\/?list_22\/<\/a><\/p>\n<p><a href=\"http:\/\/programyourfob.com\/?list_24\/\" target=\"_blank\" rel=\"noopener\">http:\/\/programyourfob.com\/?list_24\/<\/a><\/p>\n<p><a href=\"http:\/\/programyourfob.com\/?list_23\/\" target=\"_blank\" rel=\"noopener\">http:\/\/programyourfob.com\/?list_23\/<\/a><\/p>\n<p>Merci de nous avoir choisis.<\/p>\n<p>Nous sommes l'un des fabricants les plus professionnels de cl\u00e9s de voiture, syst\u00e8mes d'entr\u00e9e sans cl\u00e9, <a href=\"https:\/\/keylessbest.com\/fr\/product\/2006-2018-chrysler-dodge-volkswagen-jeep-grand-voyager-grand-caravan-routan-300-grand-voyager-limited-caravan-challenger-charger-durango-journey-magnum-dakota-ram-commander-grand-cherokee-7-boutons\/\" data-wpil-monitor-id=\"863\">t\u00e9l\u00e9commande de cl\u00e9 de voiture<\/a>, puces transpondeurs, programmeurs de cl\u00e9s, coques de cl\u00e9s de voiture, serrures de voiture, outils de serrurier, et ainsi de suite. De plus, notre entreprise dispose d'une \u00e9quipe professionnelle et d'une ligne de production. En outre, nous sommes sp\u00e9cialis\u00e9s dans la production de diverses cl\u00e9s de voiture, coques de cl\u00e9s, et outils de serrurier. Nous g\u00e9rons \u00e9galement le d\u00e9veloppement, la fabrication et la vente en gros de produits de s\u00e9curit\u00e9 et de protection automobile.<\/p>\n<p>Des prix comp\u00e9titifs et des services d\u00e9vou\u00e9s vous aideront \u00e0 conqu\u00e9rir un bon march\u00e9. De plus, une \u00e9quipe de plus de 10 jeunes et dynamiques commerciaux offre un service rapide, professionnel et amical \u00e0 tout moment. En outre, tous nos produits sont exp\u00e9di\u00e9s directement depuis l'entrep\u00f4t en France, en Allemagne et en Espagne. Ainsi, les marchandises que vous achetez seront emball\u00e9es et exp\u00e9di\u00e9es dans les 48 heures suivant votre commande. Plus de 100% de nos produits sont en stock, et l'inventaire est suffisant.<\/p>","protected":false},"excerpt":{"rendered":"<ul>\n<li>R\u00e9f. : CA-FD037<\/li>\n<li>ID FCC : CWTWB1U345, GQ43VT11T, CWTWB1U331, CWTWB1U322<\/li>\n<li>PN : 2S4T-15K601-AB, 8S4T-15K601-AB, 8S4Z-15K601-AA<\/li>\n<li>IC : 1788A-FWB1U345<\/li>\n<li>Fr\u00e9quence : 315MHz<\/li>\n<li>Boutons : Verrouiller, D\u00e9verrouiller, Coffre, Panique<\/li>\n<\/ul>","protected":false},"featured_media":20867,"comment_status":"open","ping_status":"closed","template":"","meta":{"_bst_post_transparent":"default","_bst_post_title":"","_bst_post_layout":"default","_bst_post_sidebar_id":"","_bst_post_content_style":"default","_bst_post_vertical_padding":"default","_bst_post_feature":"","_bst_post_feature_position":"","_bst_post_header":false,"_bst_post_footer":false},"product_brand":[],"product_cat":[15,156,379,159,380],"product_tag":[],"2_year_make_model":[],"class_list":{"0":"post-13787","1":"product","2":"type-product","3":"status-publish","4":"has-post-thumbnail","6":"product_cat-carkeyremote","7":"product_cat-for-ford","8":"product_cat-for-lincoln","9":"product_cat-for-mazda","10":"product_cat-for-mercury","12":"first","13":"instock","14":"sale","15":"shipping-taxable","16":"purchasable","17":"product-type-simple","18":"entry","19":"content-bg","20":"loop-entry"},"_links":{"self":[{"href":"https:\/\/keylessbest.com\/fr\/wp-json\/wp\/v2\/product\/13787","targetHints":{"allow":["GET"]}}],"collection":[{"href":"https:\/\/keylessbest.com\/fr\/wp-json\/wp\/v2\/product"}],"about":[{"href":"https:\/\/keylessbest.com\/fr\/wp-json\/wp\/v2\/types\/product"}],"replies":[{"embeddable":true,"href":"https:\/\/keylessbest.com\/fr\/wp-json\/wp\/v2\/comments?post=13787"}],"version-history":[{"count":2,"href":"https:\/\/keylessbest.com\/fr\/wp-json\/wp\/v2\/product\/13787\/revisions"}],"predecessor-version":[{"id":19626,"href":"https:\/\/keylessbest.com\/fr\/wp-json\/wp\/v2\/product\/13787\/revisions\/19626"}],"wp:featuredmedia":[{"embeddable":true,"href":"https:\/\/keylessbest.com\/fr\/wp-json\/wp\/v2\/media\/20867"}],"wp:attachment":[{"href":"https:\/\/keylessbest.com\/fr\/wp-json\/wp\/v2\/media?parent=13787"}],"wp:term":[{"taxonomy":"product_brand","embeddable":true,"href":"https:\/\/keylessbest.com\/fr\/wp-json\/wp\/v2\/product_brand?post=13787"},{"taxonomy":"product_cat","embeddable":true,"href":"https:\/\/keylessbest.com\/fr\/wp-json\/wp\/v2\/product_cat?post=13787"},{"taxonomy":"product_tag","embeddable":true,"href":"https:\/\/keylessbest.com\/fr\/wp-json\/wp\/v2\/product_tag?post=13787"},{"taxonomy":"2_year_make_model","embeddable":true,"href":"https:\/\/keylessbest.com\/fr\/wp-json\/wp\/v2\/2_year_make_model?post=13787"}],"curies":[{"name":"wp","href":"https:\/\/api.w.org\/{rel}","templated":true}]}}