{"id":14059,"date":"2025-08-19T08:40:16","date_gmt":"2025-08-19T08:40:16","guid":{"rendered":"https:\/\/hanwuji.shengjit.com\/?post_type=product&#038;p=14059"},"modified":"2026-02-11T08:39:08","modified_gmt":"2026-02-11T08:39:08","slug":"cle-de-telecommande-hyundai-romeo-2009-2015-sy5hmfna04-315mhz-pour-keylessbest-2","status":"publish","type":"product","link":"https:\/\/keylessbest.com\/fr\/product\/cle-de-telecommande-hyundai-romeo-2009-2015-sy5hmfna04-315mhz-pour-keylessbest-2\/","title":{"rendered":"Cl\u00e9 de voiture Hyundai 2009-2015 SY5HMFNA04 315MHz pour Keylessbest"},"content":{"rendered":"<p>*Les informations d\u00e9taill\u00e9es de cette cl\u00e9 sans contact Hyundai Kia de 2009 \u00e0 2015 sont les suivantes. Veuillez confirmer que les d\u00e9tails suivants correspondent \u00e0 votre v\u00e9hicule avant de commander : ID FCC, Num\u00e9ro de pi\u00e8ce, Ann\u00e9e Mod\u00e8le, IC, Fr\u00e9quence, Puce et Boutons.<\/p>\n<h6><strong><b>Informations sur le produit :<\/b><\/strong><\/h6>\n<ul>\n<li>ID FCC : SY5HMFNA04<\/li>\n<li>PN : 95440-3N250, 95440-1U000, 95440-2T100, 95440-3Q000, 95440-3M220, 95440-3N250, 95440-3M230<\/li>\n<li>IC : 267AL-HMFNA04<\/li>\n<li>Fr\u00e9quence : 315MHz<\/li>\n<li>Puce : 46<\/li>\n<li>Boutons : Verrouiller, D\u00e9verrouiller, Coffre, Alarme<\/li>\n<\/ul>\n<h6><strong><b>Le mod\u00e8le de r\u00e9f\u00e9rence :<\/b><\/strong><\/h6>\n<ul>\n<li>Hyundai Azera de 2011 \u00e0 2015<\/li>\n<li><a href=\"https:\/\/keylessbest.com\/fr\/product\/2009-2014-toyota-avalon-camry-corolla-telecommande-dentree-sans-cle-a-3-boutons-hyq14aem-pn-89904-0r060-89904-60770-89904-0r090-89904-42140__trashed\/\" data-wpil-monitor-id=\"968\">2012 &#8211; 2014<\/a> Hyundai Equus<\/li>\n<li>Hyundai Elantra Berline de 2012 \u00e0 2013 (4 portes)<\/li>\n<li>2009 &#8211; 2013 <a href=\"https:\/\/keylessbest.com\/fr\/product\/2021-hyundai-genesis-g80-telecommande-dentree-sans-cle-a-8-boutons-tq8-fob-4f35-pn-95440-t1200\/\" data-wpil-monitor-id=\"973\">Hyundai Genesis<\/a> Berline (4 portes)<\/li>\n<li>Hyundai Sonata 2011 \u2013 2015<\/li>\n<li>Hyundai Sonata Hybride de 2015<\/li>\n<li>Kia Borrego de 2010 \u00e0 2012<\/li>\n<li>Kia Forte de 2011 \u00e0 2013<\/li>\n<li>Kia Optima de 2009 \u00e0 2013<\/li>\n<li>Kia Rio de 2011 \u00e0 2014<\/li>\n<li>Kia Sorento de 2011 \u00e0 2013. VEUILLEZ V\u00c9RIFIER LA PARTIE # SELON LE NUM\u00c9RO VIN DU V\u00c9HICULE. CERTAINES V\u00c9HICULES HYUNDAI \/ KIA PEUVENT AVOIR 2 REMOTES POSSIBLES.<\/li>\n<\/ul>\n<h6><strong><b>Contenu du colis :<\/b><\/strong><\/h6>\n<ul>\n<li>Un nouveau march\u00e9 apr\u00e8s-vente <a href=\"https:\/\/keylessbest.com\/fr\/product\/cle-de-telecommande-dentree-sans-cle-pour-ford-fiesta-2011-2017-kr55wk47899-pn164-r8042-remote-164-r8043-lame-164-r8042-164-r8039\/\" data-wpil-monitor-id=\"972\">cl\u00e9 sans contact<\/a><\/li>\n<li>Une cl\u00e9 d'urgence de rechange gratuite<\/li>\n<li>Tous les \u00e9metteurs sont livr\u00e9s avec une batterie<\/li>\n<li>Toutes les unit\u00e9s sont test\u00e9es avant l'exp\u00e9dition<\/li>\n<li>Garantie de satisfaction et garantie de 2 ans pour 100%<\/li>\n<\/ul>\n<h6><strong><b>Remarque :<\/b><\/strong><\/h6>\n<ul>\n<li>Remplacement de la cl\u00e9 d'entr\u00e9e sans contact Hyundai Kia de 2009 \u00e0 2015 \u2013 sans logo, avec une cl\u00e9 d'urgence non coup\u00e9e incluse.<\/li>\n<li>Nous ne coupons pas ni ne programmons la <a href=\"https:\/\/keylessbest.com\/fr\/boutique-de-cles-de-voiture-sans-cle-keylessbestcarkeyfobshop\/\" data-wpil-monitor-id=\"974\">cl\u00e9 \u00e0 distance<\/a>. De plus, pour les prix, veuillez contacter le serrurier local ou le concessionnaire.<\/li>\n<li>Ce transmetteur est compatible avec les v\u00e9hicules \u00e9quip\u00e9s d'un bouton de d\u00e9marrage\/arr\u00eat sur le tableau de bord ou d'une commande de d\u00e9marrage \u00e0 rotation, ainsi qu'une cl\u00e9 proxy <a href=\"https:\/\/keylessbest.com\/fr\/product\/nissan-rogue-versa-pathfinder-2007-2013-avec-systeme-intelligent-telecommande-dentree-sans-cle-a-3-boutons-cwtwbu729-cwtwbu735-cwtwbu624-pn-285e3-em30d-285e3-em31d\/\" data-wpil-monitor-id=\"971\">syst\u00e8me d'entr\u00e9e sans cl\u00e9<\/a>.<\/li>\n<li>Le prix est pour un ensemble complet <a href=\"https:\/\/keylessbest.com\/fr\/product\/2015-2021-jeep-renegade-telecommande-dentree-sans-cle-a-5-boutons-m3n-40821302-remplace-pn-6mp33dx9aa-id-47-4a__trashed\/\" data-wpil-monitor-id=\"969\">t\u00e9l\u00e9commande d'entr\u00e9e sans cl\u00e9 de remplacement<\/a>, cl\u00e9 d'urgence incluse.<\/li>\n<li>Par cons\u00e9quent, nous vous recommandons vivement de faire v\u00e9rifier votre <a href=\"https:\/\/keylessbest.com\/fr\/comment-programmer-rapidement-et-facilement-un-badge-de-cle-etape-par-etape-pour-nimporte-quelle-voiture\/\" data-wpil-monitor-id=\"970\">Cl\u00e9 de voiture programm\u00e9e<\/a> par un serrurier professionnel ou un revendeur.<\/li>\n<\/ul>\n<h6><strong>Ressources de programmation :<\/strong><\/h6>\n<p><a href=\"http:\/\/programyourfob.com\/?list_14\/\" target=\"_blank\" rel=\"noopener\">http:\/\/programyourfob.com\/?list_14\/<\/a><\/p>\n<p><a href=\"http:\/\/programyourfob.com\/?list_19\/\" target=\"_blank\" rel=\"noopener\">http:\/\/programyourfob.com\/?list_19\/<\/a><\/p>\n<p>Merci de nous avoir choisis.<\/p>\n<p>Nous sommes l'un des fabricants les plus professionnels de cl\u00e9s de voiture, syst\u00e8mes d'entr\u00e9e sans cl\u00e9, <a href=\"https:\/\/keylessbest.com\/fr\/product\/2004-2018-toyota-sequoia-solara-avalon-highlander-sienna-tacoma-telecommande-dentree-sans-cle-a-3-boutons-gq43vt20t-pn-89742-ae010-89742-ae011\/\" data-wpil-monitor-id=\"967\">t\u00e9l\u00e9commande de cl\u00e9 de voiture<\/a>, puces transpondeurs, programmeurs de cl\u00e9s, coques de cl\u00e9s de voiture, serrures de voiture, outils de serrurier, et ainsi de suite. De plus, notre entreprise dispose d'une \u00e9quipe professionnelle et d'une ligne de production. En outre, nous sommes sp\u00e9cialis\u00e9s dans la production de diverses cl\u00e9s de voiture, coques de cl\u00e9s, et outils de serrurier. Nous g\u00e9rons \u00e9galement le d\u00e9veloppement, la fabrication et la vente en gros de produits de s\u00e9curit\u00e9 et de protection automobile.<\/p>\n<p>Des prix comp\u00e9titifs et des services d\u00e9vou\u00e9s vous aideront \u00e0 conqu\u00e9rir un bon march\u00e9. De plus, une \u00e9quipe de plus de 10 jeunes et dynamiques commerciaux offre un service rapide, professionnel et amical \u00e0 tout moment. En outre, tous nos produits sont exp\u00e9di\u00e9s directement depuis l'entrep\u00f4t en France, en Allemagne et en Espagne. Ainsi, les marchandises que vous achetez seront emball\u00e9es et exp\u00e9di\u00e9es dans les 48 heures suivant votre commande. Plus de 100% de nos produits sont en stock, et l'inventaire est suffisant.<\/p>","protected":false},"excerpt":{"rendered":"<ul>\n<li>SKU : CA-HY064<\/li>\n<li>ID FCC : SY5HMFNA04<\/li>\n<li>PN : 95440-3N250, 95440-1U000, 95440-2T100, 95440-3Q000, 95440-3M220, 95440-3N250, 95440-3M230<\/li>\n<li>IC : 267AL-HMFNA04<\/li>\n<li>Fr\u00e9quence : 315MHz<\/li>\n<li>Puce : 46<\/li>\n<li>Boutons : Verrouiller, D\u00e9verrouiller, Coffre, Alarme<\/li>\n<\/ul>","protected":false},"featured_media":20921,"comment_status":"open","ping_status":"closed","template":"","meta":{"_bst_post_transparent":"default","_bst_post_title":"","_bst_post_layout":"default","_bst_post_sidebar_id":"","_bst_post_content_style":"default","_bst_post_vertical_padding":"default","_bst_post_feature":"","_bst_post_feature_position":"","_bst_post_header":false,"_bst_post_footer":false},"product_brand":[],"product_cat":[15,168,169],"product_tag":[],"2_year_make_model":[],"class_list":{"0":"post-14059","1":"product","2":"type-product","3":"status-publish","4":"has-post-thumbnail","6":"product_cat-carkeyremote","7":"product_cat-for-hyundai","8":"product_cat-for-kia","10":"first","11":"instock","12":"sale","13":"shipping-taxable","14":"purchasable","15":"product-type-simple","16":"entry","17":"content-bg","18":"loop-entry"},"_links":{"self":[{"href":"https:\/\/keylessbest.com\/fr\/wp-json\/wp\/v2\/product\/14059","targetHints":{"allow":["GET"]}}],"collection":[{"href":"https:\/\/keylessbest.com\/fr\/wp-json\/wp\/v2\/product"}],"about":[{"href":"https:\/\/keylessbest.com\/fr\/wp-json\/wp\/v2\/types\/product"}],"replies":[{"embeddable":true,"href":"https:\/\/keylessbest.com\/fr\/wp-json\/wp\/v2\/comments?post=14059"}],"version-history":[{"count":3,"href":"https:\/\/keylessbest.com\/fr\/wp-json\/wp\/v2\/product\/14059\/revisions"}],"predecessor-version":[{"id":20325,"href":"https:\/\/keylessbest.com\/fr\/wp-json\/wp\/v2\/product\/14059\/revisions\/20325"}],"wp:featuredmedia":[{"embeddable":true,"href":"https:\/\/keylessbest.com\/fr\/wp-json\/wp\/v2\/media\/20921"}],"wp:attachment":[{"href":"https:\/\/keylessbest.com\/fr\/wp-json\/wp\/v2\/media?parent=14059"}],"wp:term":[{"taxonomy":"product_brand","embeddable":true,"href":"https:\/\/keylessbest.com\/fr\/wp-json\/wp\/v2\/product_brand?post=14059"},{"taxonomy":"product_cat","embeddable":true,"href":"https:\/\/keylessbest.com\/fr\/wp-json\/wp\/v2\/product_cat?post=14059"},{"taxonomy":"product_tag","embeddable":true,"href":"https:\/\/keylessbest.com\/fr\/wp-json\/wp\/v2\/product_tag?post=14059"},{"taxonomy":"2_year_make_model","embeddable":true,"href":"https:\/\/keylessbest.com\/fr\/wp-json\/wp\/v2\/2_year_make_model?post=14059"}],"curies":[{"name":"wp","href":"https:\/\/api.w.org\/{rel}","templated":true}]}}