{"id":14638,"date":"2025-08-19T08:49:31","date_gmt":"2025-08-19T08:49:31","guid":{"rendered":"https:\/\/hanwuji.shengjit.com\/?post_type=product&#038;p=14638"},"modified":"2026-02-12T09:05:08","modified_gmt":"2026-02-12T09:05:08","slug":"cle-de-voiture-honda-civic-2016-2021-72147-tba-a11","status":"publish","type":"product","link":"https:\/\/keylessbest.com\/fr\/product\/cle-de-voiture-honda-civic-2016-2021-72147-tba-a11\/","title":{"rendered":"Cl\u00e9 de t\u00e9l\u00e9commande Honda Civic 2016-2021 72147-TBA-A11"},"content":{"rendered":"<p>*Les informations d\u00e9taill\u00e9es de cette t\u00e9l\u00e9commande sans cl\u00e9 Honda de 2007 \u00e0 2015 sont les suivantes. Veuillez confirmer que les d\u00e9tails suivants correspondent \u00e0 votre v\u00e9hicule avant de commander : ID FCC, Num\u00e9ro de pi\u00e8ce, Ann\u00e9e et mod\u00e8le, IC, Fr\u00e9quence, Puce et Boutons.<\/p>\n<h6><strong><b>Informations sur le produit : <\/b><\/strong><\/h6>\n<ul>\n<li>ID FCC : KR5V2X<\/li>\n<li>PN : 72147-TBA-A11, 72147-TBA-A12<\/li>\n<li>IC : 7812D-V2X<\/li>\n<li>Fr\u00e9quence : 433MHz<\/li>\n<li>Verrouillage des boutons, D\u00e9verrouillage, Panique, Coffre, D\u00e9marrage \u00e0 distance<\/li>\n<\/ul>\n<h6><strong><b>Le mod\u00e8le de r\u00e9f\u00e9rence :<\/b><\/strong><\/h6>\n<ul>\n<li>Honda Civic Sedan EX \/ Sedan Tour 2016 \u2013 2020<\/li>\n<li>Honda Civic EX Turbo CVT 2018 \u2013 2021<\/li>\n<li>Honda Civic LX HDM CVT 2018 \u2013 2019<\/li>\n<li>Honda Civic Coup\u00e9 EX, Sport, Tour 2020 \u2013 2020<\/li>\n<li>Honda Civic Sedan EX, Sport, Tour 2020 \u2013 2020<\/li>\n<\/ul>\n<h6><strong><b>Contenu du colis :<\/b><\/strong><\/h6>\n<ul>\n<li>Un nouveau march\u00e9 apr\u00e8s-vente <a href=\"https:\/\/keylessbest.com\/fr\/product\/cle-de-telecommande-dentree-sans-cle-pour-ford-fiesta-2011-2017-kr55wk47899-pn164-r8042-remote-164-r8043-lame-164-r8042-164-r8039\/\" data-wpil-monitor-id=\"1701\">cl\u00e9 sans contact<\/a><\/li>\n<li>Gratuit <a href=\"https:\/\/keylessbest.com\/fr\/cle-de-telecommande-de-rechange\/\" data-wpil-monitor-id=\"1706\">cl\u00e9 d'urgence de remplacement apr\u00e8s-vente<\/a><\/li>\n<li>Tous les \u00e9metteurs sont livr\u00e9s avec une batterie<\/li>\n<li>Toutes les unit\u00e9s sont test\u00e9es avant l'exp\u00e9dition<\/li>\n<li>Garantie de satisfaction et garantie de 2 ans pour 100%<\/li>\n<\/ul>\n<h6><strong><b>Remarque :<\/b><\/strong><\/h6>\n<ul>\n<li>Les 2016-2021 <a href=\"https:\/\/keylessbest.com\/fr\/product\/1999-2004-acura-cl-tl-rl-telecommande-dentree-sans-cle-a-4-boutons-e4eg8d-444h-a-remplace-pn-72147-s0k-a23-72147-s0k-a13__trashed\/\" data-wpil-monitor-id=\"1699\">Remplacement de la cl\u00e9 intelligente sans cl\u00e9 Honda<\/a> \u2013 sans logo, avec une cl\u00e9 d'urgence non coup\u00e9e incluse.<\/li>\n<li>Nous ne coupons pas ni ne programmons la <a href=\"https:\/\/keylessbest.com\/fr\/boutique-de-cles-de-voiture-sans-cle-keylessbestcarkeyfobshop\/\" data-wpil-monitor-id=\"1703\">cl\u00e9 \u00e0 distance<\/a>.De plus, pour les prix, veuillez contacter le serrurier local ou le concessionnaire.<\/li>\n<li>Ce transmetteur est compatible avec les v\u00e9hicules \u00e9quip\u00e9s d'un bouton de d\u00e9marrage\/arr\u00eat sur le tableau de bord ou d'une cl\u00e9 \u00e0 rotation, ainsi qu'avec un proxy <a href=\"https:\/\/keylessbest.com\/fr\/product\/2007-2017-mitsubishi-i-meiv-outlander-outlander-sport-telecommande-dentree-sans-cle-4-boutons-oucg8d-625m-a-hf-pn-6370b711-id46\/\" data-wpil-monitor-id=\"1702\">entr\u00e9e sans cl\u00e9<\/a> syst\u00e8me.<\/li>\n<li>Le prix est pour un remplacement complet unique \u00a0\u00a0<a href=\"https:\/\/keylessbest.com\/fr\/product\/honda-hr-v-2016-2022-tous-modeles-fit-ex-cvt-6mt-fit-ex-l-cvt-fit-ex-ln-cvt-telecommande-dentree-sans-cle-a-4-boutons-kr5v1x-pn-72147-t7s-a01\/\" data-wpil-monitor-id=\"1705\">t\u00e9l\u00e9commande d'entr\u00e9e sans cl\u00e9<\/a>, cl\u00e9 d'urgence incluse.<\/li>\n<li>Par cons\u00e9quent, nous vous recommandons vivement de faire v\u00e9rifier votre \u00a0<a href=\"https:\/\/keylessbest.com\/fr\/comment-programmer-rapidement-et-facilement-un-badge-de-cle-etape-par-etape-pour-nimporte-quelle-voiture\/\" data-wpil-monitor-id=\"1700\">Cl\u00e9 de voiture programm\u00e9e<\/a> par un serrurier professionnel ou un revendeur.<\/li>\n<\/ul>\n<h6><strong><b>Ressources de programmation\u00a0<\/b><\/strong><\/h6>\n<p><a href=\"http:\/\/programyourfob.com\/?list_12\/\" target=\"_blank\" rel=\"noopener\">http:\/\/programyourfob.com\/?list_12\/<\/a><\/p>\n<p>Merci de nous avoir choisis.<\/p>\n<p>Nous sommes l'un des fabricants les plus professionnels de cl\u00e9s de voiture, syst\u00e8me d'entr\u00e9e sans cl\u00e9, t\u00e9l\u00e9commande de cl\u00e9 de voiture, puces transpondeurs, programmeurs de cl\u00e9s, coques de cl\u00e9s de voiture, serrures de voiture, outils de serrurier, et ainsi de suite. De plus, notre entreprise dispose d'une \u00e9quipe professionnelle et d'une ligne de production. En outre, nous sommes sp\u00e9cialis\u00e9s dans la production de divers <a href=\"https:\/\/keylessbest.com\/fr\/combien-coute-le-remplacement-dune-telecommande-de-voiture-en-2025\/\" data-wpil-monitor-id=\"1704\">cl\u00e9 de voiture<\/a>coques de cl\u00e9s de voiture, et outils de serrurier. Nous g\u00e9rons \u00e9galement le d\u00e9veloppement, la fabrication et la vente en gros de produits de s\u00e9curit\u00e9 et de protection automobile.<\/p>\n<p>Des prix comp\u00e9titifs et des services d\u00e9vou\u00e9s vous aideront \u00e0 conqu\u00e9rir un bon march\u00e9. De plus, une \u00e9quipe de plus de 10 jeunes et dynamiques commerciaux offre un service rapide, professionnel et amical \u00e0 tout moment. En outre, tous nos produits sont exp\u00e9di\u00e9s directement depuis l'entrep\u00f4t en France, en Allemagne et en Espagne. Ainsi, les marchandises que vous achetez seront emball\u00e9es et exp\u00e9di\u00e9es dans les 48 heures suivant votre commande. Plus de 100% de nos produits sont en stock, et l'inventaire est suffisant.<\/p>","protected":false},"excerpt":{"rendered":"<ul>\n<li>R\u00e9f\u00e9rence : CA-HD233<\/li>\n<li>ID FCC : KR5V2X<\/li>\n<li>PN : 72147-TBA-A11, 72147-TBA-A12<\/li>\n<li>IC : 7812D-V2X<\/li>\n<li>Fr\u00e9quence : 433MHz<\/li>\n<li>Verrouillage des boutons, D\u00e9verrouillage, Panique, Coffre, D\u00e9marrage \u00e0 distance<\/li>\n<\/ul>","protected":false},"featured_media":21098,"comment_status":"open","ping_status":"closed","template":"","meta":{"_bst_post_transparent":"default","_bst_post_title":"","_bst_post_layout":"default","_bst_post_sidebar_id":"","_bst_post_content_style":"default","_bst_post_vertical_padding":"default","_bst_post_feature":"","_bst_post_feature_position":"","_bst_post_header":false,"_bst_post_footer":false},"product_brand":[],"product_cat":[15,157],"product_tag":[],"2_year_make_model":[],"class_list":{"0":"post-14638","1":"product","2":"type-product","3":"status-publish","4":"has-post-thumbnail","6":"product_cat-carkeyremote","7":"product_cat-for-honda","9":"first","10":"instock","11":"sale","12":"shipping-taxable","13":"purchasable","14":"product-type-simple","15":"entry","16":"content-bg","17":"loop-entry"},"_links":{"self":[{"href":"https:\/\/keylessbest.com\/fr\/wp-json\/wp\/v2\/product\/14638","targetHints":{"allow":["GET"]}}],"collection":[{"href":"https:\/\/keylessbest.com\/fr\/wp-json\/wp\/v2\/product"}],"about":[{"href":"https:\/\/keylessbest.com\/fr\/wp-json\/wp\/v2\/types\/product"}],"replies":[{"embeddable":true,"href":"https:\/\/keylessbest.com\/fr\/wp-json\/wp\/v2\/comments?post=14638"}],"version-history":[{"count":4,"href":"https:\/\/keylessbest.com\/fr\/wp-json\/wp\/v2\/product\/14638\/revisions"}],"predecessor-version":[{"id":21097,"href":"https:\/\/keylessbest.com\/fr\/wp-json\/wp\/v2\/product\/14638\/revisions\/21097"}],"wp:featuredmedia":[{"embeddable":true,"href":"https:\/\/keylessbest.com\/fr\/wp-json\/wp\/v2\/media\/21098"}],"wp:attachment":[{"href":"https:\/\/keylessbest.com\/fr\/wp-json\/wp\/v2\/media?parent=14638"}],"wp:term":[{"taxonomy":"product_brand","embeddable":true,"href":"https:\/\/keylessbest.com\/fr\/wp-json\/wp\/v2\/product_brand?post=14638"},{"taxonomy":"product_cat","embeddable":true,"href":"https:\/\/keylessbest.com\/fr\/wp-json\/wp\/v2\/product_cat?post=14638"},{"taxonomy":"product_tag","embeddable":true,"href":"https:\/\/keylessbest.com\/fr\/wp-json\/wp\/v2\/product_tag?post=14638"},{"taxonomy":"2_year_make_model","embeddable":true,"href":"https:\/\/keylessbest.com\/fr\/wp-json\/wp\/v2\/2_year_make_model?post=14638"}],"curies":[{"name":"wp","href":"https:\/\/api.w.org\/{rel}","templated":true}]}}