{"id":14744,"date":"2025-08-19T08:51:05","date_gmt":"2025-08-19T08:51:05","guid":{"rendered":"https:\/\/hanwuji.shengjit.com\/?post_type=product&#038;p=14744"},"modified":"2026-02-27T05:15:12","modified_gmt":"2026-02-27T05:15:12","slug":"cle-de-voiture-jaguar-2007-2015-kr55wk49244-315mhz-pour-keylessbest","status":"publish","type":"product","link":"https:\/\/keylessbest.com\/fr\/product\/cle-de-voiture-jaguar-2007-2015-kr55wk49244-315mhz-pour-keylessbest\/","title":{"rendered":"T\u00e9l\u00e9commande de cl\u00e9 Jaguar 2007-2015 KR55WK49244 315MHz pour Keylessbest"},"content":{"rendered":"<p>*Les informations d\u00e9taill\u00e9es de cette cl\u00e9 sans contact Jaguar de 2007 \u00e0 2015 sont les suivantes. Veuillez confirmer que les d\u00e9tails suivants correspondent \u00e0 votre v\u00e9hicule avant de commander : ID FCC, Num\u00e9ro de pi\u00e8ce, Ann\u00e9e Mod\u00e8le, IC, Fr\u00e9quence, Puce et Boutons.<\/p>\n<h6><strong><b>Informations sur le produit : <\/b><\/strong><\/h6>\n<ul>\n<li>ID FCC : KR55WK49244<\/li>\n<li>PN : 6W83 15K601 EB, 267T-5WK49244<\/li>\n<li>IC : 267T-5WK49244<\/li>\n<li>Fr\u00e9quence : 315MHz<\/li>\n<li>Boutons : Verrouiller, D\u00e9verrouiller, Panique, Coffre, Phare<\/li>\n<\/ul>\n<h6><strong><b>Le mod\u00e8le de r\u00e9f\u00e9rence :<\/b><\/strong><\/h6>\n<ul>\n<li>Jaguar XF 2009-2013<\/li>\n<li>Jaguar XFR 2010-2011<\/li>\n<li>Jaguar XK 2007-2015<\/li>\n<li>Jaguar XKR 2007-2014<\/li>\n<li>Jaguar XJ8 2010 \u2013 2010<\/li>\n<li>Jaguar XK8 2007-2010<\/li>\n<\/ul>\n<h6><strong><b>Contenu du colis :<\/b><\/strong><\/h6>\n<ul>\n<li>Un nouveau march\u00e9 apr\u00e8s-vente <a href=\"https:\/\/keylessbest.com\/fr\/product\/cle-de-telecommande-dentree-sans-cle-pour-ford-fiesta-2011-2017-kr55wk47899-pn164-r8042-remote-164-r8043-lame-164-r8042-164-r8039\/\" data-wpil-monitor-id=\"1376\">cl\u00e9 sans contact<\/a><\/li>\n<li>Une cl\u00e9 d'urgence de rechange gratuite<\/li>\n<li>Tous les \u00e9metteurs sont livr\u00e9s avec une batterie<\/li>\n<li>Toutes les unit\u00e9s sont test\u00e9es avant l'exp\u00e9dition<\/li>\n<li>Garantie de satisfaction et garantie de 2 ans pour 100%<\/li>\n<\/ul>\n<h6><strong><b>Remarque :<\/b><\/strong><\/h6>\n<ul>\n<li>La\u00a0 2007-2015 Jaguar smart <a href=\"https:\/\/keylessbest.com\/fr\/product\/2015-2020-cadillac-ats-ats-v-ct6-ct6-plug-in-cts-cts-v-xts-5-boutons-telecommande-dentree-sans-cle-hyq2eb-pn-13598512-13594029s-13510243-46__trashed\/\" data-wpil-monitor-id=\"1374\">cl\u00e9 d'entr\u00e9e sans cl\u00e9<\/a> remplacement \u2013 sans logo, avec une cl\u00e9 d'urgence ins\u00e9r\u00e9e non coup\u00e9e incluse.<\/li>\n<li>Nous ne coupons pas ni ne programmons la <a href=\"https:\/\/keylessbest.com\/fr\/boutique-de-cles-de-voiture-sans-cle-keylessbestcarkeyfobshop\/\" data-wpil-monitor-id=\"1378\">cl\u00e9 \u00e0 distance<\/a>.De plus, pour les prix, veuillez contacter le serrurier local ou le concessionnaire.<\/li>\n<li>Ce transmetteur est compatible avec les v\u00e9hicules \u00e9quip\u00e9s d'un bouton de d\u00e9marrage\/arr\u00eat sur le tableau de bord ou d'une cl\u00e9 \u00e0 rotation, ainsi qu'avec une cl\u00e9 proxy <a href=\"https:\/\/keylessbest.com\/fr\/product\/2016-2022-chevrolet-volt-cruze-nouveau-modele-traverse-camaro-malibu-4-boutons-telecommande-dentree-sans-cle-hyq4ea-pn-1350877113584504-13529660-46\/\" data-wpil-monitor-id=\"1377\">entr\u00e9e sans cl\u00e9<\/a> syst\u00e8me.<\/li>\n<li>Le prix est pour un remplacement complet unique \u00a0\u00a0<a href=\"https:\/\/keylessbest.com\/fr\/product\/2007-2012-mitsubishi-eclipse-galant-telecommande-dentree-sans-cle-a-4-boutons-oucg8d-620m-a-id46\/\" data-wpil-monitor-id=\"1380\">t\u00e9l\u00e9commande d'entr\u00e9e sans cl\u00e9<\/a>, cl\u00e9 d'urgence incluse.<\/li>\n<li>Par cons\u00e9quent, nous vous recommandons vivement de faire v\u00e9rifier votre \u00a0<a href=\"https:\/\/keylessbest.com\/fr\/comment-programmer-rapidement-et-facilement-un-badge-de-cle-etape-par-etape-pour-nimporte-quelle-voiture\/\" data-wpil-monitor-id=\"1375\">Cl\u00e9 de voiture programm\u00e9e<\/a> par un serrurier professionnel ou un revendeur.<\/li>\n<\/ul>\n<h6><strong><b>Ressources de programmation<\/b><\/strong><\/h6>\n<p><a href=\"http:\/\/programyourfob.com\/?list_17\/\" target=\"_blank\" rel=\"noopener\">http:\/\/programyourfob.com\/?list_17\/<\/a><\/p>\n<p>Merci de nous avoir choisis.<\/p>\n<p>Nous sommes l'un des fabricants les plus professionnels de cl\u00e9s de voiture, syst\u00e8me d'entr\u00e9e sans cl\u00e9, <a href=\"https:\/\/keylessbest.com\/fr\/product\/2008-2013-pontiac-toyota-vibe-corolla-matrix-venza-telecommande-dentree-sans-cle-a-3-boutons-gq4-29t-pn-89070-0t030-89070-02250-4d67\/\" data-wpil-monitor-id=\"1373\">t\u00e9l\u00e9commande de cl\u00e9 de voiture<\/a>, puces transpondeurs, programmeurs de cl\u00e9s, coques de cl\u00e9s de voiture, serrures de voiture, outils de serrurier, etc. De plus, notre entreprise poss\u00e8de une \u00e9quipe professionnelle et une ligne de production. En outre, nous nous sp\u00e9cialisons dans la fabrication de divers <a href=\"https:\/\/keylessbest.com\/fr\/que-faire-si-vous-perdez-vos-cles-de-voiture-guide-etape-par-etape-2025\/\" data-wpil-monitor-id=\"1379\">cl\u00e9 de voiture<\/a>coques de cl\u00e9s de voiture et outils de serrurier. Nous g\u00e9rons \u00e9galement le d\u00e9veloppement, la fabrication et la vente en gros de produits de s\u00e9curit\u00e9 et de protection automobile.<\/p>\n<p>Des prix comp\u00e9titifs et des services d\u00e9vou\u00e9s vous aideront \u00e0 conqu\u00e9rir un bon march\u00e9. De plus, une \u00e9quipe de plus de 10 jeunes et dynamiques commerciaux offre un service rapide, professionnel et amical \u00e0 tout moment. En outre, tous nos produits sont exp\u00e9di\u00e9s directement depuis l'entrep\u00f4t en France, en Allemagne et en Espagne. Ainsi, les marchandises que vous achetez seront emball\u00e9es et exp\u00e9di\u00e9es dans les 48 heures suivant votre commande. Plus de 100% de nos produits sont en stock, et l'inventaire est suffisant.<\/p>","protected":false},"excerpt":{"rendered":"<ul>\n<li>SKU : CA-LR240<\/li>\n<li>ID FCC : KR55WK49244<\/li>\n<li>PN : 6W83 15K601 EB, 267T-5WK49244<\/li>\n<li>IC : 267T-5WK49244<\/li>\n<li>Fr\u00e9quence : 315MHz<\/li>\n<li>Boutons : Verrouiller, D\u00e9verrouiller, Panique, Coffre, Phare<\/li>\n<\/ul>","protected":false},"featured_media":21107,"comment_status":"open","ping_status":"closed","template":"","meta":{"_bst_post_transparent":"default","_bst_post_title":"","_bst_post_layout":"default","_bst_post_sidebar_id":"","_bst_post_content_style":"default","_bst_post_vertical_padding":"default","_bst_post_feature":"","_bst_post_feature_position":"","_bst_post_header":false,"_bst_post_footer":false},"product_brand":[],"product_cat":[15,382],"product_tag":[],"2_year_make_model":[],"class_list":{"0":"post-14744","1":"product","2":"type-product","3":"status-publish","4":"has-post-thumbnail","6":"product_cat-carkeyremote","7":"product_cat-for-jaguar","9":"first","10":"instock","11":"sale","12":"shipping-taxable","13":"purchasable","14":"product-type-simple","15":"entry","16":"content-bg","17":"loop-entry"},"_links":{"self":[{"href":"https:\/\/keylessbest.com\/fr\/wp-json\/wp\/v2\/product\/14744","targetHints":{"allow":["GET"]}}],"collection":[{"href":"https:\/\/keylessbest.com\/fr\/wp-json\/wp\/v2\/product"}],"about":[{"href":"https:\/\/keylessbest.com\/fr\/wp-json\/wp\/v2\/types\/product"}],"replies":[{"embeddable":true,"href":"https:\/\/keylessbest.com\/fr\/wp-json\/wp\/v2\/comments?post=14744"}],"version-history":[{"count":2,"href":"https:\/\/keylessbest.com\/fr\/wp-json\/wp\/v2\/product\/14744\/revisions"}],"predecessor-version":[{"id":20151,"href":"https:\/\/keylessbest.com\/fr\/wp-json\/wp\/v2\/product\/14744\/revisions\/20151"}],"wp:featuredmedia":[{"embeddable":true,"href":"https:\/\/keylessbest.com\/fr\/wp-json\/wp\/v2\/media\/21107"}],"wp:attachment":[{"href":"https:\/\/keylessbest.com\/fr\/wp-json\/wp\/v2\/media?parent=14744"}],"wp:term":[{"taxonomy":"product_brand","embeddable":true,"href":"https:\/\/keylessbest.com\/fr\/wp-json\/wp\/v2\/product_brand?post=14744"},{"taxonomy":"product_cat","embeddable":true,"href":"https:\/\/keylessbest.com\/fr\/wp-json\/wp\/v2\/product_cat?post=14744"},{"taxonomy":"product_tag","embeddable":true,"href":"https:\/\/keylessbest.com\/fr\/wp-json\/wp\/v2\/product_tag?post=14744"},{"taxonomy":"2_year_make_model","embeddable":true,"href":"https:\/\/keylessbest.com\/fr\/wp-json\/wp\/v2\/2_year_make_model?post=14744"}],"curies":[{"name":"wp","href":"https:\/\/api.w.org\/{rel}","templated":true}]}}