{"id":14795,"date":"2025-08-19T08:51:53","date_gmt":"2025-08-19T08:51:53","guid":{"rendered":"https:\/\/hanwuji.shengjit.com\/?post_type=product&#038;p=14795"},"modified":"2026-02-13T05:32:22","modified_gmt":"2026-02-13T05:32:22","slug":"1996-2005-buick-cadillac-telecommande-de-cle-kobut1bt-pour-keylessbest","status":"publish","type":"product","link":"https:\/\/keylessbest.com\/fr\/product\/1996-2005-buick-cadillac-telecommande-de-cle-kobut1bt-pour-keylessbest\/","title":{"rendered":"1996-2005 Buick Cadillac T\u00e9l\u00e9commande de cl\u00e9 KOBUT1BT pour Keylessbest"},"content":{"rendered":"<p>*Les informations d\u00e9taill\u00e9es de cette cl\u00e9 sans contact pour Buick Cadillac GMC Oldsmobile Pontiac de 1996 \u00e0 2005 sont les suivantes. Veuillez confirmer que les d\u00e9tails suivants correspondent \u00e0 votre v\u00e9hicule avant de commander : ID FCC, Num\u00e9ro de pi\u00e8ce, Ann\u00e9e Mod\u00e8le, IC, Fr\u00e9quence, Puce et Boutons.<\/p>\n<h6><strong><b>Informations sur le produit : <\/b><\/strong><\/h6>\n<ul>\n<li>ID FCC : KOBUT1BT<\/li>\n<li>PN : 15732805, 25656444, 25656445, 25665574, 25665575 , 25628814, 25668603, 25678792<\/li>\n<li>Fr\u00e9quence : 315MHz<\/li>\n<li>Boutons : Verrouiller, D\u00e9verrouiller, Panique, Coffre<\/li>\n<\/ul>\n<h6><strong><b>Le mod\u00e8le de r\u00e9f\u00e9rence :<\/b><\/strong><\/h6>\n<ul>\n<li>Buick Lesabre 2000<\/li>\n<li>Buick Park Avenue 2000-2005<\/li>\n<li>Buick Lesabre 1996-1999<\/li>\n<li>Buick Park Avenue 1996-1999<\/li>\n<li>Buick Riviera 1996-1999<\/li>\n<li>Cadillac Eldorado 1998-2000<\/li>\n<li>Cadillac Seville 1998-2000<\/li>\n<li>Chevrolet Astro 2000-2001<\/li>\n<li>1998-2001 <a href=\"https:\/\/keylessbest.com\/fr\/product\/telecommande-dentree-sans-contact-chevrolet-blazer-equinox-traverse-trailblazer-2018-2022-a-5-boutons-hyq4aa-pn-13584498-13585723-13529650-suv__trashed\/\" data-wpil-monitor-id=\"1367\">Chevrolet Blazer<\/a> (SUV \u2013 pas un pickup)<\/li>\n<li>Chevrolet Impala 2000<\/li>\n<li>2000 <a href=\"https:\/\/keylessbest.com\/fr\/product\/2021-2024-chevrolet-malibu-camaro-hyq4es-pn13522891-13522884-13547793-46\/\" data-wpil-monitor-id=\"1364\">Chevrolet Malibu<\/a><\/li>\n<li>Chevrolet Monte Carlo 2000<\/li>\n<li>GMC Envoy 1998-2000<\/li>\n<li>GMC Jimmy 1998-2001<\/li>\n<li>GMC Safari 2000-2001<\/li>\n<li>GMC Bravada 1998-2001<\/li>\n<li>Oldsmobile Aurora 2001-2002<\/li>\n<li>Oldsmobile Alero 1999-2000<\/li>\n<li>Oldsmobile Aurora 1996-1999<\/li>\n<li>Oldsmobile Eighty Eight 1996-1999<\/li>\n<li>Oldsmobile LSS 1996-1999<\/li>\n<li>Oldsmobile Ninety Eight 1996<\/li>\n<li>Oldsmobile Regency 1997-1999<\/li>\n<li>Pontiac Bonneville 1996-1999<\/li>\n<li>Pontiac Bonneville 2000<\/li>\n<li>Pontiac Grand Am 1999-2000Programmation embarqu\u00e9e : disponible uniquement pour certains v\u00e9hicules.<br \/>\n*La programmation embarqu\u00e9e n'est pas disponible pour :<\/li>\n<li>Buick Lesabre 2000<\/li>\n<li>Buick Park Avenue 2000-2005<\/li>\n<li>Cadillac Eldorado 1998-2000<\/li>\n<li>Cadillac Seville 1998-2000<\/li>\n<li>Oldsmobile Alero 1999-2000<\/li>\n<li>Pontiac Bonneville 2000<\/li>\n<li>Pontiac Grand Am 1999<\/li>\n<\/ul>\n<h6><strong><b>Contenu du colis :<\/b><\/strong><\/h6>\n<ul>\n<li>Un nouveau march\u00e9 apr\u00e8s-vente <a href=\"https:\/\/keylessbest.com\/fr\/product\/cle-de-telecommande-dentree-sans-cle-pour-ford-fiesta-2011-2017-kr55wk47899-pn164-r8042-remote-164-r8043-lame-164-r8042-164-r8039\/\" data-wpil-monitor-id=\"1363\">cl\u00e9 sans contact<\/a><\/li>\n<li>Une cl\u00e9 d'urgence de rechange gratuite<\/li>\n<li>Tous les \u00e9metteurs sont livr\u00e9s avec une batterie<\/li>\n<li>Toutes les unit\u00e9s sont test\u00e9es avant l'exp\u00e9dition<\/li>\n<li>Garantie de satisfaction et garantie de 2 ans pour 100%<\/li>\n<\/ul>\n<h6><strong><b>Remarque :<\/b><\/strong><\/h6>\n<ul>\n<li>Remplacement de la cl\u00e9 \u00e0 distance intelligente Buick Cadillac GMC Oldsmobile Pontiac de 1996 \u00e0 2005 \u2013 sans logo, avec une cl\u00e9 d'urgence non coup\u00e9e incluse.<\/li>\n<li>Nous ne coupons pas ni ne programmons la <a href=\"https:\/\/keylessbest.com\/fr\/boutique-de-cles-de-voiture-sans-cle-keylessbestcarkeyfobshop\/\" data-wpil-monitor-id=\"1365\">cl\u00e9 \u00e0 distance<\/a>.De plus, pour les prix, veuillez contacter le serrurier local ou le concessionnaire.<\/li>\n<li>Ce transmetteur est compatible avec les v\u00e9hicules \u00e9quip\u00e9s d'un bouton de d\u00e9marrage\/arr\u00eat sur le tableau de bord ou d'une commande de d\u00e9marrage \u00e0 torsion, ainsi qu'avec un proxy <a href=\"https:\/\/keylessbest.com\/fr\/product\/2016-2022-chevrolet-volt-cruze-nouveau-modele-traverse-camaro-malibu-4-boutons-telecommande-dentree-sans-cle-hyq4ea-pn-1350877113584504-13529660-46\/\" data-wpil-monitor-id=\"1362\">entr\u00e9e sans cl\u00e9<\/a> syst\u00e8me.<\/li>\n<li>Le prix est pour un ensemble complet <a href=\"https:\/\/keylessbest.com\/fr\/product\/2015-2021-jeep-renegade-telecommande-dentree-sans-cle-a-5-boutons-m3n-40821302-remplace-pn-6mp33dx9aa-id-47-4a__trashed\/\" data-wpil-monitor-id=\"1361\">t\u00e9l\u00e9commande d'entr\u00e9e sans cl\u00e9 de remplacement<\/a>, cl\u00e9 d'urgence incluse.<\/li>\n<li>Par cons\u00e9quent, nous vous recommandons vivement de faire programmer votre T\u00c9L\u00c9COMMANDE par un serrurier professionnel ou un concessionnaire.<\/li>\n<\/ul>\n<h6><strong><b>\u00a0Ressources de programmation\u00a0<\/b><\/strong><\/h6>\n<p><a href=\"http:\/\/programyourfob.com\/?list_4\/\" target=\"_blank\" rel=\"noopener\">http:\/\/programyourfob.com\/?list_4\/<\/a><\/p>\n<p><a href=\"http:\/\/programyourfob.com\/?list_5\/\" target=\"_blank\" rel=\"noopener\">http:\/\/programyourfob.com\/?list_5\/<\/a><\/p>\n<p><a href=\"http:\/\/programyourfob.com\/?list_6\/\" target=\"_blank\" rel=\"noopener\">http:\/\/programyourfob.com\/?list_6\/<\/a><\/p>\n<p><a href=\"http:\/\/programyourfob.com\/?list_11\/\" target=\"_blank\" rel=\"noopener\">http:\/\/programyourfob.com\/?list_11\/<\/a><\/p>\n<p><a href=\"http:\/\/programyourfob.com\/?list_27\/\" target=\"_blank\" rel=\"noopener\">http:\/\/programyourfob.com\/?list_27\/<\/a><\/p>\n<p><a href=\"http:\/\/programyourfob.com\/?list_30\/\" target=\"_blank\" rel=\"noopener\">http:\/\/programyourfob.com\/?list_30\/<\/a><\/p>\n<p>Merci de nous avoir choisis.<\/p>\n<p>Nous sommes l'un des fabricants les plus professionnels de cl\u00e9s de voiture, syst\u00e8mes d'entr\u00e9e sans cl\u00e9, <a href=\"https:\/\/keylessbest.com\/fr\/product\/2013-2019-ram-1500-2500-3500-telecommande-dentree-sans-cle-a-4-boutons-gq4-54t-pn-56046956aa-56046956ab-56046956ac-56046956ad-56046956ae-56046956af-46\/\" data-wpil-monitor-id=\"1360\">t\u00e9l\u00e9commande de cl\u00e9 de voiture<\/a>, puces transpondeur, programmeurs de cl\u00e9s, coques de cl\u00e9s de voiture, serrures de voiture, outils de serrurier et ainsi de suite. De plus, notre entreprise dispose d'une \u00e9quipe professionnelle et d'une ligne de production. En outre, nous sommes sp\u00e9cialis\u00e9s dans la fabrication de divers <a href=\"https:\/\/keylessbest.com\/fr\/que-faire-si-vous-perdez-vos-cles-de-voiture-guide-etape-par-etape-2025\/\" data-wpil-monitor-id=\"1366\">cl\u00e9 de voiture<\/a>coques de cl\u00e9s de voiture et outils de serrurier. Nous g\u00e9rons \u00e9galement le d\u00e9veloppement, la fabrication et la vente en gros de produits de s\u00e9curit\u00e9 et de protection automobile.<\/p>\n<p>Des prix comp\u00e9titifs et des services d\u00e9vou\u00e9s vous aideront \u00e0 conqu\u00e9rir un bon march\u00e9. De plus, une \u00e9quipe de plus de 10 jeunes et dynamiques commerciaux offre un service rapide, professionnel et amical \u00e0 tout moment. En outre, tous nos produits sont exp\u00e9di\u00e9s directement depuis l'entrep\u00f4t en France, en Allemagne et en Espagne. Ainsi, les marchandises que vous achetez seront emball\u00e9es et exp\u00e9di\u00e9es dans les 48 heures suivant votre commande. Plus de 100% de nos produits sont en stock, et l'inventaire est suffisant.<\/p>","protected":false},"excerpt":{"rendered":"<ul>\n<li>R\u00e9f\u00e9rence : CA-GM341<\/li>\n<li>ID FCC : KOBUT1BT<\/li>\n<li>PN : 15732805, 25656444, 25656445, 25665574, 25665575 , 25628814, 25668603, 25678792<\/li>\n<li>Fr\u00e9quence : 315MHz<\/li>\n<li>Boutons : Verrouiller, D\u00e9verrouiller, Panique, Coffre<\/li>\n<\/ul>","protected":false},"featured_media":21248,"comment_status":"open","ping_status":"closed","template":"","meta":{"_bst_post_transparent":"default","_bst_post_title":"","_bst_post_layout":"default","_bst_post_sidebar_id":"","_bst_post_content_style":"default","_bst_post_vertical_padding":"default","_bst_post_feature":"","_bst_post_feature_position":"","_bst_post_header":false,"_bst_post_footer":false},"product_brand":[],"product_cat":[15,151,149,150,152,372,373],"product_tag":[],"2_year_make_model":[],"class_list":{"0":"post-14795","1":"product","2":"type-product","3":"status-publish","4":"has-post-thumbnail","6":"product_cat-carkeyremote","7":"product_cat-for-buick","8":"product_cat-for-cadillac","9":"product_cat-for-chevrolet","10":"product_cat-for-gmc","11":"product_cat-for-oldmobile","12":"product_cat-for-pontiac","14":"first","15":"instock","16":"sale","17":"shipping-taxable","18":"purchasable","19":"product-type-simple","20":"entry","21":"content-bg","22":"loop-entry"},"_links":{"self":[{"href":"https:\/\/keylessbest.com\/fr\/wp-json\/wp\/v2\/product\/14795","targetHints":{"allow":["GET"]}}],"collection":[{"href":"https:\/\/keylessbest.com\/fr\/wp-json\/wp\/v2\/product"}],"about":[{"href":"https:\/\/keylessbest.com\/fr\/wp-json\/wp\/v2\/types\/product"}],"replies":[{"embeddable":true,"href":"https:\/\/keylessbest.com\/fr\/wp-json\/wp\/v2\/comments?post=14795"}],"version-history":[{"count":3,"href":"https:\/\/keylessbest.com\/fr\/wp-json\/wp\/v2\/product\/14795\/revisions"}],"predecessor-version":[{"id":19410,"href":"https:\/\/keylessbest.com\/fr\/wp-json\/wp\/v2\/product\/14795\/revisions\/19410"}],"wp:featuredmedia":[{"embeddable":true,"href":"https:\/\/keylessbest.com\/fr\/wp-json\/wp\/v2\/media\/21248"}],"wp:attachment":[{"href":"https:\/\/keylessbest.com\/fr\/wp-json\/wp\/v2\/media?parent=14795"}],"wp:term":[{"taxonomy":"product_brand","embeddable":true,"href":"https:\/\/keylessbest.com\/fr\/wp-json\/wp\/v2\/product_brand?post=14795"},{"taxonomy":"product_cat","embeddable":true,"href":"https:\/\/keylessbest.com\/fr\/wp-json\/wp\/v2\/product_cat?post=14795"},{"taxonomy":"product_tag","embeddable":true,"href":"https:\/\/keylessbest.com\/fr\/wp-json\/wp\/v2\/product_tag?post=14795"},{"taxonomy":"2_year_make_model","embeddable":true,"href":"https:\/\/keylessbest.com\/fr\/wp-json\/wp\/v2\/2_year_make_model?post=14795"}],"curies":[{"name":"wp","href":"https:\/\/api.w.org\/{rel}","templated":true}]}}