{"id":14864,"date":"2025-08-19T08:53:11","date_gmt":"2025-08-19T08:53:11","guid":{"rendered":"https:\/\/hanwuji.shengjit.com\/?post_type=product&#038;p=14864"},"modified":"2026-02-25T07:34:22","modified_gmt":"2026-02-25T07:34:22","slug":"cle-de-telecommande-jeep-commander-2008-2013-m3n5wy783x-iyz-c01c-pour-keylessbest","status":"publish","type":"product","link":"https:\/\/keylessbest.com\/fr\/product\/cle-de-telecommande-jeep-commander-2008-2013-m3n5wy783x-iyz-c01c-pour-keylessbest\/","title":{"rendered":"Cl\u00e9 t\u00e9l\u00e9commande Jeep Commander 2008-2013 M3N5WY783X, IYZ-C01C pour Keylessbest"},"content":{"rendered":"<p>*Les informations d\u00e9taill\u00e9es de cette cl\u00e9 sans fil sans cl\u00e9 Jeep de 2008 \u00e0 2013 sont les suivantes. Veuillez confirmer que les d\u00e9tails suivants correspondent \u00e0 votre v\u00e9hicule avant de commander : ID FCC, Num\u00e9ro de pi\u00e8ce, Ann\u00e9e Mod\u00e8le, IC, Fr\u00e9quence, Puce et Boutons.<\/p>\n<h6><strong><b>Informations sur le produit :<\/b><\/strong><\/h6>\n<ul>\n<li>ID FCC : M3N5WY783X, IYZ-C01C<\/li>\n<li>PN : 68066848AE<\/li>\n<li>IC : 2701A-C01C<\/li>\n<li>Fr\u00e9quence : 433MHz<\/li>\n<li>Puce : ID46<\/li>\n<li>Boutons : Verrouiller, D\u00e9verrouiller, Hayon, Panique<\/li>\n<\/ul>\n<h6><strong><b>Le mod\u00e8le de r\u00e9f\u00e9rence :<\/b><\/strong><\/h6>\n<ul>\n<li>2008 \u2013 2010 <a href=\"https:\/\/keylessbest.com\/fr\/product\/2008-2013-jeep-grand-cherokee-commander-telecommande-dentree-sans-cle-a-6-boutons-m3n5wy783x-iyz-c01c-pn-05026346ad-id46\/\" data-wpil-monitor-id=\"1274\">Jeep Commander<\/a><\/li>\n<li>2008 \u2013 2013 <a href=\"https:\/\/keylessbest.com\/fr\/product\/2021-2024-jeep-grand-cherokee-grand-wagoneer-telecommande-dentree-sans-cle-a-4-boutons-m3nwxf0b1-pn-685169738aa-puce-4a-hitag-aes__trashed\/\" data-wpil-monitor-id=\"1275\">Jeep Grand<\/a> Cherokee<\/li>\n<\/ul>\n<h6><strong><b>Contenu du colis :<\/b><\/strong><\/h6>\n<ul>\n<li>Un nouveau march\u00e9 apr\u00e8s-vente <a href=\"https:\/\/keylessbest.com\/fr\/product\/cle-de-telecommande-dentree-sans-cle-pour-ford-fiesta-2011-2017-kr55wk47899-pn164-r8042-remote-164-r8043-lame-164-r8042-164-r8039\/\" data-wpil-monitor-id=\"1272\">cl\u00e9 sans contact<\/a><\/li>\n<li>Une cl\u00e9 d'urgence de rechange gratuite<\/li>\n<li>Tous les \u00e9metteurs sont livr\u00e9s avec une batterie<\/li>\n<li>Toutes les unit\u00e9s sont test\u00e9es avant l'exp\u00e9dition<\/li>\n<li>Garantie de satisfaction et garantie de 2 ans pour 100%<\/li>\n<\/ul>\n<h6><strong><b>Remarque :<\/b><\/strong><\/h6>\n<ul>\n<li>La cl\u00e9 intelligente Jeep 2008-2013 <a href=\"https:\/\/keylessbest.com\/fr\/product\/2009-2014-toyota-avalon-camry-corolla-telecommande-dentree-sans-cle-a-3-boutons-hyq14aem-pn-89904-0r060-89904-60770-89904-0r090-89904-42140__trashed\/\" data-wpil-monitor-id=\"1268\">cl\u00e9 d'entr\u00e9e sans cl\u00e9<\/a> remplacement \u2013 sans logo, avec une cl\u00e9 d'insertion d'urgence non d\u00e9coup\u00e9e incluse.<\/li>\n<li>Nous ne coupons pas ni ne programmons la <a href=\"https:\/\/keylessbest.com\/fr\/boutique-de-cles-de-voiture-sans-cle-keylessbestcarkeyfobshop\/\" data-wpil-monitor-id=\"1273\">cl\u00e9 \u00e0 distance<\/a>. De plus, pour les prix, veuillez contacter le serrurier local ou le concessionnaire.<\/li>\n<li>Ce transmetteur est compatible avec les v\u00e9hicules \u00e9quip\u00e9s d'un bouton de d\u00e9marrage\/arr\u00eat sur le tableau de bord ou d'une commande de d\u00e9marrage \u00e0 rotation, ainsi qu'une cl\u00e9 proxy <a href=\"https:\/\/keylessbest.com\/fr\/product\/nissan-rogue-versa-pathfinder-2007-2013-avec-systeme-intelligent-telecommande-dentree-sans-cle-a-3-boutons-cwtwbu729-cwtwbu735-cwtwbu624-pn-285e3-em30d-285e3-em31d\/\" data-wpil-monitor-id=\"1271\">syst\u00e8me d'entr\u00e9e sans cl\u00e9<\/a>.<\/li>\n<li>Le prix est pour un ensemble complet <a href=\"https:\/\/keylessbest.com\/fr\/product\/2015-2021-jeep-renegade-telecommande-dentree-sans-cle-a-5-boutons-m3n-40821302-remplace-pn-6mp33dx9aa-id-47-4a__trashed\/\" data-wpil-monitor-id=\"1269\">t\u00e9l\u00e9commande d'entr\u00e9e sans cl\u00e9 de remplacement<\/a>, cl\u00e9 d'urgence incluse.<\/li>\n<li>Par cons\u00e9quent, nous vous recommandons vivement de faire v\u00e9rifier votre <a href=\"https:\/\/keylessbest.com\/fr\/comment-programmer-rapidement-et-facilement-un-badge-de-cle-etape-par-etape-pour-nimporte-quelle-voiture\/\" data-wpil-monitor-id=\"1270\">Cl\u00e9 de voiture programm\u00e9e<\/a> par un serrurier professionnel ou un revendeur.<\/li>\n<\/ul>\n<h6><strong>Ressources de programmation :<\/strong><\/h6>\n<p><a href=\"http:\/\/programyourfob.com\/?list_18\/\" target=\"_blank\" rel=\"noopener\">http:\/\/programyourfob.com\/?list_18\/<\/a><\/p>\n<p>Merci de nous avoir choisis.<\/p>\n<p>Nous sommes l'un des fabricants les plus professionnels de cl\u00e9s de voiture, syst\u00e8mes d'entr\u00e9e sans cl\u00e9, <a href=\"https:\/\/keylessbest.com\/fr\/product\/1998-2016-ford-lincoln-mazda-mercury-e-serie-e150-e250-e350-econoline-edge-escape-escort-excursion-expedition-explorer-explorer-sport-trac-f-serie-f150-f250-f350-freestar-freestyle-ranger-windstar-m\/\" data-wpil-monitor-id=\"1267\">t\u00e9l\u00e9commande de cl\u00e9 de voiture<\/a>, puces transpondeurs, programmeurs de cl\u00e9s, coques de cl\u00e9s de voiture, serrures de voiture, outils de serrurier, et ainsi de suite. De plus, notre entreprise dispose d'une \u00e9quipe professionnelle et d'une ligne de production. En outre, nous sommes sp\u00e9cialis\u00e9s dans la production de diverses cl\u00e9s de voiture, coques de cl\u00e9s, et outils de serrurier. Nous g\u00e9rons \u00e9galement le d\u00e9veloppement, la fabrication et la vente en gros de produits de s\u00e9curit\u00e9 et de protection automobile.<\/p>\n<p>Des prix comp\u00e9titifs et des services d\u00e9vou\u00e9s vous aideront \u00e0 conqu\u00e9rir un bon march\u00e9. De plus, une \u00e9quipe de plus de 10 jeunes et dynamiques commerciaux offre un service rapide, professionnel et amical \u00e0 tout moment. En outre, tous nos produits sont exp\u00e9di\u00e9s directement depuis l'entrep\u00f4t en France, en Allemagne et en Espagne. Ainsi, les marchandises que vous achetez seront emball\u00e9es et exp\u00e9di\u00e9es dans les 48 heures suivant votre commande. Plus de 100% de nos produits sont en stock, et l'inventaire est suffisant.<\/p>","protected":false},"excerpt":{"rendered":"<ul>\n<li>R\u00e9f. : CA-DG420<\/li>\n<li>ID FCC : M3N5WY783X, IYZ-C01C<\/li>\n<li>PN : 68066848AE<\/li>\n<li>IC : 2701A-C01C<\/li>\n<li>Fr\u00e9quence : 433MHz<\/li>\n<li>Puce : ID46<\/li>\n<li>Boutons : Verrouiller, D\u00e9verrouiller, Hayon, Panique<\/li>\n<\/ul>","protected":false},"featured_media":21603,"comment_status":"open","ping_status":"closed","template":"","meta":{"_bst_post_transparent":"default","_bst_post_title":"","_bst_post_layout":"default","_bst_post_sidebar_id":"","_bst_post_content_style":"default","_bst_post_vertical_padding":"default","_bst_post_feature":"","_bst_post_feature_position":"","_bst_post_header":false,"_bst_post_footer":false},"product_brand":[],"product_cat":[15,154],"product_tag":[],"2_year_make_model":[],"class_list":{"0":"post-14864","1":"product","2":"type-product","3":"status-publish","4":"has-post-thumbnail","6":"product_cat-carkeyremote","7":"product_cat-for-jeep","9":"first","10":"instock","11":"sale","12":"shipping-taxable","13":"purchasable","14":"product-type-simple","15":"entry","16":"content-bg","17":"loop-entry"},"_links":{"self":[{"href":"https:\/\/keylessbest.com\/fr\/wp-json\/wp\/v2\/product\/14864","targetHints":{"allow":["GET"]}}],"collection":[{"href":"https:\/\/keylessbest.com\/fr\/wp-json\/wp\/v2\/product"}],"about":[{"href":"https:\/\/keylessbest.com\/fr\/wp-json\/wp\/v2\/types\/product"}],"replies":[{"embeddable":true,"href":"https:\/\/keylessbest.com\/fr\/wp-json\/wp\/v2\/comments?post=14864"}],"version-history":[{"count":4,"href":"https:\/\/keylessbest.com\/fr\/wp-json\/wp\/v2\/product\/14864\/revisions"}],"predecessor-version":[{"id":19535,"href":"https:\/\/keylessbest.com\/fr\/wp-json\/wp\/v2\/product\/14864\/revisions\/19535"}],"wp:featuredmedia":[{"embeddable":true,"href":"https:\/\/keylessbest.com\/fr\/wp-json\/wp\/v2\/media\/21603"}],"wp:attachment":[{"href":"https:\/\/keylessbest.com\/fr\/wp-json\/wp\/v2\/media?parent=14864"}],"wp:term":[{"taxonomy":"product_brand","embeddable":true,"href":"https:\/\/keylessbest.com\/fr\/wp-json\/wp\/v2\/product_brand?post=14864"},{"taxonomy":"product_cat","embeddable":true,"href":"https:\/\/keylessbest.com\/fr\/wp-json\/wp\/v2\/product_cat?post=14864"},{"taxonomy":"product_tag","embeddable":true,"href":"https:\/\/keylessbest.com\/fr\/wp-json\/wp\/v2\/product_tag?post=14864"},{"taxonomy":"2_year_make_model","embeddable":true,"href":"https:\/\/keylessbest.com\/fr\/wp-json\/wp\/v2\/2_year_make_model?post=14864"}],"curies":[{"name":"wp","href":"https:\/\/api.w.org\/{rel}","templated":true}]}}