{"id":15173,"date":"2025-08-19T08:58:33","date_gmt":"2025-08-19T08:58:33","guid":{"rendered":"https:\/\/hanwuji.shengjit.com\/?post_type=product&#038;p=15173"},"modified":"2026-02-13T01:43:28","modified_gmt":"2026-02-13T01:43:28","slug":"cle-de-voiture-ford-2000-2020-cwtwb1u331-pour-keylessbest","status":"publish","type":"product","link":"https:\/\/keylessbest.com\/fr\/product\/cle-de-voiture-ford-2000-2020-cwtwb1u331-pour-keylessbest\/","title":{"rendered":"Cl\u00e9 de voiture Ford 2000-2020 CWTWB1U331 pour keylessbest"},"content":{"rendered":"<p>*Les informations d\u00e9taill\u00e9es de cette cl\u00e9 sans contact Ford Lincoln Mercury Mazda de 2000 \u00e0 2015 sont les suivantes. Veuillez confirmer que les d\u00e9tails suivants correspondent \u00e0 votre v\u00e9hicule avant de commander : ID FCC, Num\u00e9ro de pi\u00e8ce, Ann\u00e9e Mod\u00e8le, IC, Fr\u00e9quence, Puce et Boutons.<\/p>\n<h6><strong><b>Informations sur le produit : <\/b><\/strong><\/h6>\n<ul>\n<li>ID FCC : CWTWB1U331, CWTWBIU331, CWTWB1U322, CWTWBIU322, CWTWB1U345, CWTWBIU345, GQ43VT11T<\/li>\n<li>PN : 5912512, 164-R8073, 5913441, 5925871<\/li>\n<li>Fr\u00e9quence : 315MHz<\/li>\n<li>Puce : 4D63 80Bits<\/li>\n<li>Boutons : Verrouiller, D\u00e9verrouiller, Panique, Coffre<\/li>\n<\/ul>\n<h6><strong><b>Le mod\u00e8le de r\u00e9f\u00e9rence :<\/b><\/strong><\/h6>\n<ul>\n<li>Ford Crown Victoria de 2003 \u00e0 2012<\/li>\n<li>Ford Econoline de 2008 \u00e0 2020<\/li>\n<li>2007 \u2013 2015 Ford Edge<\/li>\n<li><a href=\"https:\/\/keylessbest.com\/fr\/product\/2009-2014-toyota-avalon-camry-corolla-telecommande-dentree-sans-cle-a-3-boutons-hyq14aem-pn-89904-0r060-89904-60770-89904-0r090-89904-42140__trashed\/\" data-wpil-monitor-id=\"689\">2005 &#8211; 2012<\/a> Ford Escape<\/li>\n<li>Ford Expedition de 2011 \u00e0 2015<\/li>\n<li>Ford Explorer de 2011 \u00e0 2015<\/li>\n<li>Ford Explorer Sport de 2011 \u00e0 2015<\/li>\n<li>Ford F-Series de 2004 \u00e0 2014<\/li>\n<li>2009 \u2013 2015 Ford Flex<\/li>\n<li>Ford Five Hundred de 2005 \u00e0 2007<\/li>\n<li>2006 \u2013 2012 Ford Focus<\/li>\n<li>2004 \u2013 2007 Ford Freestar<\/li>\n<li>Ford Freestyle de 2005 \u00e0 2009<\/li>\n<li>2006 \u2013 2012 Ford Fusion<\/li>\n<li>2005 &#8211; 2014 <a href=\"https:\/\/keylessbest.com\/fr\/product\/2023-2024-ford-mustang-telecommande-dentree-sans-cle-a-5-boutons-m3n-a3c108397-pn-164-r8355-pr3t-15k601-b__trashed\/\" data-wpil-monitor-id=\"695\">Ford Mustang<\/a><\/li>\n<li>Ford Ranger de 2001 \u00e0 2012<\/li>\n<li>Ford Taurus de 2000 \u00e0 2013<\/li>\n<li>2008 \u2013 2009 Ford Taurus X<\/li>\n<li>Ford Thunderbird de 2003 \u00e0 2005<\/li>\n<li><a href=\"https:\/\/keylessbest.com\/fr\/product\/1999-2004-acura-cl-tl-rl-telecommande-dentree-sans-cle-a-4-boutons-e4eg8d-444h-a-remplace-pn-72147-s0k-a23-72147-s0k-a13__trashed\/\" data-wpil-monitor-id=\"690\">2001 &#8211; 2003<\/a> Ford Windstar<\/li>\n<li>Lincoln Aviator de 2003 \u00e0 2005<\/li>\n<li>Lincoln LS de 2003 \u00e0 2006<\/li>\n<li>Lincoln Mark LT de 2005 \u00e0 2014<\/li>\n<li>Lincoln MKT de 2010 \u00e0 2012<\/li>\n<li>Lincoln MKX de 2011 \u00e0 2012<\/li>\n<li>Lincoln MKZ de 2011 \u00e0 2013<\/li>\n<li>2003 \u2013 2015 Lincoln Navigator<\/li>\n<li>2003 \u2013 2012 Lincoln Town Car<\/li>\n<li>2003 \u2013 2011 Mercury Grand Marquis<\/li>\n<li>2003 \u2013 2005 Mercury Marauder<\/li>\n<li>2005 \u2013 2011 Mercury Mariner<\/li>\n<li>2006 \u2013 2011 Mercury Milan<\/li>\n<li>2005 \u2013 2007 Mercury Montego<\/li>\n<li>2004 \u2013 2005 Mercury Monterey<\/li>\n<li>2000 \u2013 2010 Mercury Mountaineer<\/li>\n<li>2000 \u2013 2009 Mercury Sable<\/li>\n<li>2001 \u2013 2010 Mazda B-Series<\/li>\n<\/ul>\n<h6><strong><b>Contenu du colis :<\/b><\/strong><\/h6>\n<ul>\n<li>Un nouveau march\u00e9 apr\u00e8s-vente <a href=\"https:\/\/keylessbest.com\/fr\/product\/cle-de-telecommande-dentree-sans-cle-pour-ford-fiesta-2011-2017-kr55wk47899-pn164-r8042-remote-164-r8043-lame-164-r8042-164-r8039\/\" data-wpil-monitor-id=\"693\">cl\u00e9 sans contact<\/a><\/li>\n<li>Une cl\u00e9 d'urgence de rechange gratuite<\/li>\n<li>Tous les \u00e9metteurs sont livr\u00e9s avec une batterie<\/li>\n<li>Toutes les unit\u00e9s sont test\u00e9es avant l'exp\u00e9dition<\/li>\n<li>Garantie de satisfaction et garantie de 2 ans pour 100%<\/li>\n<\/ul>\n<h6><strong><b>Remarque :<\/b><\/strong><\/h6>\n<ul>\n<li>Cl\u00e9 intelligente sans logo pour remplacement de t\u00e9l\u00e9commande d'entr\u00e9e sans cl\u00e9 Ford Lincoln Mercury Mazda 2000 \u2013 2015 \u2013 sans logo, avec une cl\u00e9 d'urgence non coup\u00e9e incluse.<\/li>\n<li>Nous ne coupons ni ne programmons la cl\u00e9 \u00e0 distance. De plus, pour les prix, veuillez contacter un serrurier local ou un concessionnaire.<\/li>\n<li>Ce transmetteur est compatible avec les v\u00e9hicules \u00e9quip\u00e9s d'un bouton de d\u00e9marrage\/arr\u00eat sur le tableau de bord ou d'une commande de d\u00e9marrage \u00e0 rotation, ainsi qu'avec une cl\u00e9 proxy <a href=\"https:\/\/keylessbest.com\/fr\/product\/2016-2022-chevrolet-volt-cruze-nouveau-modele-traverse-camaro-malibu-4-boutons-telecommande-dentree-sans-cle-hyq4ea-pn-1350877113584504-13529660-46\/\" data-wpil-monitor-id=\"694\">entr\u00e9e sans cl\u00e9<\/a> syst\u00e8me.<\/li>\n<li>Le prix est pour un ensemble complet <a href=\"https:\/\/keylessbest.com\/fr\/product\/2015-2021-jeep-renegade-telecommande-dentree-sans-cle-a-5-boutons-m3n-40821302-remplace-pn-6mp33dx9aa-id-47-4a__trashed\/\" data-wpil-monitor-id=\"691\">t\u00e9l\u00e9commande d'entr\u00e9e sans cl\u00e9 de remplacement<\/a>, cl\u00e9 d'urgence incluse.<\/li>\n<li>Par cons\u00e9quent, nous vous recommandons vivement de faire v\u00e9rifier votre \u00a0<a href=\"https:\/\/keylessbest.com\/fr\/comment-programmer-rapidement-et-facilement-un-badge-de-cle-etape-par-etape-pour-nimporte-quelle-voiture\/\" data-wpil-monitor-id=\"692\">Cl\u00e9 de voiture programm\u00e9e<\/a> par un serrurier professionnel ou un revendeur.<\/li>\n<\/ul>\n<h6><strong><b>Ressources de programmation<\/b><\/strong><\/h6>\n<p><a href=\"http:\/\/programyourfob.com\/?list_9\/\" target=\"_blank\" rel=\"noopener\">http:\/\/programyourfob.com\/?list_9\/<\/a><\/p>\n<p><a href=\"http:\/\/programyourfob.com\/?list_22\/\" target=\"_blank\" rel=\"noopener\">http:\/\/programyourfob.com\/?list_22\/<\/a><\/p>\n<p><a href=\"http:\/\/programyourfob.com\/?list_24\/\" target=\"_blank\" rel=\"noopener\">http:\/\/programyourfob.com\/?list_24\/<\/a><\/p>\n<p><a href=\"http:\/\/programyourfob.com\/?list_23\/\" target=\"_blank\" rel=\"noopener\">http:\/\/programyourfob.com\/?list_23\/<\/a><\/p>\n<p>Merci de nous avoir choisis.<\/p>\n<p>Nous sommes l'un des fabricants les plus professionnels de cl\u00e9s de voiture, syst\u00e8mes d'entr\u00e9e sans cl\u00e9, <a href=\"https:\/\/keylessbest.com\/fr\/product\/1995-2007-bmw-serie-1-e81-serie-3-e46-serie-5-e39-e60-e61-serie-6-e63-e64-serie-7-e38-x3-e83-x5-e53-z3-e36-serie-7-e36-z4-e85-e86-3-boutons-telecommande-dentree-sans-cle-lx8fzv-pn-83823\/\" data-wpil-monitor-id=\"688\">t\u00e9l\u00e9commande de cl\u00e9 de voiture<\/a>, puces transpondeurs, programmeurs de cl\u00e9s, coques de cl\u00e9s de voiture, serrures de voiture, outils de serrurier, etc. De plus, notre soci\u00e9t\u00e9 dispose d'une \u00e9quipe professionnelle et d'une ligne de production. En outre, nous sommes sp\u00e9cialis\u00e9s dans la fabrication de diverses cl\u00e9s de voiture, coques de cl\u00e9s de voiture et outils de serrurier. Nous g\u00e9rons \u00e9galement le d\u00e9veloppement, la fabrication et la vente en gros de produits de s\u00e9curit\u00e9 et de protection automobile.<\/p>\n<p>Des prix comp\u00e9titifs et des services d\u00e9vou\u00e9s vous aideront \u00e0 conqu\u00e9rir un bon march\u00e9. De plus, une \u00e9quipe de plus de 10 jeunes et dynamiques commerciaux offre un service rapide, professionnel et amical \u00e0 tout moment. En outre, tous nos produits sont exp\u00e9di\u00e9s directement depuis l'entrep\u00f4t en France, en Allemagne et en Espagne. Ainsi, les marchandises que vous achetez seront emball\u00e9es et exp\u00e9di\u00e9es dans les 48 heures suivant votre commande. Plus de 100% de nos produits sont en stock, et l'inventaire est suffisant.<\/p>","protected":false},"excerpt":{"rendered":"<ul>\n<li>R\u00e9f. : CA-FD281<\/li>\n<li>ID FCC : CWTWB1U331, CWTWBIU331, CWTWB1U322, CWTWBIU322, CWTWB1U345, CWTWBIU345, GQ43VT11T<\/li>\n<li>PN : 5912512, 164-R8073, 5913441, 5925871<\/li>\n<li>Fr\u00e9quence : 315MHz<\/li>\n<li>Puce : 4D63 80Bits<\/li>\n<li>Boutons : Verrouiller, D\u00e9verrouiller, Panique, Coffre<\/li>\n<\/ul>","protected":false},"featured_media":21166,"comment_status":"open","ping_status":"closed","template":"","meta":{"_bst_post_transparent":"default","_bst_post_title":"","_bst_post_layout":"default","_bst_post_sidebar_id":"","_bst_post_content_style":"default","_bst_post_vertical_padding":"default","_bst_post_feature":"","_bst_post_feature_position":"","_bst_post_header":false,"_bst_post_footer":false},"product_brand":[],"product_cat":[15,156,379,159,380],"product_tag":[],"2_year_make_model":[],"class_list":{"0":"post-15173","1":"product","2":"type-product","3":"status-publish","4":"has-post-thumbnail","6":"product_cat-carkeyremote","7":"product_cat-for-ford","8":"product_cat-for-lincoln","9":"product_cat-for-mazda","10":"product_cat-for-mercury","12":"first","13":"instock","14":"sale","15":"shipping-taxable","16":"purchasable","17":"product-type-simple","18":"entry","19":"content-bg","20":"loop-entry"},"_links":{"self":[{"href":"https:\/\/keylessbest.com\/fr\/wp-json\/wp\/v2\/product\/15173","targetHints":{"allow":["GET"]}}],"collection":[{"href":"https:\/\/keylessbest.com\/fr\/wp-json\/wp\/v2\/product"}],"about":[{"href":"https:\/\/keylessbest.com\/fr\/wp-json\/wp\/v2\/types\/product"}],"replies":[{"embeddable":true,"href":"https:\/\/keylessbest.com\/fr\/wp-json\/wp\/v2\/comments?post=15173"}],"version-history":[{"count":4,"href":"https:\/\/keylessbest.com\/fr\/wp-json\/wp\/v2\/product\/15173\/revisions"}],"predecessor-version":[{"id":21165,"href":"https:\/\/keylessbest.com\/fr\/wp-json\/wp\/v2\/product\/15173\/revisions\/21165"}],"wp:featuredmedia":[{"embeddable":true,"href":"https:\/\/keylessbest.com\/fr\/wp-json\/wp\/v2\/media\/21166"}],"wp:attachment":[{"href":"https:\/\/keylessbest.com\/fr\/wp-json\/wp\/v2\/media?parent=15173"}],"wp:term":[{"taxonomy":"product_brand","embeddable":true,"href":"https:\/\/keylessbest.com\/fr\/wp-json\/wp\/v2\/product_brand?post=15173"},{"taxonomy":"product_cat","embeddable":true,"href":"https:\/\/keylessbest.com\/fr\/wp-json\/wp\/v2\/product_cat?post=15173"},{"taxonomy":"product_tag","embeddable":true,"href":"https:\/\/keylessbest.com\/fr\/wp-json\/wp\/v2\/product_tag?post=15173"},{"taxonomy":"2_year_make_model","embeddable":true,"href":"https:\/\/keylessbest.com\/fr\/wp-json\/wp\/v2\/2_year_make_model?post=15173"}],"curies":[{"name":"wp","href":"https:\/\/api.w.org\/{rel}","templated":true}]}}