{"id":15237,"date":"2025-08-19T08:59:58","date_gmt":"2025-08-19T08:59:58","guid":{"rendered":"https:\/\/hanwuji.shengjit.com\/?post_type=product&#038;p=15237"},"modified":"2026-02-13T09:09:35","modified_gmt":"2026-02-13T09:09:35","slug":"cle-de-voiture-lexus-2001-2011-1551a-12bbk-315mhz-pour-keylessbest","status":"publish","type":"product","link":"https:\/\/keylessbest.com\/fr\/product\/cle-de-voiture-lexus-2001-2011-1551a-12bbk-315mhz-pour-keylessbest\/","title":{"rendered":"Cl\u00e9 t\u00e9l\u00e9commande Lexus 2001-2011 1551A-12BBK 315MHz pour Keylessbest"},"content":{"rendered":"<p>*Les informations d\u00e9taill\u00e9es de cette t\u00e9l\u00e9commande sans cl\u00e9 pour Subaru 2011-2014 sont les suivantes. Veuillez confirmer que les d\u00e9tails suivants correspondent \u00e0 votre v\u00e9hicule avant de commander : ID FCC, Num\u00e9ro de pi\u00e8ce, Ann\u00e9e du mod\u00e8le, IC, Fr\u00e9quence, Puce et Boutons.<\/p>\n<h6><strong><b>Informations sur le produit : <\/b><\/strong><\/h6>\n<ul>\n<li>ID FCC : HYQ12BBK, HYQ12BBB, NI412BBB, NI412BBK<\/li>\n<li>PN : 89070-50660, 89070-50C11, 89070-24171<\/li>\n<li>IC : 1551A-12BBK<\/li>\n<li>Fr\u00e9quence : 315MHz<\/li>\n<li>Puce : 4D68<\/li>\n<li>Cl\u00e9 de test : LXP90<\/li>\n<li>Boutons : Verrouiller, D\u00e9verrouiller, Coffre<\/li>\n<li>Pile : CR2016<\/li>\n<\/ul>\n<h6><strong><b>Le mod\u00e8le de r\u00e9f\u00e9rence :<\/b><\/strong><\/h6>\n<ul>\n<li>Lexus ES330 2004 \u2013 2006<\/li>\n<li>Lexus LS430 2001 \u2013 2006<\/li>\n<li>Lexus SC430 2002 \u2013 2011<\/li>\n<\/ul>\n<h6><strong><b>Contenu du colis :<\/b><\/strong><\/h6>\n<ul>\n<li>Un nouveau march\u00e9 apr\u00e8s-vente <a href=\"https:\/\/keylessbest.com\/fr\/product\/cle-de-telecommande-dentree-sans-cle-pour-ford-fiesta-2011-2017-kr55wk47899-pn164-r8042-remote-164-r8043-lame-164-r8042-164-r8039\/\" data-wpil-monitor-id=\"662\">cl\u00e9 sans contact<\/a><\/li>\n<li>Une cl\u00e9 d'urgence de rechange gratuite<\/li>\n<li>Tous les \u00e9metteurs sont livr\u00e9s avec une batterie<\/li>\n<li>Toutes les unit\u00e9s sont test\u00e9es avant l'exp\u00e9dition<\/li>\n<li>Garantie de satisfaction et garantie de 2 ans pour 100%<\/li>\n<\/ul>\n<h6><strong><b>Remarque :<\/b><\/strong><\/h6>\n<ul>\n<li>La cl\u00e9 intelligente Lexus 2001-2011 <a href=\"https:\/\/keylessbest.com\/fr\/product\/1999-2004-acura-cl-tl-rl-telecommande-dentree-sans-cle-a-4-boutons-e4eg8d-444h-a-remplace-pn-72147-s0k-a23-72147-s0k-a13__trashed\/\" data-wpil-monitor-id=\"660\">Remplacement de cl\u00e9 sans contact<\/a> \u2013 sans logo, avec une cl\u00e9 d'urgence non coup\u00e9e incluse.<\/li>\n<li>Nous ne coupons pas ni ne programmons la <a href=\"https:\/\/keylessbest.com\/fr\/boutique-de-cles-de-voiture-sans-cle-keylessbestcarkeyfobshop\/\" data-wpil-monitor-id=\"663\">cl\u00e9 \u00e0 distance<\/a>.De plus, pour les prix, veuillez contacter le serrurier local ou le concessionnaire.<\/li>\n<li>Ce transmetteur est compatible avec les v\u00e9hicules \u00e9quip\u00e9s d'un d\u00e9marrage\/arr\u00eat par bouton sur le tableau de bord \u00a0<a href=\"https:\/\/keylessbest.com\/fr\/product\/2013-2021-toyota-rav4-vehicules-uniquement-fabriques-en-france-highlander-tacoma-tundra-sequoia-telecommande-dentree-sans-cle-a-4-boutons-gq4-52t-gq452t-pn-89070-0r100-h\/\" data-wpil-monitor-id=\"665\">bouton<\/a> \u00a0ou d'une ignition \u00e0 bouton tournant, ainsi qu'un syst\u00e8me d'entr\u00e9e sans cl\u00e9 par proxy.<\/li>\n<li>Le prix est pour un ensemble complet <a href=\"https:\/\/keylessbest.com\/fr\/product\/2015-2021-jeep-renegade-telecommande-dentree-sans-cle-a-5-boutons-m3n-40821302-remplace-pn-6mp33dx9aa-id-47-4a__trashed\/\" data-wpil-monitor-id=\"661\">t\u00e9l\u00e9commande d'entr\u00e9e sans cl\u00e9 de remplacement<\/a>, cl\u00e9 d'urgence incluse.<\/li>\n<li>Par cons\u00e9quent, nous vous recommandons vivement de faire programmer votre \u00a0<a href=\"https:\/\/keylessbest.com\/fr\/comment-programmer-rapidement-et-facilement-un-badge-de-cle-etape-par-etape-pour-nimporte-quelle-voiture\/\" data-wpil-monitor-id=\"664\">T\u00c9L\u00c9COMMANDE DE CL\u00c9<\/a>\u00a0par un serrurier professionnel ou un concessionnaire.<\/li>\n<\/ul>\n<h6><strong><b>\u00a0Ressources de programmation\u00a0<\/b><\/strong><\/h6>\n<p><a href=\"http:\/\/programyourfob.com\/?list_21\/\" target=\"_blank\" rel=\"noopener\">http:\/\/programyourfob.com\/?list_21\/<\/a><\/p>\n<p>Merci de nous avoir choisis.<\/p>\n<p>Nous sommes l'un des fabricants les plus professionnels de cl\u00e9s de voiture, syst\u00e8mes d'entr\u00e9e sans cl\u00e9, <a href=\"https:\/\/keylessbest.com\/fr\/product\/2004-2007-chrysler-town-country-caravan-grand-caravan-telecommande-dentree-sans-cle-a-6-boutons-m3n5wy72xx-pn-05183683aa-id46\/\" data-wpil-monitor-id=\"659\">t\u00e9l\u00e9commande de cl\u00e9 de voiture<\/a>, puces transpondeurs, programmeurs de cl\u00e9s, coques de cl\u00e9s de voiture, serrures de voiture, outils de serrurier, etc. De plus, notre soci\u00e9t\u00e9 dispose d'une \u00e9quipe professionnelle et d'une ligne de production. En outre, nous sommes sp\u00e9cialis\u00e9s dans la fabrication de diverses cl\u00e9s de voiture, coques de cl\u00e9s de voiture et outils de serrurier. Nous g\u00e9rons \u00e9galement le d\u00e9veloppement, la fabrication et la vente en gros de produits de s\u00e9curit\u00e9 et de protection automobile.<\/p>\n<p>Des prix comp\u00e9titifs et des services d\u00e9vou\u00e9s vous aideront \u00e0 conqu\u00e9rir un bon march\u00e9. De plus, une \u00e9quipe de plus de 10 jeunes et dynamiques commerciaux offre un service rapide, professionnel et amical \u00e0 tout moment. En outre, tous nos produits sont exp\u00e9di\u00e9s directement depuis l'entrep\u00f4t en France, en Allemagne et en Espagne. Ainsi, les marchandises que vous achetez seront emball\u00e9es et exp\u00e9di\u00e9es dans les 48 heures suivant votre commande. Plus de 100% de nos produits sont en stock, et l'inventaire est suffisant.<\/p>","protected":false},"excerpt":{"rendered":"<ul>\n<li>SKU : CA-TA373<\/li>\n<li>ID FCC : HYQ12BBK, HYQ12BBB, NI412BBB, NI412BBK<\/li>\n<li>PN : 89070-50660, 89070-50C11, 89070-24171<\/li>\n<li>IC : 1551A-12BBK<\/li>\n<li>Fr\u00e9quence : 315MHz<\/li>\n<li>Puce : 4D68<\/li>\n<li>Cl\u00e9 de test : LXP90<\/li>\n<li>Boutons : Verrouiller, D\u00e9verrouiller, Coffre<\/li>\n<li>Pile : CR2016<\/li>\n<\/ul>","protected":false},"featured_media":21285,"comment_status":"open","ping_status":"closed","template":"","meta":{"_bst_post_transparent":"default","_bst_post_title":"","_bst_post_layout":"default","_bst_post_sidebar_id":"","_bst_post_content_style":"default","_bst_post_vertical_padding":"default","_bst_post_feature":"","_bst_post_feature_position":"","_bst_post_header":false,"_bst_post_footer":false},"product_brand":[],"product_cat":[15,384],"product_tag":[],"2_year_make_model":[],"class_list":{"0":"post-15237","1":"product","2":"type-product","3":"status-publish","4":"has-post-thumbnail","6":"product_cat-carkeyremote","7":"product_cat-for-lexus","9":"first","10":"instock","11":"sale","12":"shipping-taxable","13":"purchasable","14":"product-type-simple","15":"entry","16":"content-bg","17":"loop-entry"},"_links":{"self":[{"href":"https:\/\/keylessbest.com\/fr\/wp-json\/wp\/v2\/product\/15237","targetHints":{"allow":["GET"]}}],"collection":[{"href":"https:\/\/keylessbest.com\/fr\/wp-json\/wp\/v2\/product"}],"about":[{"href":"https:\/\/keylessbest.com\/fr\/wp-json\/wp\/v2\/types\/product"}],"replies":[{"embeddable":true,"href":"https:\/\/keylessbest.com\/fr\/wp-json\/wp\/v2\/comments?post=15237"}],"version-history":[{"count":3,"href":"https:\/\/keylessbest.com\/fr\/wp-json\/wp\/v2\/product\/15237\/revisions"}],"predecessor-version":[{"id":18933,"href":"https:\/\/keylessbest.com\/fr\/wp-json\/wp\/v2\/product\/15237\/revisions\/18933"}],"wp:featuredmedia":[{"embeddable":true,"href":"https:\/\/keylessbest.com\/fr\/wp-json\/wp\/v2\/media\/21285"}],"wp:attachment":[{"href":"https:\/\/keylessbest.com\/fr\/wp-json\/wp\/v2\/media?parent=15237"}],"wp:term":[{"taxonomy":"product_brand","embeddable":true,"href":"https:\/\/keylessbest.com\/fr\/wp-json\/wp\/v2\/product_brand?post=15237"},{"taxonomy":"product_cat","embeddable":true,"href":"https:\/\/keylessbest.com\/fr\/wp-json\/wp\/v2\/product_cat?post=15237"},{"taxonomy":"product_tag","embeddable":true,"href":"https:\/\/keylessbest.com\/fr\/wp-json\/wp\/v2\/product_tag?post=15237"},{"taxonomy":"2_year_make_model","embeddable":true,"href":"https:\/\/keylessbest.com\/fr\/wp-json\/wp\/v2\/2_year_make_model?post=15237"}],"curies":[{"name":"wp","href":"https:\/\/api.w.org\/{rel}","templated":true}]}}