{"id":15613,"date":"2025-08-19T09:05:56","date_gmt":"2025-08-19T09:05:56","guid":{"rendered":"https:\/\/hanwuji.shengjit.com\/?post_type=product&#038;p=15613"},"modified":"2026-02-12T06:53:59","modified_gmt":"2026-02-12T06:53:59","slug":"2002-2017-cle-de-voiture-nissan-kbrastu15-315mhz-pour-sans-cle-meilleur-3","status":"publish","type":"product","link":"https:\/\/keylessbest.com\/fr\/product\/2002-2017-cle-de-voiture-nissan-kbrastu15-315mhz-pour-sans-cle-meilleur-3\/","title":{"rendered":"Cl\u00e9 de voiture Nissan 2002-2017 KBRASTU15 315MHz pour Keylessbest"},"content":{"rendered":"<p>*Les informations d\u00e9taill\u00e9es de cette t\u00e9l\u00e9commande sans cl\u00e9 Infiniti Nissan de 2002 \u00e0 2017 sont les suivantes. Veuillez confirmer que les d\u00e9tails suivants correspondent \u00e0 votre v\u00e9hicule avant de commander : ID FCC, Num\u00e9ro de pi\u00e8ce, <span style=\"font-size: 16px; font-style: normal; font-weight: 400;\">\u00a0<\/span><span style=\"font-size: 16px; font-style: normal; font-weight: 400;\">Ann\u00e9e Mod\u00e8le,<\/span><span style=\"font-size: 16px; font-style: normal; font-weight: 400;\">IC,<\/span><span style=\"font-size: 16px; font-style: normal; font-weight: 400;\">\u00a0<\/span><span style=\"font-size: 16px;\">Fr\u00e9quence, Puce, et Boutons.<\/span><\/p>\n<h6><strong><b>Informations sur le produit :<\/b><\/strong><\/h6>\n<ul>\n<li style=\"font-size: 16px;\">ID FCC : KBRASTU15, CWTWB1U415, CWTWB1U733, CWTWB1U821<\/li>\n<li style=\"font-size: 16px;\">PN : 28268-5W501, 28268-5W500, 28268-7Z800, 28268-C990A, 28268-ZT03A, 28268-EA000, 28268-EA00A<\/li>\n<li>Fr\u00e9quence : 315MHz<\/li>\n<li style=\"font-size: 16px;\">Boutons : Verrouiller, D\u00e9verrouiller, Panique<\/li>\n<\/ul>\n<h6><strong><b>Le mod\u00e8le de r\u00e9f\u00e9rence<\/b><\/strong><strong><b>\uff1a<\/b><\/strong><\/h6>\n<ul>\n<li>2003 \u2013 2009 Infiniti FX35<\/li>\n<li>2003 \u2013 2008 Infiniti FX45<\/li>\n<li><a href=\"https:\/\/keylessbest.com\/fr\/product\/1999-2004-acura-cl-tl-rl-telecommande-dentree-sans-cle-a-4-boutons-e4eg8d-444h-a-remplace-pn-72147-s0k-a23-72147-s0k-a13__trashed\/\" data-wpil-monitor-id=\"497\">2002 &#8211; 2004<\/a> Infiniti QX4<\/li>\n<li>2003 \u2013 2006 Infiniti G35<\/li>\n<li>2004 \u2013 2015 Nissan Armada<\/li>\n<li>Nissan Frontier de 2002 \u00e0 2016<\/li>\n<li>Nissan Murano de 2003 \u00e0 2008<\/li>\n<li>Nissan NV1500, NV2500, NV3500 de 2012 \u00e0 2017<\/li>\n<li>Nissan Pathfinder de 2002 \u00e0 2013<\/li>\n<li>Nissan Titan de 2004 \u00e0 2015<\/li>\n<li><a href=\"https:\/\/keylessbest.com\/fr\/product\/2009-2014-toyota-avalon-camry-corolla-telecommande-dentree-sans-cle-a-3-boutons-hyq14aem-pn-89904-0r060-89904-60770-89904-0r090-89904-42140__trashed\/\" data-wpil-monitor-id=\"498\">2007 &#8211; 2012<\/a> Nissan Versa<\/li>\n<li>Nissan Xterra de 2002 \u00e0 2015<\/li>\n<li>Nissan Quest de 2005 \u00e0 2010<\/li>\n<li>Nissan Juke \u00ab S \u00bb de 2011 \u00e0 2013<\/li>\n<li>Nissan Rogue de 2008 \u00e0 2013<\/li>\n<li>Nissan Rogue Select de 2014 \u00e0 2015 (France)<\/li>\n<\/ul>\n<h6><strong><b>Remarque :<\/b><\/strong><\/h6>\n<ul>\n<li>La cl\u00e9 intelligente Infiniti Nissan 2002-2017 <a href=\"https:\/\/keylessbest.com\/fr\/product\/2015-2020-cadillac-ats-ats-v-ct6-ct6-plug-in-cts-cts-v-xts-5-boutons-telecommande-dentree-sans-cle-hyq2eb-pn-13598512-13594029s-13510243-46__trashed\/\" data-wpil-monitor-id=\"499\">cl\u00e9 d'entr\u00e9e sans cl\u00e9<\/a> remplacement \u2013 sans logo, avec une cl\u00e9 d'insertion d'urgence non d\u00e9coup\u00e9e incluse.<\/li>\n<li>Nous ne coupons ni ne programmons la cl\u00e9 \u00e0 distance. De plus, pour les prix, veuillez contacter un serrurier local ou un concessionnaire.<\/li>\n<li>Ce transmetteur est compatible avec les v\u00e9hicules \u00e9quip\u00e9s d'un bouton de d\u00e9marrage\/arr\u00eat sur le tableau de bord ou d'une cl\u00e9 \u00e0 rotation, ainsi qu'un syst\u00e8me d'entr\u00e9e sans cl\u00e9 proxy.<\/li>\n<li>Le prix est pour un ensemble complet <a href=\"https:\/\/keylessbest.com\/fr\/product\/2015-2021-jeep-renegade-telecommande-dentree-sans-cle-a-5-boutons-m3n-40821302-remplace-pn-6mp33dx9aa-id-47-4a__trashed\/\" data-wpil-monitor-id=\"500\">t\u00e9l\u00e9commande d'entr\u00e9e sans cl\u00e9 de remplacement<\/a>, cl\u00e9 d'urgence incluse.<\/li>\n<li>Par cons\u00e9quent, nous vous recommandons vivement de faire v\u00e9rifier votre <a href=\"https:\/\/keylessbest.com\/fr\/comment-programmer-rapidement-et-facilement-un-badge-de-cle-etape-par-etape-pour-nimporte-quelle-voiture\/\" data-wpil-monitor-id=\"501\">Cl\u00e9 de voiture programm\u00e9e<\/a> par un serrurier professionnel ou un revendeur.<\/li>\n<\/ul>\n<h6><strong>Ressources de programmation :<\/strong><\/h6>\n<p><a href=\"http:\/\/www.programyourfob.com\/?list_15\/\" target=\"_blank\" rel=\"noopener\">Infiniti-Cambrian (Liaoning) Electronic Technology Co., Ltd.<\/a><\/p>\n<p><a href=\"http:\/\/www.programyourfob.com\/?list_26\/\" target=\"_blank\" rel=\"noopener\">Nissan-Cambrian (Liaoning) Electronic Technology Co., Ltd.<\/a><\/p>\n<p>Merci de nous avoir choisis.<\/p>\n<p>Nous sommes l'un des fabricants les plus professionnels de cl\u00e9s de voiture, syst\u00e8mes d'entr\u00e9e sans cl\u00e9, t\u00e9l\u00e9commandes de cl\u00e9s de voiture, puces transpondeurs, programmeurs de cl\u00e9s, coques de cl\u00e9s de voiture, serrures de voiture, outils de serrurier, etc. De plus, notre entreprise dispose d'une \u00e9quipe professionnelle et d'une ligne de production. En outre, nous sommes sp\u00e9cialis\u00e9s dans la production de diverses cl\u00e9s de voiture, coques de cl\u00e9s, et outils de serrurier. Nous g\u00e9rons \u00e9galement le d\u00e9veloppement, la fabrication et la vente en gros de produits de s\u00e9curit\u00e9 et de protection automobile.<\/p>\n<p>Des prix comp\u00e9titifs et des services d\u00e9vou\u00e9s vous aideront \u00e0 conqu\u00e9rir un bon march\u00e9. De plus, une \u00e9quipe de plus de 10 jeunes et dynamiques commerciaux offre un service rapide, professionnel et amical \u00e0 tout moment. En outre, tous nos produits sont exp\u00e9di\u00e9s directement depuis l'entrep\u00f4t en France, en Allemagne et en Espagne. Ainsi, les marchandises que vous achetez seront emball\u00e9es et exp\u00e9di\u00e9es dans les 48 heures suivant votre commande. Plus de 100% de nos produits sont en stock, et l'inventaire est suffisant.<\/p>","protected":false},"excerpt":{"rendered":"<ul>\n<li style=\"font-size: 16px;\">R\u00e9f\u00e9rence : CA-NS194<\/li>\n<li style=\"font-size: 16px;\">ID FCC : KBRASTU15, CWTWB1U415, CWTWB1U733, CWTWB1U821<\/li>\n<li style=\"font-size: 16px;\">PN : 28268-5W501, 28268-5W500, 28268-7Z800, 28268-C990A, 28268-ZT03A, 28268-EA000, 28268-EA00A<\/li>\n<li>Fr\u00e9quence : 315MHz<\/li>\n<li style=\"font-size: 16px;\">Boutons : Verrouiller, D\u00e9verrouiller, Panique<\/li>\n<\/ul>","protected":false},"featured_media":21043,"comment_status":"open","ping_status":"closed","template":"","meta":{"_bst_post_transparent":"default","_bst_post_title":"","_bst_post_layout":"default","_bst_post_sidebar_id":"","_bst_post_content_style":"default","_bst_post_vertical_padding":"default","_bst_post_feature":"","_bst_post_feature_position":"","_bst_post_header":false,"_bst_post_footer":false},"product_brand":[],"product_cat":[15,386,160],"product_tag":[],"2_year_make_model":[],"class_list":{"0":"post-15613","1":"product","2":"type-product","3":"status-publish","4":"has-post-thumbnail","6":"product_cat-carkeyremote","7":"product_cat-for-infiniti","8":"product_cat-for-nissan","10":"first","11":"instock","12":"sale","13":"shipping-taxable","14":"purchasable","15":"product-type-simple","16":"entry","17":"content-bg","18":"loop-entry"},"_links":{"self":[{"href":"https:\/\/keylessbest.com\/fr\/wp-json\/wp\/v2\/product\/15613","targetHints":{"allow":["GET"]}}],"collection":[{"href":"https:\/\/keylessbest.com\/fr\/wp-json\/wp\/v2\/product"}],"about":[{"href":"https:\/\/keylessbest.com\/fr\/wp-json\/wp\/v2\/types\/product"}],"replies":[{"embeddable":true,"href":"https:\/\/keylessbest.com\/fr\/wp-json\/wp\/v2\/comments?post=15613"}],"version-history":[{"count":3,"href":"https:\/\/keylessbest.com\/fr\/wp-json\/wp\/v2\/product\/15613\/revisions"}],"predecessor-version":[{"id":18899,"href":"https:\/\/keylessbest.com\/fr\/wp-json\/wp\/v2\/product\/15613\/revisions\/18899"}],"wp:featuredmedia":[{"embeddable":true,"href":"https:\/\/keylessbest.com\/fr\/wp-json\/wp\/v2\/media\/21043"}],"wp:attachment":[{"href":"https:\/\/keylessbest.com\/fr\/wp-json\/wp\/v2\/media?parent=15613"}],"wp:term":[{"taxonomy":"product_brand","embeddable":true,"href":"https:\/\/keylessbest.com\/fr\/wp-json\/wp\/v2\/product_brand?post=15613"},{"taxonomy":"product_cat","embeddable":true,"href":"https:\/\/keylessbest.com\/fr\/wp-json\/wp\/v2\/product_cat?post=15613"},{"taxonomy":"product_tag","embeddable":true,"href":"https:\/\/keylessbest.com\/fr\/wp-json\/wp\/v2\/product_tag?post=15613"},{"taxonomy":"2_year_make_model","embeddable":true,"href":"https:\/\/keylessbest.com\/fr\/wp-json\/wp\/v2\/2_year_make_model?post=15613"}],"curies":[{"name":"wp","href":"https:\/\/api.w.org\/{rel}","templated":true}]}}