{"id":16339,"date":"2025-08-19T09:17:15","date_gmt":"2025-08-19T09:17:15","guid":{"rendered":"https:\/\/hanwuji.shengjit.com\/?post_type=product&#038;p=16339"},"modified":"2026-02-24T09:28:53","modified_gmt":"2026-02-24T09:28:53","slug":"telecommande-de-cle-dodge-ram-2019-2022-1470a-76t-pour-sans-cle","status":"publish","type":"product","link":"https:\/\/keylessbest.com\/fr\/product\/telecommande-de-cle-dodge-ram-2019-2022-1470a-76t-pour-sans-cle\/","title":{"rendered":"Cl\u00e9 t\u00e9l\u00e9commande Dodge Ram 2019-2022 1470A-76T pour Keylessbest"},"content":{"rendered":"<p>*Les informations d\u00e9taill\u00e9es de cette t\u00e9l\u00e9commande sans cl\u00e9 Dodge Ram 2019-2024 sont les suivantes. Veuillez confirmer que les d\u00e9tails suivants correspondent \u00e0 votre v\u00e9hicule avant de commander : ID FCC, Num\u00e9ro de pi\u00e8ce, Ann\u00e9e du mod\u00e8le, IC, Fr\u00e9quence, Puce et Boutons.<\/p>\n<h6><strong><b>Informations sur le produit : <\/b><\/strong><\/h6>\n<ul>\n<li>ID FCC : GQ4-76T<\/li>\n<li>PN : 68374993AB<\/li>\n<li>IC : 1470A-76T<\/li>\n<li>Fr\u00e9quence : 433MHz<\/li>\n<li>Puce : 128 bits 4A<\/li>\n<li>Bouton : Panic<\/li>\n<\/ul>\n<h6><strong><b>Le mod\u00e8le de r\u00e9f\u00e9rence :<\/b><\/strong><\/h6>\n<ul>\n<li>Dodge Ram Pickup 2019 \u2013 2023 2500, 3500, 4500, 5500<\/li>\n<\/ul>\n<h6><strong><b>Contenu du colis :<\/b><\/strong><\/h6>\n<ul>\n<li>Un nouveau march\u00e9 apr\u00e8s-vente <a href=\"https:\/\/keylessbest.com\/fr\/product\/cle-de-telecommande-dentree-sans-cle-pour-ford-fiesta-2011-2017-kr55wk47899-pn164-r8042-remote-164-r8043-lame-164-r8042-164-r8039\/\" data-wpil-monitor-id=\"327\">cl\u00e9 sans contact<\/a><\/li>\n<li>Une cl\u00e9 d'urgence de rechange gratuite<\/li>\n<li>Tous les \u00e9metteurs sont livr\u00e9s avec une batterie<\/li>\n<li>Toutes les unit\u00e9s sont test\u00e9es avant l'exp\u00e9dition<\/li>\n<li>Garantie de satisfaction et garantie de 2 ans pour 100%<\/li>\n<\/ul>\n<h6><strong><b>Remarque :<\/b><\/strong><\/h6>\n<ul>\n<li>La cl\u00e9 intelligente Dodge Ram 2019-2022 <a href=\"https:\/\/keylessbest.com\/fr\/product\/2021-2024-jeep-grand-cherokee-grand-wagoneer-telecommande-dentree-sans-cle-a-4-boutons-m3nwxf0b1-pn-685169738aa-puce-4a-hitag-aes__trashed\/\" data-wpil-monitor-id=\"325\">cl\u00e9 d'entr\u00e9e sans cl\u00e9<\/a> remplacement \u2013 sans logo, avec une cl\u00e9 d'urgence ins\u00e9r\u00e9e non coup\u00e9e incluse.<\/li>\n<li>Nous ne coupons ni ne programmons la cl\u00e9 \u00e0 distance. De plus, pour les prix, veuillez contacter un serrurier local ou un concessionnaire.<\/li>\n<li>Ce transmetteur est compatible avec les v\u00e9hicules \u00e9quip\u00e9s d'un bouton de d\u00e9marrage\/arr\u00eat sur le tableau de bord ou d'une commande de d\u00e9marrage \u00e0 rotation, ainsi qu'avec un syst\u00e8me d'entr\u00e9e sans cl\u00e9 par proxy.<\/li>\n<li>Le prix est pour une t\u00e9l\u00e9commande d'entr\u00e9e sans cl\u00e9 de remplacement compl\u00e8te, cl\u00e9 d'urgence incluse.<\/li>\n<li>Par cons\u00e9quent, nous vous recommandons vivement de faire v\u00e9rifier votre \u00a0<a href=\"https:\/\/keylessbest.com\/fr\/comment-programmer-rapidement-et-facilement-un-badge-de-cle-etape-par-etape-pour-nimporte-quelle-voiture\/\" data-wpil-monitor-id=\"326\">Cl\u00e9 de voiture programm\u00e9e<\/a> par un serrurier professionnel ou un revendeur.<b><\/b><\/li>\n<\/ul>\n<h6><strong><b>Ressources de programmation\u00a0<\/b><\/strong><\/h6>\n<p><a href=\"http:\/\/programyourfob.com\/?list_8\/\" target=\"_blank\" rel=\"noopener\"><u>http:\/\/programyourfob.com\/?list_8\/<\/u><\/a><\/p>\n<p><a href=\"http:\/\/programyourfob.com\/?list_31\/\" target=\"_blank\" rel=\"noopener\"><u>http:\/\/programyourfob.com\/?list_31\/<\/u><\/a><\/p>\n<p>Merci de nous avoir choisis.<\/p>\n<p>Nous sommes l'un des fabricants les plus professionnels de cl\u00e9s de voiture, syst\u00e8mes d'entr\u00e9e sans cl\u00e9, t\u00e9l\u00e9commandes de voiture, puces transpondeurs, programmeurs de cl\u00e9s, coques de cl\u00e9s de voiture, serrures de voiture, outils de serrurier, etc. De plus, notre entreprise dispose d'une \u00e9quipe professionnelle et d'une ligne de production. En outre, nous sommes sp\u00e9cialis\u00e9s dans la fabrication de diverses cl\u00e9s de voiture, coques de cl\u00e9s et outils de serrurier. Nous g\u00e9rons \u00e9galement le d\u00e9veloppement, la fabrication et la vente en gros de produits de s\u00e9curit\u00e9 et de protection automobile.<\/p>\n<p>Des prix comp\u00e9titifs et des services d\u00e9vou\u00e9s vous aideront \u00e0 conqu\u00e9rir un bon march\u00e9. De plus, une \u00e9quipe de plus de 10 jeunes et dynamiques commerciaux offre un service rapide, professionnel et amical \u00e0 tout moment. En outre, tous nos produits sont exp\u00e9di\u00e9s directement depuis l'entrep\u00f4t en France, en Allemagne et en Espagne. Ainsi, les marchandises que vous achetez seront emball\u00e9es et exp\u00e9di\u00e9es dans les 48 heures suivant votre commande. Plus de 100% de nos produits sont en stock, et l'inventaire est suffisant.<\/p>","protected":false},"excerpt":{"rendered":"<ul>\n<li>SKU : CA-DG693<\/li>\n<li>ID FCC : GQ4-76T<\/li>\n<li>PN : 68374993AB<\/li>\n<li>IC : 1470A-76T<\/li>\n<li>Fr\u00e9quence : 433MHz<\/li>\n<li>Puce : 128 bits 4A<\/li>\n<li>Bouton : Panic<\/li>\n<\/ul>","protected":false},"featured_media":21514,"comment_status":"open","ping_status":"closed","template":"","meta":{"_bst_post_transparent":"default","_bst_post_title":"","_bst_post_layout":"default","_bst_post_sidebar_id":"","_bst_post_content_style":"default","_bst_post_vertical_padding":"default","_bst_post_feature":"","_bst_post_feature_position":"","_bst_post_header":false,"_bst_post_footer":false},"product_brand":[],"product_cat":[15,153,391],"product_tag":[],"2_year_make_model":[],"class_list":{"0":"post-16339","1":"product","2":"type-product","3":"status-publish","4":"has-post-thumbnail","6":"product_cat-carkeyremote","7":"product_cat-for-dodge","8":"product_cat-for-ram","10":"first","11":"instock","12":"sale","13":"shipping-taxable","14":"purchasable","15":"product-type-simple","16":"entry","17":"content-bg","18":"loop-entry"},"_links":{"self":[{"href":"https:\/\/keylessbest.com\/fr\/wp-json\/wp\/v2\/product\/16339","targetHints":{"allow":["GET"]}}],"collection":[{"href":"https:\/\/keylessbest.com\/fr\/wp-json\/wp\/v2\/product"}],"about":[{"href":"https:\/\/keylessbest.com\/fr\/wp-json\/wp\/v2\/types\/product"}],"replies":[{"embeddable":true,"href":"https:\/\/keylessbest.com\/fr\/wp-json\/wp\/v2\/comments?post=16339"}],"version-history":[{"count":3,"href":"https:\/\/keylessbest.com\/fr\/wp-json\/wp\/v2\/product\/16339\/revisions"}],"predecessor-version":[{"id":19500,"href":"https:\/\/keylessbest.com\/fr\/wp-json\/wp\/v2\/product\/16339\/revisions\/19500"}],"wp:featuredmedia":[{"embeddable":true,"href":"https:\/\/keylessbest.com\/fr\/wp-json\/wp\/v2\/media\/21514"}],"wp:attachment":[{"href":"https:\/\/keylessbest.com\/fr\/wp-json\/wp\/v2\/media?parent=16339"}],"wp:term":[{"taxonomy":"product_brand","embeddable":true,"href":"https:\/\/keylessbest.com\/fr\/wp-json\/wp\/v2\/product_brand?post=16339"},{"taxonomy":"product_cat","embeddable":true,"href":"https:\/\/keylessbest.com\/fr\/wp-json\/wp\/v2\/product_cat?post=16339"},{"taxonomy":"product_tag","embeddable":true,"href":"https:\/\/keylessbest.com\/fr\/wp-json\/wp\/v2\/product_tag?post=16339"},{"taxonomy":"2_year_make_model","embeddable":true,"href":"https:\/\/keylessbest.com\/fr\/wp-json\/wp\/v2\/2_year_make_model?post=16339"}],"curies":[{"name":"wp","href":"https:\/\/api.w.org\/{rel}","templated":true}]}}