{"id":17430,"date":"2025-08-19T09:40:08","date_gmt":"2025-08-19T09:40:08","guid":{"rendered":"https:\/\/hanwuji.shengjit.com\/?post_type=product&#038;p=17430"},"modified":"2026-02-12T09:23:12","modified_gmt":"2026-02-12T09:23:12","slug":"cle-telecommande-ford-lincoln-mercury-1999-2016-cwtwb1u345-pour-keylessbest","status":"publish","type":"product","link":"https:\/\/keylessbest.com\/fr\/product\/cle-telecommande-ford-lincoln-mercury-1999-2016-cwtwb1u345-pour-keylessbest\/","title":{"rendered":"Cl\u00e9 t\u00e9l\u00e9commande Ford Lincoln Mercury 1999-2016 CWTWB1U345 pour keylessbest"},"content":{"rendered":"<p>*Les informations d\u00e9taill\u00e9es de cette t\u00e9l\u00e9commande sans cl\u00e9 Ford Lincoln Mazda de 2006 \u00e0 2017 sont les suivantes. Veuillez confirmer que les d\u00e9tails suivants correspondent \u00e0 votre v\u00e9hicule avant de commander : ID FCC, Num\u00e9ro de pi\u00e8ce, Ann\u00e9e du mod\u00e8le, IC, Fr\u00e9quence, Puce et Boutons.<\/p>\n<h6><strong><b>Informations sur le produit :<\/b><\/strong><\/h6>\n<ul>\n<li>ID FCC : CWTWB1U345<\/li>\n<li>Fr\u00e9quence : 315MHz<\/li>\n<\/ul>\n<h6><strong><b>Le mod\u00e8le de r\u00e9f\u00e9rence :<\/b><\/strong><\/h6>\n<ul>\n<li>Ford Crown Victoria 2006-2011<\/li>\n<li>Ford Edge 2008-2015<\/li>\n<li>Ford Escape 2001-2014<\/li>\n<li>Ford Escort 1999-2003<\/li>\n<li>Ford Excursion 2001-2005<\/li>\n<li>Ford Expedition 1999-2016<\/li>\n<li>Ford Explorer 1999-2015<\/li>\n<li>Ford Explorer Sport Trac 2001-2009<\/li>\n<li>Ford Flex 2009-2016<\/li>\n<li>Ford Focus 2003-2014<\/li>\n<li>Ford Freestar 2004-2007<\/li>\n<li>Ford Freestyle 2005-2007<\/li>\n<li>Ford Fusion 2010-2012<\/li>\n<li>Ford GT 2005-2006<\/li>\n<li>Ford Mustang 1999-2014<\/li>\n<li>Ford Taurus 1999-2009<\/li>\n<li>Ford Taurus X 2008-2009<\/li>\n<li>Ford Thunderbird 2002-2005<\/li>\n<li>Lincoln LS 2001-2006<\/li>\n<li>Lincoln MKS 2009-2013<\/li>\n<li>Lincoln MKX 2007-2013<\/li>\n<li>2008-2016 Lincoln MKZ<\/li>\n<li>2001-2015 Lincoln Navigator<\/li>\n<li>2003-2005 Lincoln Aviator<\/li>\n<li>1999-2011 Lincoln Town Car<\/li>\n<li>2006 Lincoln Zephyr<\/li>\n<li>2006-2011 Mercury Grand Marquis<\/li>\n<li>2003 Mercury Marauder<\/li>\n<li>2005-2011 Mercury Mariner<\/li>\n<li>2006-2011 Mercury Milan<\/li>\n<li>2005-2007 Mercury Montego<\/li>\n<li>2005-2007 Mercury Monterey<\/li>\n<li>1999-2010 Mercury Mountaineer<\/li>\n<li>1999-2002 Mercury Cougar<\/li>\n<li>1999-2009 Mercury Sable<\/li>\n<li>1999 Mercury Tracer<\/li>\n<li>2008-2011 Mazda Tribute<\/li>\n<\/ul>\n<h6><strong><b>Contenu du colis :<\/b><\/strong><\/h6>\n<ul>\n<li>Une nouvelle t\u00e9l\u00e9commande sans cl\u00e9 de rechange<\/li>\n<li>Une cl\u00e9 d'urgence de rechange gratuite<\/li>\n<li>Tous les \u00e9metteurs sont livr\u00e9s avec une batterie<\/li>\n<li>Toutes les unit\u00e9s sont test\u00e9es avant l'exp\u00e9dition<\/li>\n<li>Garantie de satisfaction et garantie de 2 ans pour 100%<\/li>\n<\/ul>\n<h6><strong><b>Remarque :<\/b><\/strong><\/h6>\n<ul>\n<li>Remplacement de la cl\u00e9 intelligente sans logo, avec une cl\u00e9 d'urgence non coup\u00e9e incluse, pour Ford Lincoln Mercury Mazda de 1999 \u00e0 2016 \u2013 sans logo, avec une cl\u00e9 d'urgence non coup\u00e9e incluse.<\/li>\n<li>Nous ne coupons ni ne programmons la cl\u00e9 \u00e0 distance. De plus, pour les prix, veuillez contacter un serrurier local ou un concessionnaire.<\/li>\n<li>Ce transmetteur est compatible avec les v\u00e9hicules \u00e9quip\u00e9s d'un bouton de d\u00e9marrage\/arr\u00eat sur le tableau de bord ou d'une cl\u00e9 \u00e0 rotation, ainsi qu'un syst\u00e8me d'entr\u00e9e sans cl\u00e9 proxy.<\/li>\n<li>Le prix concerne une t\u00e9l\u00e9commande d'entr\u00e9e sans cl\u00e9 de remplacement compl\u00e8te, cl\u00e9 d'urgence incluse.<\/li>\n<li>Par cons\u00e9quent, nous recommandons fortement de faire programmer votre KEY FOB par un serrurier professionnel ou un concessionnaire.<\/li>\n<\/ul>\n<h6><strong>Ressources de programmation :<\/strong><\/h6>\n<p><a href=\"http:\/\/programyourfob.com\/?list_9\/\" target=\"_blank\" rel=\"noopener\">http:\/\/programyourfob.com\/?list_9\/<\/a><\/p>\n<p><a href=\"http:\/\/programyourfob.com\/?list_22\/\" target=\"_blank\" rel=\"noopener\">http:\/\/programyourfob.com\/?list_22\/<\/a><\/p>\n<p><a href=\"http:\/\/programyourfob.com\/?list_24\/\" target=\"_blank\" rel=\"noopener\">http:\/\/programyourfob.com\/?list_24\/<\/a><\/p>\n<p><a href=\"http:\/\/programyourfob.com\/?list_23\/\" target=\"_blank\" rel=\"noopener\">http:\/\/programyourfob.com\/?list_23\/<\/a><\/p>\n<p>Merci de nous avoir choisis.<\/p>\n<p>Nous sommes l'un des fabricants les plus professionnels de cl\u00e9s de voiture, syst\u00e8mes d'entr\u00e9e sans cl\u00e9, t\u00e9l\u00e9commandes de cl\u00e9s de voiture, puces transpondeurs, programmeurs de cl\u00e9s, coques de cl\u00e9s de voiture, serrures de voiture, outils de serrurier, etc. De plus, notre entreprise dispose d'une \u00e9quipe professionnelle et d'une ligne de production. En outre, nous sommes sp\u00e9cialis\u00e9s dans la production de diverses cl\u00e9s de voiture, coques de cl\u00e9s, et outils de serrurier. Nous g\u00e9rons \u00e9galement le d\u00e9veloppement, la fabrication et la vente en gros de produits de s\u00e9curit\u00e9 et de protection automobile.<\/p>\n<p>Des prix comp\u00e9titifs et des services d\u00e9vou\u00e9s vous aideront \u00e0 conqu\u00e9rir un bon march\u00e9. De plus, une \u00e9quipe de plus de 10 jeunes et dynamiques commerciaux offre un service rapide, professionnel et amical \u00e0 tout moment. En outre, tous nos produits sont exp\u00e9di\u00e9s directement depuis l'entrep\u00f4t en France, en Allemagne et en Espagne. Ainsi, les marchandises que vous achetez seront emball\u00e9es et exp\u00e9di\u00e9es dans les 48 heures suivant votre commande. Plus de 100% de nos produits sont en stock, et l'inventaire est suffisant.<\/p>","protected":false},"excerpt":{"rendered":"<ul>\n<li>ID FCC : CWTWB1U345<\/li>\n<li>Fr\u00e9quence : 315MHz<\/li>\n<\/ul>","protected":false},"featured_media":21113,"comment_status":"open","ping_status":"closed","template":"","meta":{"_bst_post_transparent":"default","_bst_post_title":"","_bst_post_layout":"default","_bst_post_sidebar_id":"","_bst_post_content_style":"default","_bst_post_vertical_padding":"default","_bst_post_feature":"","_bst_post_feature_position":"","_bst_post_header":false,"_bst_post_footer":false},"product_brand":[],"product_cat":[15,156,379,159,380],"product_tag":[],"2_year_make_model":[],"class_list":{"0":"post-17430","1":"product","2":"type-product","3":"status-publish","4":"has-post-thumbnail","6":"product_cat-carkeyremote","7":"product_cat-for-ford","8":"product_cat-for-lincoln","9":"product_cat-for-mazda","10":"product_cat-for-mercury","12":"first","13":"instock","14":"sale","15":"shipping-taxable","16":"purchasable","17":"product-type-simple","18":"entry","19":"content-bg","20":"loop-entry"},"_links":{"self":[{"href":"https:\/\/keylessbest.com\/fr\/wp-json\/wp\/v2\/product\/17430","targetHints":{"allow":["GET"]}}],"collection":[{"href":"https:\/\/keylessbest.com\/fr\/wp-json\/wp\/v2\/product"}],"about":[{"href":"https:\/\/keylessbest.com\/fr\/wp-json\/wp\/v2\/types\/product"}],"replies":[{"embeddable":true,"href":"https:\/\/keylessbest.com\/fr\/wp-json\/wp\/v2\/comments?post=17430"}],"version-history":[{"count":1,"href":"https:\/\/keylessbest.com\/fr\/wp-json\/wp\/v2\/product\/17430\/revisions"}],"predecessor-version":[{"id":19585,"href":"https:\/\/keylessbest.com\/fr\/wp-json\/wp\/v2\/product\/17430\/revisions\/19585"}],"wp:featuredmedia":[{"embeddable":true,"href":"https:\/\/keylessbest.com\/fr\/wp-json\/wp\/v2\/media\/21113"}],"wp:attachment":[{"href":"https:\/\/keylessbest.com\/fr\/wp-json\/wp\/v2\/media?parent=17430"}],"wp:term":[{"taxonomy":"product_brand","embeddable":true,"href":"https:\/\/keylessbest.com\/fr\/wp-json\/wp\/v2\/product_brand?post=17430"},{"taxonomy":"product_cat","embeddable":true,"href":"https:\/\/keylessbest.com\/fr\/wp-json\/wp\/v2\/product_cat?post=17430"},{"taxonomy":"product_tag","embeddable":true,"href":"https:\/\/keylessbest.com\/fr\/wp-json\/wp\/v2\/product_tag?post=17430"},{"taxonomy":"2_year_make_model","embeddable":true,"href":"https:\/\/keylessbest.com\/fr\/wp-json\/wp\/v2\/2_year_make_model?post=17430"}],"curies":[{"name":"wp","href":"https:\/\/api.w.org\/{rel}","templated":true}]}}