{"id":17509,"date":"2025-08-19T09:42:27","date_gmt":"2025-08-19T09:42:27","guid":{"rendered":"https:\/\/hanwuji.shengjit.com\/?post_type=product&#038;p=17509"},"modified":"2026-02-11T07:42:09","modified_gmt":"2026-02-11T07:42:09","slug":"cle-de-voiture-chevrolet-2021-2024-hyq4es-pour-keylessbest","status":"publish","type":"product","link":"https:\/\/keylessbest.com\/fr\/product\/cle-de-voiture-chevrolet-2021-2024-hyq4es-pour-keylessbest\/","title":{"rendered":"Cl\u00e9 de voiture Chevrolet 2021-2024 HYQ4ES pour Keylessbest"},"content":{"rendered":"<p>*Les informations d\u00e9taill\u00e9es de cette t\u00e9l\u00e9commande sans cl\u00e9 GMC de 2021 \u00e0 2024 sont les suivantes. Veuillez confirmer que les d\u00e9tails suivants correspondent \u00e0 votre v\u00e9hicule avant de commander : ID FCC, Num\u00e9ro de pi\u00e8ce, Ann\u00e9e du mod\u00e8le, IC, Fr\u00e9quence, Puce, et Boutons.<\/p>\n<h6><strong><b>Informations sur le produit : <\/b><\/strong><\/h6>\n<ul>\n<li>ID FCC : HYQ4ES<\/li>\n<li>PN : 13530712<\/li>\n<li>IC : 1551A-4ES<\/li>\n<li>Fr\u00e9quence : 434Mhz<\/li>\n<li>Puce : 46<\/li>\n<li>Cl\u00e9 de test : HU100<\/li>\n<li>Boutons : Verrouiller, D\u00e9verrouiller, Panique, D\u00e9marrage \u00e0 distance<\/li>\n<li>Pile : CR2032<\/li>\n<\/ul>\n<h6><strong><b>Le mod\u00e8le de r\u00e9f\u00e9rence :<\/b><\/strong><\/h6>\n<ul>\n<li>Chevrolet Trailblazer 2021 \u2013 2024<\/li>\n<li>Chevrolet Blazer 2021 \u2013 2024<\/li>\n<li>Chevrolet Traverse 2021 \u2013 2024<\/li>\n<li>Chevrolet Trax 2024 \u2013 2024<\/li>\n<\/ul>\n<p>REMARQUE : Veuillez v\u00e9rifier l'ID FCC sur la Malibu 2021\u2026 2021 est une ann\u00e9e partag\u00e9e pour la Malibu, elle pourrait utiliser l'ID FCC HYQ4EA<\/p>\n<h6><strong><b>Contenu du colis :<\/b><\/strong><\/h6>\n<ul>\n<li>Un nouveau march\u00e9 apr\u00e8s-vente <a href=\"https:\/\/keylessbest.com\/fr\/product\/cle-de-telecommande-dentree-sans-cle-pour-ford-fiesta-2011-2017-kr55wk47899-pn164-r8042-remote-164-r8043-lame-164-r8042-164-r8039\/\" data-wpil-monitor-id=\"1766\">cl\u00e9 sans contact<\/a><\/li>\n<li>Une cl\u00e9 d'urgence de rechange gratuite<\/li>\n<li>Tous les \u00e9metteurs sont livr\u00e9s avec une batterie<\/li>\n<li>Toutes les unit\u00e9s sont test\u00e9es avant l'exp\u00e9dition<\/li>\n<li>Garantie de satisfaction et garantie de 2 ans pour 100%<\/li>\n<\/ul>\n<h6><strong><b>Remarque :<\/b><\/strong><\/h6>\n<ul>\n<li>Le remplacement de la t\u00e9l\u00e9commande d'entr\u00e9e sans cl\u00e9 Chevrolet 2020-2024 \u2013 sans logo, avec une cl\u00e9 d'urgence non coup\u00e9e incluse.<\/li>\n<li>Nous ne coupons pas ou <a href=\"https:\/\/keylessbest.com\/fr\/product\/outil-ezprogrammer-obd-pour-iphone-android-pas-de-frais-dabonnement\/\" data-wpil-monitor-id=\"1765\">programmons pas la cl\u00e9 \u00e0 distance<\/a>. De plus, pour les prix, veuillez contacter le serrurier local ou le concessionnaire.<\/li>\n<li>Ce transmetteur est compatible avec les v\u00e9hicules \u00e9quip\u00e9s d'un bouton de d\u00e9marrage\/arr\u00eat sur le tableau de bord ou d'une commande de d\u00e9marrage \u00e0 rotation, ainsi qu'un syst\u00e8me d'entr\u00e9e sans cl\u00e9 proxy.<\/li>\n<li>Le prix concerne une t\u00e9l\u00e9commande d'entr\u00e9e sans cl\u00e9 de remplacement compl\u00e8te, cl\u00e9 d'urgence incluse.<\/li>\n<li>Par cons\u00e9quent, nous vous recommandons vivement de faire v\u00e9rifier votre <a href=\"https:\/\/keylessbest.com\/fr\/comment-programmer-rapidement-et-facilement-un-badge-de-cle-etape-par-etape-pour-nimporte-quelle-voiture\/\" data-wpil-monitor-id=\"1764\">Cl\u00e9 de voiture programm\u00e9e<\/a> par un serrurier professionnel ou un revendeur.<\/li>\n<\/ul>\n<h6><strong><b>Ressources de programmation\u00a0<\/b><\/strong><\/h6>\n<p><a href=\"http:\/\/programyourfob.com\/?list_6\/\" target=\"_blank\" rel=\"noopener\"><u>http:\/\/programyourfob.com\/?list_6\/<\/u><\/a><\/p>\n<p>Merci de nous avoir choisis.<\/p>\n<p>Nous sommes l'un des fabricants les plus professionnels de cl\u00e9s de voiture, syst\u00e8mes d'entr\u00e9e sans cl\u00e9, t\u00e9l\u00e9commandes de cl\u00e9s de voiture, puces transpondeurs, programmeurs de cl\u00e9s, coques de cl\u00e9s de voiture, serrures de voiture, outils de serrurier, etc. De plus, notre entreprise dispose d'une \u00e9quipe professionnelle et d'une ligne de production. En outre, nous sommes sp\u00e9cialis\u00e9s dans la production de diverses cl\u00e9s de voiture, coques de cl\u00e9s, et outils de serrurier. Nous g\u00e9rons \u00e9galement le d\u00e9veloppement, la fabrication et la vente en gros de produits de s\u00e9curit\u00e9 et de protection automobile.<\/p>\n<p>Des prix comp\u00e9titifs et des services d\u00e9vou\u00e9s vous aideront \u00e0 conqu\u00e9rir un bon march\u00e9. De plus, une \u00e9quipe de plus de 10 jeunes et dynamiques commerciaux offre un service rapide, professionnel et amical \u00e0 tout moment. En outre, tous nos produits sont exp\u00e9di\u00e9s directement depuis l'entrep\u00f4t en France, en Allemagne et en Espagne. Ainsi, les marchandises que vous achetez seront emball\u00e9es et exp\u00e9di\u00e9es dans les 48 heures suivant votre commande. Plus de 100% de nos produits sont en stock, et l'inventaire est suffisant.<\/p>","protected":false},"excerpt":{"rendered":"<ul>\n<li>ID FCC : HYQ4ES<\/li>\n<li>PN : 13530712<\/li>\n<li>IC : 1551A-4ES<\/li>\n<li>Fr\u00e9quence : 434Mhz<\/li>\n<li>Puce : 46<\/li>\n<li>Cl\u00e9 de test : HU100<\/li>\n<li>Boutons : Verrouiller, D\u00e9verrouiller, Panique, D\u00e9marrage \u00e0 distance<\/li>\n<li>Batterie : CR2032 (Pr\u00e9install\u00e9e et vendue s\u00e9par\u00e9ment)<\/li>\n<\/ul>","protected":false},"featured_media":20890,"comment_status":"open","ping_status":"closed","template":"","meta":{"_bst_post_transparent":"default","_bst_post_title":"","_bst_post_layout":"default","_bst_post_sidebar_id":"","_bst_post_content_style":"default","_bst_post_vertical_padding":"default","_bst_post_feature":"","_bst_post_feature_position":"","_bst_post_header":false,"_bst_post_footer":false},"product_brand":[],"product_cat":[15,150],"product_tag":[],"2_year_make_model":[],"class_list":{"0":"post-17509","1":"product","2":"type-product","3":"status-publish","4":"has-post-thumbnail","6":"product_cat-carkeyremote","7":"product_cat-for-chevrolet","9":"first","10":"instock","11":"sale","12":"shipping-taxable","13":"purchasable","14":"product-type-simple","15":"entry","16":"content-bg","17":"loop-entry"},"_links":{"self":[{"href":"https:\/\/keylessbest.com\/fr\/wp-json\/wp\/v2\/product\/17509","targetHints":{"allow":["GET"]}}],"collection":[{"href":"https:\/\/keylessbest.com\/fr\/wp-json\/wp\/v2\/product"}],"about":[{"href":"https:\/\/keylessbest.com\/fr\/wp-json\/wp\/v2\/types\/product"}],"replies":[{"embeddable":true,"href":"https:\/\/keylessbest.com\/fr\/wp-json\/wp\/v2\/comments?post=17509"}],"version-history":[{"count":2,"href":"https:\/\/keylessbest.com\/fr\/wp-json\/wp\/v2\/product\/17509\/revisions"}],"predecessor-version":[{"id":19351,"href":"https:\/\/keylessbest.com\/fr\/wp-json\/wp\/v2\/product\/17509\/revisions\/19351"}],"wp:featuredmedia":[{"embeddable":true,"href":"https:\/\/keylessbest.com\/fr\/wp-json\/wp\/v2\/media\/20890"}],"wp:attachment":[{"href":"https:\/\/keylessbest.com\/fr\/wp-json\/wp\/v2\/media?parent=17509"}],"wp:term":[{"taxonomy":"product_brand","embeddable":true,"href":"https:\/\/keylessbest.com\/fr\/wp-json\/wp\/v2\/product_brand?post=17509"},{"taxonomy":"product_cat","embeddable":true,"href":"https:\/\/keylessbest.com\/fr\/wp-json\/wp\/v2\/product_cat?post=17509"},{"taxonomy":"product_tag","embeddable":true,"href":"https:\/\/keylessbest.com\/fr\/wp-json\/wp\/v2\/product_tag?post=17509"},{"taxonomy":"2_year_make_model","embeddable":true,"href":"https:\/\/keylessbest.com\/fr\/wp-json\/wp\/v2\/2_year_make_model?post=17509"}],"curies":[{"name":"wp","href":"https:\/\/api.w.org\/{rel}","templated":true}]}}