{"id":17751,"date":"2025-08-19T09:51:06","date_gmt":"2025-08-19T09:51:06","guid":{"rendered":"https:\/\/hanwuji.shengjit.com\/?post_type=product&#038;p=17751"},"modified":"2026-02-27T05:08:57","modified_gmt":"2026-02-27T05:08:57","slug":"2010-2019-gmc-chevrolet-cle-a-telecommande-oht01060512-pour-keylessbest","status":"publish","type":"product","link":"https:\/\/keylessbest.com\/fr\/product\/2010-2019-gmc-chevrolet-cle-a-telecommande-oht01060512-pour-keylessbest\/","title":{"rendered":"Cl\u00e9 t\u00e9l\u00e9commande GMC Chevrolet 2010 \u2013 2019 OHT01060512 pour Keylessbest"},"content":{"rendered":"<p>*Les informations d\u00e9taill\u00e9es de cette t\u00e9l\u00e9commande sans cl\u00e9 GMC Buick Chevrole de 2010 \u00e0 2019 sont les suivantes. Veuillez confirmer que les d\u00e9tails suivants correspondent \u00e0 votre v\u00e9hicule avant de commander : ID FCC, Num\u00e9ro de pi\u00e8ce, Ann\u00e9e Mod\u00e8le, IC, Fr\u00e9quence, Puce et Boutons.<\/p>\n<h6><strong><b>Informations sur le produit : <\/b><\/strong><\/h6>\n<ul>\n<li>ID FCC : OHT01060512<\/li>\n<li>PN : 20873622, 20835400, 20873620<\/li>\n<li>IC : 5461A-01060512<\/li>\n<li>Fr\u00e9quence : 315MHz<\/li>\n<li>Puce : 46<\/li>\n<li>Boutons : Verrouiller, D\u00e9verrouiller, D\u00e9marrage \u00e0 distance, Panique<\/li>\n<\/ul>\n<h6><strong><b>Le mod\u00e8le de r\u00e9f\u00e9rence :<\/b><\/strong><\/h6>\n<ul>\n<li>GMC Terrain 2010 \u2013 2017<\/li>\n<li>Buick Encore 2013 \u2013 2018<\/li>\n<li>2010 &#8211; 2019 <a href=\"https:\/\/keylessbest.com\/fr\/product\/2010-2019-buick-gmc-chevrolet-spark-sonic-trax-equinox-terrain-encore-3-boutons-telecommande-dentree-sans-cle-oht01060512-oht01060512-v2t01060512-v2t01060514-avl-b01t1ac-avl-b01t2ac-pn20873621-20\/\" data-wpil-monitor-id=\"103\">Chevrolet Equinox<\/a><\/li>\n<li><a href=\"https:\/\/keylessbest.com\/fr\/product\/2015-2020-cadillac-ats-ats-v-ct6-ct6-plug-in-cts-cts-v-xts-5-boutons-telecommande-dentree-sans-cle-hyq2eb-pn-13598512-13594029s-13510243-46__trashed\/\" data-wpil-monitor-id=\"101\">2015 &#8211; 2019<\/a> Chevrolet Impala<\/li>\n<li>Chevrolet Sonic 2012 \u2013 2019<\/li>\n<li>Chevrolet Trax 2015 \u2013 2018<\/li>\n<\/ul>\n<h6><strong><b>Contenu du colis :<\/b><\/strong><\/h6>\n<ul>\n<li>Une nouvelle t\u00e9l\u00e9commande sans cl\u00e9 de rechange<\/li>\n<li>Une cl\u00e9 d'urgence de rechange gratuite<\/li>\n<li>Tous les \u00e9metteurs sont livr\u00e9s avec une batterie<\/li>\n<li>Toutes les unit\u00e9s sont test\u00e9es avant l'exp\u00e9dition<\/li>\n<li>Garantie de satisfaction et garantie de 2 ans pour 100%<\/li>\n<\/ul>\n<h6><strong><b>Remarque :<\/b><\/strong><\/h6>\n<ul>\n<li>Remplacement de la cl\u00e9 intelligente sans cl\u00e9 d'entr\u00e9e sans logo pour Chevrolet GMC Buick de 2010 \u00e0 2019 \u2013 sans logo, avec une cl\u00e9 d'urgence non coup\u00e9e incluse.<\/li>\n<li>Nous ne coupons ni ne programmons la cl\u00e9 \u00e0 distance. De plus, pour les prix, veuillez contacter un serrurier local ou un concessionnaire.<\/li>\n<li>Ce transmetteur est compatible avec les v\u00e9hicules \u00e9quip\u00e9s d'un bouton de d\u00e9marrage\/arr\u00eat sur le tableau de bord ou d'une commande de d\u00e9marrage par rotation, ainsi qu'un syst\u00e8me d'entr\u00e9e sans cl\u00e9 par proxy.<\/li>\n<li>Le prix est pour un ensemble complet <a href=\"https:\/\/keylessbest.com\/fr\/product\/2015-2021-jeep-renegade-telecommande-dentree-sans-cle-a-5-boutons-m3n-40821302-remplace-pn-6mp33dx9aa-id-47-4a__trashed\/\" data-wpil-monitor-id=\"102\">t\u00e9l\u00e9commande d'entr\u00e9e sans cl\u00e9 de remplacement<\/a>, cl\u00e9 d'urgence incluse.<\/li>\n<li>Par cons\u00e9quent, nous recommandons fortement de faire programmer votre KEY FOB par un serrurier professionnel ou un concessionnaire.<\/li>\n<\/ul>\n<h6><strong><b>Ressources de programmation\u00a0<\/b><\/strong><\/h6>\n<p><a href=\"http:\/\/programyourfob.com\/?list_4\/\" target=\"_blank\" rel=\"noopener\">http:\/\/programyourfob.com\/?list_4\/<\/a><\/p>\n<p><a href=\"http:\/\/programyourfob.com\/?list_11\/\" target=\"_blank\" rel=\"noopener\">http:\/\/programyourfob.com\/?list_11\/<\/a><\/p>\n<p><a href=\"http:\/\/programyourfob.com\/?list_6\/\" target=\"_blank\" rel=\"noopener\">http:\/\/programyourfob.com\/?list_6\/<\/a><\/p>\n<p>Merci de nous avoir choisis.<\/p>\n<p>Nous sommes l'un des fabricants les plus professionnels de cl\u00e9s de voiture, syst\u00e8mes d'entr\u00e9e sans cl\u00e9, <a href=\"https:\/\/keylessbest.com\/fr\/product\/2020-2021-lexus-rx350-rx350l-rx450-rx450h-rx450hl-nx200t-nx300h-lx570-telecommande-dentree-sans-cle-a-4-boutons-hyq14flb-pn-89904-48v80-identifiant-texas-h-8a__trashed\/\" data-wpil-monitor-id=\"100\">t\u00e9l\u00e9commande de cl\u00e9 de voiture<\/a>puces transpondeurs, programmeurs de cl\u00e9s, coques de cl\u00e9s de voiture, serrures de voiture, outils de serrurier, etc. De plus, notre entreprise dispose d'une \u00e9quipe professionnelle et d'une ligne de production. En outre, nous sommes sp\u00e9cialis\u00e9s dans la fabrication de diverses cl\u00e9s de voiture, coques de cl\u00e9s de voiture et outils de serrurier. Nous g\u00e9rons \u00e9galement le d\u00e9veloppement, la fabrication et la vente en gros de produits de s\u00e9curit\u00e9 et de protection automobile.<\/p>\n<p>Des prix comp\u00e9titifs et des services d\u00e9vou\u00e9s vous aideront \u00e0 conqu\u00e9rir un bon march\u00e9. De plus, une \u00e9quipe de plus de 10 jeunes et dynamiques commerciaux offre un service rapide, professionnel et amical \u00e0 tout moment. En outre, tous nos produits sont exp\u00e9di\u00e9s directement depuis l'entrep\u00f4t en France, en Allemagne et en Espagne. Ainsi, les marchandises que vous achetez seront emball\u00e9es et exp\u00e9di\u00e9es dans les 48 heures suivant votre commande. Plus de 100% de nos produits sont en stock, et l'inventaire est suffisant.<\/p>","protected":false},"excerpt":{"rendered":"<ul>\n<li>SKU : CA-GM667<\/li>\n<li>ID FCC : OHT01060512<\/li>\n<li>PN : 20873622, 20835400, 20873620<\/li>\n<li>IC : 5461A-01060512<\/li>\n<li>Fr\u00e9quence : 315MHz<\/li>\n<li>Puce : 46<\/li>\n<li>Boutons : Verrouiller, D\u00e9verrouiller, D\u00e9marrage \u00e0 distance, Panique<\/li>\n<\/ul>","protected":false},"featured_media":21541,"comment_status":"open","ping_status":"closed","template":"","meta":{"_bst_post_transparent":"default","_bst_post_title":"","_bst_post_layout":"default","_bst_post_sidebar_id":"","_bst_post_content_style":"default","_bst_post_vertical_padding":"default","_bst_post_feature":"","_bst_post_feature_position":"","_bst_post_header":false,"_bst_post_footer":false},"product_brand":[],"product_cat":[15,151,150,152],"product_tag":[],"2_year_make_model":[],"class_list":{"0":"post-17751","1":"product","2":"type-product","3":"status-publish","4":"has-post-thumbnail","6":"product_cat-carkeyremote","7":"product_cat-for-buick","8":"product_cat-for-chevrolet","9":"product_cat-for-gmc","11":"first","12":"instock","13":"sale","14":"shipping-taxable","15":"purchasable","16":"product-type-simple","17":"entry","18":"content-bg","19":"loop-entry"},"_links":{"self":[{"href":"https:\/\/keylessbest.com\/fr\/wp-json\/wp\/v2\/product\/17751","targetHints":{"allow":["GET"]}}],"collection":[{"href":"https:\/\/keylessbest.com\/fr\/wp-json\/wp\/v2\/product"}],"about":[{"href":"https:\/\/keylessbest.com\/fr\/wp-json\/wp\/v2\/types\/product"}],"replies":[{"embeddable":true,"href":"https:\/\/keylessbest.com\/fr\/wp-json\/wp\/v2\/comments?post=17751"}],"version-history":[{"count":2,"href":"https:\/\/keylessbest.com\/fr\/wp-json\/wp\/v2\/product\/17751\/revisions"}],"predecessor-version":[{"id":19384,"href":"https:\/\/keylessbest.com\/fr\/wp-json\/wp\/v2\/product\/17751\/revisions\/19384"}],"wp:featuredmedia":[{"embeddable":true,"href":"https:\/\/keylessbest.com\/fr\/wp-json\/wp\/v2\/media\/21541"}],"wp:attachment":[{"href":"https:\/\/keylessbest.com\/fr\/wp-json\/wp\/v2\/media?parent=17751"}],"wp:term":[{"taxonomy":"product_brand","embeddable":true,"href":"https:\/\/keylessbest.com\/fr\/wp-json\/wp\/v2\/product_brand?post=17751"},{"taxonomy":"product_cat","embeddable":true,"href":"https:\/\/keylessbest.com\/fr\/wp-json\/wp\/v2\/product_cat?post=17751"},{"taxonomy":"product_tag","embeddable":true,"href":"https:\/\/keylessbest.com\/fr\/wp-json\/wp\/v2\/product_tag?post=17751"},{"taxonomy":"2_year_make_model","embeddable":true,"href":"https:\/\/keylessbest.com\/fr\/wp-json\/wp\/v2\/2_year_make_model?post=17751"}],"curies":[{"name":"wp","href":"https:\/\/api.w.org\/{rel}","templated":true}]}}