{"id":17968,"date":"2025-08-19T09:55:12","date_gmt":"2025-08-19T09:55:12","guid":{"rendered":"https:\/\/hanwuji.shengjit.com\/?post_type=product&#038;p=17968"},"modified":"2026-02-13T01:19:35","modified_gmt":"2026-02-13T01:19:35","slug":"cle-de-telecommande-kia-2010-2013-95430-2k340-315mhz-pour-keylessbest","status":"publish","type":"product","link":"https:\/\/keylessbest.com\/fr\/product\/cle-de-telecommande-kia-2010-2013-95430-2k340-315mhz-pour-keylessbest\/","title":{"rendered":"T\u00e9l\u00e9commande Kia 2010-2013 95430-2K340 315MHz pour Keylessbest"},"content":{"rendered":"<p>*Les informations d\u00e9taill\u00e9es de cette t\u00e9l\u00e9commande sans cl\u00e9 Kia de 2010 \u00e0 2013 sont les suivantes. Veuillez confirmer que les d\u00e9tails suivants correspondent \u00e0 votre v\u00e9hicule avant de commander : ID FCC, Num\u00e9ro de pi\u00e8ce, Ann\u00e9e du mod\u00e8le, IC, Fr\u00e9quence, Puce et Boutons.<\/p>\n<h6><strong><b>Informations sur le produit :<\/b><\/strong><\/h6>\n<ul>\n<li>ID FCC : NY0SEKSAM11ATX (AM-FL)-315-AME<\/li>\n<li>PN : 95430-2K340 95430-2K341<\/li>\n<li>IC : SEKS-AM11ATX<\/li>\n<li>Fr\u00e9quence : 315MHz<\/li>\n<li>Boutons : Verrouiller, D\u00e9verrouiller, Panique<\/li>\n<\/ul>\n<h6><strong><b>Le mod\u00e8le de r\u00e9f\u00e9rence :<\/b><\/strong><\/h6>\n<ul>\n<li>Kia Soul 2010 \u2013 2013<br \/>\nREMARQUE : Il existe 2 versions de cl\u00e9s \u00e0 bascule \u00e0 distance pour l'ID FCC : NYOSEKSAM11ATX. L'ID FCC et l'ASSEMBLAGE doivent correspondre pour les deux. Veuillez faire correspondre le num\u00e9ro de pi\u00e8ce. Cette cl\u00e9 ne fonctionnera qu'avec 95430-2K340 ou 95430-2K341. Une autre version de cette cl\u00e9 pourrait \u00eatre livr\u00e9e avec le PN 95430-2K250RFK-KIA-SOL340. Neuf, pi\u00e8ce de rechange apr\u00e8s march\u00e9 :<br \/>\nID FCC : NY0SEKSAM11ATX (AM-FL)-315-AME<br \/>\nASSEMBLAGE : (AM-FL)-315-AME<br \/>\nIC : SEKS-AM11ATX<br \/>\nCAN : 3109ASEKSAM11ATX<br \/>\nS\u00e9rie de codes : WC1001-3500<br \/>\nFr\u00e9quence : 315 MHz<br \/>\nPile : CR2032<br \/>\nBoutons : Verrouiller, D\u00e9verrouiller, Panique<br \/>\nBascule de lame de rechange incluse : FKB-KIA-2K000<br \/>\nCl\u00e9 de test : HY15 KK8-P<br \/>\nRemplace PN : 95430-2K340 95430-2K341<br \/>\nFabricant : KeylessFactoryCompatible avec ce qui suit :<\/p>\n<p>Kia Soul 2010 \u2013 2013<br \/>\nNOTE : Il existe 2 versions de cl\u00e9s \u00e0 bascule \u00e0 distance pour FCC ID : NYOSEKSAM11ATX. L'ID FCC et l'ASSEMBLAGE doivent correspondre pour les deux.<\/p>\n<p>Veuillez v\u00e9rifier le num\u00e9ro de pi\u00e8ce. Cette cl\u00e9 ne fonctionnera qu'avec 95430-2K340 ou 95430-2K341<\/p>\n<p>Une autre version de cette cl\u00e9 pourrait \u00eatre livr\u00e9e avec PN 95430-2K250<\/p>\n<p>Compatible avec<\/li>\n<\/ul>\n<h6><strong><b>Contenu du colis :<\/b><\/strong><\/h6>\n<ul>\n<li>Une nouvelle t\u00e9l\u00e9commande sans cl\u00e9 de rechange<\/li>\n<li>Une cl\u00e9 d'urgence de rechange gratuite<\/li>\n<li>Tous les \u00e9metteurs sont livr\u00e9s avec une batterie<\/li>\n<li>Toutes les unit\u00e9s sont test\u00e9es avant l'exp\u00e9dition<\/li>\n<li>Garantie de satisfaction et garantie de 2 ans pour 100%<\/li>\n<\/ul>\n<h6><strong><b>Remarque :<\/b><\/strong><\/h6>\n<ul>\n<li>Remplacement de la cl\u00e9 d'entr\u00e9e sans cl\u00e9 intelligente pour Kia de 2010 \u00e0 2013 \u2013 sans logo, avec une cl\u00e9 d'urgence non coup\u00e9e incluse.<\/li>\n<li>Nous ne coupons ni ne programmons la cl\u00e9 \u00e0 distance. De plus, pour les prix, veuillez contacter un serrurier local ou un concessionnaire.<\/li>\n<li>Ce transmetteur est compatible avec les v\u00e9hicules \u00e9quip\u00e9s d'un bouton de d\u00e9marrage\/arr\u00eat sur le tableau de bord ou d'une cl\u00e9 \u00e0 rotation, ainsi qu'un syst\u00e8me d'entr\u00e9e sans cl\u00e9 proxy.<\/li>\n<li>Le prix concerne une t\u00e9l\u00e9commande d'entr\u00e9e sans cl\u00e9 de remplacement compl\u00e8te, cl\u00e9 d'urgence incluse.<\/li>\n<li>Par cons\u00e9quent, nous recommandons fortement de faire programmer votre KEY FOB par un serrurier professionnel ou un concessionnaire.<\/li>\n<\/ul>\n<h6><strong>Ressources de programmation :<\/strong><\/h6>\n<p><a href=\"http:\/\/programyourfob.com\/?list_19\/\" target=\"_blank\" rel=\"noopener\">http:\/\/programyourfob.com\/?list_19\/<\/a><\/p>\n<p>Merci de nous avoir choisis.<\/p>\n<p>Nous sommes l'un des fabricants les plus professionnels de cl\u00e9s de voiture, syst\u00e8mes d'entr\u00e9e sans cl\u00e9, t\u00e9l\u00e9commandes de cl\u00e9s de voiture, puces transpondeurs, programmeurs de cl\u00e9s, coques de cl\u00e9s de voiture, serrures de voiture, outils de serrurier, etc. De plus, notre entreprise dispose d'une \u00e9quipe professionnelle et d'une ligne de production. En outre, nous sommes sp\u00e9cialis\u00e9s dans la production de diverses cl\u00e9s de voiture, coques de cl\u00e9s, et outils de serrurier. Nous g\u00e9rons \u00e9galement le d\u00e9veloppement, la fabrication et la vente en gros de produits de s\u00e9curit\u00e9 et de protection automobile.<\/p>\n<p>Des prix comp\u00e9titifs et des services d\u00e9vou\u00e9s vous aideront \u00e0 conqu\u00e9rir un bon march\u00e9. De plus, une \u00e9quipe de plus de 10 jeunes et dynamiques commerciaux offre un service rapide, professionnel et amical \u00e0 tout moment. En outre, tous nos produits sont exp\u00e9di\u00e9s directement depuis l'entrep\u00f4t en France, en Allemagne et en Espagne. Ainsi, les marchandises que vous achetez seront emball\u00e9es et exp\u00e9di\u00e9es dans les 48 heures suivant votre commande. Plus de 100% de nos produits sont en stock, et l'inventaire est suffisant.<\/p>","protected":false},"excerpt":{"rendered":"<ul>\n<li>R\u00e9f\u00e9rence SKU : CA-HY902<\/li>\n<li>ID FCC : NY0SEKSAM11ATX (AM-FL)-315-AME<\/li>\n<li>PN : 95430-2K340 95430-2K341<\/li>\n<li>IC : SEKS-AM11ATX<\/li>\n<li>Fr\u00e9quence : 315MHz<\/li>\n<li>Boutons : Verrouiller, D\u00e9verrouiller, Panique<\/li>\n<\/ul>","protected":false},"featured_media":21155,"comment_status":"open","ping_status":"closed","template":"","meta":{"_bst_post_transparent":"default","_bst_post_title":"","_bst_post_layout":"default","_bst_post_sidebar_id":"","_bst_post_content_style":"default","_bst_post_vertical_padding":"default","_bst_post_feature":"","_bst_post_feature_position":"","_bst_post_header":false,"_bst_post_footer":false},"product_brand":[],"product_cat":[15,169],"product_tag":[],"2_year_make_model":[],"class_list":{"0":"post-17968","1":"product","2":"type-product","3":"status-publish","4":"has-post-thumbnail","6":"product_cat-carkeyremote","7":"product_cat-for-kia","9":"first","10":"instock","11":"sale","12":"shipping-taxable","13":"purchasable","14":"product-type-simple","15":"entry","16":"content-bg","17":"loop-entry"},"_links":{"self":[{"href":"https:\/\/keylessbest.com\/fr\/wp-json\/wp\/v2\/product\/17968","targetHints":{"allow":["GET"]}}],"collection":[{"href":"https:\/\/keylessbest.com\/fr\/wp-json\/wp\/v2\/product"}],"about":[{"href":"https:\/\/keylessbest.com\/fr\/wp-json\/wp\/v2\/types\/product"}],"replies":[{"embeddable":true,"href":"https:\/\/keylessbest.com\/fr\/wp-json\/wp\/v2\/comments?post=17968"}],"version-history":[{"count":4,"href":"https:\/\/keylessbest.com\/fr\/wp-json\/wp\/v2\/product\/17968\/revisions"}],"predecessor-version":[{"id":20328,"href":"https:\/\/keylessbest.com\/fr\/wp-json\/wp\/v2\/product\/17968\/revisions\/20328"}],"wp:featuredmedia":[{"embeddable":true,"href":"https:\/\/keylessbest.com\/fr\/wp-json\/wp\/v2\/media\/21155"}],"wp:attachment":[{"href":"https:\/\/keylessbest.com\/fr\/wp-json\/wp\/v2\/media?parent=17968"}],"wp:term":[{"taxonomy":"product_brand","embeddable":true,"href":"https:\/\/keylessbest.com\/fr\/wp-json\/wp\/v2\/product_brand?post=17968"},{"taxonomy":"product_cat","embeddable":true,"href":"https:\/\/keylessbest.com\/fr\/wp-json\/wp\/v2\/product_cat?post=17968"},{"taxonomy":"product_tag","embeddable":true,"href":"https:\/\/keylessbest.com\/fr\/wp-json\/wp\/v2\/product_tag?post=17968"},{"taxonomy":"2_year_make_model","embeddable":true,"href":"https:\/\/keylessbest.com\/fr\/wp-json\/wp\/v2\/2_year_make_model?post=17968"}],"curies":[{"name":"wp","href":"https:\/\/api.w.org\/{rel}","templated":true}]}}