{"id":17969,"date":"2025-08-19T09:55:12","date_gmt":"2025-08-19T09:55:12","guid":{"rendered":"https:\/\/hanwuji.shengjit.com\/?post_type=product&#038;p=17969"},"modified":"2026-02-11T06:56:05","modified_gmt":"2026-02-11T06:56:05","slug":"cle-de-voiture-chevrolet-2020-2025-pn-13545335-pour-keylessbest","status":"publish","type":"product","link":"https:\/\/keylessbest.com\/fr\/product\/cle-de-voiture-chevrolet-2020-2025-pn-13545335-pour-keylessbest\/","title":{"rendered":"Cl\u00e9 de voiture Chevrolet 2020-2025 PN 13545335 pour keylessbest"},"content":{"rendered":"<p>*Les informations d\u00e9taill\u00e9es de cette t\u00e9l\u00e9commande sans cl\u00e9 pour Chevrolet 2020-2024 sont les suivantes. Veuillez confirmer que les d\u00e9tails suivants correspondent \u00e0 votre v\u00e9hicule avant de commander : ID FCC, Num\u00e9ro de pi\u00e8ce, Ann\u00e9e Mod\u00e8le, IC, Fr\u00e9quence, Puce et Boutons.<\/p>\n<h6><strong><b>Informations sur le produit : <\/b><\/strong><\/h6>\n<ul>\n<li>ID FCC : YG0G21TB2, HUFGM2718<\/li>\n<li>PN : 13545335, 13541559, 13536127, 13537958, 13548433<\/li>\n<li>Fr\u00e9quence : 433MHz<\/li>\n<li>Puce : 49<\/li>\n<li>Cl\u00e9 de test : HU100<\/li>\n<li>Boutons :Verrouiller, D\u00e9verrouiller, Panique, Capot \/ Vitre, D\u00e9marrage \u00e0 distance<\/li>\n<li>Pile : CR2450<\/li>\n<\/ul>\n<h6><strong><b>Le mod\u00e8le de r\u00e9f\u00e9rence :<\/b><\/strong><\/h6>\n<ul>\n<li>Chevrolet Suburban 2020 \u2013 2024<\/li>\n<li>Chevrolet Tahoe 2020 \u2013 2024<\/li>\n<\/ul>\n<h6><strong><b>Contenu du colis :<\/b><\/strong><\/h6>\n<ul>\n<li>Une nouvelle t\u00e9l\u00e9commande sans cl\u00e9 de rechange<\/li>\n<li>Gratuit <a href=\"https:\/\/keylessbest.com\/fr\/differences-entre-telecommande-de-rechange-et-oem-et-guide-dachat\/\"  data-wpil-monitor-id=\"1931\">cl\u00e9 d'urgence de remplacement apr\u00e8s-vente<\/a><\/li>\n<li>Tous les \u00e9metteurs sont livr\u00e9s avec une batterie<\/li>\n<li>Toutes les unit\u00e9s sont test\u00e9es avant l'exp\u00e9dition<\/li>\n<li>Garantie de satisfaction et garantie de 2 ans pour 100%<\/li>\n<\/ul>\n<h6><strong><b>Remarque :<\/b><\/strong><\/h6>\n<ul>\n<li>Le remplacement de la t\u00e9l\u00e9commande d'entr\u00e9e sans cl\u00e9 Chevrolet 2020-2024 \u2013 sans logo, avec une cl\u00e9 d'urgence non coup\u00e9e incluse.<\/li>\n<li>Nous ne coupons ni ne programmons la cl\u00e9 \u00e0 distance. De plus, pour les prix, veuillez contacter un serrurier local ou un concessionnaire.<\/li>\n<li>Ce transmetteur est compatible avec les v\u00e9hicules \u00e9quip\u00e9s d\u2019un bouton de d\u00e9marrage\/arr\u00eat sur le tableau de bord ou d\u2019une commande de d\u00e9marrage par rotation, ainsi qu\u2019un proxy. <a href=\"https:\/\/keylessbest.com\/fr\/product\/2004-2011-mazda-3-6-hatchback-6-sedan-6-break-miata-mx-5-rx-8-telecommande-dentree-sans-cle-a-4-boutons-kpu41788-pngp7a-67-5ryb-4238a-41524-ff14-67-5ry-63-80-bits\/\"  data-wpil-monitor-id=\"1930\">entr\u00e9e sans cl\u00e9<\/a> syst\u00e8me.<\/li>\n<li>Le prix concerne une t\u00e9l\u00e9commande d'entr\u00e9e sans cl\u00e9 de remplacement compl\u00e8te, cl\u00e9 d'urgence incluse.<\/li>\n<li>Par cons\u00e9quent, nous recommandons fortement que votre TELECOMMANDE soit programm\u00e9e par un serrurier professionnel ou un concessionnaire.<\/li>\n<\/ul>\n<h6><strong><b>Ressources de programmation\u00a0<\/b><\/strong><\/h6>\n<p><a href=\"http:\/\/programyourfob.com\/?list_6\/\" target=\"_blank\" rel=\"noopener\"><u>http:\/\/programyourfob.com\/?list_6\/<\/u><\/a><\/p>\n<p>Merci de nous avoir choisis.<\/p>\n<p>We are one of the most professional manufacturers of car keys, keyless entry system, car key remote, transponder chips, key programmers, car key shells, car locks, locksmith tools and so on. Moreover, Our company has professional team and production line. Furthermore , we specialize in producing various <a href=\"https:\/\/keylessbest.com\/fr\/que-faire-si-vous-perdez-vos-cles-de-voiture-guide-etape-par-etape-2025\/\" data-wpil-monitor-id=\"1929\">cl\u00e9s de voiture<\/a>, coques de cl\u00e9s de voiture, et outils de serrurier. Nous g\u00e9rons \u00e9galement le d\u00e9veloppement, la fabrication et la vente en gros de produits de s\u00e9curit\u00e9 et de protection automobile.<\/p>\n<p>Des prix comp\u00e9titifs et des services d\u00e9vou\u00e9s vous aideront \u00e0 conqu\u00e9rir un bon march\u00e9. De plus, une \u00e9quipe de plus de 10 jeunes et dynamiques commerciaux offre un service rapide, professionnel et amical \u00e0 tout moment. En outre, tous nos produits sont exp\u00e9di\u00e9s directement depuis l'entrep\u00f4t en France, en Allemagne et en Espagne. Ainsi, les marchandises que vous achetez seront emball\u00e9es et exp\u00e9di\u00e9es dans les 48 heures suivant votre commande. Plus de 100% de nos produits sont en stock, et l'inventaire est suffisant.<\/p>","protected":false},"excerpt":{"rendered":"<ul>\n<li>SKU : CA-GM955<\/li>\n<li>ID FCC : YG0G21TB2, HUFGM2718<\/li>\n<li>PN : 13545335, 13541559, 13536127, 13537958, 13548433<\/li>\n<li>Fr\u00e9quence : 433MHz<\/li>\n<li>Puce : 49<\/li>\n<li>Cl\u00e9 de test : HU100<\/li>\n<li>Boutons :Verrouiller, D\u00e9verrouiller, Panique, Capot \/ Vitre, D\u00e9marrage \u00e0 distance<\/li>\n<li>Pile : CR2450<\/li>\n<\/ul>","protected":false},"featured_media":20841,"comment_status":"open","ping_status":"closed","template":"","meta":{"_bst_post_transparent":"default","_bst_post_title":"","_bst_post_layout":"default","_bst_post_sidebar_id":"","_bst_post_content_style":"default","_bst_post_vertical_padding":"default","_bst_post_feature":"","_bst_post_feature_position":"","_bst_post_header":false,"_bst_post_footer":false},"product_brand":[],"product_cat":[15,150],"product_tag":[],"2_year_make_model":[],"class_list":{"0":"post-17969","1":"product","2":"type-product","3":"status-publish","4":"has-post-thumbnail","6":"product_cat-carkeyremote","7":"product_cat-for-chevrolet","9":"first","10":"instock","11":"sale","12":"shipping-taxable","13":"purchasable","14":"product-type-simple","15":"entry","16":"content-bg","17":"loop-entry"},"_links":{"self":[{"href":"https:\/\/keylessbest.com\/fr\/wp-json\/wp\/v2\/product\/17969","targetHints":{"allow":["GET"]}}],"collection":[{"href":"https:\/\/keylessbest.com\/fr\/wp-json\/wp\/v2\/product"}],"about":[{"href":"https:\/\/keylessbest.com\/fr\/wp-json\/wp\/v2\/types\/product"}],"replies":[{"embeddable":true,"href":"https:\/\/keylessbest.com\/fr\/wp-json\/wp\/v2\/comments?post=17969"}],"version-history":[{"count":4,"href":"https:\/\/keylessbest.com\/fr\/wp-json\/wp\/v2\/product\/17969\/revisions"}],"predecessor-version":[{"id":20842,"href":"https:\/\/keylessbest.com\/fr\/wp-json\/wp\/v2\/product\/17969\/revisions\/20842"}],"wp:featuredmedia":[{"embeddable":true,"href":"https:\/\/keylessbest.com\/fr\/wp-json\/wp\/v2\/media\/20841"}],"wp:attachment":[{"href":"https:\/\/keylessbest.com\/fr\/wp-json\/wp\/v2\/media?parent=17969"}],"wp:term":[{"taxonomy":"product_brand","embeddable":true,"href":"https:\/\/keylessbest.com\/fr\/wp-json\/wp\/v2\/product_brand?post=17969"},{"taxonomy":"product_cat","embeddable":true,"href":"https:\/\/keylessbest.com\/fr\/wp-json\/wp\/v2\/product_cat?post=17969"},{"taxonomy":"product_tag","embeddable":true,"href":"https:\/\/keylessbest.com\/fr\/wp-json\/wp\/v2\/product_tag?post=17969"},{"taxonomy":"2_year_make_model","embeddable":true,"href":"https:\/\/keylessbest.com\/fr\/wp-json\/wp\/v2\/2_year_make_model?post=17969"}],"curies":[{"name":"wp","href":"https:\/\/api.w.org\/{rel}","templated":true}]}}