{"id":18011,"date":"2025-08-19T09:55:58","date_gmt":"2025-08-19T09:55:58","guid":{"rendered":"https:\/\/hanwuji.shengjit.com\/?post_type=product&#038;p=18011"},"modified":"2026-02-12T09:11:29","modified_gmt":"2026-02-12T09:11:29","slug":"cle-de-telecommande-benz-2010-2014-iyz-3312-315mhz-pour-keylessbest","status":"publish","type":"product","link":"https:\/\/keylessbest.com\/fr\/product\/cle-de-telecommande-benz-2010-2014-iyz-3312-315mhz-pour-keylessbest\/","title":{"rendered":"2010-2014 Cl\u00e9 de voiture Benz IYZ-3312 315MHz pour Keylessbest"},"content":{"rendered":"<p>*Les informations d\u00e9taill\u00e9es de cette cl\u00e9 sans contact Mercedes Benz 2010-2014 sont les suivantes. Veuillez confirmer que les d\u00e9tails suivants correspondent \u00e0 votre v\u00e9hicule avant de commander : ID FCC, Num\u00e9ro de pi\u00e8ce, Ann\u00e9e du mod\u00e8le, IC, Fr\u00e9quence, Puce, et Boutons.<\/p>\n<h6><strong><b>Informations sur le produit :<\/b><\/strong><\/h6>\n<ul>\n<li>ID FCC : IYZ-3312<\/li>\n<li>Fr\u00e9quence : 315MHz<\/li>\n<li>Cl\u00e9 de test : ST-HU64<\/li>\n<li>Boutons : Verrouiller, D\u00e9verrouiller, Coffre, Panique<\/li>\n<\/ul>\n<h6><strong><b>Le mod\u00e8le de r\u00e9f\u00e9rence :<\/b><\/strong><\/h6>\n<ul>\n<li>Mercedes S-W221 2010 \u2013 2013<\/li>\n<li>Mercedes GL-W164 2010 \u2013 2012<\/li>\n<li>Mercedes ML-W164 2010 \u2013 2012<\/li>\n<li>2010 \u2013 2014 Mercedes R-W251Compatible avec l'outil VVDI MB\u00c9crire des donn\u00e9es par IR pour Mercedes avec FBS3 apr\u00e8s 2009<br \/>\nTant que vous pouvez lire les donn\u00e9es du commutateur d'allumage et collecter le mot de passe correct, la cl\u00e9 peut fonctionner comme la cl\u00e9 sans contact OEM<\/p>\n<p>Remarque :<br \/>\nNe supporte pas la Classe C et la Classe E de 2010 \u00e0 2014.<br \/>\nLa cl\u00e9 comprend une batterie.<br \/>\nNon r\u00e9utilisable<br \/>\nLa cl\u00e9 peut \u00eatre programm\u00e9e comme une cl\u00e9 normale<\/p>\n<p>Comment utiliser la cl\u00e9 Keyless Go MB FBS3 ?<\/p>\n<p>La cl\u00e9 Keyless Go MB FBS3 BGA permet \u00e0 l'utilisateur d'\u00e9crire les donn\u00e9es via IR \u2013 Note : le fichier de donn\u00e9es de type 51 doit \u00eatre charg\u00e9 et la batterie doit \u00eatre install\u00e9e<\/p>\n<p>Fournissez simplement au programmeur les donn\u00e9es de la cl\u00e9 051 qui sont calcul\u00e9es et attendez que l'\u00e9criture de la cl\u00e9 intelligente soit termin\u00e9e<\/li>\n<\/ul>\n<h6><strong><b>Contenu du colis :<\/b><\/strong><\/h6>\n<ul>\n<li>Une nouvelle t\u00e9l\u00e9commande sans cl\u00e9 de rechange<\/li>\n<li>Une cl\u00e9 d'urgence de rechange gratuite<\/li>\n<li>Tous les \u00e9metteurs sont livr\u00e9s avec une batterie<\/li>\n<li>Toutes les unit\u00e9s sont test\u00e9es avant l'exp\u00e9dition<\/li>\n<li>Garantie de satisfaction et garantie de 2 ans pour 100%<\/li>\n<\/ul>\n<h6><strong><b>Remarque :<\/b><\/strong><\/h6>\n<ul>\n<li>Remplacement de la cl\u00e9 d'entr\u00e9e sans contact Mercedes Benz 2010-2014 \u2013 sans logo, avec une cl\u00e9 d'urgence non coup\u00e9e incluse.<\/li>\n<li>Nous ne coupons ni ne programmons la cl\u00e9 \u00e0 distance. De plus, pour les prix, veuillez contacter un serrurier local ou un concessionnaire.<\/li>\n<li>Ce transmetteur est compatible avec les v\u00e9hicules \u00e9quip\u00e9s d'un bouton de d\u00e9marrage\/arr\u00eat sur le tableau de bord ou d'une cl\u00e9 \u00e0 rotation, ainsi qu'un syst\u00e8me d'entr\u00e9e sans cl\u00e9 proxy.<\/li>\n<li>Le prix concerne une t\u00e9l\u00e9commande d'entr\u00e9e sans cl\u00e9 de remplacement compl\u00e8te, cl\u00e9 d'urgence incluse.<\/li>\n<li>Par cons\u00e9quent, nous recommandons fortement de faire programmer votre KEY FOB par un serrurier professionnel ou un concessionnaire.<\/li>\n<\/ul>\n<h6><strong>Ressources de programmation :<\/strong><\/h6>\n<p>Merci de nous avoir choisis.<\/p>\n<p>Nous sommes l'un des fabricants les plus professionnels de cl\u00e9s de voiture, syst\u00e8mes d'entr\u00e9e sans cl\u00e9, t\u00e9l\u00e9commandes de cl\u00e9s de voiture, puces transpondeurs, programmeurs de cl\u00e9s, coques de cl\u00e9s de voiture, serrures de voiture, outils de serrurier, etc. De plus, notre entreprise dispose d'une \u00e9quipe professionnelle et d'une ligne de production. En outre, nous sommes sp\u00e9cialis\u00e9s dans la production de diverses cl\u00e9s de voiture, coques de cl\u00e9s, et outils de serrurier. Nous g\u00e9rons \u00e9galement le d\u00e9veloppement, la fabrication et la vente en gros de produits de s\u00e9curit\u00e9 et de protection automobile.<\/p>\n<p>Des prix comp\u00e9titifs et des services d\u00e9vou\u00e9s vous aideront \u00e0 conqu\u00e9rir un bon march\u00e9. De plus, une \u00e9quipe de plus de 10 jeunes et dynamiques commerciaux offre un service rapide, professionnel et amical \u00e0 tout moment. En outre, tous nos produits sont exp\u00e9di\u00e9s directement depuis l'entrep\u00f4t en France, en Allemagne et en Espagne. Ainsi, les marchandises que vous achetez seront emball\u00e9es et exp\u00e9di\u00e9es dans les 48 heures suivant votre commande. Plus de 100% de nos produits sont en stock, et l'inventaire est suffisant.<\/p>","protected":false},"excerpt":{"rendered":"<ul>\n<li>SKU : CA-BZ947<\/li>\n<li>ID FCC : IYZ-3312<\/li>\n<li>Fr\u00e9quence : 315MHz<\/li>\n<li>Cl\u00e9 de test : ST-HU64<\/li>\n<li>Boutons : Verrouiller, D\u00e9verrouiller, Coffre, Panique<\/li>\n<\/ul>","protected":false},"featured_media":21078,"comment_status":"open","ping_status":"closed","template":"","meta":{"_bst_post_transparent":"default","_bst_post_title":"","_bst_post_layout":"default","_bst_post_sidebar_id":"","_bst_post_content_style":"default","_bst_post_vertical_padding":"default","_bst_post_feature":"","_bst_post_feature_position":"","_bst_post_header":false,"_bst_post_footer":false},"product_brand":[],"product_cat":[15,163],"product_tag":[],"2_year_make_model":[],"class_list":{"0":"post-18011","1":"product","2":"type-product","3":"status-publish","4":"has-post-thumbnail","6":"product_cat-carkeyremote","7":"product_cat-for-mercedes-benz","9":"first","10":"instock","11":"sale","12":"shipping-taxable","13":"purchasable","14":"product-type-simple","15":"entry","16":"content-bg","17":"loop-entry"},"_links":{"self":[{"href":"https:\/\/keylessbest.com\/fr\/wp-json\/wp\/v2\/product\/18011","targetHints":{"allow":["GET"]}}],"collection":[{"href":"https:\/\/keylessbest.com\/fr\/wp-json\/wp\/v2\/product"}],"about":[{"href":"https:\/\/keylessbest.com\/fr\/wp-json\/wp\/v2\/types\/product"}],"replies":[{"embeddable":true,"href":"https:\/\/keylessbest.com\/fr\/wp-json\/wp\/v2\/comments?post=18011"}],"version-history":[{"count":2,"href":"https:\/\/keylessbest.com\/fr\/wp-json\/wp\/v2\/product\/18011\/revisions"}],"predecessor-version":[{"id":20165,"href":"https:\/\/keylessbest.com\/fr\/wp-json\/wp\/v2\/product\/18011\/revisions\/20165"}],"wp:featuredmedia":[{"embeddable":true,"href":"https:\/\/keylessbest.com\/fr\/wp-json\/wp\/v2\/media\/21078"}],"wp:attachment":[{"href":"https:\/\/keylessbest.com\/fr\/wp-json\/wp\/v2\/media?parent=18011"}],"wp:term":[{"taxonomy":"product_brand","embeddable":true,"href":"https:\/\/keylessbest.com\/fr\/wp-json\/wp\/v2\/product_brand?post=18011"},{"taxonomy":"product_cat","embeddable":true,"href":"https:\/\/keylessbest.com\/fr\/wp-json\/wp\/v2\/product_cat?post=18011"},{"taxonomy":"product_tag","embeddable":true,"href":"https:\/\/keylessbest.com\/fr\/wp-json\/wp\/v2\/product_tag?post=18011"},{"taxonomy":"2_year_make_model","embeddable":true,"href":"https:\/\/keylessbest.com\/fr\/wp-json\/wp\/v2\/2_year_make_model?post=18011"}],"curies":[{"name":"wp","href":"https:\/\/api.w.org\/{rel}","templated":true}]}}