{"id":18169,"date":"2025-11-28T03:22:12","date_gmt":"2025-11-28T03:22:12","guid":{"rendered":"https:\/\/keylessbest.com\/?post_type=product&#038;p=18169"},"modified":"2026-02-25T05:52:48","modified_gmt":"2026-02-25T05:52:48","slug":"2002-2007-cle-de-voiture-nissan-kbrastu15-315mhz-pour-sans-cle-meilleur","status":"publish","type":"product","link":"https:\/\/keylessbest.com\/fr\/product\/2002-2007-cle-de-voiture-nissan-kbrastu15-315mhz-pour-sans-cle-meilleur\/","title":{"rendered":"Cl\u00e9 t\u00e9l\u00e9commande Nissan 2002-2007 KBRASTU15 315MHz pour Keylessbest"},"content":{"rendered":"<p>*Les informations d\u00e9taill\u00e9es de cette cl\u00e9 sans fil d'entr\u00e9e sans cl\u00e9 Infiniti Nissan de 2011 \u00e0 2019 sont les suivantes. Veuillez confirmer que les d\u00e9tails suivants correspondent \u00e0 votre v\u00e9hicule avant de commander : ID FCC, Num\u00e9ro de pi\u00e8ce, Ann\u00e9e Mod\u00e8le, IC, Fr\u00e9quence, Puce et Boutons.<\/p>\n<h6><strong><b>Informations sur le produit : <\/b><\/strong><\/h6>\n<ul>\n<li>(petite cl\u00e9 t\u00eate en argent)<\/li>\n<li>Radio Nissan 3 cl\u00e9s<\/li>\n<li>KBRASTU15 modifi\u00e9<\/li>\n<li>Fr\u00e9quence : 315MHz<\/li>\n<\/ul>\n<h6><strong><b>Le mod\u00e8le de r\u00e9f\u00e9rence :<\/b><\/strong><\/h6>\n<ul>\n<li>2002 &#8211; 2006 <a href=\"https:\/\/keylessbest.com\/fr\/product\/2003-2019-nissan-chevrolet-infiniti-350z-sentra-fe-s-sr-sv-altima-armada-cube-juke-maxima-micra-nv-rogue-versa-versa-note-pathfinder-murano-quest-frontier-titan-xterra-city-express-fx35-fx45-g35-qx\/\" data-wpil-monitor-id=\"1632\">Nissan Frontier<\/a> Pick-up<\/li>\n<li>2004 &#8211; 2006 <a href=\"https:\/\/keylessbest.com\/fr\/product\/nissan-murano-sv-pathfinder-titan-2015-2020-telecommande-dentree-sans-cle-a-4-boutons-kr5s180144014-pn-285e3-5aa3d-285e35aa3d-285e3-5aa3d-285e3-5aa3c\/\" data-wpil-monitor-id=\"1629\">Nissan Murano<\/a><\/li>\n<li><a href=\"https:\/\/keylessbest.com\/fr\/product\/1999-2004-acura-cl-tl-rl-telecommande-dentree-sans-cle-a-4-boutons-e4eg8d-444h-a-remplace-pn-72147-s0k-a23-72147-s0k-a13__trashed\/\" data-wpil-monitor-id=\"1561\">2002 &#8211; 2004<\/a> Nissan Pathfinder<\/li>\n<li>Nissan Quest 2003 \u2013 2006<\/li>\n<li>2002 &#8211; 2006 <a href=\"https:\/\/keylessbest.com\/fr\/product\/2015-2018-nissan-murano-s-pathfinder-titan-telecommande-dentree-sans-cle-a-3-boutons-kr5s180144014-pn-285e3-5aa1a-4a\/\" data-wpil-monitor-id=\"1633\">Nissan Titan<\/a><\/li>\n<li>Nissan X-Terra 2002 \u2013 2006<\/li>\n<li>Infiniti QX4 2002 \u2013 2003<\/li>\n<li>Infiniti FX35 2003 \u2013 2007<\/li>\n<li>Infiniti FX45 2003 \u2013 2007<\/li>\n<\/ul>\n<h6><strong><b>Contenu du colis :<\/b><\/strong><\/h6>\n<ul>\n<li>Un nouveau march\u00e9 apr\u00e8s-vente <a href=\"https:\/\/keylessbest.com\/fr\/product\/cle-de-telecommande-dentree-sans-cle-pour-ford-fiesta-2011-2017-kr55wk47899-pn164-r8042-remote-164-r8043-lame-164-r8042-164-r8039\/\" data-wpil-monitor-id=\"1627\">cl\u00e9 sans contact<\/a><\/li>\n<li>Une cl\u00e9 d'urgence de rechange gratuite<\/li>\n<li>Tous les \u00e9metteurs sont livr\u00e9s avec une batterie<\/li>\n<li>Toutes les unit\u00e9s sont test\u00e9es avant l'exp\u00e9dition<\/li>\n<li>Garantie de satisfaction et garantie de 2 ans pour 100%<\/li>\n<\/ul>\n<h6><strong><b>Remarque :<\/b><\/strong><\/h6>\n<ul>\n<li>La cl\u00e9 intelligente Nissan Infiniti 2002-2007 <a href=\"https:\/\/keylessbest.com\/fr\/product\/2009-2014-toyota-avalon-camry-corolla-telecommande-dentree-sans-cle-a-3-boutons-hyq14aem-pn-89904-0r060-89904-60770-89904-0r090-89904-42140__trashed\/\" data-wpil-monitor-id=\"1562\">cl\u00e9 d'entr\u00e9e sans cl\u00e9<\/a> remplacement \u2013 sans logo, avec une cl\u00e9 d'insertion d'urgence non d\u00e9coup\u00e9e incluse.<\/li>\n<li>Nous ne coupons pas ni ne programmons la <a href=\"https:\/\/keylessbest.com\/fr\/boutique-de-cles-de-voiture-sans-cle-keylessbestcarkeyfobshop\/\" data-wpil-monitor-id=\"1630\">cl\u00e9 \u00e0 distance<\/a>.De plus, pour les prix, veuillez contacter le serrurier local ou le concessionnaire.<\/li>\n<li>Ce transmetteur est compatible avec les v\u00e9hicules \u00e9quip\u00e9s d\u2019un bouton de d\u00e9marrage\/arr\u00eat sur le tableau de bord ou d\u2019une commande de d\u00e9marrage par rotation, ainsi qu\u2019un proxy. <a href=\"https:\/\/keylessbest.com\/fr\/product\/2014-2022-jeep-grand-cherokee-telecommande-dentree-sans-cle-a-5-boutons-m3n-40821302-pn-68143505ac\/\" data-wpil-monitor-id=\"1628\">entr\u00e9e sans cl\u00e9<\/a> syst\u00e8me.<\/li>\n<li>Le prix est pour un ensemble complet <a href=\"https:\/\/keylessbest.com\/fr\/product\/2014-2015-hyundai-tucson-telecommande-dentree-sans-cle-a-4-boutons-tq8-fob-4f03-remplace-pn-95440-2s600-47-hitag3__trashed\/\" data-wpil-monitor-id=\"1625\">t\u00e9l\u00e9commande d'entr\u00e9e sans cl\u00e9 de remplacement<\/a>, cl\u00e9 d'urgence incluse.<\/li>\n<li>Par cons\u00e9quent, nous vous recommandons vivement de faire v\u00e9rifier votre\u00a0<a href=\"https:\/\/keylessbest.com\/fr\/comment-programmer-rapidement-et-facilement-un-badge-de-cle-etape-par-etape-pour-nimporte-quelle-voiture\/\" data-wpil-monitor-id=\"1626\">Cl\u00e9 de voiture programm\u00e9e<\/a> par un serrurier professionnel ou un revendeur.<\/li>\n<\/ul>\n<h6><strong><b>Ressources de programmation\u00a0<\/b><\/strong><\/h6>\n<p><a href=\"https:\/\/programyourfob.com\/?list_26\/\" target=\"_blank\" rel=\"noopener\">https:\/\/programyourfob.com\/?list_26\/<\/a><\/p>\n<p><a href=\"https:\/\/programyourfob.com\/?list_15\/\" target=\"_blank\" rel=\"noopener\">https:\/\/programyourfob.com\/?list_15\/<\/a><\/p>\n<p>Merci de nous avoir choisis.<\/p>\n<p>Nous sommes l'un des fabricants les plus professionnels de cl\u00e9s de voiture, syst\u00e8mes d'entr\u00e9e sans cl\u00e9, <a href=\"https:\/\/keylessbest.com\/fr\/product\/mazda-3-2007-2009-4-portes-3-5-portes-mazdaspeed-3-3-3-boutons-telecommande-dentree-sans-cle-kpu41794-pn-ban66-75ry-ban6675ry\/\" data-wpil-monitor-id=\"1560\">t\u00e9l\u00e9commande de cl\u00e9 de voiture<\/a>, puces transpondeurs, programmeurs de cl\u00e9s, coques de cl\u00e9s de voiture, serrures de voiture, outils de serrurier et autres. De plus, notre entreprise dispose d'une \u00e9quipe professionnelle et d'une ligne de production. En outre, nous sommes sp\u00e9cialis\u00e9s dans la fabrication de divers <a href=\"https:\/\/keylessbest.com\/fr\/combien-coute-le-remplacement-dune-telecommande-de-voiture-en-2025\/\" data-wpil-monitor-id=\"1631\">cl\u00e9s de voiture<\/a>, coques de cl\u00e9s de voiture, et outils de serrurier. Nous g\u00e9rons \u00e9galement le d\u00e9veloppement, la fabrication et la vente en gros de produits de s\u00e9curit\u00e9 et de protection automobile.<\/p>\n<p>Des prix comp\u00e9titifs et des services d\u00e9vou\u00e9s vous aideront \u00e0 conqu\u00e9rir un bon march\u00e9. De plus, une \u00e9quipe de plus de 10 jeunes et dynamiques commerciaux offre un service rapide, professionnel et amical \u00e0 tout moment. En outre, tous nos produits sont exp\u00e9di\u00e9s directement depuis l'entrep\u00f4t en France, en Allemagne et en Espagne. Ainsi, les marchandises que vous achetez seront emball\u00e9es et exp\u00e9di\u00e9es dans les 48 heures suivant votre commande. Plus de 100% de nos produits sont en stock, et l'inventaire est suffisant.<\/p>","protected":false},"excerpt":{"rendered":"<ul>\n<li>R\u00e9f : CA-NS228<\/li>\n<li>(petite cl\u00e9 t\u00eate en argent)<\/li>\n<li>Radio Nissan 3 cl\u00e9s<\/li>\n<li>KBRASTU15 modifi\u00e9<\/li>\n<li>Fr\u00e9quence : 315MHz<\/li>\n<\/ul>","protected":false},"featured_media":21583,"comment_status":"open","ping_status":"closed","template":"","meta":{"_bst_post_transparent":"default","_bst_post_title":"","_bst_post_layout":"default","_bst_post_sidebar_id":"","_bst_post_content_style":"default","_bst_post_vertical_padding":"default","_bst_post_feature":"","_bst_post_feature_position":"","_bst_post_header":false,"_bst_post_footer":false},"product_brand":[],"product_cat":[386,15,160],"product_tag":[],"2_year_make_model":[],"class_list":{"0":"post-18169","1":"product","2":"type-product","3":"status-publish","4":"has-post-thumbnail","6":"product_cat-for-infiniti","7":"product_cat-carkeyremote","8":"product_cat-for-nissan","10":"first","11":"instock","12":"sale","13":"shipping-taxable","14":"purchasable","15":"product-type-simple","16":"entry","17":"content-bg","18":"loop-entry"},"_links":{"self":[{"href":"https:\/\/keylessbest.com\/fr\/wp-json\/wp\/v2\/product\/18169","targetHints":{"allow":["GET"]}}],"collection":[{"href":"https:\/\/keylessbest.com\/fr\/wp-json\/wp\/v2\/product"}],"about":[{"href":"https:\/\/keylessbest.com\/fr\/wp-json\/wp\/v2\/types\/product"}],"replies":[{"embeddable":true,"href":"https:\/\/keylessbest.com\/fr\/wp-json\/wp\/v2\/comments?post=18169"}],"version-history":[{"count":7,"href":"https:\/\/keylessbest.com\/fr\/wp-json\/wp\/v2\/product\/18169\/revisions"}],"predecessor-version":[{"id":20054,"href":"https:\/\/keylessbest.com\/fr\/wp-json\/wp\/v2\/product\/18169\/revisions\/20054"}],"wp:featuredmedia":[{"embeddable":true,"href":"https:\/\/keylessbest.com\/fr\/wp-json\/wp\/v2\/media\/21583"}],"wp:attachment":[{"href":"https:\/\/keylessbest.com\/fr\/wp-json\/wp\/v2\/media?parent=18169"}],"wp:term":[{"taxonomy":"product_brand","embeddable":true,"href":"https:\/\/keylessbest.com\/fr\/wp-json\/wp\/v2\/product_brand?post=18169"},{"taxonomy":"product_cat","embeddable":true,"href":"https:\/\/keylessbest.com\/fr\/wp-json\/wp\/v2\/product_cat?post=18169"},{"taxonomy":"product_tag","embeddable":true,"href":"https:\/\/keylessbest.com\/fr\/wp-json\/wp\/v2\/product_tag?post=18169"},{"taxonomy":"2_year_make_model","embeddable":true,"href":"https:\/\/keylessbest.com\/fr\/wp-json\/wp\/v2\/2_year_make_model?post=18169"}],"curies":[{"name":"wp","href":"https:\/\/api.w.org\/{rel}","templated":true}]}}