{"id":18192,"date":"2025-09-02T08:59:27","date_gmt":"2025-09-02T08:59:27","guid":{"rendered":"https:\/\/keylessbest.com\/?post_type=product&#038;p=18192"},"modified":"2026-02-26T02:50:18","modified_gmt":"2026-02-26T02:50:18","slug":"cle-de-voiture-lexus-2008-2016-hyq14acx-315mhz-pour-keylessbest","status":"publish","type":"product","link":"https:\/\/keylessbest.com\/fr\/product\/cle-de-voiture-lexus-2008-2016-hyq14acx-315mhz-pour-keylessbest\/","title":{"rendered":"Cl\u00e9 de voiture Lexus 2008-2016 HYQ14ACX 315MHz pour Keylessbest"},"content":{"rendered":"<p>*Les informations d\u00e9taill\u00e9es de cette t\u00e9l\u00e9commande sans cl\u00e9 pour Lexus de 2006 \u00e0 2016 sont les suivantes. Veuillez confirmer que les d\u00e9tails suivants correspondent \u00e0 votre v\u00e9hicule avant de commander : ID FCC, Num\u00e9ro de pi\u00e8ce, Ann\u00e9e Mod\u00e8le, IC, Fr\u00e9quence, Puce, et Boutons.<\/p>\n<h6><strong><b>Informations sur le produit : <\/b><\/strong><\/h6>\n<ul>\n<li>ID FCC : HYQ14ACX<\/li>\n<li>PN : 89904-75030 (logo bleu), 89904-50F90<\/li>\n<li>IC : 1551A-14ACX<\/li>\n<li>Fr\u00e9quence : 315MHz<\/li>\n<li>Puce : 4D DST<\/li>\n<li>Boutons : Verrouiller, D\u00e9verrouiller, Panic, Coffre<\/li>\n<\/ul>\n<h6><strong><b>Le mod\u00e8le de r\u00e9f\u00e9rence :<\/b><\/strong><\/h6>\n<ul>\n<li>Lexus RX350 2009-2015<\/li>\n<li>2010-2015 <a href=\"https:\/\/keylessbest.com\/fr\/product\/2004-2010-lexus-es330-rx330-rx350-rx400h-rx450h-telecommande-dentree-sans-cle-a-3-boutons-hyq12bbt-pnrhk-lexus-3b2-89070-48821-89070-48820-4d-68\/\" data-wpil-monitor-id=\"54\">Lexus RX450h<\/a><\/li>\n<li>Lexus GX460 2010-2016<\/li>\n<li>2008-2013 <a href=\"https:\/\/keylessbest.com\/fr\/product\/2006-2016-lexus-lx570-rx350-telecommande-dentree-sans-cle-a-4-boutons-hyq14aem-pn-89904-60a00-89904-60061__trashed\/\" data-wpil-monitor-id=\"53\">Lexus LX570<\/a><\/li>\n<li>Lexus CT200h 2011-2016<\/li>\n<\/ul>\n<h6><strong><b>Contenu du colis :<\/b><\/strong><\/h6>\n<ul>\n<li>Un nouveau march\u00e9 apr\u00e8s-vente <a href=\"https:\/\/keylessbest.com\/fr\/product\/2018-2022-toyota-camry-camry-hybride-corolla-telecommande-dentree-sans-cle-a-4-boutons-hyq12bfb-pn-89070-06790-h\/\" data-wpil-monitor-id=\"55\">t\u00e9l\u00e9commande sans cl\u00e9<\/a> fob<\/li>\n<li>Une cl\u00e9 d'urgence de rechange gratuite<\/li>\n<li>Tous les \u00e9metteurs sont livr\u00e9s avec une batterie<\/li>\n<li>Toutes les unit\u00e9s sont test\u00e9es avant l'exp\u00e9dition<\/li>\n<li>Garantie de satisfaction et garantie de 2 ans pour 100%<\/li>\n<\/ul>\n<h6><strong><b>Remarque :<\/b><\/strong><\/h6>\n<ul>\n<li>Les 2008-2016 <a href=\"https:\/\/keylessbest.com\/fr\/product\/2013-2020-lexus-es300h-es350-gs350-gs450h-lexus-gs-f-telecommande-dentree-sans-cle-a-4-boutons-hyq14fba-pn-89904-30g90-89904-30k20h-89904-06170-89904-30a91\/\" data-wpil-monitor-id=\"50\">Cl\u00e9 intelligente d'entr\u00e9e sans cl\u00e9 Lexus<\/a> remplacement \u2013 sans logo, avec une cl\u00e9 d'insertion d'urgence non d\u00e9coup\u00e9e incluse.<\/li>\n<li>Nous ne coupons ni ne programmons la cl\u00e9 \u00e0 distance. De plus, pour les prix, veuillez contacter un serrurier local ou un concessionnaire.<\/li>\n<li>Ce transmetteur est compatible avec les v\u00e9hicules \u00e9quip\u00e9s d\u2019un bouton de d\u00e9marrage\/arr\u00eat sur le tableau de bord ou d\u2019une commande de d\u00e9marrage par rotation, ainsi qu\u2019un proxy. <a href=\"https:\/\/keylessbest.com\/fr\/product\/2015-2017-honda-fit-ex-fit-ex-l-fit-ex-ln-hr-v-telecommande-dentree-sans-cle-a-3-boutons-kr5v1x-pn72147-t5a-a01\/\" data-wpil-monitor-id=\"52\">entr\u00e9e sans cl\u00e9<\/a> syst\u00e8me.<\/li>\n<li>Le prix est pour un ensemble complet <a href=\"https:\/\/keylessbest.com\/fr\/product\/2014-2015-hyundai-tucson-telecommande-dentree-sans-cle-a-4-boutons-tq8-fob-4f03-remplace-pn-95440-2s600-47-hitag3__trashed\/\" data-wpil-monitor-id=\"49\">t\u00e9l\u00e9commande d'entr\u00e9e sans cl\u00e9 de remplacement<\/a>, cl\u00e9 d'urgence incluse.<\/li>\n<li>Par cons\u00e9quent, nous vous recommandons vivement de faire v\u00e9rifier votre\u00a0<a href=\"https:\/\/keylessbest.com\/fr\/comment-programmer-rapidement-et-facilement-un-badge-de-cle-etape-par-etape-pour-nimporte-quelle-voiture\/\" data-wpil-monitor-id=\"51\">Cl\u00e9 de voiture programm\u00e9e<\/a> par un serrurier professionnel ou un revendeur.<\/li>\n<\/ul>\n<h6><strong><b>Ressources de programmation\u00a0<\/b><\/strong><\/h6>\n<p><a href=\"https:\/\/programyourfob.com\/?list_21\/\" target=\"_blank\" rel=\"noopener\">https:\/\/programyourfob.com\/?list_21\/<\/a><\/p>\n<p>Merci de nous avoir choisis.<\/p>\n<p>Nous sommes l'un des fabricants les plus professionnels de cl\u00e9s de voiture, syst\u00e8mes d'entr\u00e9e sans cl\u00e9, <a href=\"https:\/\/keylessbest.com\/fr\/product\/2010-2018-porsche-911-boxster-cayenne-cayman-macan-panamera-telecommande-dentree-sans-cle-a-3-boutons-kr55wk50138-pn-7pp959753ak-7pp-959-753-ak-7pp-959-753-bl-7pp-959-753-bq-7pp-959-753-n-7pp-959-753\/\" data-wpil-monitor-id=\"48\">t\u00e9l\u00e9commande de cl\u00e9 de voiture<\/a>puces transpondeurs, programmeurs de cl\u00e9s, coques de cl\u00e9s de voiture, serrures de voiture, outils de serrurier, etc. De plus, notre entreprise dispose d'une \u00e9quipe professionnelle et d'une ligne de production. En outre, nous sommes sp\u00e9cialis\u00e9s dans la fabrication de diverses cl\u00e9s de voiture, coques de cl\u00e9s de voiture et outils de serrurier. Nous g\u00e9rons \u00e9galement le d\u00e9veloppement, la fabrication et la vente en gros de produits de s\u00e9curit\u00e9 et de protection automobile.<\/p>\n<p>Des prix comp\u00e9titifs et des services d\u00e9vou\u00e9s vous aideront \u00e0 conqu\u00e9rir un bon march\u00e9. De plus, une \u00e9quipe de plus de 10 jeunes et dynamiques commerciaux offre un service rapide, professionnel et amical \u00e0 tout moment. En outre, tous nos produits sont exp\u00e9di\u00e9s directement depuis l'entrep\u00f4t en France, en Allemagne et en Espagne. Ainsi, les marchandises que vous achetez seront emball\u00e9es et exp\u00e9di\u00e9es dans les 48 heures suivant votre commande. Plus de 100% de nos produits sont en stock, et l'inventaire est suffisant.<\/p>","protected":false},"excerpt":{"rendered":"<ul>\n<li>R\u00e9f\u00e9rence : CA-TA525<\/li>\n<li>ID FCC : HYQ14ACX<\/li>\n<li>PN : 89904-75030 (logo bleu), 89904-50F90<\/li>\n<li>IC : 1551A-14ACX<\/li>\n<li>Fr\u00e9quence : 315MHz<\/li>\n<li>Puce : 4D DST<\/li>\n<li>Boutons : Verrouiller, D\u00e9verrouiller, Panic, Coffre<\/li>\n<\/ul>","protected":false},"featured_media":21663,"comment_status":"open","ping_status":"closed","template":"","meta":{"_bst_post_transparent":"default","_bst_post_title":"","_bst_post_layout":"default","_bst_post_sidebar_id":"","_bst_post_content_style":"default","_bst_post_vertical_padding":"default","_bst_post_feature":"","_bst_post_feature_position":"","_bst_post_header":false,"_bst_post_footer":false},"product_brand":[],"product_cat":[384,15],"product_tag":[],"2_year_make_model":[],"class_list":{"0":"post-18192","1":"product","2":"type-product","3":"status-publish","4":"has-post-thumbnail","6":"product_cat-for-lexus","7":"product_cat-carkeyremote","9":"first","10":"instock","11":"sale","12":"shipping-taxable","13":"purchasable","14":"product-type-simple","15":"entry","16":"content-bg","17":"loop-entry"},"_links":{"self":[{"href":"https:\/\/keylessbest.com\/fr\/wp-json\/wp\/v2\/product\/18192","targetHints":{"allow":["GET"]}}],"collection":[{"href":"https:\/\/keylessbest.com\/fr\/wp-json\/wp\/v2\/product"}],"about":[{"href":"https:\/\/keylessbest.com\/fr\/wp-json\/wp\/v2\/types\/product"}],"replies":[{"embeddable":true,"href":"https:\/\/keylessbest.com\/fr\/wp-json\/wp\/v2\/comments?post=18192"}],"version-history":[{"count":4,"href":"https:\/\/keylessbest.com\/fr\/wp-json\/wp\/v2\/product\/18192\/revisions"}],"predecessor-version":[{"id":19818,"href":"https:\/\/keylessbest.com\/fr\/wp-json\/wp\/v2\/product\/18192\/revisions\/19818"}],"wp:featuredmedia":[{"embeddable":true,"href":"https:\/\/keylessbest.com\/fr\/wp-json\/wp\/v2\/media\/21663"}],"wp:attachment":[{"href":"https:\/\/keylessbest.com\/fr\/wp-json\/wp\/v2\/media?parent=18192"}],"wp:term":[{"taxonomy":"product_brand","embeddable":true,"href":"https:\/\/keylessbest.com\/fr\/wp-json\/wp\/v2\/product_brand?post=18192"},{"taxonomy":"product_cat","embeddable":true,"href":"https:\/\/keylessbest.com\/fr\/wp-json\/wp\/v2\/product_cat?post=18192"},{"taxonomy":"product_tag","embeddable":true,"href":"https:\/\/keylessbest.com\/fr\/wp-json\/wp\/v2\/product_tag?post=18192"},{"taxonomy":"2_year_make_model","embeddable":true,"href":"https:\/\/keylessbest.com\/fr\/wp-json\/wp\/v2\/2_year_make_model?post=18192"}],"curies":[{"name":"wp","href":"https:\/\/api.w.org\/{rel}","templated":true}]}}