{"id":18317,"date":"2025-09-10T01:08:37","date_gmt":"2025-09-10T01:08:37","guid":{"rendered":"https:\/\/keylessbest.com\/?post_type=product&#038;p=18317"},"modified":"2026-03-09T02:21:44","modified_gmt":"2026-03-09T02:21:44","slug":"2017-2023-ford-key-fob-m3n-a2c94078000-for-keylessbest","status":"publish","type":"product","link":"https:\/\/keylessbest.com\/fr\/product\/2017-2023-ford-key-fob-m3n-a2c94078000-for-keylessbest\/","title":{"rendered":"2017-2023 Ford Key Fob M3N-A2C94078000 for keylessbest"},"content":{"rendered":"<p>*The detailed information of this 2017-2023 Lincoln keyless remote fob is as follows. Please confirm the following details match your vehicle before ordering: FCC ID , Part Number , \u00a0Year Model , IC ,\u00a0 Frequency, Chip, and Buttons.<\/p>\n<h6><strong><b>Informations sur le produit : <\/b><\/strong><\/h6>\n<ul>\n<li>ID FCC : M3N-A2C940780<\/li>\n<li>PN : 164-R8154<\/li>\n<li>IC : 7812A-A2C94078000<\/li>\n<li>Fr\u00e9quence : 902 MHz<\/li>\n<li>Puce : 49<\/li>\n<li>Cl\u00e9 de test : HU101<\/li>\n<li>Boutons : Verrouiller, D\u00e9verrouiller, Panique, D\u00e9marrage \u00e0 distance, Coffre<\/li>\n<\/ul>\n<h6><strong><b>Le mod\u00e8le de r\u00e9f\u00e9rence :<\/b><\/strong><\/h6>\n<ul>\n<li>2017 &#8211; 2023 Lincoln Continental<\/li>\n<li>2017 &#8211; 2023 Lincoln MKC<\/li>\n<li>2017 &#8211; 2023 Lincoln MKX<\/li>\n<li>2017 &#8211; 2023 Lincoln MKZ<\/li>\n<li>2018 &#8211; 2023 <a href=\"https:\/\/keylessbest.com\/fr\/product\/2018-2021-lincoln-navigator-telecommande-dentree-sans-contact-a-5-boutons-m3n-a2c940780-pn-jl7t-15k601-bb-5933990-164-r8226-49__trashed\/\" data-wpil-monitor-id=\"23\">Lincoln Navigator<\/a><\/li>\n<li>2020 &#8211; 2023 Lincoln Nautilus<\/li>\n<\/ul>\n<h6><strong><b>Contenu du colis :<\/b><\/strong><\/h6>\n<ul>\n<li>Une nouvelle t\u00e9l\u00e9commande sans cl\u00e9 de rechange<\/li>\n<li>Une cl\u00e9 d'urgence de rechange gratuite<\/li>\n<li>Tous les \u00e9metteurs sont livr\u00e9s avec une batterie<\/li>\n<li>Toutes les unit\u00e9s sont test\u00e9es avant l'exp\u00e9dition<\/li>\n<li>Garantie de satisfaction et garantie de 2 ans pour 100%<\/li>\n<\/ul>\n<h6><strong><b>Remarque :<\/b><\/strong><\/h6>\n<ul>\n<li>The 2017-2023 Lincoln smart <a href=\"https:\/\/keylessbest.com\/fr\/product\/2018-2021-hyundai-accent-limited-telecommande-dentree-sans-contact-a-4-boutons-nyosyec4fob1608-pn-95440-j0100-6a\/\" data-wpil-monitor-id=\"20\">cl\u00e9 d'entr\u00e9e sans cl\u00e9<\/a> remplacement \u2013 sans logo, avec une cl\u00e9 d'insertion d'urgence non d\u00e9coup\u00e9e incluse.<\/li>\n<li>Nous ne coupons ni ne programmons la cl\u00e9 \u00e0 distance. De plus, pour les prix, veuillez contacter un serrurier local ou un concessionnaire.<\/li>\n<li>Ce transmetteur est compatible avec les v\u00e9hicules \u00e9quip\u00e9s d\u2019un bouton de d\u00e9marrage\/arr\u00eat sur le tableau de bord ou d\u2019une commande de d\u00e9marrage par rotation, ainsi qu\u2019un proxy. <a href=\"https:\/\/keylessbest.com\/fr\/product\/2015-2017-honda-fit-ex-fit-ex-l-fit-ex-ln-hr-v-telecommande-dentree-sans-cle-a-3-boutons-kr5v1x-pn72147-t5a-a01\/\" data-wpil-monitor-id=\"22\">entr\u00e9e sans cl\u00e9<\/a> syst\u00e8me.<\/li>\n<li>Le prix est pour un ensemble complet <a href=\"https:\/\/keylessbest.com\/fr\/product\/2005-2007-cadillac-sts-telecommande-dentree-sans-cle-5-boutons-m3n65981403-remplace-pn-15212382__trashed\/\" data-wpil-monitor-id=\"19\">t\u00e9l\u00e9commande d'entr\u00e9e sans cl\u00e9 de remplacement<\/a>, cl\u00e9 d'urgence incluse.<\/li>\n<li>Par cons\u00e9quent, nous vous recommandons vivement de faire v\u00e9rifier votre\u00a0<a href=\"https:\/\/keylessbest.com\/fr\/comment-programmer-rapidement-et-facilement-un-badge-de-cle-etape-par-etape-pour-nimporte-quelle-voiture\/\" data-wpil-monitor-id=\"21\">Cl\u00e9 de voiture programm\u00e9e<\/a> par un serrurier professionnel ou un revendeur.<\/li>\n<\/ul>\n<h6><strong><b>Ressources de programmation\u00a0<\/b><\/strong><\/h6>\n<p><a href=\"https:\/\/programyourfob.com\/?list_22\/\" target=\"_blank\" rel=\"noopener\">https:\/\/programyourfob.com\/?list_22\/<\/a><\/p>\n<p>Merci de nous avoir choisis.<\/p>\n<p>Nous sommes l'un des fabricants les plus professionnels de cl\u00e9s de voiture, syst\u00e8mes d'entr\u00e9e sans cl\u00e9, t\u00e9l\u00e9commandes de cl\u00e9s de voiture, puces transpondeurs, programmeurs de cl\u00e9s, coques de cl\u00e9s de voiture, serrures de voiture, outils de serrurier, etc. De plus, notre entreprise dispose d'une \u00e9quipe professionnelle et d'une ligne de production. En outre, nous sommes sp\u00e9cialis\u00e9s dans la production de diverses cl\u00e9s de voiture, coques de cl\u00e9s, et outils de serrurier. Nous g\u00e9rons \u00e9galement le d\u00e9veloppement, la fabrication et la vente en gros de produits de s\u00e9curit\u00e9 et de protection automobile.<\/p>\n<p>Des prix comp\u00e9titifs et des services d\u00e9vou\u00e9s vous aideront \u00e0 conqu\u00e9rir un bon march\u00e9. De plus, une \u00e9quipe de plus de 10 jeunes et dynamiques commerciaux offre un service rapide, professionnel et amical \u00e0 tout moment. En outre, tous nos produits sont exp\u00e9di\u00e9s directement depuis l'entrep\u00f4t en France, en Allemagne et en Espagne. Ainsi, les marchandises que vous achetez seront emball\u00e9es et exp\u00e9di\u00e9es dans les 48 heures suivant votre commande. Plus de 100% de nos produits sont en stock, et l'inventaire est suffisant.<\/p>","protected":false},"excerpt":{"rendered":"<ul>\n<li>UGS : CA-FD985<\/li>\n<li>ID FCC : M3N-A2C940780<\/li>\n<li>PN : 164-R8154<\/li>\n<li>IC : 7812A-A2C94078000<\/li>\n<li>Fr\u00e9quence : 902 MHz<\/li>\n<li>Puce : 49<\/li>\n<li>Cl\u00e9 de test : HU101<\/li>\n<li>Boutons : Verrouiller, D\u00e9verrouiller, Panique, D\u00e9marrage \u00e0 distance, Coffre<\/li>\n<\/ul>","protected":false},"featured_media":20894,"comment_status":"open","ping_status":"closed","template":"","meta":{"_bst_post_transparent":"default","_bst_post_title":"","_bst_post_layout":"default","_bst_post_sidebar_id":"","_bst_post_content_style":"default","_bst_post_vertical_padding":"default","_bst_post_feature":"","_bst_post_feature_position":"","_bst_post_header":false,"_bst_post_footer":false},"product_brand":[],"product_cat":[379,15],"product_tag":[],"2_year_make_model":[],"class_list":{"0":"post-18317","1":"product","2":"type-product","3":"status-publish","4":"has-post-thumbnail","6":"product_cat-for-lincoln","7":"product_cat-carkeyremote","9":"first","10":"instock","11":"sale","12":"shipping-taxable","13":"purchasable","14":"product-type-simple","15":"entry","16":"content-bg","17":"loop-entry"},"_links":{"self":[{"href":"https:\/\/keylessbest.com\/fr\/wp-json\/wp\/v2\/product\/18317","targetHints":{"allow":["GET"]}}],"collection":[{"href":"https:\/\/keylessbest.com\/fr\/wp-json\/wp\/v2\/product"}],"about":[{"href":"https:\/\/keylessbest.com\/fr\/wp-json\/wp\/v2\/types\/product"}],"replies":[{"embeddable":true,"href":"https:\/\/keylessbest.com\/fr\/wp-json\/wp\/v2\/comments?post=18317"}],"version-history":[{"count":5,"href":"https:\/\/keylessbest.com\/fr\/wp-json\/wp\/v2\/product\/18317\/revisions"}],"predecessor-version":[{"id":21836,"href":"https:\/\/keylessbest.com\/fr\/wp-json\/wp\/v2\/product\/18317\/revisions\/21836"}],"wp:featuredmedia":[{"embeddable":true,"href":"https:\/\/keylessbest.com\/fr\/wp-json\/wp\/v2\/media\/20894"}],"wp:attachment":[{"href":"https:\/\/keylessbest.com\/fr\/wp-json\/wp\/v2\/media?parent=18317"}],"wp:term":[{"taxonomy":"product_brand","embeddable":true,"href":"https:\/\/keylessbest.com\/fr\/wp-json\/wp\/v2\/product_brand?post=18317"},{"taxonomy":"product_cat","embeddable":true,"href":"https:\/\/keylessbest.com\/fr\/wp-json\/wp\/v2\/product_cat?post=18317"},{"taxonomy":"product_tag","embeddable":true,"href":"https:\/\/keylessbest.com\/fr\/wp-json\/wp\/v2\/product_tag?post=18317"},{"taxonomy":"2_year_make_model","embeddable":true,"href":"https:\/\/keylessbest.com\/fr\/wp-json\/wp\/v2\/2_year_make_model?post=18317"}],"curies":[{"name":"wp","href":"https:\/\/api.w.org\/{rel}","templated":true}]}}