{"id":19226,"date":"2025-12-09T08:06:21","date_gmt":"2025-12-09T08:06:21","guid":{"rendered":"https:\/\/keylessbest.com\/?post_type=product&#038;p=19226"},"modified":"2026-01-05T08:40:23","modified_gmt":"2026-01-05T08:40:23","slug":"cellules-electriques-et-batteries-lithducell-stockage-denergie-durable","status":"publish","type":"product","link":"https:\/\/keylessbest.com\/fr\/product\/cellules-electriques-et-batteries-lithducell-stockage-denergie-durable\/","title":{"rendered":"Cellules et Batteries \u00c9lectriques Lithdurcell - Batteries Lithium-Ion Stockage d'\u00c9nergie Durable"},"content":{"rendered":"<p>Marque : Lithdurcell<\/p>\n<p>\u3010Pourquoi choisir Lithdurcell\u3011<\/p>\n<p>\u2705 Batteries Lithium-Ion<\/p>\n<p>\u2705 Dur\u00e9e de vie am\u00e9lior\u00e9e gr\u00e2ce au graph\u00e8ne<\/p>\n<p>\u2705 R\u00e9sistance extr\u00eame aux temp\u00e9ratures<\/p>\n<p>\u2705 Kit de remplacement sans souci<\/p>\n<p>\u2705 Compatibilit\u00e9 \u00e9tendue<\/p>\n<p>\u2705 Qualit\u00e9 r\u00e9cemment am\u00e9lior\u00e9e<\/p>\n<p>\u3010Ce que vous obtenez\u3011 4 x Batteries Lithdurcell 1 x Outil professionnel de d\u00e9montage de t\u00e9l\u00e9commande 1 x Bo\u00eetier de rangement protecteur<\/p>\n<p>\u3010Remarque\u3011 Veuillez confirmer le mod\u00e8le de la batterie de votre cl\u00e9 de voiture avant l\u2019achat<\/p>","protected":false},"excerpt":{"rendered":"<p>Marque : Lithdurcell \u3010Pourquoi choisir Lithdurcell\u3011 \u2705 Batteries Lithium-Ion \u2705 Dur\u00e9e de vie am\u00e9lior\u00e9e gr\u00e2ce au Graph\u00e8ne \u2705 R\u00e9sistance aux temp\u00e9ratures extr\u00eames \u2705 Kit de remplacement sans souci \u2705 Large compatibilit\u00e9 \u2705 Qualit\u00e9 r\u00e9cemment am\u00e9lior\u00e9e \u3010Ce que vous obtenez\u3011 4 x Batteries Lithdurcell 1 x Outil professionnel de d\u00e9montage de t\u00e9l\u00e9commande 1 x \u00c9tui de rangement protecteur \u3010Remarque\u3011 Veuillez confirmer le mod\u00e8le de batterie de votre cl\u00e9 de voiture\u2026<\/p>","protected":false},"featured_media":19211,"comment_status":"open","ping_status":"closed","template":"","meta":{"_bst_post_transparent":"default","_bst_post_title":"","_bst_post_layout":"default","_bst_post_sidebar_id":"","_bst_post_content_style":"default","_bst_post_vertical_padding":"default","_bst_post_feature":"","_bst_post_feature_position":"","_bst_post_header":false,"_bst_post_footer":false},"product_brand":[],"product_cat":[15],"product_tag":[],"2_year_make_model":[],"class_list":{"0":"post-19226","1":"product","2":"type-product","3":"status-publish","4":"has-post-thumbnail","6":"product_cat-carkeyremote","8":"first","9":"instock","10":"sale","11":"shipping-taxable","12":"purchasable","13":"product-type-simple","14":"entry","15":"content-bg","16":"loop-entry"},"_links":{"self":[{"href":"https:\/\/keylessbest.com\/fr\/wp-json\/wp\/v2\/product\/19226","targetHints":{"allow":["GET"]}}],"collection":[{"href":"https:\/\/keylessbest.com\/fr\/wp-json\/wp\/v2\/product"}],"about":[{"href":"https:\/\/keylessbest.com\/fr\/wp-json\/wp\/v2\/types\/product"}],"replies":[{"embeddable":true,"href":"https:\/\/keylessbest.com\/fr\/wp-json\/wp\/v2\/comments?post=19226"}],"version-history":[{"count":4,"href":"https:\/\/keylessbest.com\/fr\/wp-json\/wp\/v2\/product\/19226\/revisions"}],"predecessor-version":[{"id":19324,"href":"https:\/\/keylessbest.com\/fr\/wp-json\/wp\/v2\/product\/19226\/revisions\/19324"}],"wp:featuredmedia":[{"embeddable":true,"href":"https:\/\/keylessbest.com\/fr\/wp-json\/wp\/v2\/media\/19211"}],"wp:attachment":[{"href":"https:\/\/keylessbest.com\/fr\/wp-json\/wp\/v2\/media?parent=19226"}],"wp:term":[{"taxonomy":"product_brand","embeddable":true,"href":"https:\/\/keylessbest.com\/fr\/wp-json\/wp\/v2\/product_brand?post=19226"},{"taxonomy":"product_cat","embeddable":true,"href":"https:\/\/keylessbest.com\/fr\/wp-json\/wp\/v2\/product_cat?post=19226"},{"taxonomy":"product_tag","embeddable":true,"href":"https:\/\/keylessbest.com\/fr\/wp-json\/wp\/v2\/product_tag?post=19226"},{"taxonomy":"2_year_make_model","embeddable":true,"href":"https:\/\/keylessbest.com\/fr\/wp-json\/wp\/v2\/2_year_make_model?post=19226"}],"curies":[{"name":"wp","href":"https:\/\/api.w.org\/{rel}","templated":true}]}}