{"id":19471,"date":"2025-12-13T07:37:47","date_gmt":"2025-12-13T07:37:47","guid":{"rendered":"https:\/\/keylessbest.com\/?post_type=product&#038;p=19471"},"modified":"2026-02-25T02:44:38","modified_gmt":"2026-02-25T02:44:38","slug":"cle-de-voiture-gmc-hummer-ev-2022-2025-pn13542577-pour-keylessbest","status":"publish","type":"product","link":"https:\/\/keylessbest.com\/fr\/product\/cle-de-voiture-gmc-hummer-ev-2022-2025-pn13542577-pour-keylessbest\/","title":{"rendered":"Cl\u00e9 \u00e9lectronique GMC Hummer EV 2022-2025 PN:13542577 pour Keylessbest"},"content":{"rendered":"<p>&nbsp;<\/p>\n<p>*Les informations d\u00e9taill\u00e9es de cette t\u00e9l\u00e9commande sans cl\u00e9 GMC 2022-2025 sont les suivantes. Veuillez confirmer que les d\u00e9tails suivants correspondent \u00e0 votre v\u00e9hicule avant de commander : ID FCC, Num\u00e9ro de pi\u00e8ce, Ann\u00e9e Mod\u00e8le, IC, Fr\u00e9quence, Puce et Boutons.<\/p>\n<h2>Informations sur le produit :<\/h2>\n<ul>\n<li>GMC 6 boutons<\/li>\n<li>Fr\u00e9quence : 434MHz<\/li>\n<li>Puce : 49<\/li>\n<li>ID FCC : YG0G21TB2<\/li>\n<li>PN : 13542577, 13560224<\/li>\n<li>IC : 4008C-G21TB2<\/li>\n<li>Boutons : Verrouiller, D\u00e9verrouiller, D\u00e9marrage \u00e0 distance, Capot, Hayon, Panic<\/li>\n<li>Cl\u00e9 de test : HU100<\/li>\n<li>Pile : CR2450<\/li>\n<\/ul>\n<h2>Le mod\u00e8le de r\u00e9f\u00e9rence :<\/h2>\n<ul>\n<li>GMC Hummer EV 2022 \u2013 2025<\/li>\n<\/ul>\n<p>&nbsp;<\/p>","protected":false},"excerpt":{"rendered":"<ul>\n<li>SKU : CA-GM669<\/li>\n<li>Fr\u00e9quence : 434MHz<\/li>\n<li>Puce : 49<\/li>\n<li>ID FCC : YG0G21TB2<\/li>\n<li>PN : 13542577, 13560224<\/li>\n<li>IC : 4008C-G21TB2<\/li>\n<li>Boutons : Verrouiller, D\u00e9verrouiller, D\u00e9marrage \u00e0 distance, Capot, Hayon, Panic<\/li>\n<li>Cl\u00e9 de test : HU100<\/li>\n<li>Pile : CR2450<\/li>\n<\/ul>","protected":false},"featured_media":21539,"comment_status":"open","ping_status":"closed","template":"","meta":{"_bst_post_transparent":"default","_bst_post_title":"","_bst_post_layout":"default","_bst_post_sidebar_id":"","_bst_post_content_style":"default","_bst_post_vertical_padding":"default","_bst_post_feature":"","_bst_post_feature_position":"","_bst_post_header":false,"_bst_post_footer":false},"product_brand":[],"product_cat":[15,152],"product_tag":[],"2_year_make_model":[],"class_list":{"0":"post-19471","1":"product","2":"type-product","3":"status-publish","4":"has-post-thumbnail","6":"product_cat-carkeyremote","7":"product_cat-for-gmc","9":"first","10":"instock","11":"sale","12":"shipping-taxable","13":"purchasable","14":"product-type-simple","15":"entry","16":"content-bg","17":"loop-entry"},"_links":{"self":[{"href":"https:\/\/keylessbest.com\/fr\/wp-json\/wp\/v2\/product\/19471","targetHints":{"allow":["GET"]}}],"collection":[{"href":"https:\/\/keylessbest.com\/fr\/wp-json\/wp\/v2\/product"}],"about":[{"href":"https:\/\/keylessbest.com\/fr\/wp-json\/wp\/v2\/types\/product"}],"replies":[{"embeddable":true,"href":"https:\/\/keylessbest.com\/fr\/wp-json\/wp\/v2\/comments?post=19471"}],"version-history":[{"count":1,"href":"https:\/\/keylessbest.com\/fr\/wp-json\/wp\/v2\/product\/19471\/revisions"}],"predecessor-version":[{"id":19473,"href":"https:\/\/keylessbest.com\/fr\/wp-json\/wp\/v2\/product\/19471\/revisions\/19473"}],"wp:featuredmedia":[{"embeddable":true,"href":"https:\/\/keylessbest.com\/fr\/wp-json\/wp\/v2\/media\/21539"}],"wp:attachment":[{"href":"https:\/\/keylessbest.com\/fr\/wp-json\/wp\/v2\/media?parent=19471"}],"wp:term":[{"taxonomy":"product_brand","embeddable":true,"href":"https:\/\/keylessbest.com\/fr\/wp-json\/wp\/v2\/product_brand?post=19471"},{"taxonomy":"product_cat","embeddable":true,"href":"https:\/\/keylessbest.com\/fr\/wp-json\/wp\/v2\/product_cat?post=19471"},{"taxonomy":"product_tag","embeddable":true,"href":"https:\/\/keylessbest.com\/fr\/wp-json\/wp\/v2\/product_tag?post=19471"},{"taxonomy":"2_year_make_model","embeddable":true,"href":"https:\/\/keylessbest.com\/fr\/wp-json\/wp\/v2\/2_year_make_model?post=19471"}],"curies":[{"name":"wp","href":"https:\/\/api.w.org\/{rel}","templated":true}]}}