{"id":13531,"date":"2025-07-18T03:39:38","date_gmt":"2025-07-18T03:39:38","guid":{"rendered":"https:\/\/hanwuji.shengjit.com\/?page_id=13531"},"modified":"2026-01-16T01:32:34","modified_gmt":"2026-01-16T01:32:34","slug":"supporto-al-prodotto","status":"publish","type":"page","link":"https:\/\/keylessbest.com\/it\/supporto-al-prodotto\/","title":{"rendered":"Supporto Prodotto"},"content":{"rendered":"<div data-elementor-type=\"wp-page\" data-elementor-id=\"13531\" class=\"elementor elementor-13531\" data-elementor-post-type=\"page\">\n\t\t\t\t<div class=\"elementor-element elementor-element-6e2e450 e-flex e-con-boxed e-con e-parent\" data-id=\"6e2e450\" data-element_type=\"container\">\n\t\t\t\t\t<div class=\"e-con-inner\">\n\t\t\t\t<div class=\"elementor-element elementor-element-29f85f4 elementor-widget elementor-widget-text-editor\" data-id=\"29f85f4\" data-element_type=\"widget\" data-widget_type=\"text-editor.default\">\n\t\t\t\t\t\t\t\t\t<h1><strong class=\"\">Soluzioni di Sostituzione e Programmazione Chiavi Auto \u2013 15 Anni di Produzione<\/strong><\/h1><p>Il nostro obiettivo non \u00e8 solo fare chiavi; si tratta di offrire\u00a0<strong><b>forniture affidabili per la serratura automobilistica<\/b><\/strong>\u00a0che soddisfano le esigenze di ogni cliente. Che tu stia cercando una\u00a0<strong><b>soluzione all'ingrosso di chiavi di prossimit\u00e0 intelligenti<\/b><\/strong>\u00a0o\u00a0<strong><b>sostituzione della custodia della chiave<\/b><\/strong>, abbiamo tutto ci\u00f2 di cui hai bisogno.<\/p><p>Esplora la nostra compatibilit\u00e0 ben nota, inclusi modelli popolari come Toyota e Mazda, con opzioni come\u00a0<a href=\"https:\/\/keylessbest.com\/it\/product\/2019-2025-toyota-corolla-corolla-hybrid-4-buttons-keyless-entry-remote-hyq14fbn-pn-8990h-12040__trashed\/\">la chiave remota senza pulsanti Toyota Corolla 2019-2025<\/a> per vedere la qualit\u00e0 dei nostri prodotti in azione<\/p><p>Con oltre 15 anni di esperienza dedicata, siamo un produttore professionale di chiavi auto impegnato a offrire chiavi automobilistiche di alta qualit\u00e0 su cui puoi fare affidamento. Fidati di noi da locksmiths e distributori di tutto il mondo, copriamo pi\u00f9 di <strong>200<b>0 modelli di veicoli<\/b><\/strong>\u00a0dal 1995 al 2025 e abbiamo spedito oltre\u00a0<strong><b>1 milione di chiavi a livello globale<\/b><\/strong>. I nostri prodotti rispettano i pi\u00f9 alti standard internazionali, supportati da\u00a0<strong><b>ISO 9001<\/b><\/strong>\u00a0e\u00a0<strong><b>certificazioni CE<\/b><\/strong>, garantendo qualit\u00e0 e prestazioni costanti ogni volta.<\/p><h2><strong><b>Perch\u00e9 scegliere keylessbest \u2013 6 vantaggi principali<\/b><\/strong><\/h2><p>Con 15 anni di specializzazione come<strong><b>\u00a0produttore di chiavi per auto<\/b><\/strong>, keylessbest si distingue combinando competenza e qualit\u00e0 per servire il mercato automobilistico italiano. Ecco perch\u00e9 siamo il tuo partner di fiducia per le chiavi auto:<\/p><table><tbody><tr><td><p><strong><b>Vantaggio principale<\/b><\/strong><\/p><\/td><td><p><strong><b>Cosa ottieni<\/b><\/strong><\/p><\/td><\/tr><tr><td><p><strong><b>15 anni di esperienza nel settore delle chiavi auto<\/b><\/strong><\/p><\/td><td><p>Competenza comprovata nella produzione di chiavi per auto<\/p><\/td><\/tr><tr><td><p><strong><b>Copertura completa di modelli di veicoli (1995\u20132025)<\/b><\/strong><\/p><\/td><td><p>Chiavi per oltre 2000 modelli di veicoli, comprese le ultime chiavi smart<\/p><\/td><\/tr><tr><td><p><strong><b>Produzione avanzata e ispezione delle materie prime<\/b><\/strong><\/p><\/td><td><p>Struttura all'avanguardia con rigorosi test su tutti i materiali per garantire durata e affidabilit\u00e0<\/p><\/td><\/tr><tr><td><p><strong><b>Test funzionali 100% e programmazione dei chip<\/b><\/strong><\/p><\/td><td><p>Ogni chiave passa controlli di funzionalit\u00e0 completi pi\u00f9 supporto alla programmazione del transponder per un uso senza problemi<\/p><\/td><\/tr><tr><td><p><strong><b>Certificazioni internazionali e rapporti di qualit\u00e0<\/b><\/strong><\/p><\/td><td><p>Rapporti di ispezione ISO9001:2015, CE, FCC, RoHS e SGS garantiscono qualit\u00e0 superiore e conformit\u00e0<\/p><\/td><\/tr><tr><td><p><strong><b>Supporto post-vendita e tecnico completo<\/b><\/strong><\/p><\/td><td><p>Assistenza clienti 24\/7, aiuto alla programmazione, risoluzione dei problemi e supporto alla manutenzione a lungo termine<\/p><\/td><\/tr><\/tbody><\/table><h2><strong><b>Il nostro processo di produzione e controllo qualit\u00e0<\/b><\/strong><\/h2><p>Seguiamo un approccio rigoroso e passo dopo passo per garantire che ogni chiave auto rispetti gli standard di qualit\u00e0 pi\u00f9 elevati:<\/p>\t\t\t\t\t\t\t\t<\/div>\n\t\t\t\t<div class=\"elementor-element elementor-element-1fdad56 elementor-widget elementor-widget-text-editor\" data-id=\"1fdad56\" data-element_type=\"widget\" data-widget_type=\"text-editor.default\">\n\t\t\t\t\t\t\t\t\t<h3><strong><b>Fase 1: Selezione e ispezione di materie prime di alta qualit\u00e0<\/b><\/strong><\/h3><p>Iniziamo con materie prime accuratamente selezionate, sottoposte a ispezioni approfondite per garantire durata e affidabilit\u00e0 in ogni guscio chiave e componente elettronico.<\/p><h3><strong><b>Fase 2: Progettazione di stampi di precisione e sviluppo di PCB<\/b><\/strong><\/h3><p>I nostri ingegneri esperti creano stampi precisi e sviluppano PCB di alta qualit\u00e0, assicurando una vestibilit\u00e0 perfetta e prestazioni impeccabili per tutti i modelli di veicoli dal 1995 al 2025.<\/p><h3><strong><b>Fase 3: SMT automatizzato e crittografia dei chip<\/b><\/strong><\/h3><p>Utilizzando la tecnologia Surface Mount (SMT) automatizzata, assemblamo i componenti con precisione, quindi programmiamo i chip transponder con crittografia sicura per corrispondere agli immobilizzatori dei veicoli.<\/p><h3><strong><b>Fase 4: Debugging funzionale a 8 livelli e abbinamento<\/b><\/strong><\/h3><p>Ogni chiave passa attraverso otto test dettagliati\u2014compresi la qualit\u00e0 della lama, le funzioni del telecomando, il riconoscimento del chip e la trasmissione del segnale\u2014per confermare piena compatibilit\u00e0 e funzionamento.<\/p><h3><strong><b>Fase 5: Imballaggio finale e codice di tracciabilit\u00e0 antifalsificazione<\/b><\/strong><\/h3><p>Per proteggere l'autenticit\u00e0, le chiavi sono confezionate con codici di tracciabilit\u00e0 antifalsificazione, rendendo facile verificare i prodotti genuini e mantenere la qualit\u00e0 dal reparto produzione all'utente finale.<\/p>\t\t\t\t\t\t\t\t<\/div>\n\t\t\t\t\t<\/div>\n\t\t\t\t<\/div>\n\t\t<div class=\"elementor-element elementor-element-d3c5448 e-flex e-con-boxed e-con e-parent\" data-id=\"d3c5448\" data-element_type=\"container\">\n\t\t\t\t\t<div class=\"e-con-inner\">\n\t\t\t\t<div class=\"elementor-element elementor-element-a0b7b70 elementor-widget elementor-widget-text-editor\" data-id=\"a0b7b70\" data-element_type=\"widget\" data-widget_type=\"text-editor.default\">\n\t\t\t\t\t\t\t\t\t<h2><strong><b>Compatibilit\u00e0 totale e copertura veicolare<\/b><\/strong><\/h2><p>Offriamo una lista completa di compatibilit\u00e0 delle chiavi auto che copre marchi principali come Toyota, Honda, BMW, Ford, Volkswagen e molti altri. Che tu abbia bisogno di chiavi per modelli pi\u00f9 vecchi o delle ultime smart key dal 2024 al 2025, ti copriamo noi. Il nostro database viene aggiornato regolarmente per includere nuovi veicoli, assicurandoti di ottenere la chiave giusta per la tua auto specifica.<\/p><p>Esplora opzioni come il nostro affidabile\u00a0<a href=\"https:\/\/keylessbest.com\/it\/product\/2020-2022-hyundai-palisade-5-buttons-keyless-entry-remote-tq8-fob-4f29-pn-95440-s8400-47__trashed\/\">telecomando di ingresso senza chiave Hyundai Palisade 2020-2022<\/a>\u00a0o resistente\u00a0<a href=\"https:\/\/keylessbest.com\/it\/product\/2008-2013-jeep-grand-cherokee-commander-5-buttons-keyless-entry-remote-m3n5wy783x-iyz-c01c-pn-05026346ad-id46\/\">chiave Jeep Grand Cherokee 2008-2013<\/a>\u00a0come esempi della nostra vasta gamma di compatibilit\u00e0. Questo garantisce che ricevi telecomandi aftermarket che si adattano perfettamente e funzionano senza problemi.<\/p><h2><strong><b>Programmazione e supporto tecnico<\/b><\/strong><\/h2><p>Forniamo guide dettagliate per la programmazione delle chiavi auto disponibili per download facile in PDF, aiutandoti a iniziare rapidamente e con sicurezza. Hai bisogno di ulteriore assistenza? La nostra assistenza remota e i tutorial video passo-passo rendono la programmazione semplice, anche se sei nuovo alla programmazione delle chiavi automotive.<\/p><h3><strong><b>Risposte ai problemi comuni e soluzioni<\/b><\/strong><\/h3><table><tbody><tr><td><p><strong><b>Problema<\/b><\/strong><\/p><\/td><td><p><strong><b>Causa possibile<\/b><\/strong><\/p><\/td><td><p><strong><b>Risoluzione rapida<\/b><\/strong><\/p><\/td><\/tr><tr><td><p>Chiave non programmata<\/p><\/td><td><p>Incompatibilit\u00e0 del chip o batteria scarica<\/p><\/td><td><p>Sostituire la batteria, verificare il codice del chip<\/p><\/td><\/tr><tr><td><p>Le funzioni del telecomando non funzionano<\/p><\/td><td><p>Interferenza del segnale<\/p><\/td><td><p>Riprogrammare il telecomando, controllare la frequenza<\/p><\/td><\/tr><tr><td><p>L'auto non si avvia con la nuova chiave<\/p><\/td><td><p>Codifica del chip errata<\/p><\/td><td><p>Riprogrammare il chip, testare con il modulo dell'auto<\/p><\/td><\/tr><tr><td><p>La batteria della chiave si scarica rapidamente<\/p><\/td><td><p>Batteria di scarsa qualit\u00e0<\/p><\/td><td><p>Utilizzare solo batterie di alta qualit\u00e0<\/p><\/td><\/tr><\/tbody><\/table><p>Per veicoli specifici come Toyota, Honda o BMW, le nostre guide includono passaggi personalizzati per l'abbinamento del chip e la risoluzione dei problemi di funzionamento per garantire che la tua chiave funzioni perfettamente. Ad esempio, puoi trovare informazioni dettagliate sulla programmazione per ibridi e telecomandi, come la\u00a0<a href=\"https:\/\/keylessbest.com\/it\/product\/2012-2025-toyota-prius-c-prius-v-rav4-rav4-hv-3-buttons-keyless-entry-remote-hyq14fba-pn-89904-52290__trashed\/\">programmazione del telecomando di accesso senza chiave Toyota Prius 2012-2025<\/a>.<\/p>\t\t\t\t\t\t\t\t<\/div>\n\t\t\t\t\t<\/div>\n\t\t\t\t<\/div>\n\t\t<div class=\"elementor-element elementor-element-8f2aa7b e-flex e-con-boxed e-con e-parent\" data-id=\"8f2aa7b\" data-element_type=\"container\">\n\t\t\t\t\t<div class=\"e-con-inner\">\n\t\t\t\t<div class=\"elementor-element elementor-element-3042b33 elementor-widget elementor-widget-text-editor\" data-id=\"3042b33\" data-element_type=\"widget\" data-widget_type=\"text-editor.default\">\n\t\t\t\t\t\t\t\t\t<h2><strong><b>Certificazioni e Garanzia di Qualit\u00e0<\/b><\/strong><\/h2><p>Prendiamo sul serio la qualit\u00e0. Le nostre chiavi per auto sono prodotte in un\u00a0<strong><b>fabbrica di chiavi auto certificata ISO 9001:2015<\/b><\/strong>, garantendo che ogni fase rispetti rigorosi standard internazionali. Inoltre, i nostri prodotti sono accompagnati da\u00a0<strong><b>Certificazioni CE, FCC e RoHS<\/b><\/strong>, garantendo sicurezza, conformit\u00e0 ambientale e prestazioni affidabili.<\/p><p>Per supportarlo, forniamo dettagliati\u00a0<strong><b>rapporti di ispezione SGS<\/b><\/strong>, cos\u00ec puoi fidarti della qualit\u00e0 prima dell'acquisto. Inoltre, ogni chiave \u00e8 accompagnata da un\u00a0<strong><b>garanzia di 24 mesi e da una politica di garanzia di qualit\u00e0<\/b><\/strong>, offrendoti tranquillit\u00e0 con il tuo acquisto.<\/p><p>Il nostro impegno per la certificazione e la qualit\u00e0 ci rende un fornitore affidabile per serraturisti e distributori in tutta Italia e oltre.<\/p><h2><strong><b>Impegno nel servizio post-vendita<\/b><\/strong><\/h2><p>Siamo qui ogni volta che ci hai bisogno \u2014 con supporto clienti 24\/7 pronto ad assisterti in qualsiasi momento. Se la tua chiave auto presenta problemi dovuti a difetti di produzione durante il periodo di garanzia di 24 mesi, offriamo sostituzione gratuita per danni non umani. Oltre a ci\u00f2, il nostro team fornisce consulenza tecnica a vita per aiutarti con programmazione, risoluzione dei problemi o qualsiasi domanda sull'uso. Con noi, sei supportato da un affidabile servizio post-vendita progettato per farti muovere senza preoccupazioni.<\/p><h2><strong><b>Storie di successo dei clienti e partner globali<\/b><\/strong><\/h2><p>Siamo orgogliosi della fiducia che serraturisti e distributori di tutta Italia ripongono nelle nostre chiavi auto. Ecco cosa ne dicono alcuni di loro:<\/p><ul><li><b><\/b><strong><b>Luca, un serraturista in Toscana<\/b><\/strong>, elogia la nostra affidabile programmazione delle chiavi con chip e la consegna rapida, affermando che aumenta l'efficienza del suo business.<\/li><li><b><\/b><strong><b>Maria dalla Lombardia<\/b><\/strong>sottolinea l'assicurazione di qualit\u00e0 e come le nostre chiavi coprano un'ampia gamma di modelli di veicoli, rendendo pi\u00f9 facile gestire il suo inventario.<\/li><li><b><\/b><strong><b>Marco, un distributore in Sicilia<\/b><\/strong>, apprezza il nostro supporto post-vendita completo e le prestazioni costanti del prodotto su diversi marchi di auto.<\/li><li><b><\/b><strong><b>Sara in Piemonte<\/b><\/strong>apprezza il processo di produzione certificato ISO9001, che garantisce che ogni chiave rispetti gli standard internazionali.<\/li><\/ul><p>Siamo orgogliosi di collaborare con marchi leader a livello globale nella produzione e fornitura di chiavi auto. Sebbene rispettiamo la privacy sfocando i loghi, le nostre partnership coprono nomi affidabili in tutta Italia, Europa e oltre.<\/p><p>Scopri opzioni affidabili come le nostre\u00a0<a href=\"https:\/\/keylessbest.com\/it\/product\/2025-2022-toyota-highlander-4-buttons-keyless-entry-remote-hyq14fla-pn-8990h-0e370__trashed\/\">Telecomando di accesso senza chiave Toyota Highlander 2025-2022 a 4 pulsanti<\/a>\u00a0fidato dagli installatori di tutto il mondo.<\/p><p>Il nostro continuo impegno per qualit\u00e0 e servizio ci rende una scelta preferita per le aziende che cercano produttori OEM di chiavi auto con una presenza globale.<\/p>\t\t\t\t\t\t\t\t<\/div>\n\t\t\t\t\t<\/div>\n\t\t\t\t<\/div>\n\t\t<div class=\"elementor-element elementor-element-cc576b1 e-flex e-con-boxed e-con e-parent\" data-id=\"cc576b1\" data-element_type=\"container\">\n\t\t\t\t\t<div class=\"e-con-inner\">\n\t\t\t\t<div class=\"elementor-element elementor-element-241036a elementor-widget elementor-widget-text-editor\" data-id=\"241036a\" data-element_type=\"widget\" data-widget_type=\"text-editor.default\">\n\t\t\t\t\t\t\t\t\t<h2><strong><b>FAQ: Domande frequenti sulle nostre chiavi auto<\/b><\/strong><\/h2><h3><strong><b>1. Quale garanzia offrite sulle vostre chiavi auto?<\/b><\/strong><\/h3><p>Offriamo una garanzia di 24 mesi che copre tutti i difetti di produzione. Se la tua chiave presenta problemi non causati da uso improprio o incidenti, la sostituiremo gratuitamente entro questo periodo.<\/p><h3><strong><b>2. Come posso verificare se una chiave \u00e8 compatibile con il mio veicolo?<\/b><\/strong><\/h3><p>Puoi consultare la nostra lista dettagliata di compatibilit\u00e0 delle chiavi auto, che copre modelli dal 1995 al 2025 di tutti i principali marchi. Per modelli specifici come il\u00a0<a href=\"https:\/\/keylessbest.com\/it\/product\/2018-2020-honda-odyssey-7-buttons-keyless-entry-remote-kr5v2x-v41-pn72147-thr-a11-72147-thr-a21-72147-thr-a31\/\">Telecomando di accesso senza chiave Honda Odyssey 2018-2020<\/a>, verifica le nostre pagine prodotto per conferma.<\/p><h3><strong><b>3. Posso programmare la chiave da solo?<\/b><\/strong><\/h3><p>S\u00ec, la maggior parte delle nostre chiavi include guide di programmazione passo passo in formato PDF. Offriamo anche supporto remoto e tutorial video per aiutarti nel processo.<\/p><h3><strong><b>4. Supporti la programmazione delle chiavi con chip?<\/b><\/strong><\/h3><p>Assolutamente. Le nostre chiavi supportano l'abbinamento e la crittografia del chip. Ogni chiave viene sottoposta a 100% test funzionali prima della spedizione per garantire una corretta programmazione del chip.<\/p><h3><strong><b>5. Cosa succede se la mia chiave non funziona dopo l'acquisto?<\/b><\/strong><\/h3><p>Offriamo supporto tecnico 24\/7 per risolvere eventuali problemi. Soluzioni comuni e guide passo passo sono disponibili per aiutarti a risolvere rapidamente i problemi.<\/p><h3><strong><b>6. Quanto velocemente spedite le chiavi?<\/b><\/strong><\/h3><p>I campioni possono essere inviati entro 3-7 giorni. Gli ordini in grandi quantit\u00e0 dipendono dalla quantit\u00e0, ma ci impegniamo sempre per una consegna rapida per soddisfare le tue esigenze.<\/p><h3><strong><b>7. Offrite confezioni personalizzate o servizi OEM?<\/b><\/strong><\/h3><p>S\u00ec, i servizi OEM\/ODM sono disponibili con opzioni di logo e confezione personalizzati su misura per la tua attivit\u00e0.<\/p><h3><strong><b>8. Le vostre chiavi sono certificate?<\/b><\/strong><\/h3><p>Le nostre chiavi auto sono certificate ISO9001 e soddisfano anche gli standard CE, FCC e RoHS, supportate da rapporti di ispezione di qualit\u00e0 di terze parti.<\/p><h3><strong><b>9. Posso ricevere supporto dopo la scadenza della garanzia?<\/b><\/strong><\/h3><p>S\u00ec, la consulenza tecnica a vita \u00e8 inclusa con ogni acquisto, garantendo sempre assistenza da parte di esperti quando necessario.<\/p><h3><strong><b>10. Come gestisco la sostituzione della custodia della chiave?<\/b><\/strong><\/h3><p>Forniamo custodie di alta qualit\u00e0 compatibili con la maggior parte dei modelli di auto. Istruzioni e pezzi di ricambio sono disponibili su richiesta.<\/p>\t\t\t\t\t\t\t\t<\/div>\n\t\t\t\t\t<\/div>\n\t\t\t\t<\/div>\n\t\t\t\t<\/div>","protected":false},"excerpt":{"rendered":"<p>Car Key Replacement &amp; Programming Solutions \u2013 15Years Manufacturer Our focus isn\u2019t just making keys; it\u2019s about delivering\u00a0reliable automotive locksmith supplies\u00a0that fit every customer\u2019s needs. Whether you\u2019re looking for a\u00a0smart proximity key wholesale\u00a0solution or\u00a0key shell replacement, we\u2019ve got you covered. Explore our well-known compatibility, including popular models like Toyota and Mazda, with options such as&#8230;<\/p>","protected":false},"author":1,"featured_media":0,"parent":0,"menu_order":0,"comment_status":"closed","ping_status":"closed","template":"","meta":{"_bst_post_transparent":"","_bst_post_title":"hide","_bst_post_layout":"fullwidth","_bst_post_sidebar_id":"","_bst_post_content_style":"unboxed","_bst_post_vertical_padding":"hide","_bst_post_feature":"hide","_bst_post_feature_position":"","_bst_post_header":false,"_bst_post_footer":false,"footnotes":""},"class_list":["post-13531","page","type-page","status-publish","hentry"],"_links":{"self":[{"href":"https:\/\/keylessbest.com\/it\/wp-json\/wp\/v2\/pages\/13531","targetHints":{"allow":["GET"]}}],"collection":[{"href":"https:\/\/keylessbest.com\/it\/wp-json\/wp\/v2\/pages"}],"about":[{"href":"https:\/\/keylessbest.com\/it\/wp-json\/wp\/v2\/types\/page"}],"author":[{"embeddable":true,"href":"https:\/\/keylessbest.com\/it\/wp-json\/wp\/v2\/users\/1"}],"replies":[{"embeddable":true,"href":"https:\/\/keylessbest.com\/it\/wp-json\/wp\/v2\/comments?post=13531"}],"version-history":[{"count":10,"href":"https:\/\/keylessbest.com\/it\/wp-json\/wp\/v2\/pages\/13531\/revisions"}],"predecessor-version":[{"id":20651,"href":"https:\/\/keylessbest.com\/it\/wp-json\/wp\/v2\/pages\/13531\/revisions\/20651"}],"wp:attachment":[{"href":"https:\/\/keylessbest.com\/it\/wp-json\/wp\/v2\/media?parent=13531"}],"curies":[{"name":"wp","href":"https:\/\/api.w.org\/{rel}","templated":true}]}}