{"id":13676,"date":"2025-07-31T11:30:54","date_gmt":"2025-07-31T11:30:54","guid":{"rendered":"https:\/\/hanwuji.shengjit.com\/?page_id=13676"},"modified":"2025-11-20T03:53:56","modified_gmt":"2025-11-20T03:53:56","slug":"affiliato","status":"publish","type":"page","link":"https:\/\/keylessbest.com\/it\/affiliato\/","title":{"rendered":"Affiliazione"},"content":{"rendered":"<div data-elementor-type=\"wp-page\" data-elementor-id=\"13676\" class=\"elementor elementor-13676\" data-elementor-post-type=\"page\">\n\t\t\t\t<div class=\"elementor-element elementor-element-5e83afd e-flex e-con-boxed e-con e-parent\" data-id=\"5e83afd\" data-element_type=\"container\">\n\t\t\t\t\t<div class=\"e-con-inner\">\n\t\t\t\t<div class=\"elementor-element elementor-element-dd9fe70 elementor-widget elementor-widget-heading\" data-id=\"dd9fe70\" data-element_type=\"widget\" data-widget_type=\"heading.default\">\n\t\t\t\t\t<h2 class=\"elementor-heading-title elementor-size-default\">Programma di affiliazione per telecomandi auto: Guadagna alte commissioni con 15 anni di esperienza del produttore<\/h2>\t\t\t\t<\/div>\n\t\t\t\t\t<\/div>\n\t\t\t\t<\/div>\n\t\t<div class=\"elementor-element elementor-element-8d8c6e4 e-flex e-con-boxed e-con e-parent\" data-id=\"8d8c6e4\" data-element_type=\"container\">\n\t\t\t\t\t<div class=\"e-con-inner\">\n\t\t\t\t<div class=\"elementor-element elementor-element-337a462 elementor-widget elementor-widget-text-editor\" data-id=\"337a462\" data-element_type=\"widget\" data-widget_type=\"text-editor.default\">\n\t\t\t\t\t\t\t\t\t<p>Se stai cercando di entrare nel mercato in forte crescita di <strong>telecomandi per auto\u00a0<\/strong>e guadagnare soldi seri, sei nel posto giusto. Immagina di collaborare con un\u00a0<strong>produttore con 15 anni di esperienza<\/strong> che ti consegna le chiavi\u2014letteralmente\u2014per alte commissioni e nessun rischio di inventario anticipato. Il <strong>programma di affiliazione per telecomandi auto<\/strong>\u00a0da <strong>KeylessBest<\/strong> offre prezzi all'ingrosso imbattibili, zero ordini minimi e guadagni scalabili adatti a blogger, fabbri e professionisti dell'e-commerce. Pronto a trasformare la necessit\u00e0 del tuo pubblico di sostituzioni di chiavi auto affidabili e convenienti in un reddito passivo stabile? Scopriamo come questa partnership collaudata pu\u00f2 portare il tuo gioco di affiliazione a un livello superiore.<\/p>\t\t\t\t\t\t\t\t<\/div>\n\t\t\t\t\t<\/div>\n\t\t\t\t<\/div>\n\t\t<div class=\"elementor-element elementor-element-cfa1717 e-flex e-con-boxed e-con e-parent\" data-id=\"cfa1717\" data-element_type=\"container\">\n\t\t\t\t\t<div class=\"e-con-inner\">\n\t\t<div class=\"elementor-element elementor-element-4bb2352 e-con-full e-flex e-con e-child\" data-id=\"4bb2352\" data-element_type=\"container\">\n\t\t\t\t<div class=\"elementor-element elementor-element-e9829fa elementor-widget elementor-widget-text-editor\" data-id=\"e9829fa\" data-element_type=\"widget\" data-widget_type=\"text-editor.default\">\n\t\t\t\t\t\t\t\t\t<h2>\u00a0<\/h2><h2>Il mercato in forte crescita dei telecomandi per auto:<\/h2><p>La domanda di <strong>telecomandi per auto<\/strong> \u00e8 in rapido aumento e per una buona ragione. Man mano che i veicoli diventano pi\u00f9 avanzati, cresce anche la necessit\u00e0 di chiavi intelligenti affidabili e programmabili.<strong> Sostituzione delle chiavi auto<\/strong> non \u00e8 solo una nicchia, \u00e8 un mercato in forte espansione alimentato da conducenti che perdono, danneggiano o vogliono aggiornare le loro chiavi automobilistiche. Questo crea una grande opportunit\u00e0 per gli affiliati che vogliono entrare in un settore stabile e in crescita.<\/p>\t\t\t\t\t\t\t\t<\/div>\n\t\t\t\t<\/div>\n\t\t<div class=\"elementor-element elementor-element-5b63e3b e-con-full e-flex e-con e-child\" data-id=\"5b63e3b\" data-element_type=\"container\">\n\t\t<div class=\"elementor-element elementor-element-129a080 e-con-full e-flex e-con e-child\" data-id=\"129a080\" data-element_type=\"container\">\n\t\t\t\t<div class=\"elementor-element elementor-element-91814cd elementor-widget elementor-widget-text-editor\" data-id=\"91814cd\" data-element_type=\"widget\" data-widget_type=\"text-editor.default\">\n\t\t\t\t\t\t\t\t\t<h2>\u00a0Perch\u00e9 questo mercato \u00e8 importante?\u00a0<\/h2>\t\t\t\t\t\t\t\t<\/div>\n\t\t\t\t<div class=\"elementor-element elementor-element-18066ba elementor-widget elementor-widget-text-editor\" data-id=\"18066ba\" data-element_type=\"widget\" data-widget_type=\"text-editor.default\">\n\t\t\t\t\t\t\t\t\t<ul><li><strong>Aumentano i requisiti di sicurezza dei veicoli<\/strong>\u00a0che richiedono telecomandi pi\u00f9 sofisticati.<\/li><li><strong>Un numero crescente di proprietari di auto<\/strong>\u00a0ha bisogno di sostituzioni di chiavi rapide ed economiche.<\/li><li><strong>Chiavi di riserva senza ordine minimo e prezzi all'ingrosso<\/strong>\u00a0rendilo facile da stoccare e rivendere.<\/li><li><strong>Progressi tecnologici nei chip transponder<\/strong>\u00a0crea domanda per fornitori esperti.<\/li><\/ul>\t\t\t\t\t\t\t\t<\/div>\n\t\t\t\t<\/div>\n\t\t<div class=\"elementor-element elementor-element-a39e6dd e-con-full e-flex e-con e-child\" data-id=\"a39e6dd\" data-element_type=\"container\">\n\t\t\t\t<\/div>\n\t\t\t\t<\/div>\n\t\t\t\t\t<\/div>\n\t\t\t\t<\/div>\n\t\t<div class=\"elementor-element elementor-element-96ca2b1 e-flex e-con-boxed e-con e-parent\" data-id=\"96ca2b1\" data-element_type=\"container\">\n\t\t\t\t\t<div class=\"e-con-inner\">\n\t\t\t\t<div class=\"elementor-element elementor-element-eae85ce elementor-widget elementor-widget-text-editor\" data-id=\"eae85ce\" data-element_type=\"widget\" data-widget_type=\"text-editor.default\">\n\t\t\t\t\t\t\t\t\t<h2>Dentro KeylessBest: 15 anni di eccellenza nella produzione di chiavi auto<\/h2><p>Da KeylessBest, abbiamo trascorso gli ultimi 15 anni a perfezionare la produzione di telecomandi per auto. Partendo come una piccola attivit\u00e0, siamo cresciuti in un fornitore affidabile noto per qualit\u00e0 e affidabilit\u00e0. Il nostro percorso \u00e8 segnato da traguardi importanti come l'espansione della rete di distributori di chiavi intelligenti programmabili e il lancio di una politica di chiavi di riserva senza ordine minimo che ha aperto le porte sia a piccoli che a grandi acquirenti.<\/p><p>Per gli affiliati, offriamo vantaggi principali imbattibili: opzioni all'ingrosso senza MOQ, prezzi competitivi all'ingrosso e partnership flessibili di chiavi auto a marchio bianco. Questo significa che puoi iniziare a vendere senza costi iniziali elevati, aumentare le vendite con prezzi diretti dalla fabbrica e personalizzare i prodotti sotto il tuo marchio.<\/p><p>La nostra esperienza si riflette in casi di successo di partner. Ad esempio, affiliati come i fabbri hanno aumentato i loro ricavi grazie alle nostre soluzioni di telecomandi compatibili OEM, mentre i fornitori di lame di chiavi auto in tutta Europa si affidano a noi per qualit\u00e0 costante e consegne rapide.<\/p><p>Esplora alcuni dei nostri prodotti pi\u00f9 popolari come il\u00a0<a href=\"https:\/\/keylessbest.com\/it\/product\/2009-2019-toyota-4runner-prius-v-venza-prius-c-3-buttons-keyless-entry-remote-hyq14acx-pn-89904-47230-89904-0t050-4d-67\/\">Telecomando senza chiave Toyota 4Runner 2009-2019<\/a>\u00a0per vedere la qualit\u00e0 e la variet\u00e0 che ci distinguono.<\/p><p>Collaborando con KeylessBest, accedi a know-how di produzione comprovato, supporto solido e programmi flessibili progettati per aiutarti a crescere nel mercato delle chiavi auto.<\/p>\t\t\t\t\t\t\t\t<\/div>\n\t\t\t\t\t<\/div>\n\t\t\t\t<\/div>\n\t\t<div class=\"elementor-element elementor-element-63cabaf e-flex e-con-boxed e-con e-parent\" data-id=\"63cabaf\" data-element_type=\"container\">\n\t\t\t\t\t<div class=\"e-con-inner\">\n\t\t\t\t<div class=\"elementor-element elementor-element-9591bc1 elementor-widget elementor-widget-text-editor\" data-id=\"9591bc1\" data-element_type=\"widget\" data-widget_type=\"text-editor.default\">\n\t\t\t\t\t\t\t\t\t<h2>Il nostro Programma di Affiliazione: Guadagna alte commissioni senza stress<\/h2><p>Da KeylessBest, il nostro programma di affiliazione \u00e8 progettato per rendere facile e gratificante guadagnare. Offriamo\u00a0<strong>tariffe di commissione a livelli<\/strong>, quindi pi\u00f9 vendi, pi\u00f9 aumentano i tuoi guadagni. Potrai godere di una generosa\u00a0<strong>durata dei cookie<\/strong>, che garantisce di ricevere credito per i referral nel tempo, e i pagamenti avvengono rapidamente una volta raggiunti i nostri ragionevoli\u00a0<strong>soglie di pagamento<\/strong>.<\/p><p>Iniziare \u00e8 semplice. Il nostro programma \u00e8 aperto a chiunque \u2014 da fabbri a rivenditori di ricambi auto \u2014 con un processo di iscrizione rapido che ti permette di iniziare a guadagnare subito. Inoltre, offriamo una variet\u00e0 di\u00a0<strong>strumenti affiliati<\/strong>\u00a0come banner, link ai prodotti e una dashboard facile da usare per monitorare le tue performance.<\/p><p>Non solo commissioni, gli affiliati possono accedere a\u00a0<strong>ulteriori flussi di entrate<\/strong>\u00a0con opportunit\u00e0 di partnership in white label, bonus per ordini all'ingrosso e promozioni esclusive. Gli affiliati gi\u00e0 redditizi mostrano quanto sia semplice trasformare i telecomandi KeylessBest CAE in un reddito stabile e ad alte commissioni.<\/p><p>Considera di promuovere articoli popolari come il nostro affidabile\u00a0<a href=\"https:\/\/keylessbest.com\/it\/product\/2017-2024-chrysler-pacifica-voyager-6-buttons-keyless-entry-remote-m3n-97395900-pn-68241532ac-68241532ab-2__trashed\/\">telecomando di accesso senza chiave per Chrysler Pacifica 2017-2024<\/a>\u00a0per aggiungere immediatamente valore alle tue promozioni e attirare clienti che cercano sostituzioni OEM accessibili.<\/p>\t\t\t\t\t\t\t\t<\/div>\n\t\t\t\t\t<\/div>\n\t\t\t\t<\/div>\n\t\t<div class=\"elementor-element elementor-element-a0d636f e-flex e-con-boxed e-con e-parent\" data-id=\"a0d636f\" data-element_type=\"container\">\n\t\t\t\t\t<div class=\"e-con-inner\">\n\t\t\t\t<div class=\"elementor-element elementor-element-1847abe elementor-widget elementor-widget-text-editor\" data-id=\"1847abe\" data-element_type=\"widget\" data-widget_type=\"text-editor.default\">\n\t\t\t\t\t\t\t\t\t<h2>Massimizza i tuoi guadagni con i telecomandi KeylessBest CAE<\/h2><p>Per aumentare davvero il tuo reddito da affiliato, concentrati su strategie di promozione intelligenti per i telecomandi KeylessBest CAE. Ecco alcune tattiche comprovate per aiutarti a massimizzare i tuoi guadagni:<\/p><h3><strong>Consigli di Content Marketing e Pubblico di Destinazione<\/strong><\/h3><ul><li><strong>Crea guide utili e tutorial<\/strong>\u00a0su come sostituire le chiavi auto e programmare le chiavi con transponder. Questo attira proprietari di auto e fabbri alla ricerca di soluzioni affidabili.<\/li><li><strong>Targetizza fabbri, officine di riparazione auto e rivenditori di chiavi auto<\/strong>\u00a0che necessitano regolarmente di accesso all'ingrosso a chiavi intelligenti programmabili e a modelli di chiavi di ricambio.<\/li><li>Usa post sul blog, social media e newsletter via email per educare il tuo pubblico sui vantaggi di modelli di chiavi senza quantit\u00e0 minima e opzioni di sostituzione auto all'ingrosso.<\/li><\/ul><h3><strong>Tattiche SEO e Pubblicit\u00e0 a Pagamento<\/strong><\/h3><ul><li>Ottimizza il tuo sito web e i contenuti per parole chiave come\u00a0<em>ingrosso di telecomandi auto<\/em>,\u00a0<em>prezzi all'ingrosso per telecomandi di accesso intelligente<\/em>, e\u00a0<em>distributore di chiavi intelligenti programmabili<\/em>\u00a0per migliorare il posizionamento organico nei motori di ricerca.<\/li><li>Esegui annunci mirati su piattaforme come Google Ads o Facebook per raggiungere locksmith automotive e rivenditori di chiavi auto, soprattutto quelli alla ricerca di offerte all'ingrosso di trasponder di chiavi esperti.<\/li><li>Utilizza annunci di retargeting per catturare i visitatori che hanno mostrato interesse ma non hanno convertito immediatamente.<\/li><\/ul>\t\t\t\t\t\t\t\t<\/div>\n\t\t\t\t\t<\/div>\n\t\t\t\t<\/div>\n\t\t<div class=\"elementor-element elementor-element-78a4b28 e-flex e-con-boxed e-con e-parent\" data-id=\"78a4b28\" data-element_type=\"container\">\n\t\t\t\t\t<div class=\"e-con-inner\">\n\t\t\t\t<div class=\"elementor-element elementor-element-e6613c0 elementor-widget elementor-widget-text-editor\" data-id=\"e6613c0\" data-element_type=\"widget\" data-widget_type=\"text-editor.default\">\n\t\t\t\t\t\t\t\t\t<h3><strong>Espandersi con upsell e strumenti di tracciamento<\/strong><\/h3><ul><li>Offri prodotti complementari come bundle di strumenti per locksmith o opzioni di vendita all'ingrosso di lame di chiavi insieme ai fob CAE per aumentare il valore medio dell'ordine.<\/li><li>Sfrutta strumenti di tracciamento affiliati e un calcolatore di guadagni affiliati offerti dai programmi automotive per monitorare cosa funziona e ottimizzare le tue campagne.<\/li><li>Considera opportunit\u00e0 di partnership con chiavi auto a marchio bianco con KeylessBest per costruire il tuo brand e aumentare il reddito ricorrente da commissioni.<\/li><\/ul><p>Padroneggiare queste strategie pu\u00f2 trasformare la tua partnership affiliata in una fonte stabile di entrate con alte commissioni nel mercato in crescita della sostituzione delle chiavi auto.<\/p><p>Ad esempio, promuovere modelli popolari come il\u00a0<a href=\"https:\/\/keylessbest.com\/it\/product\/2020-2025-hyundai-elantra-4-buttons-keyless-entry-remote-nyombec5fob2004-6a__trashed\/\">Hyundai Elantra 2020-2025 con telecomando di accesso senza chiave a 4 pulsanti<\/a>\u00a0pu\u00f2 aiutarti a raggiungere una solida base di clienti attivamente alla ricerca di sostituzioni affidabili.<\/p><h2>Perch\u00e9 scegliere KeylessBest rispetto ai concorrenti?<\/h2><p>Quando si tratta di programmi affiliati di fob CAE, KeylessBest si distingue chiaramente. Ecco un confronto rapido che mostra perch\u00e9 siamo la scelta migliore per i partner all'ingrosso di chiavi auto:<\/p><div class=\"table-responsive\"><table class=\"table\"><thead><tr><th style=\"text-align: left;\">Caratteristica<\/th><th style=\"text-align: left;\">KeylessBest<\/th><th style=\"text-align: left;\">Concorrenti tipici<\/th><\/tr><\/thead><tbody><tr><td><strong>Quantit\u00e0 minima d'ordine (MOQ)<\/strong><\/td><td>Nessun MOQ richiesto<\/td><td>Spesso soglie di MOQ elevate<\/td><\/tr><tr><td><strong>Tariffe di commissione<\/strong><\/td><td>Fino a 20% a livelli<\/td><td>Di solito 5-10% fisso<\/td><\/tr><tr><td><strong>Supportare<\/strong><\/td><td>Supporto affiliato dedicato 24\/7<\/td><td>Risposta limitata o lenta<\/td><\/tr><tr><td><strong>Garanzia senza difetti<\/strong><\/td><td>S\u00ec \u2014 verificato dai partner<\/td><td>Di solito garanzia limitata<\/td><\/tr><tr><td><strong>Opzioni White Label<\/strong><\/td><td>Disponibile per tutti gli affiliati<\/td><td>Raro o nessuno<\/td><\/tr><tr><td><strong>Prezzi all'ingrosso per gli affiliati<\/strong><\/td><td>Prezzi competitivi all'ingrosso per chiavi smart di ingresso<\/td><td>Meno trasparente o disponibile<\/td><\/tr><tr><td><strong>Innovazioni uniche<\/strong><\/td><td>Ultima tecnologia di chiavi smart programmabili<\/td><td>Sostituzioni di base solo<\/td><\/tr><\/tbody><\/table><\/div><h3><strong>Mitigazione del rischio e fiducia:<\/strong><\/h3><p>Supportiamo ogni prodotto con una garanzia senza difetti, cos\u00ec i tuoi clienti ottengono sostituzioni affidabili, riducendo resi e problemi. I nostri rigorosi controlli di qualit\u00e0 e il servizio clienti rapido ci distinguono per affidabilit\u00e0.<\/p><h3><strong>Storie di successo verificate:<\/strong><\/h3><p>I nostri affiliati condividono regolarmente come le commissioni di KeylessBest aiutino ad aumentare i loro guadagni, grazie al nostro programma chiaro e diretto. Lodano anche la facilit\u00e0 di ordinare senza minimo di chiavi vuote e sostituzioni di chiavi auto all'ingrosso.<\/p><p>Scegliere KeylessBest significa ottenere margini migliori con barriere di ingresso basse, qualit\u00e0 del prodotto di prima classe e supporto su misura per aiutarti a crescere\u2014rendendo il tuo ruolo di affiliato senza stress e gratificante.<\/p><p>Scopri la nostra selezione di chiavi affidabili, come la\u00a0<a href=\"https:\/\/keylessbest.com\/it\/product\/2025-2024-chevrolet-blazer-trailblazer-traverse-5-buttons-keyless-entry-remote-hyq4es-pn-13530713-46__trashed\/\">remote di accesso senza chiave Chevrolet Blazer 2025-2024<\/a>, con la tecnologia pi\u00f9 recente di chip transponder affidabile sul mercato italiano.<\/p><h2>Inizia: la tua tabella di marcia per il successo come affiliato con KeylessBest<\/h2><p>Iniziare il tuo percorso come affiliato KeylessBest \u00e8 semplice e veloce. Ecco come puoi partire:<\/p><ul><li><strong>Iscriviti facilmente<\/strong>\u00a0al nostro portale affiliati compilando un modulo rapido sulla tua\u00a0<a href=\"https:\/\/keylessbest.com\/it\/my-account-2\/\">pagina di registrazione dell'account<\/a>.<\/li><li><strong>Scegli la tua nicchia<\/strong>\u2014che tu ti concentri sulla vendita all'ingrosso di chiavi auto, distribuzione di smart key programmabili o bundle di strumenti per locksmith.<\/li><li><strong>Accedi alla tua dashboard affiliato<\/strong>\u00a0per ottenere link di tracciamento, banner e materiali di marketing istantaneamente.<\/li><li><strong>Inizia a promuovere<\/strong>\u00a0prodotti ad alta domanda come il nostro\u00a0<a href=\"https:\/\/keylessbest.com\/it\/product\/2018-2019-toyota-land-cruiser-4-buttons-keyless-entry-remote-hyq14fba-pn-89904-60m80__trashed\/\">Remote di accesso senza chiave Toyota Land Cruiser a 4 pulsanti<\/a>\u00a0o modelli Audi.<\/li><\/ul><h3>Domande frequenti risposte<\/h3><ul><li><strong>Devo tenere un inventario?<\/strong>\u00a0No, KeylessBest si occupa della gestione degli ordini, cos\u00ec puoi concentrarti sul guadagno.<\/li><li><strong>Quando ricevo il pagamento?<\/strong>\u00a0Le commissioni vengono pagate prontamente dopo aver raggiunto la soglia minima di pagamento.<\/li><li><strong>I prodotti sono compatibili con i marchi di auto pi\u00f9 popolari?<\/strong>\u00a0S\u00ec, offriamo telecomandi e chiavi vuote compatibili OEM per una vasta gamma di veicoli.<\/li><\/ul><p>Se vuoi entrare nel fiorente mercato della sostituzione delle chiavi delle auto e guadagnare alte commissioni con un produttore affidabile con 15 anni di esperienza, ora \u00e8 il momento di unirti. Non aspettare\u2014i nostri posti come affiliato si riempiono rapidamente, e le opportunit\u00e0 di partnership per i telecomandi nel 2025 non dureranno a lungo.<\/p><p>\u00a0<\/p>\t\t\t\t\t\t\t\t<\/div>\n\t\t\t\t\t<\/div>\n\t\t\t\t<\/div>\n\t\t\t\t<\/div>","protected":false},"excerpt":{"rendered":"<p>Car Key Fob Affiliate Program: Earn High Commissions with 15 Years Manufacturer If you\u2019re looking to tap into the booming market of car\u00a0key fobs\u00a0and earn serious money, you\u2019re in the right place. Imagine partnering with a\u00a015 years manufacturer that hands you the keys\u2014literally\u2014to high commissions and no upfront inventory risks. The car\u00a0key fob Affiliate\u00a0program from&#8230;<\/p>","protected":false},"author":1,"featured_media":0,"parent":0,"menu_order":0,"comment_status":"closed","ping_status":"closed","template":"","meta":{"_bst_post_transparent":"","_bst_post_title":"hide","_bst_post_layout":"fullwidth","_bst_post_sidebar_id":"","_bst_post_content_style":"unboxed","_bst_post_vertical_padding":"hide","_bst_post_feature":"hide","_bst_post_feature_position":"","_bst_post_header":false,"_bst_post_footer":false,"footnotes":""},"class_list":["post-13676","page","type-page","status-publish","hentry"],"_links":{"self":[{"href":"https:\/\/keylessbest.com\/it\/wp-json\/wp\/v2\/pages\/13676","targetHints":{"allow":["GET"]}}],"collection":[{"href":"https:\/\/keylessbest.com\/it\/wp-json\/wp\/v2\/pages"}],"about":[{"href":"https:\/\/keylessbest.com\/it\/wp-json\/wp\/v2\/types\/page"}],"author":[{"embeddable":true,"href":"https:\/\/keylessbest.com\/it\/wp-json\/wp\/v2\/users\/1"}],"replies":[{"embeddable":true,"href":"https:\/\/keylessbest.com\/it\/wp-json\/wp\/v2\/comments?post=13676"}],"version-history":[{"count":3,"href":"https:\/\/keylessbest.com\/it\/wp-json\/wp\/v2\/pages\/13676\/revisions"}],"predecessor-version":[{"id":18445,"href":"https:\/\/keylessbest.com\/it\/wp-json\/wp\/v2\/pages\/13676\/revisions\/18445"}],"wp:attachment":[{"href":"https:\/\/keylessbest.com\/it\/wp-json\/wp\/v2\/media?parent=13676"}],"curies":[{"name":"wp","href":"https:\/\/api.w.org\/{rel}","templated":true}]}}