{"id":13678,"date":"2025-07-31T11:35:00","date_gmt":"2025-07-31T11:35:00","guid":{"rendered":"https:\/\/hanwuji.shengjit.com\/?page_id=13678"},"modified":"2025-12-10T06:00:36","modified_gmt":"2025-12-10T06:00:36","slug":"come-confermare-e-ordinare-il-telecomando-corretto","status":"publish","type":"page","link":"https:\/\/keylessbest.com\/it\/come-confermare-e-ordinare-il-telecomando-corretto\/","title":{"rendered":"Come confermare e ordinare il telecomando corretto"},"content":{"rendered":"<div data-elementor-type=\"wp-page\" data-elementor-id=\"13678\" class=\"elementor elementor-13678\" data-elementor-post-type=\"page\">\n\t\t\t\t<div class=\"elementor-element elementor-element-bdf5a51 e-flex e-con-boxed e-con e-parent\" data-id=\"bdf5a51\" data-element_type=\"container\">\n\t\t\t\t\t<div class=\"e-con-inner\">\n\t\t\t\t<div class=\"elementor-element elementor-element-e47988d elementor-widget elementor-widget-heading\" data-id=\"e47988d\" data-element_type=\"widget\" data-widget_type=\"heading.default\">\n\t\t\t\t\t<h1 class=\"elementor-heading-title elementor-size-default\">Come confermare il telecomando corretto per la sostituzione della tua auto<\/h1>\t\t\t\t<\/div>\n\t\t\t\t\t<\/div>\n\t\t\t\t<\/div>\n\t\t<div class=\"elementor-element elementor-element-f657606 e-flex e-con-boxed e-con e-parent\" data-id=\"f657606\" data-element_type=\"container\">\n\t\t\t\t\t<div class=\"e-con-inner\">\n\t\t\t\t<div class=\"elementor-element elementor-element-9efa8a5 elementor-widget elementor-widget-text-editor\" data-id=\"9efa8a5\" data-element_type=\"widget\" data-widget_type=\"text-editor.default\">\n\t\t\t\t\t\t\t\t\t<h2><strong><b>Fase 1 \u2013 Trova il tuo telecomando originale (o ci\u00f2 che ne resta)<\/b><\/strong><\/h2><p>Prima di fare qualsiasi altra cosa, individua il tuo telecomando originale, anche se \u00e8 crepato, usurato o mancano i pulsanti. <strong><b>Ecco il trucco che la maggior parte delle persone non nota:<\/b><\/strong>\u00a0le informazioni vitali di cui hai bisogno per confermare la sostituzione corretta sono di solito nascoste dove meno te lo aspetti. Non guardare solo in superficie.<\/p><h2><strong><b>I produttori spesso nascondono dettagli importanti in questi punti:<\/b><\/strong><\/h2><ul><li><b><\/b><strong><b>Retro cover:<\/b><\/strong>A volte stampato o modellato direttamente sulla parte posteriore.<\/li><li><b><\/b><strong><b>Compartimento batteria:<\/b><\/strong>Apri il coperchio della batteria\u2014all\u2019interno potresti trovare l\u2019ID FCC, il numero di parte o le informazioni sulla frequenza.<\/li><li><b><\/b><strong><b>lama della chiave in metallo:<\/b><\/strong>Controlla sul lato o alla base della lama della chiave per numeri o codici impressi.<\/li><\/ul><p><strong><b>NON saltare questo passaggio.<\/b><\/strong> Scatta foto chiare di ogni etichetta e marca prima che il tuo originale <a href=\"https:\/\/keylessbest.com\/it\/come-cambiare-la-batteria-del-vecchio-telecomando\/\" data-wpil-monitor-id=\"1752\">telecomando<\/a> scompaia completamente o venga gettato.<\/p>\t\t\t\t\t\t\t\t<\/div>\n\t\t\t\t\t<\/div>\n\t\t\t\t<\/div>\n\t\t<div class=\"elementor-element elementor-element-878a06c e-flex e-con-boxed e-con e-parent\" data-id=\"878a06c\" data-element_type=\"container\">\n\t\t\t\t\t<div class=\"e-con-inner\">\n\t\t\t\t<div class=\"elementor-element elementor-element-d6d69ff elementor-widget elementor-widget-image\" data-id=\"d6d69ff\" data-element_type=\"widget\" data-widget_type=\"image.default\">\n\t\t\t\t\t\t\t\t\t\t\t\t\t\t\t<img fetchpriority=\"high\" decoding=\"async\" width=\"1024\" height=\"576\" src=\"https:\/\/keylessbest.com\/wp-content\/uploads\/2025\/12\/how-to-confirm-1024x576.png\" class=\"attachment-large size-large wp-image-19256\" alt=\"Non sei sicuro di come confermare e verificare il telecomando corretto per il tuo veicolo? Questa guida passo passo copre la verifica della compatibilit\u00e0, controlli di programmazione e consigli di risoluzione dei problemi per una corrispondenza perfetta.\" srcset=\"https:\/\/keylessbest.com\/wp-content\/uploads\/2025\/12\/how-to-confirm-1024x576.png 1024w, https:\/\/keylessbest.com\/wp-content\/uploads\/2025\/12\/how-to-confirm-300x169.png 300w, https:\/\/keylessbest.com\/wp-content\/uploads\/2025\/12\/how-to-confirm-768x432.png 768w, https:\/\/keylessbest.com\/wp-content\/uploads\/2025\/12\/how-to-confirm-1536x863.png 1536w, https:\/\/keylessbest.com\/wp-content\/uploads\/2025\/12\/how-to-confirm-2048x1151.png 2048w, https:\/\/keylessbest.com\/wp-content\/uploads\/2025\/12\/how-to-confirm-18x10.png 18w, https:\/\/keylessbest.com\/wp-content\/uploads\/2025\/12\/how-to-confirm-700x393.png 700w\" sizes=\"(max-width: 1024px) 100vw, 1024px\" \/>\t\t\t\t\t\t\t\t\t\t\t\t\t\t\t<\/div>\n\t\t\t\t\t<\/div>\n\t\t\t\t<\/div>\n\t\t<div class=\"elementor-element elementor-element-bb3485e e-flex e-con-boxed e-con e-parent\" data-id=\"bb3485e\" data-element_type=\"container\">\n\t\t\t\t\t<div class=\"e-con-inner\">\n\t\t\t\t<div class=\"elementor-element elementor-element-855442a elementor-widget elementor-widget-text-editor\" data-id=\"855442a\" data-element_type=\"widget\" data-widget_type=\"text-editor.default\">\n\t\t\t\t\t\t\t\t\t<h2><strong><b>Fase 2 \u2013 <\/b><\/strong><strong><b>Individua questi <\/b><\/strong><strong><b>6<\/b><\/strong><strong><b>\u00a0Identificatori Critici<\/b><\/strong><\/h2><p>Prima di ordinare un telecomando di ricambio, confermare questi 7 identificatori chiave \u00e8 un must. Anche se due telecomandi sembrano identici, le differenze in questi dettagli influenzeranno la compatibilit\u00e0 e il successo della programmazione.<\/p>\t\t\t\t\t\t\t\t<\/div>\n\t\t\t\t\t<\/div>\n\t\t\t\t<\/div>\n\t\t<div class=\"elementor-element elementor-element-0cf8596 e-flex e-con-boxed e-con e-parent\" data-id=\"0cf8596\" data-element_type=\"container\">\n\t\t\t\t\t<div class=\"e-con-inner\">\n\t\t<div class=\"elementor-element elementor-element-37682cc e-con-full e-flex e-con e-child\" data-id=\"37682cc\" data-element_type=\"container\">\n\t\t\t\t<div class=\"elementor-element elementor-element-3302dc0 elementor-widget elementor-widget-text-editor\" data-id=\"3302dc0\" data-element_type=\"widget\" data-widget_type=\"text-editor.default\">\n\t\t\t\t\t\t\t\t\t<h3 style=\"text-align: center;\"><strong><b>ID FCC (Il pi\u00f9 importante)<\/b><\/strong><\/h3><p style=\"text-align: left;\">\u00c8 assegnato dalla Federal Communications Commission e ti indica la frequenza radio esatta e la tecnologia all\u2019interno del telecomando. Di solito lo trovi impresso all\u2019interno del compartimento batteria, sul retro della copertura, o talvolta inciso sulla lama in metallo della chiave. Scatta una foto chiara, questo ID aiuta a verificare se il telecomando corrisponde al ricevitore del tuo veicolo.<\/p>\t\t\t\t\t\t\t\t<\/div>\n\t\t\t\t<\/div>\n\t\t<div class=\"elementor-element elementor-element-2b1fac2 e-con-full e-flex e-con e-child\" data-id=\"2b1fac2\" data-element_type=\"container\">\n\t\t\t\t<div class=\"elementor-element elementor-element-c02800a elementor-widget elementor-widget-text-editor\" data-id=\"c02800a\" data-element_type=\"widget\" data-widget_type=\"text-editor.default\">\n\t\t\t\t\t\t\t\t\t<h3 style=\"text-align: center;\"><strong><b>\u00a0Numero di parte<\/b><\/strong><\/h3><p>Questo numero \u00e8 spesso trattato con trattini (come il \u201c89904-###-###\u201d di Toyota o uno stile simile di Honda). Identifica in modo univoco il pezzo del produttore ed \u00e8 fondamentale per trovare il ricambio giusto. Di solito lo trovi stampato all\u2019interno del telecomando o sulla sua custodia. Confrontare questo numero evita confusione tra telecomandi aftermarket e OEM.<\/p>\t\t\t\t\t\t\t\t<\/div>\n\t\t\t\t<\/div>\n\t\t<div class=\"elementor-element elementor-element-6a049ae e-con-full e-flex e-con e-child\" data-id=\"6a049ae\" data-element_type=\"container\">\n\t\t\t\t<div class=\"elementor-element elementor-element-48d83dc elementor-widget elementor-widget-text-editor\" data-id=\"48d83dc\" data-element_type=\"widget\" data-widget_type=\"text-editor.default\">\n\t\t\t\t\t\t\t\t\t<h3 style=\"text-align: center;\"><strong><b>\u00a0Numero IC<\/b><\/strong><\/h3><p>Simile all\u2019ID FCC ma per le normative italiane, il numero IC aiuta a confermare la compatibilit\u00e0 regionale. Non tutti i telecomandi lo hanno, ma se il tuo s\u00ec, annotalo con attenzione.<\/p>\t\t\t\t\t\t\t\t<\/div>\n\t\t\t\t<\/div>\n\t\t<div class=\"elementor-element elementor-element-a63143c e-con-full e-flex e-con e-child\" data-id=\"a63143c\" data-element_type=\"container\">\n\t\t\t\t<div class=\"elementor-element elementor-element-c3f90a6 elementor-widget elementor-widget-text-editor\" data-id=\"c3f90a6\" data-element_type=\"widget\" data-widget_type=\"text-editor.default\">\n\t\t\t\t\t\t\t\t\t<h3 style=\"text-align: center;\"><strong><b>Frequenza (315 MHz vs 433 MHz vs 868 MHz)<\/b><\/strong><\/h3><p>La tua auto e il telecomando comunicano su una frequenza specifica. Per i veicoli italiani, 315 MHz \u00e8 comune, ma alcuni modelli usano 433 MHz o tecnologie pi\u00f9 recenti come 868 MHz (principalmente in Europa). Se scegli la frequenza sbagliata, il telecomando non funzioner\u00e0 anche se sembra corretto.<\/p>\t\t\t\t\t\t\t\t<\/div>\n\t\t\t\t<\/div>\n\t\t<div class=\"elementor-element elementor-element-951212b e-con-full e-flex e-con e-child\" data-id=\"951212b\" data-element_type=\"container\">\n\t\t\t\t<div class=\"elementor-element elementor-element-fec7aa9 elementor-widget elementor-widget-text-editor\" data-id=\"fec7aa9\" data-element_type=\"widget\" data-widget_type=\"text-editor.default\">\n\t\t\t\t\t\t\t\t\t<h3 style=\"text-align: center;\"><strong><b>Tipo di Chip Transponder<\/b><\/strong><\/h3><p>Dentro il telecomando c\u2019\u00e8 un chip che comunica con l\u2019immobilizzatore della tua auto. I tipi pi\u00f9 comuni includono 4D, 4C, PHILIPS ID46, 80-bit, o G-chip. Queste informazioni potrebbero richiedere di aprire la custodia o consultare la documentazione. Influenzano se la tua <a href=\"https:\/\/keylessbest.com\/it\/come-programmare-il-telecomando-in-modo-rapido-e-semplice-fai-da-te-per-qualsiasi-auto\/\"  data-wpil-monitor-id=\"1751\">auto accetter\u00e0 la programmazione della chiave<\/a>.<\/p>\t\t\t\t\t\t\t\t<\/div>\n\t\t\t\t<\/div>\n\t\t<div class=\"elementor-element elementor-element-789c809 e-con-full e-flex e-con e-child\" data-id=\"789c809\" data-element_type=\"container\">\n\t\t\t\t<div class=\"elementor-element elementor-element-0af2605 elementor-widget elementor-widget-text-editor\" data-id=\"0af2605\" data-element_type=\"widget\" data-widget_type=\"text-editor.default\">\n\t\t\t\t\t\t\t\t\t<h3 style=\"text-align: center;\"><strong><b>Numero esatto di pulsanti e layout<\/b><\/strong><\/h3><p>Conta con attenzione i pulsanti: Blocco, Sblocco, Bagagliaio, Panico, Avviamento remoto, ecc. Anche un ordine diverso dei pulsanti o un pulsante extra pu\u00f2 indicare un circuito interno differente. Ad esempio, confronta come si presenta la chiave a 4 pulsanti rispetto al telecomando a 5 pulsanti di Ford Expedition che offriamo, con il layout corretto e il numero di parte a\u00a0<a href=\"https:\/\/keylessbest.com\/it\/product\/2025-2024-ford-expedition-5-buttons-keyless-entry-remote-m3n-a3c108397-pn-164-r8355-pl1t-15k601-ga-49__trashed\/\">questa chiave Ford Expedition<\/a>.<\/p>\t\t\t\t\t\t\t\t<\/div>\n\t\t\t\t<\/div>\n\t\t\t\t\t<\/div>\n\t\t\t\t<\/div>\n\t\t<div class=\"elementor-element elementor-element-1f36ec5 e-flex e-con-boxed e-con e-parent\" data-id=\"1f36ec5\" data-element_type=\"container\">\n\t\t\t\t\t<div class=\"e-con-inner\">\n\t\t\t\t<div class=\"elementor-element elementor-element-ab221c5 elementor-widget elementor-widget-text-editor\" data-id=\"ab221c5\" data-element_type=\"widget\" data-widget_type=\"text-editor.default\">\n\t\t\t\t\t\t\t\t\t<h2><strong><b>Passo 3 \u2013 Abbinare correttamente Anno, Marca, Modello e Allestimento<\/b><\/strong><\/h2><p>Ottenere il<strong> anno<\/strong>, <strong>marca<\/strong>, <strong>modello<\/strong>, e<strong> allestimento<\/strong> giusto \u00e8 fondamentale quando si conferma la corretta chiave. Anche se possiedi una Honda Accord dal 2018 al 2025, potresti avere tre o pi\u00f9 telecomandi diversi a seconda dell\u2019allestimento e delle caratteristiche. <strong>Ad esempio<\/strong>, una versione Sport non utilizzer\u00e0 sempre lo stesso telecomando di una versione EX-L o Ibrida. Lo stesso vale per altri marchi come Toyota, Ford e GM, dove diversi allestimenti spesso significano frequenze, chip transponder o layout dei pulsanti differenti.<\/p>\t\t\t\t\t\t\t\t<\/div>\n\t\t\t\t\t<\/div>\n\t\t\t\t<\/div>\n\t\t<div class=\"elementor-element elementor-element-3f73087 e-flex e-con-boxed e-con e-parent\" data-id=\"3f73087\" data-element_type=\"container\">\n\t\t\t\t\t<div class=\"e-con-inner\">\n\t\t\t\t<div class=\"elementor-element elementor-element-f0c86c0 elementor-widget elementor-widget-text-editor\" data-id=\"f0c86c0\" data-element_type=\"widget\" data-widget_type=\"text-editor.default\">\n\t\t\t\t\t\t\t\t\t<h2><strong><b>Passo 4 \u2013 Utilizzare strumenti e banche dati online gratuite<\/b><\/strong><\/h2><p>Una volta raccolti tutti i dettagli del telecomando, strumenti online gratuiti possono essere di grande aiuto per confermare la compatibilit\u00e0. Inizia con il\u00a0<strong><b>Strumento di ricerca FCC.ID<\/b><\/strong>\u2014basta inserire l'FCC ID del tuo telecomando originale per trovare informazioni ufficiali sulla frequenza del trasmettitore, il produttore e il modello. Questo aiuta a verificare che tu stia guardando lo stesso tipo di segnale radio, evitando costosi errori di frequenza come confondere telecomandi da 315 MHz con varianti da 433 MHz.<\/p><p>Successivamente, controlla risorse come il\u00a0<strong><b>database NASTF (National Automotive Service Task Force)<\/b><\/strong>\u00a0or\u00a0<strong><b>database di iLocksmith<\/b><\/strong>. Questi sono ottimi per il cross-referencing dei tipi di chip transponder e dei numeri di parte OEM, soprattutto se si tratta di tecnologie di transponder complicate come chip 4D o PHILIPS ID46. I database dei locksmith a volte includono note sui allestimenti dei veicoli e differenze specifiche per anno, il che pu\u00f2 essere di grande aiuto.<\/p><p>Puoi anche usare\u00a0<strong><b>siti di ricerca VIN-per-chiave<\/b><\/strong>\u00a0che promettono controlli rapidi di compatibilit\u00e0 inserendo il VIN del veicolo. Questi strumenti variano: alcuni prelevano direttamente dai registri del produttore, altri si basano sui dati degli utenti. Il lato positivo \u00e8 la velocit\u00e0 e la comodit\u00e0, ma il lato negativo \u00e8 la precisione\u2014mai fidarsi di questi strumenti da soli senza verificare incrociando l'FCC ID e il numero di parte.<\/p><p>Usare insieme questi database gratuiti ti d\u00e0 un quadro pi\u00f9 chiaro, aiutando a evitare di scegliere il telecomando sbagliato che \u201csembra giusto\u201d ma non pu\u00f2 essere programmato o funzionare sulla tua auto. Per esempio, se guidi una Toyota o Subaru con pi\u00f9 telecomandi compatibili che differiscono solo leggermente, questi controlli risparmiano tempo e denaro prima di ordinare eventuali sostituzioni come il\u00a0<a href=\"https:\/\/keylessbest.com\/it\/product\/2010-2020-toyota-subaru-scion-camry-brz-fr-s-4-buttons-keyless-entry-remote-hyq12bby-pn-89070-06650-89070-06440-57497-ca110-57497-ca310-su003-01445-g\/\">telecomando di accesso senza chiave Toyota\/Subaru<\/a>.<\/p>\t\t\t\t\t\t\t\t<\/div>\n\t\t\t\t\t<\/div>\n\t\t\t\t<\/div>\n\t\t<div class=\"elementor-element elementor-element-34636af e-flex e-con-boxed e-con e-parent\" data-id=\"34636af\" data-element_type=\"container\">\n\t\t\t\t\t<div class=\"e-con-inner\">\n\t\t\t\t<div class=\"elementor-element elementor-element-b66d39e elementor-widget elementor-widget-text-editor\" data-id=\"b66d39e\" data-element_type=\"widget\" data-widget_type=\"text-editor.default\">\n\t\t\t\t\t\t\t\t\t<h2><strong><b>Passo 5 \u2013 Come Verificare con il Venditore (Domande Esatte da Fare a keylessbest o a qualsiasi Venditore)<\/b><\/strong><\/h2><p>Prima di acquistare un telecomando di ricambio, verifica sempre i dettagli con il venditore. Ecco una semplice lista di domande da porre a keylessbest o a qualsiasi venditore per evitare problemi di compatibilit\u00e0:<\/p><h3><strong><b>Qual \u00e8 l'FCC ID su questo telecomando?<\/b><\/strong><\/h3><p>Questo \u00e8 l'identificatore pi\u00f9 critico. Assicurati che corrisponda esattamente a quello trovato sul tuo telecomando originale.<\/p><h3><strong><b>Puoi fornire il numero di parte OEM?<\/b><\/strong><\/h3><p>Chiedi il numero di parte preciso (spesso con trattini come i codici Toyota o Honda) per assicurarti di ottenere il modello corretto.<\/p><h3><strong><b>Quale frequenza utilizza questo telecomando?<\/b><\/strong><\/h3><p>Conferma se \u00e8 315 MHz, 433 MHz, 868 MHz o UWB \u2014 usare la frequenza sbagliata pu\u00f2 causare fallimenti nella programmazione.<\/p><h3><strong><b>Quale chip transponder \u00e8 all\u2019interno?<\/b><\/strong><\/h3><p>Verifica se si tratta di un 4D, 4C, PHILIPS ID46, a 80 bit o G-chip. Chips diversi non funzioneranno anche se il telecomando sembra identico.<\/p><h3><strong><b>La lama della chiave o la chiave di emergenza corrispondono al profilo del mio veicolo?<\/b><\/strong><\/h3><p>Questo \u00e8 importante se prevedi di usare la chiave di emergenza; le discrepanze accadono pi\u00f9 spesso di quanto si pensi.<\/p><h3><strong><b>Quanti pulsanti ha il telecomando e quali funzioni coprono?<\/b><\/strong><\/h3><p>Verifica la disposizione esatta\u2014blocco, sblocco, bagagliaio, panico, avvio remoto\u2014per evitare sorprese.<\/p><h3><strong><b>Segnali di allarme dalle risposte del venditore<\/b><\/strong><\/h3><ul><li><b><\/b><strong><b>Risposta vaga o assente riguardo FCC ID o numero di parte<\/b><\/strong>\u2014 Chiunque affermi \u201ctutti i telecomandi sembrano uguali\u201d \u00e8 un rischio.<\/li><li><b><\/b><strong><b>Nessun dettaglio sul tipo di chip o frequenza<\/b><\/strong>\u2014 Probabile fallimento della programmazione se queste informazioni mancano.<\/li><li><b><\/b><strong><b>Promesse di compatibilit\u00e0 senza verifica<\/b><\/strong>\u2014 Fidati dei venditori che confermano i dettagli, non delle supposizioni.<\/li><li><b><\/b><strong><b>Solo foto da immagini stock, nessuna foto reale del prodotto<\/b><\/strong>\u2014 Questo pu\u00f2 indicare che non hanno il telecomando esatto di cui hai bisogno.<\/li><li><b><\/b><strong><b>Rifiuto di rispondere alle domande o fornire specifiche dettagliate<\/b><\/strong>\u2014 \u00c8 il momento di allontanarsi.<\/li><\/ul>\t\t\t\t\t\t\t\t<\/div>\n\t\t\t\t\t<\/div>\n\t\t\t\t<\/div>\n\t\t<div class=\"elementor-element elementor-element-b0a3221 e-flex e-con-boxed e-con e-parent\" data-id=\"b0a3221\" data-element_type=\"container\">\n\t\t\t\t\t<div class=\"e-con-inner\">\n\t\t\t\t<div class=\"elementor-element elementor-element-29eeb42 elementor-widget elementor-widget-text-editor\" data-id=\"29eeb42\" data-element_type=\"widget\" data-widget_type=\"text-editor.default\">\n\t\t\t\t\t\t\t\t\t<h2><strong><b>Fase 6 \u2013 Ancora non sei sicuro? Ecco il metodo infallibile 100%<\/b><\/strong><\/h2><p>Basta inviare foto chiare del tuo telecomando originale (o di ci\u00f2 che ne rimane) insieme al VIN del veicolo a un professionista. Da keylessbest, offriamo questo servizio\u00a0<strong><b>gratuitamente<\/b><\/strong>\u00a0per aiutarti a evitare costosi errori. Fare questo passo in pi\u00f9\u00a0<strong><b>prima<\/b><\/strong>\u00a0L'ordinazione pu\u00f2 farti risparmiare centinaia di euro e mal di testa dovuti all'acquisto sbagliato di telecomandi. Quindi, se sei bloccato, affidati ai professionisti e invia le tue foto pi\u00f9 il VIN per ottenere una corrispondenza 100% precisa ogni volta.<\/p>\t\t\t\t\t\t\t\t<\/div>\n\t\t\t\t\t<\/div>\n\t\t\t\t<\/div>\n\t\t<div class=\"elementor-element elementor-element-818462a e-flex e-con-boxed e-con e-parent\" data-id=\"818462a\" data-element_type=\"container\">\n\t\t\t\t\t<div class=\"e-con-inner\">\n\t\t\t\t<div class=\"elementor-element elementor-element-8e25c2c elementor-widget elementor-widget-text-editor\" data-id=\"8e25c2c\" data-element_type=\"widget\" data-widget_type=\"text-editor.default\">\n\t\t\t\t\t\t\t\t\t<h2><strong><b>Errori comuni che ti fanno perdere centinaia di euro (con esempi reali)<\/b><\/strong><\/h2><p>Molti acquirenti fanno <a href=\"https:\/\/keylessbest.com\/it\/quanto-costa-sostituire-un-telecomando-per-auto-nel-2025\/\"  data-wpil-monitor-id=\"1750\">errori costosi nell'acquisto di telecomandi di ricambio<\/a>. Ecco alcuni errori comuni da evitare:<\/p><h3><strong><b>storie di \u201cSembrava esattamente lo stesso su Amazon\u201d<\/b><\/strong><\/h3><p>Molti acquirenti presumono che se un telecomando sembra identico al loro, funzioner\u00e0. Ma l'aspetto da solo non garantisce la compatibilit\u00e0. Due telecomandi possono avere la stessa disposizione dei pulsanti ma differire completamente nel codice interno, causando fallimenti nella programmazione o nessuna funzione.<\/p><h3><strong><b>Confusione di frequenze (specifiche italiane vs europee)<\/b><\/strong><\/h3><p>I telecomandi operano su frequenze radio specifiche, come 315 MHz, 433 MHz o 868 MHz. Acquistare un telecomando progettato per modelli europei quando ne hai bisogno per un veicolo italiano pu\u00f2 portare a frustrazione e spreco di denaro perch\u00e9 le frequenze non corrispondono.<\/p>\t\t\t\t\t\t\t\t<\/div>\n\t\t\t\t\t<\/div>\n\t\t\t\t<\/div>\n\t\t<div class=\"elementor-element elementor-element-316480a e-flex e-con-boxed e-con e-parent\" data-id=\"316480a\" data-element_type=\"container\">\n\t\t\t\t\t<div class=\"e-con-inner\">\n\t\t\t\t<div class=\"elementor-element elementor-element-505130b elementor-widget elementor-widget-text-editor\" data-id=\"505130b\" data-element_type=\"widget\" data-widget_type=\"text-editor.default\">\n\t\t\t\t\t\t\t\t\t<p>Per evitare questi problemi, conferma sempre i dettagli chiave: <span style=\"color: #ff6600;\"><strong>FCC ID<\/strong><\/span>, <strong><span style=\"color: #ff6600;\">Numero di parte<\/span><\/strong>,<span style=\"color: #ff6600;\"><strong> frequenza<\/strong><\/span>, <span style=\"color: #ff6600;\"><strong>tipo di chip<\/strong><\/span>, e<span style=\"color: #ff6600;\"><strong> pulsante<\/strong><\/span> , prima di ordinare. Ad esempio, se hai una Subaru dal 2010 al 2014, controlla le nostre <a href=\"https:\/\/keylessbest.com\/it\/product\/2010-2014-subaru-forester-impreza-impreza-wrx-sti-4-buttons-keyless-entry-remote-cwtwb1u819-pn88036-fg030\/\">opzioni di telecomandi senza chiave Subaru<\/a>\u00a0per assicurarti di ottenere la misura giusta. Prendere queste precauzioni ti fa risparmiare soldi e fastidi, dandoti la sicurezza che il nuovo telecomando funzioner\u00e0 al primo tentativo.<\/p><p>\u00a0<\/p><p>\u00a0<\/p>\t\t\t\t\t\t\t\t<\/div>\n\t\t\t\t\t<\/div>\n\t\t\t\t<\/div>\n\t\t\t\t<\/div>","protected":false},"excerpt":{"rendered":"<p>How to Confirm the Correct Key Fob for Your Car Replacement Step 1 \u2013 Find Your Original Key Fob (or What\u2019s Left of It) Before you do anything else, locate your original key fob,even if it\u2019s cracked, worn, or missing buttons. Here\u2019s the trick most people miss:\u00a0the vital information you need to confirm the correct&#8230;<\/p>","protected":false},"author":1,"featured_media":0,"parent":0,"menu_order":0,"comment_status":"closed","ping_status":"closed","template":"","meta":{"_bst_post_transparent":"","_bst_post_title":"hide","_bst_post_layout":"fullwidth","_bst_post_sidebar_id":"","_bst_post_content_style":"unboxed","_bst_post_vertical_padding":"hide","_bst_post_feature":"hide","_bst_post_feature_position":"","_bst_post_header":false,"_bst_post_footer":false,"footnotes":""},"class_list":["post-13678","page","type-page","status-publish","hentry"],"_links":{"self":[{"href":"https:\/\/keylessbest.com\/it\/wp-json\/wp\/v2\/pages\/13678","targetHints":{"allow":["GET"]}}],"collection":[{"href":"https:\/\/keylessbest.com\/it\/wp-json\/wp\/v2\/pages"}],"about":[{"href":"https:\/\/keylessbest.com\/it\/wp-json\/wp\/v2\/types\/page"}],"author":[{"embeddable":true,"href":"https:\/\/keylessbest.com\/it\/wp-json\/wp\/v2\/users\/1"}],"replies":[{"embeddable":true,"href":"https:\/\/keylessbest.com\/it\/wp-json\/wp\/v2\/comments?post=13678"}],"version-history":[{"count":11,"href":"https:\/\/keylessbest.com\/it\/wp-json\/wp\/v2\/pages\/13678\/revisions"}],"predecessor-version":[{"id":19259,"href":"https:\/\/keylessbest.com\/it\/wp-json\/wp\/v2\/pages\/13678\/revisions\/19259"}],"wp:attachment":[{"href":"https:\/\/keylessbest.com\/it\/wp-json\/wp\/v2\/media?parent=13678"}],"curies":[{"name":"wp","href":"https:\/\/api.w.org\/{rel}","templated":true}]}}