{"id":16,"date":"2025-07-14T04:04:21","date_gmt":"2025-07-14T04:04:21","guid":{"rendered":"https:\/\/hanwuji.shengjit.com\/?page_id=16"},"modified":"2025-11-19T09:07:00","modified_gmt":"2025-11-19T09:07:00","slug":"rimborso_reso","status":"publish","type":"page","link":"https:\/\/keylessbest.com\/it\/rimborso_reso\/","title":{"rendered":"Politica di Rimborsi e Resi"},"content":{"rendered":"<div data-elementor-type=\"wp-page\" data-elementor-id=\"16\" class=\"elementor elementor-16\" data-elementor-post-type=\"page\">\n\t\t\t\t<div class=\"elementor-element elementor-element-7b77fe3 e-flex e-con-boxed e-con e-parent\" data-id=\"7b77fe3\" data-element_type=\"container\">\n\t\t\t\t\t<div class=\"e-con-inner\">\n\t\t\t\t<div class=\"elementor-element elementor-element-56b78aa elementor-widget elementor-widget-heading\" data-id=\"56b78aa\" data-element_type=\"widget\" data-widget_type=\"heading.default\">\n\t\t\t\t\t<h1 class=\"elementor-heading-title elementor-size-default\"><a href=\"https:\/\/keylessbest.com\/it\/\">Politica di Rimborsi e Resi di KeylessBest per Chiavi Auto<\/a><\/h1>\t\t\t\t<\/div>\n\t\t\t\t\t<\/div>\n\t\t\t\t<\/div>\n\t\t<div class=\"elementor-element elementor-element-05a0885 e-flex e-con-boxed e-con e-parent\" data-id=\"05a0885\" data-element_type=\"container\">\n\t\t\t\t\t<div class=\"e-con-inner\">\n\t\t\t\t<div class=\"elementor-element elementor-element-d51b19d elementor-widget elementor-widget-text-editor\" data-id=\"d51b19d\" data-element_type=\"widget\" data-widget_type=\"text-editor.default\">\n\t\t\t\t\t\t\t\t\t<p>Quando il tuo\u00a0<strong><b>chiave auto elettronica<\/b><\/strong>\u00a0fallisce o non si adatta correttamente, l'ultima cosa che vuoi \u00e8 rimanere bloccato con politiche di reso confuse o esigenti. Ecco perch\u00e9 comprendere una politica di reso chiara e facile da usare\u00a0<strong><b>politica di rimborso e reso per chiavi auto elettroniche<\/b><\/strong>\u00a0non \u00e8 solo un vantaggio\u2014\u00e8 un requisito prima di acquistare. Da KeylessBest, andiamo oltre le consuete finestre di reso di 30-90 giorni con un piano di copertura senza problemi di 24 mesi che protegge il tuo acquisto e la tua tranquillit\u00e0. Pronto a fare acquisti senza paura di spese nascoste, costi di rifornimento o scadenze affrettate? Continua a leggere per scoprire come rendiamo semplice, affidabile e senza rischi il reso o la sostituzione della tua chiave auto elettronica.<\/p>\t\t\t\t\t\t\t\t<\/div>\n\t\t\t\t\t<\/div>\n\t\t\t\t<\/div>\n\t\t<div class=\"elementor-element elementor-element-9df3e15 e-flex e-con-boxed e-con e-parent\" data-id=\"9df3e15\" data-element_type=\"container\">\n\t\t\t\t\t<div class=\"e-con-inner\">\n\t\t\t\t<div class=\"elementor-element elementor-element-044a4c5 elementor-widget elementor-widget-text-editor\" data-id=\"044a4c5\" data-element_type=\"widget\" data-widget_type=\"text-editor.default\">\n\t\t\t\t\t\t\t\t\t<h2><strong><b>Comprendere la Politica di Rimborsi e Resi di KeylessBest<\/b><\/strong><\/h2>\n<p>Da KeylessBest, comprendiamo quanto sia importante la tua chiave auto elettronica. Per questo la nostra politica di rimborsi e resi \u00e8 progettata per essere semplice, equa e a misura di cliente. Ecco una panoramica di ci\u00f2 che ci distingue:<\/p>\n<h3><strong><b>Principali Pilastri della Politica<\/b><\/strong><\/h3>\n<ul>\n<li><b><\/b><strong><b>Rimborsi completi disponibili entro 24 mesi<\/b><\/strong>dall'acquisto<\/li>\n<li><b><\/b><strong><b>Sostituzioni senza domande<\/b><\/strong>per sostituzioni senza problemi<\/li>\n<li><b><\/b><strong><b>Zero spese di rifornimento<\/b><\/strong>\u2014 nessun costo nascosto quando si restituisce o si scambia<\/li>\n<\/ul>\n<h3><strong><b>Criteri di eleggibilit\u00e0<\/b><\/strong><\/h3>\n<ul>\n<li>Le chiavi devono essere\u00a0<strong><b>nuove, non usate e nella confezione originale<\/b><\/strong><\/li>\n<li>Chiavi personalizzate o programmate\u00a0<strong><b>escluse dai rimborsi<\/b><\/strong>ma con opzioni chiare di esclusione all'acquisto<\/li>\n<li>Resi non accettati su articoli usati o danneggiati<\/li>\n<\/ul>\t\t\t\t\t\t\t\t<\/div>\n\t\t\t\t\t<\/div>\n\t\t\t\t<\/div>\n\t\t<div class=\"elementor-element elementor-element-4ba1aa3 e-flex e-con-boxed e-con e-parent\" data-id=\"4ba1aa3\" data-element_type=\"container\">\n\t\t\t\t\t<div class=\"e-con-inner\">\n\t\t\t\t<div class=\"elementor-element elementor-element-cce9304 elementor-widget elementor-widget-text-editor\" data-id=\"cce9304\" data-element_type=\"widget\" data-widget_type=\"text-editor.default\">\n\t\t\t\t\t\t\t\t\t<h3><strong><b>Come Confrontiamo<\/b><\/strong><\/h3>\n<table>\n<tbody>\n<tr>\n<td>\n<p><strong><b>Caratteristica<\/b><\/strong><\/p>\n<\/td>\n<td>\n<p><strong><b>KeylessBest<\/b><\/strong><\/p>\n<\/td>\n<td>\n<p><strong><b>Concorrenti<\/b><\/strong><\/p>\n<\/td>\n<\/tr>\n<tr>\n<td>\n<p>Finestra di Rimborso<\/p>\n<\/td>\n<td>\n<p>24 mesi<\/p>\n<\/td>\n<td>\n<p>30-90 giorni<\/p>\n<\/td>\n<\/tr>\n<tr>\n<td>\n<p>Politica di Cambio<\/p>\n<\/td>\n<td>\n<p>Nessuna domanda posta<\/p>\n<\/td>\n<td>\n<p>Spesso condizionale<\/p>\n<\/td>\n<\/tr>\n<tr>\n<td>\n<p>Commissioni di Rifornimento<\/p>\n<\/td>\n<td>\n<p>Nessuno<\/p>\n<\/td>\n<td>\n<p>Fino a 15%<\/p>\n<\/td>\n<\/tr>\n<tr>\n<td>\n<p>Rimborsi per Chiavi Personalizzate\/Programmate<\/p>\n<\/td>\n<td>\n<p>Escluso con opt-out<\/p>\n<\/td>\n<td>\n<p>Di solito nessun rimborso<\/p>\n<\/td>\n<\/tr>\n<tr>\n<td>\n<p>Copertura<\/p>\n<\/td>\n<td>\n<p>Difetti, modelli sbagliati, rimorso dell'acquirente<\/p>\n<\/td>\n<td>\n<p>Solo difetti limitati<\/p>\n<\/td>\n<\/tr>\n<\/tbody>\n<\/table>\n<h3><strong><b>Allineamento alla Legge sui Consumatori<\/b><\/strong><\/h3>\n<p>La nostra politica va oltre lo standard\u00a0<strong><b>Periodo di raffreddamento FTC<\/b><\/strong>\u00a0offrendo protezione estesa e rimborsi, rispettando i tuoi diritti e la nostra lealt\u00e0 verso di te.<\/p>\n<p>Questo garantisce un supporto affidabile, sia che tu abbia cambiato idea o ricevuto un prodotto difettoso.<\/p>\n<p><strong><b>Devi restituire un telecomando?<\/b><\/strong>\u00a0Continua a leggere per una guida passo-passo per rendere il rimborso o il cambio il pi\u00f9 semplice possibile.<\/p>\n<h2><strong><b>Guida Passo-Passo: Come Iniziare un Rimboso o una Restituzione con KeylessBest<\/b><\/strong><\/h2>\n<p>Prima di iniziare il rimborso o la restituzione, verifica questi elementi essenziali: conferma la data di acquisto per assicurarti di essere nel periodo di rimborso e controlla il telecomando per assicurarti che sia in condizioni nuove e inutilizzate.<\/p>\n<p>Per iniziare il processo, invia un'email\u00a0<span style=\"color: #ff6600;\"><strong><b><span \n                data-original-string='pA03deZFQ4JGZnztTulyiw==076Lcc2G1olx8Dlh2a36Cx3LS98UJT8hU+TU\/v23ocuZ3w='\n                class='apbct-email-encoder'\n                title='This contact has been encoded by Anti-Spam by CleanTalk. Click to decode. To finish the decoding make sure that JavaScript is enabled in your browser.'>ke<span class=\"apbct-blur\">*********<\/span>@<span class=\"apbct-blur\">***<\/span>il.com<\/span><\/b><\/strong><\/span>\u00a0per un'Autorizzazione di Reso Merce (RMA). Riceverai l'approvazione entro 24 ore, cos\u00ec potrai procedere senza problemi.<\/p>\n<p>Quando imballi il tuo reso, usa l'imballaggio originale se possibile. Per i clienti, KeylessBest fornisce una\u00a0<strong><b>etichetta di spedizione di ritorno gratuita<\/b><\/strong>, ma ricorda, le spese di spedizione originali non sono rimborsabili. \u00c8 meglio spedire con un metodo tracciabile per tenere d'occhio il pacco.<\/p>\n<p>Una volta che il tuo telecomando restituito arriva, aspettati che il rimborso venga elaborato entro 5-7 giorni lavorativi. Se stai effettuando un cambio con lo stesso modello, KeylessBest offre un servizio di cambio nello stesso giorno per tornare in strada rapidamente.<\/p>\n<p>Per un facile riferimento, checklist visive e guide ottimizzate per dispositivi mobili sono disponibili per aiutarti in ogni fase di reso o rimborso\u2014rendendo il processo senza stress e chiaro.<\/p>\t\t\t\t\t\t\t\t<\/div>\n\t\t\t\t\t<\/div>\n\t\t\t\t<\/div>\n\t\t<div class=\"elementor-element elementor-element-af0653b e-flex e-con-boxed e-con e-parent\" data-id=\"af0653b\" data-element_type=\"container\">\n\t\t\t\t\t<div class=\"e-con-inner\">\n\t\t\t\t<div class=\"elementor-element elementor-element-0b9d762 elementor-widget elementor-widget-text-editor\" data-id=\"0b9d762\" data-element_type=\"widget\" data-widget_type=\"text-editor.default\">\n\t\t\t\t\t\t\t\t\t<h2><strong><b>Cosa Qualifica per un Rimboso Completo? Scenari Comuni ed Esclusioni<\/b><\/strong><\/h2>\n<p>Da KeylessBest, vogliamo assicurarci che tu ti senta sicuro del tuo acquisto, quindi ecco quando puoi aspettarti un rimborso completo:<\/p>\n<ul>\n<li><b><\/b><strong><b>Telecomandi Difettosi:<\/b><\/strong>Se il tuo telecomando ha problemi di batteria, problemi di segnale o qualsiasi difetto di fabbrica, contattaci e lo copriremo.<\/li>\n<li><b><\/b><strong><b>Model Sbagliato Spedito:<\/b><\/strong>Se hai ricevuto un telecomando diverso da quello ordinato, lo correggeremo senza costi aggiuntivi.<\/li>\n<li><b><\/b><strong><b>Rammarico dell'Acquirente:<\/b><\/strong>Hai cambiato idea? Hai\u00a0<strong><b>30 giorni<\/b><\/strong>\u00a0dal giorno dell'acquisto per restituire l'articolo e ottenere un rimborso completo.<\/li>\n<\/ul>\t\t\t\t\t\t\t\t<\/div>\n\t\t\t\t\t<\/div>\n\t\t\t\t<\/div>\n\t\t<div class=\"elementor-element elementor-element-86e49b4 e-flex e-con-boxed e-con e-parent\" data-id=\"86e49b4\" data-element_type=\"container\">\n\t\t\t\t\t<div class=\"e-con-inner\">\n\t\t\t\t<div class=\"elementor-element elementor-element-871bc53 elementor-widget elementor-widget-text-editor\" data-id=\"871bc53\" data-element_type=\"widget\" data-widget_type=\"text-editor.default\">\n\t\t\t\t\t\t\t\t\t<h3><strong><b>Gestione di Telecomandi Smarriti o Rubati<\/b><\/strong><\/h3>\n<p>Telecomandi smarriti o rubati sono complicati, ma ti supportiamo: attiviamo la garanzia per sostituzioni in questi casi. I modelli standard vengono forniti senza detrazione\u2014vogliamo farti tornare sulla strada senza problemi.<\/p>\n<h3><strong><b>Articoli Non Rimborsabili<\/b><\/strong><\/h3>\n<ul>\n<li><b><\/b><strong><b>Chiavi programmate o tagliate su misura:<\/b><\/strong>Sono realizzate appositamente per il tuo veicolo, quindi sono escluse.<\/li>\n<li><b><\/b><strong><b>Batterie e Accessori:<\/b><\/strong>I consumabili non possono essere restituiti per motivi di igiene e sicurezza.<\/li>\n<\/ul>\t\t\t\t\t\t\t\t<\/div>\n\t\t\t\t\t<\/div>\n\t\t\t\t<\/div>\n\t\t<div class=\"elementor-element elementor-element-8bf91b5 e-flex e-con-boxed e-con e-parent\" data-id=\"8bf91b5\" data-element_type=\"container\">\n\t\t\t\t\t<div class=\"e-con-inner\">\n\t\t\t\t<div class=\"elementor-element elementor-element-1d939d7 elementor-widget elementor-widget-text-editor\" data-id=\"1d939d7\" data-element_type=\"widget\" data-widget_type=\"text-editor.default\">\n\t\t\t\t\t\t\t\t\t<h3><strong><b>Esempi di Utenti Reali<\/b><\/strong><\/h3>\n<p>Diversi clienti che hanno ricevuto un telecomando difettoso per modelli come il\u00a0<a href=\"https:\/\/keylessbest.com\/it\/product\/2011-2019-ford-edge-explorer-flex-expedition-platinum-focus-taurus-4-buttons-keyless-entry-remote-m3n5wy8609-pnbt4t-15k601-ax-5921285__trashed\/\">2011-2019 Ford Edge telecomando di accesso senza chiave<\/a>\u00a0hanno condiviso quanto fosse facile il processo di rimborso e hanno ricevuto rapidamente le loro sostituzioni.<\/p>\n<h3><strong><b>Evita Resi con il Nostro Controllo di Compatibilit\u00e0<\/b><\/strong><\/h3>\n<p>Consigliamo di verificare la compatibilit\u00e0 del tuo veicolo prima dell'acquisto. Utilizzare il nostro controllore di compatibilit\u00e0 pre-acquisto aiuta a risparmiare tempo ed evitare resi inutili, specialmente per adattamenti complicati come i\u00a0<a href=\"https:\/\/keylessbest.com\/it\/product\/2005-2011-chevy-saturn-buick-pontiac-hhr-terraza-uplander-relay-montana-6-buttons-keyless-entry-remote-kobgt04a-pn15114376\/\">telecomandi senza chiave Chevrolet Saturn dal 2005 al 2011<\/a>.<\/p>\n<p>Comprendendo cosa d\u00e0 diritto a un rimborso e cosa no, avrai un'esperienza pi\u00f9 fluida con l'acquisto e i resi del telecomando della tua auto.<\/p>\n<h2><strong><b>Mettere tutto insieme: La garanzia KeylessBest di 24 mesi e la protezione estesa<\/b><\/strong><\/h2>\n<p>La garanzia di 24 mesi di KeylessBest copre i difetti di fabbricazione per due anni pieni\u2014ben oltre lo standard del settore. Questa protezione estesa ti d\u00e0 tranquillit\u00e0, sapendo che il tuo telecomando auto \u00e8 coperto a lungo termine contro problemi come guasti alla batteria e problemi di segnale.<\/p>\n<p>Per presentare una richiesta di garanzia, basta inviarci un'email a <strong><span style=\"color: #ff6600;\"><span \n                data-original-string='xQUSn33l\/UfMZX6vRLcUOg==076S3iI2YEZD2o7IKl8mhlfHEEfxf9GnorXPhBcTDRFnA8='\n                class='apbct-email-encoder'\n                title='This contact has been encoded by Anti-Spam by CleanTalk. Click to decode. To finish the decoding make sure that JavaScript is enabled in your browser.'>ke<span class=\"apbct-blur\">*********<\/span>@<span class=\"apbct-blur\">***<\/span>il.com<\/span><\/span> <\/strong>con la prova di acquisto e una descrizione del problema. Una volta verificato, copriremo tutte le spese di spedizione per la sostituzione o la riparazione, rendendo facile riparare il telecomando senza problemi.<\/p>\n<p>Collaboriamo anche con importanti compagnie di assicurazioni auto e programmi di concessionari come AAA e Ford Protect, garantendo che la tua copertura si integri senza problemi se utilizzi questi servizi. Questo ci rende un'opzione affidabile sia che tu gestisca una richiesta di garanzia da solo o tramite il tuo concessionario.<\/p>\t\t\t\t\t\t\t\t<\/div>\n\t\t\t\t\t<\/div>\n\t\t\t\t<\/div>\n\t\t<div class=\"elementor-element elementor-element-5bfdb96 e-flex e-con-boxed e-con e-parent\" data-id=\"5bfdb96\" data-element_type=\"container\">\n\t\t\t\t\t<div class=\"e-con-inner\">\n\t\t\t\t<div class=\"elementor-element elementor-element-0c14dd2 elementor-widget elementor-widget-text-editor\" data-id=\"0c14dd2\" data-element_type=\"widget\" data-widget_type=\"text-editor.default\">\n\t\t\t\t\t\t\t\t\t<h3>Ecco un rapido confronto tra\u00a0<strong><b>Garanzia KeylessBest e Resi Standard<\/b><\/strong>:<\/h3>\n<table>\n<tbody>\n<tr>\n<td>\n<p><strong><b>Caratteristica<\/b><\/strong><\/p>\n<\/td>\n<td>\n<p><strong><b>Garanzia KeylessBest di 24 mesi<\/b><\/strong><\/p>\n<\/td>\n<td>\n<p><strong><b>Resi standard di 30 giorni<\/b><\/strong><\/p>\n<\/td>\n<\/tr>\n<tr>\n<td>\n<p>Periodo di copertura<\/p>\n<\/td>\n<td>\n<p>24 mesi<\/p>\n<\/td>\n<td>\n<p>30 giorni<\/p>\n<\/td>\n<\/tr>\n<tr>\n<td>\n<p>Protezione contro i difetti<\/p>\n<\/td>\n<td>\n<p>S\u00ec<\/p>\n<\/td>\n<td>\n<p>Limitato al periodo iniziale<\/p>\n<\/td>\n<\/tr>\n<tr>\n<td>\n<p>Costi di spedizione sulle richieste<\/p>\n<\/td>\n<td>\n<p>Coperti<\/p>\n<\/td>\n<td>\n<p>Il cliente paga per i resi<\/p>\n<\/td>\n<\/tr>\n<tr>\n<td>\n<p>Chiavi programmate\/personalizzate<\/p>\n<\/td>\n<td>\n<p>Incluse<\/p>\n<\/td>\n<td>\n<p>Spesso escluse<\/p>\n<\/td>\n<\/tr>\n<tr>\n<td>\n<p>Sconto sugli acquisti futuri<\/p>\n<\/td>\n<td>\n<p>20% di sconto dopo un reso<\/p>\n<\/td>\n<td>\n<p>Nessuno<\/p>\n<\/td>\n<\/tr>\n<\/tbody>\n<\/table>\n<p>Inoltre, offriamo un\u00a0<strong><b>sconto esclusivo 20% sui telecomandi futuri<\/b><\/strong>\u00a0ai clienti che hanno restituito o scambiato con successo un prodotto con noi. \u00c8 il nostro modo di ringraziarti per aver scelto KeylessBest come tua fonte affidabile per i telecomandi auto.<\/p>\n<p>Ad esempio, i nostri modelli di\u00a0<a href=\"https:\/\/keylessbest.com\/it\/product\/2007-2015-toyota-prius-4runner-avalon-le-camry-corolla-rav4-highlander-landcruiser-3-buttons-keyless-entry-remote-hyq14aab-pn-89904-35030-2__trashed\/\">telecomandi di accesso senza chiave Toyota<\/a>\u00a0sono completamente coperti da questa garanzia, garantendo che il tuo investimento sia protetto nel tempo.<\/p>\t\t\t\t\t\t\t\t<\/div>\n\t\t\t\t\t<\/div>\n\t\t\t\t<\/div>\n\t\t<div class=\"elementor-element elementor-element-c9e70bd e-flex e-con-boxed e-con e-parent\" data-id=\"c9e70bd\" data-element_type=\"container\">\n\t\t\t\t\t<div class=\"e-con-inner\">\n\t\t\t\t<div class=\"elementor-element elementor-element-4872233 elementor-widget elementor-widget-text-editor\" data-id=\"4872233\" data-element_type=\"widget\" data-widget_type=\"text-editor.default\">\n\t\t\t\t\t\t\t\t\t<h2><strong><b>Domande frequenti (FAQ): Risposte alle tue preoccupazioni sul ritorno del telecomando<\/b><\/strong><\/h2>\n<p>Ecco le risposte alle domande pi\u00f9 comuni sulla politica di rimborso e reso di KeylessBest:<\/p>\n<h3><strong><b>Posso restituire un telecomando programmato o tagliato su misura?<\/b><\/strong><\/h3>\n<p>I telecomandi programmati e tagliati su misura sono generalmente esclusi dai rimborsi a causa della loro natura personalizzata. Tuttavia, se hai rinunciato a questa opzione al momento dell'acquisto, potresti comunque essere idoneo al reso. Controlla sempre prima di ordinare per evitare sorprese.<\/p>\n<h3><strong><b>Cosa succede se sono fuori dall'Italia o devo spedire all'estero?<\/b><\/strong><\/h3>\n<p>I resi internazionali potrebbero comportare costi di spedizione aggiuntivi e dazi doganali. KeylessBest non copre queste spese, quindi valuta bene prima di avviare un reso.<\/p>\n<h3><strong><b>Cosa succede se la mia spedizione di ritorno si perde?<\/b><\/strong><\/h3>\n<p>We recommend using a trackable shipping method for returns. If your package is lost, contact support immediately at <span \n                data-original-string='4gbTN4tdNwaQmpOJLhXjgA==076mKA3ZnlySf+E34DUdHxA9l48EK+E43HpoqqlOs8KB7Q='\n                class='apbct-email-encoder'\n                title='This contact has been encoded by Anti-Spam by CleanTalk. Click to decode. To finish the decoding make sure that JavaScript is enabled in your browser.'>ke<span class=\"apbct-blur\">*********<\/span>@<span class=\"apbct-blur\">***<\/span>il.com<\/span>. Refunds or exchanges can be delayed without proof of shipment.<\/p>\n<h3><strong><b>Sono disponibili crediti parziali per parti danneggiate o mancanti?<\/b><\/strong><\/h3>\n<p>I crediti parziali vengono gestiti caso per caso. Se il tuo articolo \u00e8 arrivato incompleto o danneggiato, contatta l'assistenza con foto. Lavoreremo con te per risolvere il problema in modo equo.<\/p>\n<h3><strong><b>Devo pagare dazi o tasse sui resi?<\/b><\/strong><\/h3>\n<p>I clienti sono responsabili di eventuali spese doganali sostenute durante i resi internazionali. KeylessBest non rimborsa queste spese.<\/p>\n<h3><strong><b>Quanto dura la finestra di restituzione del telecomando?<\/b><\/strong><\/h3>\n<p>La nostra finestra di rimborso completo e cambio si estende fino a 24 mesi per articoli idonei\u2014ben oltre molti concorrenti. Per resi per ripensamento, agisci entro 30 giorni. Questa tempistica supporta query di ricerca vocale come \u201cpolitica di restituzione keylessbest\u201d.<\/p>\n<p>Se hai altre domande, sentiti libero di scriverci in qualsiasi momento all\u2019indirizzo <strong><span style=\"color: #ff6600;\"><span \n                data-original-string='sNHYku2bUcN3TOScDXPIvg==076E\/vDdlifwqrb50mZuBtNEgeGdMFrxJyRbhLo6FaIlKw='\n                class='apbct-email-encoder'\n                title='This contact has been encoded by Anti-Spam by CleanTalk. Click to decode. To finish the decoding make sure that JavaScript is enabled in your browser.'>ke<span class=\"apbct-blur\">*********<\/span>@<span class=\"apbct-blur\">***<\/span>il.com<\/span><\/span><\/strong>. Diamo priorit\u00e0 a un servizio clienti chiaro e senza problemi, su misura per le tue esigenze.<\/p>\n<p>Per ulteriori dettagli sulla copertura del prodotto, consulta il nostro\u00a0<a href=\"https:\/\/keylessbest.com\/it\/product\/2014-2016-maserati-ghibli-quattroporte-4-buttons-keyless-entry-remote-m3n-7393490-pn-5923336\/\">Maserati telecomando di accesso senza chiave<\/a>\u00a0pagina.<\/p>\t\t\t\t\t\t\t\t<\/div>\n\t\t\t\t\t<\/div>\n\t\t\t\t<\/div>\n\t\t\t\t<\/div>","protected":false},"excerpt":{"rendered":"<p>KeylessBest Car Key Fob Refund and Returns Policy When your\u00a0car key fob\u00a0fails or doesn\u2019t fit right, the last thing you want is to be stuck with confusing or stingy return policies. That\u2019s why understanding a clear, user-friendly\u00a0car key fob refund and returns policy\u00a0isn\u2019t just nice to have\u2014it\u2019s a must before you buy. At KeylessBest, we&#8230;<\/p>","protected":false},"author":1,"featured_media":0,"parent":0,"menu_order":0,"comment_status":"closed","ping_status":"closed","template":"","meta":{"_bst_post_transparent":"","_bst_post_title":"","_bst_post_layout":"","_bst_post_sidebar_id":"","_bst_post_content_style":"","_bst_post_vertical_padding":"","_bst_post_feature":"","_bst_post_feature_position":"","_bst_post_header":false,"_bst_post_footer":false,"footnotes":""},"class_list":["post-16","page","type-page","status-publish","hentry"],"_links":{"self":[{"href":"https:\/\/keylessbest.com\/it\/wp-json\/wp\/v2\/pages\/16","targetHints":{"allow":["GET"]}}],"collection":[{"href":"https:\/\/keylessbest.com\/it\/wp-json\/wp\/v2\/pages"}],"about":[{"href":"https:\/\/keylessbest.com\/it\/wp-json\/wp\/v2\/types\/page"}],"author":[{"embeddable":true,"href":"https:\/\/keylessbest.com\/it\/wp-json\/wp\/v2\/users\/1"}],"replies":[{"embeddable":true,"href":"https:\/\/keylessbest.com\/it\/wp-json\/wp\/v2\/comments?post=16"}],"version-history":[{"count":4,"href":"https:\/\/keylessbest.com\/it\/wp-json\/wp\/v2\/pages\/16\/revisions"}],"predecessor-version":[{"id":18431,"href":"https:\/\/keylessbest.com\/it\/wp-json\/wp\/v2\/pages\/16\/revisions\/18431"}],"wp:attachment":[{"href":"https:\/\/keylessbest.com\/it\/wp-json\/wp\/v2\/media?parent=16"}],"curies":[{"name":"wp","href":"https:\/\/api.w.org\/{rel}","templated":true}]}}