{"id":2,"date":"2024-06-21T03:54:29","date_gmt":"2024-06-21T03:54:29","guid":{"rendered":"https:\/\/demos.coderplace.com\/wp\/WP03\/WP03074\/?page_id=2"},"modified":"2024-06-21T03:54:29","modified_gmt":"2024-06-21T03:54:29","slug":"pagina-di-esempio","status":"publish","type":"page","link":"https:\/\/keylessbest.com\/it\/pagina-di-esempio\/","title":{"rendered":"Pagina di esempio"},"content":{"rendered":"<p>Questa \u00e8 una pagina di esempio. \u00c8 diversa da un post del blog perch\u00e9 rimarr\u00e0 in un solo posto e apparir\u00e0 nella navigazione del tuo sito (nella maggior parte dei temi). La maggior parte delle persone inizia con una pagina Chi Siamo che li presenta ai potenziali visitatori del sito. Potrebbe dire qualcosa del genere:<\/p>\n\n\n\n<blockquote class=\"wp-block-quote is-layout-flow wp-block-quote-is-layout-flow\"><p>Ciao! Sono un corriere in bicicletta di giorno, aspirante attore di notte, e questa \u00e8 il mio sito web. Vivo a Milano, ho un cane fantastico chiamato Jack, e mi piacciono le pi\u00f1a coladas. (E farmi prendere dalla pioggia.)<\/p><\/blockquote>\n\n\n\n<p>\u2026o qualcosa del genere:<\/p>\n\n\n\n<blockquote class=\"wp-block-quote is-layout-flow wp-block-quote-is-layout-flow\"><p>La XYZ Doohickey Company \u00e8 stata fondata nel 1971, e da allora fornisce doohickeys di qualit\u00e0 al pubblico. Situata a Torino, XYZ impiega oltre 2.000 persone e fa ogni tipo di cosa fantastica per la comunit\u00e0 di Torino.<\/p><\/blockquote>\n\n\n\n<p>Come nuovo utente di WordPress, dovresti andare a <a href=\"https:\/\/demos.coderplace.com\/wp\/WP03\/WP03074\/wp-admin\/\" target=\"_blank\" rel=\"noopener\">la tua dashboard<\/a> per eliminare questa pagina e creare nuove pagine per i tuoi contenuti. Divertiti!<\/p>","protected":false},"excerpt":{"rendered":"<p>This is an example page. It&#8217;s different from a blog post because it will stay in one place and will show up in your site navigation (in most themes). Most people start with an About page that introduces them to potential site visitors. It might say something like this: Hi there! I&#8217;m a bike messenger&#8230;<\/p>","protected":false},"author":1,"featured_media":0,"parent":0,"menu_order":0,"comment_status":"closed","ping_status":"open","template":"","meta":{"_bst_post_transparent":"","_bst_post_title":"","_bst_post_layout":"","_bst_post_sidebar_id":"","_bst_post_content_style":"","_bst_post_vertical_padding":"","_bst_post_feature":"","_bst_post_feature_position":"","_bst_post_header":false,"_bst_post_footer":false,"footnotes":""},"class_list":["post-2","page","type-page","status-publish","hentry"],"_links":{"self":[{"href":"https:\/\/keylessbest.com\/it\/wp-json\/wp\/v2\/pages\/2","targetHints":{"allow":["GET"]}}],"collection":[{"href":"https:\/\/keylessbest.com\/it\/wp-json\/wp\/v2\/pages"}],"about":[{"href":"https:\/\/keylessbest.com\/it\/wp-json\/wp\/v2\/types\/page"}],"author":[{"embeddable":true,"href":"https:\/\/keylessbest.com\/it\/wp-json\/wp\/v2\/users\/1"}],"replies":[{"embeddable":true,"href":"https:\/\/keylessbest.com\/it\/wp-json\/wp\/v2\/comments?post=2"}],"version-history":[{"count":0,"href":"https:\/\/keylessbest.com\/it\/wp-json\/wp\/v2\/pages\/2\/revisions"}],"wp:attachment":[{"href":"https:\/\/keylessbest.com\/it\/wp-json\/wp\/v2\/media?parent=2"}],"curies":[{"name":"wp","href":"https:\/\/api.w.org\/{rel}","templated":true}]}}