{"id":19244,"date":"2025-12-09T10:15:16","date_gmt":"2025-12-09T10:15:16","guid":{"rendered":"https:\/\/keylessbest.com\/?post_type=product&#038;p=19244"},"modified":"2026-01-05T08:39:33","modified_gmt":"2026-01-05T08:39:33","slug":"ezprogrammer-obd-tool-voor-iphone-android-geen-abonnementskosten","status":"publish","type":"product","link":"https:\/\/keylessbest.com\/nl\/product\/ezprogrammer-obd-tool-voor-iphone-android-geen-abonnementskosten\/","title":{"rendered":"EZProgrammer OBD Tool voor iPhone &amp; Android \u2013 Programmeerkits vervanging Professioneel Afstandsbediening Sleutel Programmeringsapparaat"},"content":{"rendered":"<div class=\"auto-hide-last-sibling-br paragraph-pP9ZLC paragraph-element br-paragraph-space\">\n<h2 class=\"ace-line heading-h3\" dir=\"auto\" data-node=\"true\"><span data-leaf=\"true\"><span class=\"lb\">Kernproductpositionering<\/span><\/span><span data-string=\"true\" data-enter=\"true\" data-leaf=\"true\">\u200b<\/span><\/h2>\n<div class=\"ace-line\" dir=\"auto\" data-node=\"true\"><span data-leaf=\"true\"><span class=\"lb\">Dit <\/span><\/span><span data-leaf=\"true\"><span class=\"lb\">zelfontwikkelde OBD elektronische sleutel<\/span><\/span><span data-leaf=\"true\"><span class=\"lb\"> is specifiek ontworpen voor scenario's van autosleutel matching. Het integreert meerdere kernfuncties waaronder codering\/decodering, keyless systeemcontrole, sensoradaptatie en elektronische programmering, het is een praktische en technologisch innovatieve auto-elektronische accessoire. Volledig compatibel met de sleutelmatchingbehoeften van de meeste voertuigmodellen, het kenmerkt zich door eenvoudige bediening en stabiele prestaties.<\/span><\/span><span data-string=\"true\" data-enter=\"true\" data-leaf=\"true\">\u200b<\/span><\/div>\n<div class=\"ace-line heading-h3\" dir=\"auto\" data-node=\"true\"><span data-leaf=\"true\"><span class=\"lb\">Kernfunctiehoogtepunten (Dekt alle geregistreerde subklassen)<\/span><\/span><\/div>\n<div class=\"ace-line heading-h3\" dir=\"auto\" data-node=\"true\"><span data-string=\"true\" data-enter=\"true\" data-leaf=\"true\">\u200b<\/span><\/div>\n<div class=\"ace-line ol-idWwqImJqr list-div list-start-number1\" dir=\"auto\" data-node=\"true\">\n<ol class=\"list-number1 r-list r-list-number\" start=\"1\" data-origin-start=\"1\" data-start=\"1\">\n<li data-start=\"1\"><span data-leaf=\"true\"><span class=\"lb\">Intelligente codering &amp; programmeercapaciteit<\/span><\/span><span data-leaf=\"true\"><span class=\"lb\">: Uitgerust met high-performance halfgeleiderchips en professionele codering\/decoderingapparatuur, ondersteunt het de volledige procesoperatie van transpondersleutel lezen, coderen en programmeren. In combinatie met precieze encoders (inclusief magnetische encoders), zorgt het voor stabiele signaaloverdracht en toonaangevende matchingnauwkeurigheid.<\/span><\/span><span data-string=\"true\" data-enter=\"true\" data-leaf=\"true\">\u200b<\/span><\/li>\n<\/ol>\n<\/div>\n<div class=\"ace-line ol-id5G9mt5ws list-div\" dir=\"auto\" data-node=\"true\">\n<ol class=\"list-number1 r-list r-list-number\" start=\"2\" data-origin-start=\"2\" data-start=\"2\">\n<li data-start=\"2\"><span data-leaf=\"true\"><span class=\"lb\">Integratie van keyless systeem<\/span><\/span><span data-leaf=\"true\"><span class=\"lb\">: Integreert autosleutel-toegangssystemen en keyless start-systeem, bestaande uit microprocessors, elektronische signaalontvangers en keyfobs met elektronische signaaltransponders\/responsers. Het is ook compatibel met elektronische sleutelkarten en afstandsbedieningszenders, waardoor contactloos ontgrendelen en starten mogelijk is voor een intelligente ervaring.<\/span><\/span><span data-string=\"true\" data-enter=\"true\" data-leaf=\"true\">\u200b<\/span><\/li>\n<\/ol>\n<\/div>\n<div class=\"ace-line ol-idAbwNzslj list-div\" dir=\"auto\" data-node=\"true\">\n<ol class=\"list-number1 r-list r-list-number\" start=\"3\" data-origin-start=\"3\" data-start=\"3\">\n<li data-start=\"3\"><span data-leaf=\"true\"><span class=\"lb\">Elektronische controle &amp; adaptatiefuncties<\/span><\/span><span data-leaf=\"true\"><span class=\"lb\">: Beschikt over een onafhankelijke elektronische controller die de bedrijfsstatus van de motor bewaakt, de ontstekingsprestaties optimaliseert door sensorgegevens opnieuw te berekenen en terug te koppelen naar de originele voertuigbesturingsunit. Het past zich aan sensoren en detectoren aan voor het bedienen van de werking van autosafety-apparatuur, terwijl het elektronische aandrijving van elektrisch bediende deursloten ondersteunt.<\/span><\/span><span data-string=\"true\" data-enter=\"true\" data-leaf=\"true\">\u200b<\/span><\/li>\n<\/ol>\n<\/div>\n<div class=\"ace-line ol-idkeghWM4O list-div\" dir=\"auto\" data-node=\"true\">\n<ol class=\"list-number1 r-list r-list-number\" start=\"4\" data-origin-start=\"4\" data-start=\"4\">\n<li data-start=\"4\"><span data-leaf=\"true\"><span class=\"lb\">Voordelen van multi-scenario adaptatie<\/span><\/span><span data-leaf=\"true\"><span class=\"lb\">: Compatibel met testbehoeften gerelateerd aan transmissie- en remsystemen van voertuigen, wordt geleverd met decodeerinstrumenten en programmeerapparatuur die nodig zijn voor elektronische sleutelmatching. Van chipniveau-operaties tot systeemniveau-adaptatie, het voldoet volledig aan de kernbehoeften van voertuig-sleutelmatching en is geschikt voor de meeste gangbare voertuigmodellen.<\/span><\/span><span data-string=\"true\" data-enter=\"true\" data-leaf=\"true\">\u200b<\/span><\/li>\n<\/ol>\n<\/div>\n<h2 class=\"ace-line heading-h3\" dir=\"auto\" data-node=\"true\"><span data-leaf=\"true\"><span class=\"lb\">Kernproductvoordelen<\/span><\/span><span data-string=\"true\" data-enter=\"true\" data-leaf=\"true\">\u200b<\/span><\/h2>\n<div class=\"ace-line list-div\" dir=\"auto\" data-node=\"true\">\n<ul class=\"list-bullet1 r-list r-list-bullet\">\n<li><span data-leaf=\"true\"><span class=\"lb\">Zelfontwikkeld ontwerp: Kerntechnologie\u00ebn zijn onafhankelijk controleerbaar, diep geoptimaliseerd voor sleutelmatching scenario's, dekken alle geregistreerde subklassen om zowel naleving als praktische bruikbaarheid te garanderen.<\/span><\/span><span data-string=\"true\" data-enter=\"true\" data-leaf=\"true\">\u200b<\/span><\/li>\n<\/ul>\n<\/div>\n<div class=\"ace-line list-div\" dir=\"auto\" data-node=\"true\">\n<ul class=\"list-bullet1 r-list r-list-bullet\">\n<li><span data-leaf=\"true\"><span class=\"lb\">Hoge precisie matching: Nauwkeurige en effici\u00ebnte codering\/decodering, met sensoren en elektronische besturingsunits die synergistisch werken om stabiele werking na sleutelmatching te garanderen.<\/span><\/span><span data-string=\"true\" data-enter=\"true\" data-leaf=\"true\">\u200b<\/span><\/li>\n<\/ul>\n<\/div>\n<div class=\"ace-line list-div\" dir=\"auto\" data-node=\"true\">\n<ul class=\"list-bullet1 r-list r-list-bullet\">\n<li><span data-leaf=\"true\"><span class=\"lb\">Multi-functionele integratie: Combineert codering\/programmering, keyless controle, elektronische testing en intelligente adaptatie in \u00e9\u00e9n apparaat, biedt een alles-in-\u00e9\u00e9n oplossing voor voertuig-sleutelmatching zonder extra apparatuur.<\/span><\/span><\/li>\n<\/ul>\n<\/div>\n<\/div>","protected":false},"excerpt":{"rendered":"<p>Kernproductpositionering\u200b Deze zelfontwikkelde OBD-elektronische sleutel is speciaal ontworpen voor scenario's van autosleutelmatching. Het integreert meerdere kernfuncties, waaronder codering\/decodering, controle van het keyless-systeem, sensoradaptatie en elektronische programmering. Het is een praktische en technologisch innovatieve autotechnische accessoire. Volledig compatibel met de sleutelmatchingbehoeften van de meeste voertuigmodellen, kenmerkt het zich door eenvoudige bediening en...<\/p>","protected":false},"featured_media":19247,"comment_status":"open","ping_status":"closed","template":"","meta":{"_bst_post_transparent":"default","_bst_post_title":"","_bst_post_layout":"default","_bst_post_sidebar_id":"","_bst_post_content_style":"default","_bst_post_vertical_padding":"default","_bst_post_feature":"","_bst_post_feature_position":"","_bst_post_header":false,"_bst_post_footer":false},"product_brand":[],"product_cat":[15],"product_tag":[],"2_year_make_model":[],"class_list":{"0":"post-19244","1":"product","2":"type-product","3":"status-publish","4":"has-post-thumbnail","6":"product_cat-carkeyremote","8":"first","9":"instock","10":"sale","11":"shipping-taxable","12":"purchasable","13":"product-type-simple","14":"entry","15":"content-bg","16":"loop-entry"},"_links":{"self":[{"href":"https:\/\/keylessbest.com\/nl\/wp-json\/wp\/v2\/product\/19244","targetHints":{"allow":["GET"]}}],"collection":[{"href":"https:\/\/keylessbest.com\/nl\/wp-json\/wp\/v2\/product"}],"about":[{"href":"https:\/\/keylessbest.com\/nl\/wp-json\/wp\/v2\/types\/product"}],"replies":[{"embeddable":true,"href":"https:\/\/keylessbest.com\/nl\/wp-json\/wp\/v2\/comments?post=19244"}],"version-history":[{"count":7,"href":"https:\/\/keylessbest.com\/nl\/wp-json\/wp\/v2\/product\/19244\/revisions"}],"predecessor-version":[{"id":19287,"href":"https:\/\/keylessbest.com\/nl\/wp-json\/wp\/v2\/product\/19244\/revisions\/19287"}],"wp:featuredmedia":[{"embeddable":true,"href":"https:\/\/keylessbest.com\/nl\/wp-json\/wp\/v2\/media\/19247"}],"wp:attachment":[{"href":"https:\/\/keylessbest.com\/nl\/wp-json\/wp\/v2\/media?parent=19244"}],"wp:term":[{"taxonomy":"product_brand","embeddable":true,"href":"https:\/\/keylessbest.com\/nl\/wp-json\/wp\/v2\/product_brand?post=19244"},{"taxonomy":"product_cat","embeddable":true,"href":"https:\/\/keylessbest.com\/nl\/wp-json\/wp\/v2\/product_cat?post=19244"},{"taxonomy":"product_tag","embeddable":true,"href":"https:\/\/keylessbest.com\/nl\/wp-json\/wp\/v2\/product_tag?post=19244"},{"taxonomy":"2_year_make_model","embeddable":true,"href":"https:\/\/keylessbest.com\/nl\/wp-json\/wp\/v2\/2_year_make_model?post=19244"}],"curies":[{"name":"wp","href":"https:\/\/api.w.org\/{rel}","templated":true}]}}