{"id":13523,"date":"2025-07-18T03:30:00","date_gmt":"2025-07-18T03:30:00","guid":{"rendered":"https:\/\/hanwuji.shengjit.com\/?page_id=13523"},"modified":"2025-07-29T10:52:12","modified_gmt":"2025-07-29T10:52:12","slug":"perguntas-frequentes","status":"publish","type":"page","link":"https:\/\/keylessbest.com\/pt\/perguntas-frequentes\/","title":{"rendered":"Perguntas Frequentes"},"content":{"rendered":"<div data-elementor-type=\"wp-page\" data-elementor-id=\"13523\" class=\"elementor elementor-13523\" data-elementor-post-type=\"page\">\n\t\t\t\t<div class=\"elementor-element elementor-element-8c36c7c e-flex e-con-boxed e-con e-parent\" data-id=\"8c36c7c\" data-element_type=\"container\">\n\t\t\t\t\t<div class=\"e-con-inner\">\n\t\t\t\t<div class=\"elementor-element elementor-element-88c91b6 elementor-widget elementor-widget-heading\" data-id=\"88c91b6\" data-element_type=\"widget\" data-widget_type=\"heading.default\">\n\t\t\t\t\t<h2 class=\"elementor-heading-title elementor-size-default\">P: Gostando de saber qual chaveiro voc\u00ea precisa? <\/h2>\t\t\t\t<\/div>\n\t\t\t\t<div class=\"elementor-element elementor-element-ee6740e elementor-widget elementor-widget-text-editor\" data-id=\"ee6740e\" data-element_type=\"widget\" data-widget_type=\"text-editor.default\">\n\t\t\t\t\t\t\t\t\t<p>R: Simplificamos o processo para voc\u00ea. Basta pesquisar usando o ano, marca e modelo do seu ve\u00edculo. Caso sua pesquisa gere v\u00e1rias op\u00e7\u00f5es de chaveiro, basta combinar o layout dos bot\u00f5es do seu controle atual com os resultados da pesquisa. E mesmo que voc\u00ea acabe escolhendo o errado, h\u00e1 uma alta probabilidade de qualquer um dos chaveiros listados ainda ser compat\u00edvel com seu ve\u00edculo.<\/p>\t\t\t\t\t\t\t\t<\/div>\n\t\t\t\t\t<\/div>\n\t\t\t\t<\/div>\n\t\t<div class=\"elementor-element elementor-element-98463d3 e-flex e-con-boxed e-con e-parent\" data-id=\"98463d3\" data-element_type=\"container\">\n\t\t\t\t\t<div class=\"e-con-inner\">\n\t\t\t\t<div class=\"elementor-element elementor-element-5404164 elementor-widget elementor-widget-heading\" data-id=\"5404164\" data-element_type=\"widget\" data-widget_type=\"heading.default\">\n\t\t\t\t\t<h2 class=\"elementor-heading-title elementor-size-default\">P: Como programo meu controle remoto para funcionar com meu ve\u00edculo?<\/h2>\t\t\t\t<\/div>\n\t\t\t\t<div class=\"elementor-element elementor-element-c309721 elementor-widget elementor-widget-text-editor\" data-id=\"c309721\" data-element_type=\"widget\" data-widget_type=\"text-editor.default\">\n\t\t\t\t\t\t\t\t\t<p>R: Cada chaveiro precisa ser programado para o seu ve\u00edculo espec\u00edfico antes de funcionar. Existem duas maneiras de fazer isso:<\/p><p>Auto-Programa\u00e7\u00e3o<br \/>Se o controle remoto do seu ve\u00edculo suporta auto-programa\u00e7\u00e3o, basta seguir as instru\u00e7\u00f5es fornecidas pelo fabricante. O tempo envolvido pode ser um pouco complicado, ent\u00e3o tome seu tempo e certifique-se de seguir cada passo com precis\u00e3o.<\/p><p>Programa\u00e7\u00e3o Profissional<br \/>Certos ve\u00edculos exigem equipamentos especializados para programar o chaveiro. Nesses casos, voc\u00ea precisar\u00e1 procurar um profissional programador\u2014pode ser uma concession\u00e1ria, um chaveiro ou um mec\u00e2nico.<\/p>\t\t\t\t\t\t\t\t<\/div>\n\t\t\t\t\t<\/div>\n\t\t\t\t<\/div>\n\t\t<div class=\"elementor-element elementor-element-b7223a6 e-flex e-con-boxed e-con e-parent\" data-id=\"b7223a6\" data-element_type=\"container\">\n\t\t\t\t\t<div class=\"e-con-inner\">\n\t\t\t\t<div class=\"elementor-element elementor-element-7bf0a11 elementor-widget elementor-widget-heading\" data-id=\"7bf0a11\" data-element_type=\"widget\" data-widget_type=\"heading.default\">\n\t\t\t\t\t<h2 class=\"elementor-heading-title elementor-size-default\">P: Est\u00e1 tendo dificuldades para programar seu controle remoto sozinho?<\/h2>\t\t\t\t<\/div>\n\t\t\t\t<div class=\"elementor-element elementor-element-053a419 elementor-widget elementor-widget-text-editor\" data-id=\"053a419\" data-element_type=\"widget\" data-widget_type=\"text-editor.default\">\n\t\t\t\t\t\t\t\t\t<p>R: Primeiro, certifique-se de que seu ve\u00edculo entra com sucesso no modo de programa\u00e7\u00e3o\u2014voc\u00ea saber\u00e1 que entrou quando as travas cycle, o horn apitar ou as luzes piscarem. Se isso n\u00e3o acontecer, tente reativar o modo\u2014ajustar o tempo corretamente \u00e9 fundamental aqui.<\/p><p>Se o ve\u00edculo estiver no modo de programa\u00e7\u00e3o, mas o controle remoto ainda n\u00e3o sincronizar:<\/p><ul><li>Verifique a bateria do controle remoto.<\/li><li>Verifique a orienta\u00e7\u00e3o da bateria (garanta que o lado positivo esteja alinhado com o s\u00edmbolo '+').<\/li><li>Confirme se os n\u00fameros de pe\u00e7a na parte de tr\u00e1s do controle correspondem aos de um controle que j\u00e1 funciona. Se n\u00e3o, envie um e-mail para xxxx.<\/li><\/ul><p>Ainda n\u00e3o funciona? Desconecte a bateria do seu carro por 10 minutos, reconecte e reinicie o processo de programa\u00e7\u00e3o.<\/p>\t\t\t\t\t\t\t\t<\/div>\n\t\t\t\t\t<\/div>\n\t\t\t\t<\/div>\n\t\t<div class=\"elementor-element elementor-element-f4ecbea e-flex e-con-boxed e-con e-parent\" data-id=\"f4ecbea\" data-element_type=\"container\">\n\t\t\t\t\t<div class=\"e-con-inner\">\n\t\t\t\t<div class=\"elementor-element elementor-element-ed63757 elementor-widget elementor-widget-heading\" data-id=\"ed63757\" data-element_type=\"widget\" data-widget_type=\"heading.default\">\n\t\t\t\t\t<h2 class=\"elementor-heading-title elementor-size-default\">P: Liguei para meu revendedor, e ele disse que meu controle remoto S\u00d3 pode ser programado usando os computadores ou ferramentas deles\u2014e vai custar uma fortuna. Existe uma maneira de program\u00e1-lo sem gastar muito?<\/h2>\t\t\t\t<\/div>\n\t\t\t\t<div class=\"elementor-element elementor-element-57edee9 elementor-widget elementor-widget-text-editor\" data-id=\"57edee9\" data-element_type=\"widget\" data-widget_type=\"text-editor.default\">\n\t\t\t\t\t\t\t\t\t<p>Em alguns casos, voc\u00ea pode program\u00e1-lo sozinho, sem necessidade de ferramentas ou habilidades t\u00e9cnicas especiais. Normalmente, tudo o que voc\u00ea precisa \u00e9 do controle remoto, sua chave de igni\u00e7\u00e3o e seu ve\u00edculo. Para controles remotos onde a auto-programa\u00e7\u00e3o \u00e9 poss\u00edvel, fornecemos instru\u00e7\u00f5es de programa\u00e7\u00e3o gratuitas.<\/p>\t\t\t\t\t\t\t\t<\/div>\n\t\t\t\t\t<\/div>\n\t\t\t\t<\/div>\n\t\t<div class=\"elementor-element elementor-element-acea352 e-flex e-con-boxed e-con e-parent\" data-id=\"acea352\" data-element_type=\"container\">\n\t\t\t\t\t<div class=\"e-con-inner\">\n\t\t\t\t<div class=\"elementor-element elementor-element-ae6fd4d elementor-widget elementor-widget-heading\" data-id=\"ae6fd4d\" data-element_type=\"widget\" data-widget_type=\"heading.default\">\n\t\t\t\t\t<h2 class=\"elementor-heading-title elementor-size-default\">P: Como voc\u00ea pode saber se a bateria do seu chaveiro est\u00e1 acabando?<\/h2>\t\t\t\t<\/div>\n\t\t\t\t<div class=\"elementor-element elementor-element-b44f7b6 elementor-widget elementor-widget-text-editor\" data-id=\"b44f7b6\" data-element_type=\"widget\" data-widget_type=\"text-editor.default\">\n\t\t\t\t\t\t\t\t\t<p>R: Existem alguns sinais reveladores de que a bateria do seu chaveiro est\u00e1 morrendo: voc\u00ea pode precisar pressionar os bot\u00f5es v\u00e1rias vezes antes de responderem, ou o sinal do chaveiro pode n\u00e3o alcan\u00e7ar o ve\u00edculo t\u00e3o longe quanto antes. Infelizmente, a maioria dos chaveiros n\u00e3o possui um indicador embutido para alertar quando a bateria est\u00e1 fraca\u2014ent\u00e3o \u00e9 uma boa ideia manter uma bateria de reposi\u00e7\u00e3o \u00e0 m\u00e3o, caso a atual acabe inesperadamente.<\/p>\t\t\t\t\t\t\t\t<\/div>\n\t\t\t\t\t<\/div>\n\t\t\t\t<\/div>\n\t\t\t\t<\/div>","protected":false},"excerpt":{"rendered":"<p>Q: Wondering which key fob you require? A: We\u2019ve simplified the process for you. Just search using your vehicle\u2019s year, make, and model. In case your search yields multiple key fob options, simply match the button layout of your current remote with those in the search results. And even if you happen to choose the&#8230;<\/p>","protected":false},"author":1,"featured_media":0,"parent":0,"menu_order":0,"comment_status":"closed","ping_status":"closed","template":"","meta":{"_bst_post_transparent":"","_bst_post_title":"hide","_bst_post_layout":"fullwidth","_bst_post_sidebar_id":"","_bst_post_content_style":"unboxed","_bst_post_vertical_padding":"hide","_bst_post_feature":"hide","_bst_post_feature_position":"","_bst_post_header":false,"_bst_post_footer":false,"footnotes":""},"class_list":["post-13523","page","type-page","status-publish","hentry"],"_links":{"self":[{"href":"https:\/\/keylessbest.com\/pt\/wp-json\/wp\/v2\/pages\/13523","targetHints":{"allow":["GET"]}}],"collection":[{"href":"https:\/\/keylessbest.com\/pt\/wp-json\/wp\/v2\/pages"}],"about":[{"href":"https:\/\/keylessbest.com\/pt\/wp-json\/wp\/v2\/types\/page"}],"author":[{"embeddable":true,"href":"https:\/\/keylessbest.com\/pt\/wp-json\/wp\/v2\/users\/1"}],"replies":[{"embeddable":true,"href":"https:\/\/keylessbest.com\/pt\/wp-json\/wp\/v2\/comments?post=13523"}],"version-history":[{"count":4,"href":"https:\/\/keylessbest.com\/pt\/wp-json\/wp\/v2\/pages\/13523\/revisions"}],"predecessor-version":[{"id":13605,"href":"https:\/\/keylessbest.com\/pt\/wp-json\/wp\/v2\/pages\/13523\/revisions\/13605"}],"wp:attachment":[{"href":"https:\/\/keylessbest.com\/pt\/wp-json\/wp\/v2\/media?parent=13523"}],"curies":[{"name":"wp","href":"https:\/\/api.w.org\/{rel}","templated":true}]}}