{"id":13526,"date":"2025-07-18T03:30:43","date_gmt":"2025-07-18T03:30:43","guid":{"rendered":"https:\/\/hanwuji.shengjit.com\/?page_id=13526"},"modified":"2025-07-31T07:18:17","modified_gmt":"2025-07-31T07:18:17","slug":"desconto-por-atacado","status":"publish","type":"page","link":"https:\/\/keylessbest.com\/pt\/desconto-por-atacado\/","title":{"rendered":"Desconto por Atacado"},"content":{"rendered":"<div data-elementor-type=\"wp-page\" data-elementor-id=\"13526\" class=\"elementor elementor-13526\" data-elementor-post-type=\"page\">\n\t\t\t\t<div class=\"elementor-element elementor-element-d3f44a4 e-flex e-con-boxed e-con e-parent\" data-id=\"d3f44a4\" data-element_type=\"container\">\n\t\t\t\t\t<div class=\"e-con-inner\">\n\t\t\t\t<div class=\"elementor-element elementor-element-b26c60a elementor-widget elementor-widget-text-editor\" data-id=\"b26c60a\" data-element_type=\"widget\" data-widget_type=\"text-editor.default\">\n\t\t\t\t\t\t\t\t\t<p><strong>Formul\u00e1rio de Pagamento<\/strong><\/p><p><strong>Aceitamos VISA, MasterCard, American Express, Discover (incluindo cart\u00f5es de cr\u00e9dito\/d\u00e9bito) e PayPal. Voc\u00ea pode fazer pedidos online atrav\u00e9s de nossa rede segura, e o checkout do PayPal n\u00e3o requer fornecimento de informa\u00e7\u00f5es do cart\u00e3o.<\/strong><br \/><strong>Pagamentos com cart\u00e3o de cr\u00e9dito s\u00e3o processados pelo Bank of America, e pagamentos pelo PayPal s\u00e3o processados pelo PayPal (uma subsidi\u00e1ria do eBay), sem divulga\u00e7\u00e3o de informa\u00e7\u00f5es de pagamento.<\/strong><\/p><p><strong>Garantia de Seguran\u00e7a<\/strong><br \/><strong>Utilizamos tecnologia de criptografia SSL para proteger as informa\u00e7\u00f5es do usu\u00e1rio e prevenir perda, uso indevido ou adultera\u00e7\u00e3o. O processo de checkout \u00e9 criptografado pela Yahoo e Equifax, e o site \u00e9 testado diariamente pela Norton Secured e VeriSign para garantir compras seguras.<\/strong><\/p>\t\t\t\t\t\t\t\t<\/div>\n\t\t\t\t\t<\/div>\n\t\t\t\t<\/div>\n\t\t\t\t<\/div>","protected":false},"excerpt":{"rendered":"<p>Payment Form We accept VISA, MasterCard, American Express, Discover (including credit\/debit cards), and PayPal. You can place orders online through our secure network, and PayPal checkout does not require providing card information.Credit card payments are processed by Bank of America, and PayPal payments are processed by PayPal (a subsidiary of eBay), with no disclosure of&#8230;<\/p>","protected":false},"author":1,"featured_media":0,"parent":0,"menu_order":0,"comment_status":"closed","ping_status":"closed","template":"","meta":{"_bst_post_transparent":"","_bst_post_title":"hide","_bst_post_layout":"fullwidth","_bst_post_sidebar_id":"","_bst_post_content_style":"unboxed","_bst_post_vertical_padding":"hide","_bst_post_feature":"hide","_bst_post_feature_position":"","_bst_post_header":false,"_bst_post_footer":false,"footnotes":""},"class_list":["post-13526","page","type-page","status-publish","hentry"],"_links":{"self":[{"href":"https:\/\/keylessbest.com\/pt\/wp-json\/wp\/v2\/pages\/13526","targetHints":{"allow":["GET"]}}],"collection":[{"href":"https:\/\/keylessbest.com\/pt\/wp-json\/wp\/v2\/pages"}],"about":[{"href":"https:\/\/keylessbest.com\/pt\/wp-json\/wp\/v2\/types\/page"}],"author":[{"embeddable":true,"href":"https:\/\/keylessbest.com\/pt\/wp-json\/wp\/v2\/users\/1"}],"replies":[{"embeddable":true,"href":"https:\/\/keylessbest.com\/pt\/wp-json\/wp\/v2\/comments?post=13526"}],"version-history":[{"count":10,"href":"https:\/\/keylessbest.com\/pt\/wp-json\/wp\/v2\/pages\/13526\/revisions"}],"predecessor-version":[{"id":13634,"href":"https:\/\/keylessbest.com\/pt\/wp-json\/wp\/v2\/pages\/13526\/revisions\/13634"}],"wp:attachment":[{"href":"https:\/\/keylessbest.com\/pt\/wp-json\/wp\/v2\/media?parent=13526"}],"curies":[{"name":"wp","href":"https:\/\/api.w.org\/{rel}","templated":true}]}}