{"id":13654,"date":"2025-07-31T10:24:13","date_gmt":"2025-07-31T10:24:13","guid":{"rendered":"https:\/\/hanwuji.shengjit.com\/search\/"},"modified":"2025-07-31T10:24:13","modified_gmt":"2025-07-31T10:24:13","slug":"pesquisar","status":"publish","type":"page","link":"https:\/\/keylessbest.com\/pt\/pesquisar\/","title":{"rendered":"P\u00e1gina de pesquisa"},"content":{"rendered":"[gd_notifica\u00e7\u00f5es]\n\n\n<div class=\"wp-block-geodirectory-geodir-widget-search\">[gd_search hide_search_input=\u2019false\u2019 hide_near_input=\u2019false\u2019\u2019 input_size=\u201d bar_flex_wrap=\u201d bar_flex_wrap_md=\u201d bar_flex_wrap_lg=\u201d input_border=\u201d input_border_opacity=\u201d input_rounded_size=\u201d btn_bg=\u201d btn_rounded_size=\u201d btn_rounded_size_md=\u201d btn_rounded_size_lg=\u201d bg=\u201d mt=\u201d mr=\u201d mb=\u20193\u2019 ml=\u201d pt=\u201d pr=\u201d pb=\u201d pl=\u201d border=\u201d rounded=\u201d rounded_size=\u201d rounded_size_md=\u201d rounded_size_lg=\u201d shadow=\u201d css_class=\u201d ]<\/div>\n\n\n\n<div class=\"wp-block-geodirectory-geodir-widget-loop-actions\">[gd_loop_actions hide_layouts=\u201d btn_size=\u201d btn_style=\u201d btn_bg=\u201d btn_border=\u201d text_color=\u201d text_align=\u201d text_align_md=\u201d text_align_lg=\u201d bg=\u201d mt=\u201d mr=\u201d mb=\u20193\u2019 ml=\u201d mt_md=\u201d mr_md=\u201d mb_md=\u201d ml_md=\u201d mt_lg=\u201d mr_lg=\u201d mb_lg=\u201d ml_lg=\u201d pt=\u201d pr=\u201d pb=\u201d pl=\u201d pt_md=\u201d pr_md=\u201d pb_md=\u201d pl_md=\u201d pt_lg=\u201d pr_lg=\u201d pb_lg=\u201d pl_lg=\u201d border=\u201d border_type=\u201d border_width=\u201d border_opacity=\u201d rounded=\u201d rounded_size=\u201d shadow=\u201d display=\u201d display_md=\u201d display_lg=\u201d css_class=\u201d ]<\/div>\n\n\n\n<div class=\"wp-block-geodirectory-geodir-widget-loop\">[gd_loop layout=\u20192\u2019 row_gap=\u201d column_gap=\u201d card_border=\u201d card_shadow=\u201d bg=\u201d mt=\u201d mr=\u201d mb=\u201d ml=\u201d pt=\u201d pr=\u201d pb=\u201d pl=\u201d border=\u201d rounded=\u201d rounded_size=\u201d shadow=\u201d template_type=\u201d tmpl_page=\u201d ]<\/div>\n\n\n\n<div class=\"wp-block-geodirectory-geodir-widget-loop-paging\">[gd_loop_paging show_advanced=\u201d mid_size=\u201d mid_size_sm=\u201d paging_style=\u201d size=\u201d size_sm=\u201d ap_text_color=\u201d ap_font_size=\u201d ap_pt=\u201d ap_pr=\u201d ap_pb=\u201d ap_pl=\u201d bg=\u201d mt=\u201d mr=\u201d mb=\u20193\u2019 ml=\u201d mt_md=\u201d mr_md=\u201d mb_md=\u201d ml_md=\u201d mt_lg=\u201d mr_lg=\u201d mb_lg=\u201d ml_lg=\u201d pt=\u201d pr=\u201d pb=\u201d pl=\u201d pt_md=\u201d pr_md=\u201d pb_md=\u201d pl_md=\u201d pt_lg=\u201d pr_lg=\u201d pb_lg=\u201d pl_lg=\u201d border=\u201d border_type=\u201d border_width=\u201d border_opacity=\u201d rounded=\u201d rounded_size=\u201d shadow=\u201d display=\u201d display_md=\u201d display_lg=\u201d css_class=\u201d ]<\/div>","protected":false},"excerpt":{"rendered":"","protected":false},"author":1,"featured_media":0,"parent":0,"menu_order":0,"comment_status":"closed","ping_status":"closed","template":"","meta":{"_bst_post_transparent":"","_bst_post_title":"","_bst_post_layout":"","_bst_post_sidebar_id":"","_bst_post_content_style":"","_bst_post_vertical_padding":"","_bst_post_feature":"","_bst_post_feature_position":"","_bst_post_header":false,"_bst_post_footer":false,"footnotes":""},"class_list":["post-13654","page","type-page","status-publish","hentry"],"_links":{"self":[{"href":"https:\/\/keylessbest.com\/pt\/wp-json\/wp\/v2\/pages\/13654","targetHints":{"allow":["GET"]}}],"collection":[{"href":"https:\/\/keylessbest.com\/pt\/wp-json\/wp\/v2\/pages"}],"about":[{"href":"https:\/\/keylessbest.com\/pt\/wp-json\/wp\/v2\/types\/page"}],"author":[{"embeddable":true,"href":"https:\/\/keylessbest.com\/pt\/wp-json\/wp\/v2\/users\/1"}],"replies":[{"embeddable":true,"href":"https:\/\/keylessbest.com\/pt\/wp-json\/wp\/v2\/comments?post=13654"}],"version-history":[{"count":0,"href":"https:\/\/keylessbest.com\/pt\/wp-json\/wp\/v2\/pages\/13654\/revisions"}],"wp:attachment":[{"href":"https:\/\/keylessbest.com\/pt\/wp-json\/wp\/v2\/media?parent=13654"}],"curies":[{"name":"wp","href":"https:\/\/api.w.org\/{rel}","templated":true}]}}