{"id":13656,"date":"2025-07-31T10:24:13","date_gmt":"2025-07-31T10:24:13","guid":{"rendered":"https:\/\/hanwuji.shengjit.com\/location\/"},"modified":"2025-07-31T10:24:13","modified_gmt":"2025-07-31T10:24:13","slug":"localizacao","status":"publish","type":"page","link":"https:\/\/keylessbest.com\/pt\/localizacao\/","title":{"rendered":"Localiza\u00e7\u00e3o"},"content":{"rendered":"[gd_notifica\u00e7\u00f5es]\n\n\n<div class=\"wp-block-geodirectory-geodir-widget-categories\">[gd_categories t\u00edtulo=\"  widget_t\u00edtulo_tag=\"  widget_t\u00edtulo_tamanho_classe=\"  widget_t\u00edtulo_alinhamento_classe=\"  widget_t\u00edtulo_cor_classe=\"  widget_t\u00edtulo_borda_classe=\"  widget_t\u00edtulo_cor_borda_classe=\"  widget_t\u00edtulo_mt_classe=\"  widget_t\u00edtulo_mr_classe=\"  widget_t\u00edtulo_mb_classe=\"  widget_t\u00edtulo_ml_classe=\"  widget_t\u00edtulo_pt_classe=\"  widget_t\u00edtulo_pr_classe=\"  widget_t\u00edtulo_pb_classe=\"  widget_t\u00edtulo_pl_classe=\"  tipo_de_post=\u20190\u2032  cpt_ajax=\u2019false\u2019  filter_ids=\"  hide_empty=\u2019true\u2019  max_level=\u20191\u2032  max_count=\u2019all\u2019  max_count_child=\u2019all\u2019  no_cpt_filter=\u2019false\u2019  no_cat_filter=\u2019false\u2019  sort_by=\u2019count\u2019  design_type=\u2019icon-top\u2019  row_items=\"  row_positioning=\"  card_padding_inside=\"  card_color=\"  card_shadow=\"  hide_icon=\u2019false\u2019  use_image=\u2019false\u2019  image_size=\u2019medium\u2019  icon_color=\"  icon_size=\u2019box-medium\u2019  cat_text_color=\"  cat_text_color_custom=\"  cat_font_size=\"  cat_font_size_custom=\"  cat_font_weight=\"  cat_font_case=\"  hide_count=\u2019false\u2019  badge_position=\"  badge_color=\u2019light\u2019  badge_text_append=\u2019light\u2019  badge_text_color=\"  badge_text_color_custom=\"  badge_font_size=\"  badge_font_size_custom=\"  badge_font_weight=\"  badge_font_case=\"  cpt_title=\u2019false\u2019  title_tag=\u2019h4\u2032  bg=\"  mt=\"  mr=\"  mb=\u20193\u2032  ml=\"  pt=\"  pr=\"  pb=\"  pl=\"  border=\"  rounded=\"  rounded_size=\"  shadow=\"  css_class=\" ]<\/div>\n\n\n\n<div class=\"wp-block-geodirectory-geodir-widget-map\">[gd_map t\u00edtulo=\"  map_type=\u2019directory\u2019  post_settings=\u2019true\u2019  post_type=\"  terms=\"  tick_terms=\"  tags=\"  all_posts=\u2019false\u2019  post_id=\"  search_filter=\u2019true\u2019  post_type_filter=\u2019true\u2019  cat_filter=\u2019true\u2019  child_collapse=\u2019true\u2019  map_directions=\u2019false\u2019  scrollwheel=\u2019false\u2019  hide_zoom_control=\u2019false\u2019  hide_street_control=\u2019false\u2019  sticky=\u2019false\u2019  static=\u2019false\u2019  width=\u2019100%\u2019  height=\u2019300px\u2019  maptype=\u2019ROADMAP\u2019  zoom=\u20190\u2032  bg=\"  mt=\"  mr=\"  mb=\u20194\u2032  ml=\"  pt=\"  pr=\"  pb=\"  pl=\"  border=\"  rounded=\"  rounded_size=\"  shadow=\"  css_class=\" ]<\/div>\n\n\n\n<div class=\"wp-block-geodirectory-geodir-widget-search\">[gd_search hide_search_input=\u2019false\u2019 hide_near_input=\u2019false\u2019\u2019 input_size=\u201d bar_flex_wrap=\u201d bar_flex_wrap_md=\u201d bar_flex_wrap_lg=\u201d input_border=\u201d input_border_opacity=\u201d input_rounded_size=\u201d btn_bg=\u201d btn_rounded_size=\u201d btn_rounded_size_md=\u201d btn_rounded_size_lg=\u201d bg=\u201d mt=\u201d mr=\u201d mb=\u20193\u2019 ml=\u201d pt=\u201d pr=\u201d pb=\u201d pl=\u201d border=\u201d rounded=\u201d rounded_size=\u201d rounded_size_md=\u201d rounded_size_lg=\u201d shadow=\u201d css_class=\u201d ]<\/div>\n\n\n\n<div class=\"wp-block-geodirectory-geodir-widget-listings\">[gd_listings t\u00edtulo=\"  widget_t\u00edtulo_tag=\"  widget_t\u00edtulo_tamanho_classe=\"  widget_t\u00edtulo_alinhamento_classe=\"  widget_t\u00edtulo_cor_classe=\"  widget_t\u00edtulo_borda_classe=\"  widget_t\u00edtulo_cor_borda_classe=\"  widget_t\u00edtulo_mt_classe=\"  widget_t\u00edtulo_mr_classe=\"  widget_t\u00edtulo_mb_classe=\"  widget_t\u00edtulo_ml_classe=\"  widget_t\u00edtulo_pt_classe=\"  widget_t\u00edtulo_pr_classe=\"  widget_t\u00edtulo_pb_classe=\"  widget_t\u00edtulo_pl_classe=\"  hide_if_empty=\u2019false\u2019  post_type=\u2019gd_place\u2019  category=\"  related_to=\"  tags=\"  post_author=\"  post_limit=\u20196\u2032  post_ids=\"  add_location_filter=\u2019true\u2019  nearby_gps=\u2019false\u2019  show_featured_only=\u2019false\u2019  show_special_only=\u2019false\u2019  with_pics_only=\u2019false\u2019  with_videos_only=\u2019false\u2019  show_favorites_only=\u2019false\u2019  favorites_by_user=\"  use_viewing_post_type=\u2019false\u2019  use_viewing_term=\u2019false\u2019  sort_by=\"  title_tag=\u2019h3\u2032  layout=\u20192\u2032  view_all_link=\u2019true\u2019  with_pagination=\u2019false\u2019  top_pagination=\u2019false\u2019  bottom_pagination=\u2019true\u2019  pagination_info=\"  template_type=\"  tmpl_page=\"  row_gap=\"  column_gap=\"  card_border=\"  card_shadow=\"  with_carousel=\"  with_indicators=\"  indicators_mb=\"  with_controls=\"  slide_interval=\u20195\u2032  slide_ride=\"  center_slide=\"  bg=\"  mt=\"  mr=\"  mb=\u20193\u2032  ml=\"  pt=\"  pr=\"  pb=\"  pl=\"  border=\"  rounded=\"  rounded_size=\"  shadow=\"  css_class=\" ]<\/div>","protected":false},"excerpt":{"rendered":"","protected":false},"author":1,"featured_media":0,"parent":0,"menu_order":0,"comment_status":"closed","ping_status":"closed","template":"","meta":{"_bst_post_transparent":"","_bst_post_title":"","_bst_post_layout":"","_bst_post_sidebar_id":"","_bst_post_content_style":"","_bst_post_vertical_padding":"","_bst_post_feature":"","_bst_post_feature_position":"","_bst_post_header":false,"_bst_post_footer":false,"footnotes":""},"class_list":["post-13656","page","type-page","status-publish","hentry"],"_links":{"self":[{"href":"https:\/\/keylessbest.com\/pt\/wp-json\/wp\/v2\/pages\/13656","targetHints":{"allow":["GET"]}}],"collection":[{"href":"https:\/\/keylessbest.com\/pt\/wp-json\/wp\/v2\/pages"}],"about":[{"href":"https:\/\/keylessbest.com\/pt\/wp-json\/wp\/v2\/types\/page"}],"author":[{"embeddable":true,"href":"https:\/\/keylessbest.com\/pt\/wp-json\/wp\/v2\/users\/1"}],"replies":[{"embeddable":true,"href":"https:\/\/keylessbest.com\/pt\/wp-json\/wp\/v2\/comments?post=13656"}],"version-history":[{"count":0,"href":"https:\/\/keylessbest.com\/pt\/wp-json\/wp\/v2\/pages\/13656\/revisions"}],"wp:attachment":[{"href":"https:\/\/keylessbest.com\/pt\/wp-json\/wp\/v2\/media?parent=13656"}],"curies":[{"name":"wp","href":"https:\/\/api.w.org\/{rel}","templated":true}]}}