{"id":13672,"date":"2025-07-31T11:17:02","date_gmt":"2025-07-31T11:17:02","guid":{"rendered":"https:\/\/hanwuji.shengjit.com\/?page_id=13672"},"modified":"2025-07-31T11:19:28","modified_gmt":"2025-07-31T11:19:28","slug":"centro-de-servicos","status":"publish","type":"page","link":"https:\/\/keylessbest.com\/pt\/centro-de-servicos\/","title":{"rendered":"Centro de Servi\u00e7o"},"content":{"rendered":"<div data-elementor-type=\"wp-page\" data-elementor-id=\"13672\" class=\"elementor elementor-13672\" data-elementor-post-type=\"page\">\n\t\t\t\t<div class=\"elementor-element elementor-element-a64d101 e-flex e-con-boxed e-con e-parent\" data-id=\"a64d101\" data-element_type=\"container\">\n\t\t\t\t\t<div class=\"e-con-inner\">\n\t\t\t\t<div class=\"elementor-element elementor-element-024a4ae elementor-widget elementor-widget-heading\" data-id=\"024a4ae\" data-element_type=\"widget\" data-widget_type=\"heading.default\">\n\t\t\t\t\t<h2 class=\"elementor-heading-title elementor-size-default\">Como confirmar o produto correto?<\/h2>\t\t\t\t<\/div>\n\t\t\t\t<div class=\"elementor-element elementor-element-8b281f4 elementor-widget elementor-widget-text-editor\" data-id=\"8b281f4\" data-element_type=\"widget\" data-widget_type=\"text-editor.default\">\n\t\t\t\t\t\t\t\t\t<p>\u00a0Por favor, confirme se os detalhes a seguir correspondem ao seu ve\u00edculo antes de fazer o pedido: ID FCC, N\u00famero da Pe\u00e7a, Ano do Modelo, IC, Frequ\u00eancia, Chip e Bot\u00f5es.<\/p>\t\t\t\t\t\t\t\t<\/div>\n\t\t\t\t\t<\/div>\n\t\t\t\t<\/div>\n\t\t<div class=\"elementor-element elementor-element-3928f84 e-flex e-con-boxed e-con e-parent\" data-id=\"3928f84\" data-element_type=\"container\">\n\t\t\t\t\t<div class=\"e-con-inner\">\n\t\t\t\t<div class=\"elementor-element elementor-element-6650928 elementor-widget elementor-widget-heading\" data-id=\"6650928\" data-element_type=\"widget\" data-widget_type=\"heading.default\">\n\t\t\t\t\t<h2 class=\"elementor-heading-title elementor-size-default\">Como trocar a bateria?<\/h2>\t\t\t\t<\/div>\n\t\t\t\t<div class=\"elementor-element elementor-element-9fa0c98 elementor-widget elementor-widget-text-editor\" data-id=\"9fa0c98\" data-element_type=\"widget\" data-widget_type=\"text-editor.default\">\n\t\t\t\t\t\t\t\t\t<p>Primeiro, desmonte a chave remota. Depois, retire a bateria antiga que acabou a energia. Nova bateria, preste aten\u00e7\u00e3o aos polos positivo e negativo. Coloque a nova bateria e reinstale a chave. Ap\u00f3s testar com sucesso, est\u00e1 tudo pronto!<\/p>\t\t\t\t\t\t\t\t<\/div>\n\t\t\t\t\t<\/div>\n\t\t\t\t<\/div>\n\t\t<div class=\"elementor-element elementor-element-48c971e e-flex e-con-boxed e-con e-parent\" data-id=\"48c971e\" data-element_type=\"container\">\n\t\t\t\t\t<div class=\"e-con-inner\">\n\t\t\t\t<div class=\"elementor-element elementor-element-d91d4d6 elementor-widget elementor-widget-heading\" data-id=\"d91d4d6\" data-element_type=\"widget\" data-widget_type=\"heading.default\">\n\t\t\t\t\t<h2 class=\"elementor-heading-title elementor-size-default\">Como programar o controle remoto?<\/h2>\t\t\t\t<\/div>\n\t\t\t\t<div class=\"elementor-element elementor-element-e9c7e6f elementor-widget elementor-widget-text-editor\" data-id=\"e9c7e6f\" data-element_type=\"widget\" data-widget_type=\"text-editor.default\">\n\t\t\t\t\t\t\t\t\t<p>Antes de tudo, voc\u00ea precisa confirmar se sua chave remota pode ser programada por voc\u00ea mesmo ou se precisa de um profissional para fazer isso. Em segundo lugar, se seu ve\u00edculo suporta auto-programa\u00e7\u00e3o, voc\u00ea pode seguir o tutorial de programa\u00e7\u00e3o da chave remota para fazer a programa\u00e7\u00e3o sozinho. Se seu ve\u00edculo precisar ser programado por um profissional, entre em contato com um chaveiro ou revendedor local que far\u00e1 a programa\u00e7\u00e3o. Mais importante, voc\u00ea precisa garantir que a chave do carro que voc\u00ea comprou seja compat\u00edvel com seu carro, e se a programa\u00e7\u00e3o falhar por causa da compra incorreta, sinto muito por voc\u00ea.<\/p>\t\t\t\t\t\t\t\t<\/div>\n\t\t\t\t\t<\/div>\n\t\t\t\t<\/div>\n\t\t\t\t<\/div>","protected":false},"excerpt":{"rendered":"<p>How to confirm correct product? \u00a0Please confirm the following details match your vehicle before ordering: FCC ID , Part Number , Year Model , IC , Frequency, Chip, and Buttons. How to change battery? First, disassemble the remote key. Then, take out the old battery that has run out of power.New battery, pay attention to&#8230;<\/p>","protected":false},"author":1,"featured_media":0,"parent":0,"menu_order":0,"comment_status":"closed","ping_status":"closed","template":"","meta":{"_bst_post_transparent":"","_bst_post_title":"hide","_bst_post_layout":"fullwidth","_bst_post_sidebar_id":"","_bst_post_content_style":"unboxed","_bst_post_vertical_padding":"hide","_bst_post_feature":"hide","_bst_post_feature_position":"","_bst_post_header":false,"_bst_post_footer":false,"footnotes":""},"class_list":["post-13672","page","type-page","status-publish","hentry"],"_links":{"self":[{"href":"https:\/\/keylessbest.com\/pt\/wp-json\/wp\/v2\/pages\/13672","targetHints":{"allow":["GET"]}}],"collection":[{"href":"https:\/\/keylessbest.com\/pt\/wp-json\/wp\/v2\/pages"}],"about":[{"href":"https:\/\/keylessbest.com\/pt\/wp-json\/wp\/v2\/types\/page"}],"author":[{"embeddable":true,"href":"https:\/\/keylessbest.com\/pt\/wp-json\/wp\/v2\/users\/1"}],"replies":[{"embeddable":true,"href":"https:\/\/keylessbest.com\/pt\/wp-json\/wp\/v2\/comments?post=13672"}],"version-history":[{"count":0,"href":"https:\/\/keylessbest.com\/pt\/wp-json\/wp\/v2\/pages\/13672\/revisions"}],"wp:attachment":[{"href":"https:\/\/keylessbest.com\/pt\/wp-json\/wp\/v2\/media?parent=13672"}],"curies":[{"name":"wp","href":"https:\/\/api.w.org\/{rel}","templated":true}]}}