{"id":13676,"date":"2025-07-31T11:30:54","date_gmt":"2025-07-31T11:30:54","guid":{"rendered":"https:\/\/hanwuji.shengjit.com\/?page_id=13676"},"modified":"2025-11-20T03:53:56","modified_gmt":"2025-11-20T03:53:56","slug":"afiliado","status":"publish","type":"page","link":"https:\/\/keylessbest.com\/pt\/afiliado\/","title":{"rendered":"Afiliado"},"content":{"rendered":"<div data-elementor-type=\"wp-page\" data-elementor-id=\"13676\" class=\"elementor elementor-13676\" data-elementor-post-type=\"page\">\n\t\t\t\t<div class=\"elementor-element elementor-element-5e83afd e-flex e-con-boxed e-con e-parent\" data-id=\"5e83afd\" data-element_type=\"container\">\n\t\t\t\t\t<div class=\"e-con-inner\">\n\t\t\t\t<div class=\"elementor-element elementor-element-dd9fe70 elementor-widget elementor-widget-heading\" data-id=\"dd9fe70\" data-element_type=\"widget\" data-widget_type=\"heading.default\">\n\t\t\t\t\t<h2 class=\"elementor-heading-title elementor-size-default\">Programa de Afiliados de Chaves de Carro: Ganhe Altas Comiss\u00f5es com Fabricante de 15 Anos<\/h2>\t\t\t\t<\/div>\n\t\t\t\t\t<\/div>\n\t\t\t\t<\/div>\n\t\t<div class=\"elementor-element elementor-element-8d8c6e4 e-flex e-con-boxed e-con e-parent\" data-id=\"8d8c6e4\" data-element_type=\"container\">\n\t\t\t\t\t<div class=\"e-con-inner\">\n\t\t\t\t<div class=\"elementor-element elementor-element-337a462 elementor-widget elementor-widget-text-editor\" data-id=\"337a462\" data-element_type=\"widget\" data-widget_type=\"text-editor.default\">\n\t\t\t\t\t\t\t\t\t<p>Se voc\u00ea est\u00e1 procurando aproveitar o mercado em expans\u00e3o de <strong>chaves de carro\u00a0<\/strong>e ganhar dinheiro de verdade, voc\u00ea est\u00e1 no lugar certo. Imagine fazer parceria com uma\u00a0<strong>f\u00e1brica de 15 anos<\/strong> que lhe entrega as chaves\u2014literalmente\u2014para altas comiss\u00f5es e sem riscos de estoque inicial. O <strong>programa de afiliados de chaves de carro<\/strong>\u00a0de <strong>KeylessBest<\/strong> oferece pre\u00e7os atacadistas imbat\u00edveis, zero pedidos m\u00ednimos e ganhos escal\u00e1veis que atendem a blogueiros, chaveiros e profissionais de e-commerce. Pronto para transformar a necessidade do seu p\u00fablico por substitui\u00e7\u00f5es de chaves automotivas acess\u00edveis e confi\u00e1veis em uma renda passiva constante? Vamos explorar como essa parceria comprovada pode acelerar seu jogo de afiliado.<\/p>\t\t\t\t\t\t\t\t<\/div>\n\t\t\t\t\t<\/div>\n\t\t\t\t<\/div>\n\t\t<div class=\"elementor-element elementor-element-cfa1717 e-flex e-con-boxed e-con e-parent\" data-id=\"cfa1717\" data-element_type=\"container\">\n\t\t\t\t\t<div class=\"e-con-inner\">\n\t\t<div class=\"elementor-element elementor-element-4bb2352 e-con-full e-flex e-con e-child\" data-id=\"4bb2352\" data-element_type=\"container\">\n\t\t\t\t<div class=\"elementor-element elementor-element-e9829fa elementor-widget elementor-widget-text-editor\" data-id=\"e9829fa\" data-element_type=\"widget\" data-widget_type=\"text-editor.default\">\n\t\t\t\t\t\t\t\t\t<h2>\u00a0<\/h2><h2>O Mercado em Expans\u00e3o de Chaves de Carro:<\/h2><p>A demanda por <strong>chaves de carro<\/strong> est\u00e1 crescendo rapidamente e por uma boa raz\u00e3o. \u00c0 medida que os ve\u00edculos se tornam mais avan\u00e7ados, a necessidade de chaves inteligentes confi\u00e1veis e program\u00e1veis aumenta.<strong> Substitui\u00e7\u00e3o de chaves automotivas<\/strong> n\u00e3o \u00e9 apenas um nicho, \u00e9 um mercado em expans\u00e3o alimentado por motoristas que perdem, danificam ou desejam atualizar suas chaves automotivas. Isso cria uma grande oportunidade para afiliados que desejam explorar uma ind\u00fastria est\u00e1vel e em crescimento.<\/p>\t\t\t\t\t\t\t\t<\/div>\n\t\t\t\t<\/div>\n\t\t<div class=\"elementor-element elementor-element-5b63e3b e-con-full e-flex e-con e-child\" data-id=\"5b63e3b\" data-element_type=\"container\">\n\t\t<div class=\"elementor-element elementor-element-129a080 e-con-full e-flex e-con e-child\" data-id=\"129a080\" data-element_type=\"container\">\n\t\t\t\t<div class=\"elementor-element elementor-element-91814cd elementor-widget elementor-widget-text-editor\" data-id=\"91814cd\" data-element_type=\"widget\" data-widget_type=\"text-editor.default\">\n\t\t\t\t\t\t\t\t\t<h2>\u00a0Por que esse mercado \u00e9 importante?\u00a0<\/h2>\t\t\t\t\t\t\t\t<\/div>\n\t\t\t\t<div class=\"elementor-element elementor-element-18066ba elementor-widget elementor-widget-text-editor\" data-id=\"18066ba\" data-element_type=\"widget\" data-widget_type=\"text-editor.default\">\n\t\t\t\t\t\t\t\t\t<ul><li><strong>Requisitos crescentes de seguran\u00e7a veicular<\/strong>\u00a0significam chaves mais sofisticadas.<\/li><li><strong>Um n\u00famero crescente de propriet\u00e1rios de ve\u00edculos<\/strong>\u00a0precisando de substitui\u00e7\u00f5es r\u00e1pidas e econ\u00f4micas de chaves.<\/li><li><strong>Chaves de pedido m\u00ednimo e pre\u00e7os por atacado<\/strong>\u00a0torne f\u00e1cil estocar e revender.<\/li><li><strong>Avan\u00e7os tecnol\u00f3gicos em chips de transponder<\/strong>\u00a0crie demanda por fornecedores especializados.<\/li><\/ul>\t\t\t\t\t\t\t\t<\/div>\n\t\t\t\t<\/div>\n\t\t<div class=\"elementor-element elementor-element-a39e6dd e-con-full e-flex e-con e-child\" data-id=\"a39e6dd\" data-element_type=\"container\">\n\t\t\t\t<\/div>\n\t\t\t\t<\/div>\n\t\t\t\t\t<\/div>\n\t\t\t\t<\/div>\n\t\t<div class=\"elementor-element elementor-element-96ca2b1 e-flex e-con-boxed e-con e-parent\" data-id=\"96ca2b1\" data-element_type=\"container\">\n\t\t\t\t\t<div class=\"e-con-inner\">\n\t\t\t\t<div class=\"elementor-element elementor-element-eae85ce elementor-widget elementor-widget-text-editor\" data-id=\"eae85ce\" data-element_type=\"widget\" data-widget_type=\"text-editor.default\">\n\t\t\t\t\t\t\t\t\t<h2>Dentro da KeylessBest: 15 anos de excel\u00eancia na fabrica\u00e7\u00e3o de chaves automotivas<\/h2><p>Na KeylessBest, passamos os \u00faltimos 15 anos aperfei\u00e7oando a fabrica\u00e7\u00e3o de controles remotos automotivos. Come\u00e7ando como uma opera\u00e7\u00e3o pequena, crescemos para um fornecedor confi\u00e1vel conhecido por qualidade e confiabilidade. Nossa trajet\u00f3ria \u00e9 marcada por marcos importantes, como a expans\u00e3o de nossa rede de distribuidores de chaves inteligentes program\u00e1veis e o lan\u00e7amento de uma pol\u00edtica de chaves de blank sem pedido m\u00ednimo que abriu portas para compradores pequenos e grandes.<\/p><p>Para afiliados, oferecemos benef\u00edcios principais imbat\u00edveis: op\u00e7\u00f5es de atacado sem MOQ, pre\u00e7os competitivos em compras em grande quantidade e parcerias flex\u00edveis de chaves de carro de marca pr\u00f3pria. Isso significa que voc\u00ea pode come\u00e7ar a vender sem custos iniciais elevados, ampliar com pre\u00e7os diretos de f\u00e1brica e personalizar produtos sob sua pr\u00f3pria marca.<\/p><p>Nossa expertise se destaca em estudos de caso de parceiros bem-sucedidos. Por exemplo, afiliados chaveiros aumentaram sua receita com nossas solu\u00e7\u00f5es de controles remotos compat\u00edveis com OEM, enquanto fornecedores de l\u00e2minas de chaves de carro em toda a Europa confiam em n\u00f3s pela qualidade consistente e entrega r\u00e1pida.<\/p><p>Explore alguns de nossos produtos populares como o\u00a0<a href=\"https:\/\/keylessbest.com\/pt\/product\/2009-2019-toyota-4runner-prius-v-venza-prius-c-controle-remoto-de-entrada-sem-chave-hyq14acx-pn-89904-47230-89904-0t050-4d-67\/\">controle remoto sem chave Toyota 4Runner 2009-2019<\/a>\u00a0para ver a qualidade e variedade que nos fazem destacar.<\/p><p>Ao fazer parceria com a KeylessBest, voc\u00ea acessa know-how de fabrica\u00e7\u00e3o comprovado, suporte s\u00f3lido e programas flex\u00edveis projetados para ajud\u00e1-lo a crescer no mercado de chaves automotivas.<\/p>\t\t\t\t\t\t\t\t<\/div>\n\t\t\t\t\t<\/div>\n\t\t\t\t<\/div>\n\t\t<div class=\"elementor-element elementor-element-63cabaf e-flex e-con-boxed e-con e-parent\" data-id=\"63cabaf\" data-element_type=\"container\">\n\t\t\t\t\t<div class=\"e-con-inner\">\n\t\t\t\t<div class=\"elementor-element elementor-element-9591bc1 elementor-widget elementor-widget-text-editor\" data-id=\"9591bc1\" data-element_type=\"widget\" data-widget_type=\"text-editor.default\">\n\t\t\t\t\t\t\t\t\t<h2>Nosso Programa de Afiliados: Ganhe Altas Comiss\u00f5es Sem Complica\u00e7\u00f5es<\/h2><p>Na KeylessBest, nosso programa de afiliados foi criado para tornar o ganho simples e recompensador. Oferecemos\u00a0<strong>taxas de comiss\u00e3o escalonadas<\/strong>, ent\u00e3o quanto mais voc\u00ea vender, maior ser\u00e1 seu ganho. Voc\u00ea aproveitar\u00e1 uma\u00a0<strong>dura\u00e7\u00e3o de cookie generosa<\/strong>, garantindo cr\u00e9dito pelas indica\u00e7\u00f5es ao longo do tempo, e os pagamentos acontecem rapidamente assim que voc\u00ea atingir nossos\u00a0<strong>limites de pagamento<\/strong>.<\/p><p>Come\u00e7ar \u00e9 simples. Nosso programa est\u00e1 aberto a qualquer pessoa \u2014 desde chaveiros at\u00e9 revendedores de pe\u00e7as automotivas \u2014 com um processo de inscri\u00e7\u00e3o r\u00e1pido que faz voc\u00ea come\u00e7ar a ganhar rapidamente. Al\u00e9m disso, oferecemos uma variedade de\u00a0<strong>ferramentas de afiliados<\/strong>\u00a0como banners, links de produtos e um painel de controle f\u00e1cil de usar para acompanhar seu desempenho.<\/p><p>N\u00e3o apenas comiss\u00f5es, os afiliados podem aproveitar\u00a0<strong>fontes adicionais de receita<\/strong>\u00a0com oportunidades em parcerias de marca branca, b\u00f4nus por pedidos em grande quantidade e promo\u00e7\u00f5es exclusivas. Afiliados reais que j\u00e1 est\u00e3o ganhando bem demonstram como \u00e9 simples transformar chaves KeylessBest CAE em uma renda constante e de alta comiss\u00e3o.<\/p><p>Considere promover itens populares como o nosso confi\u00e1vel\u00a0<a href=\"https:\/\/keylessbest.com\/pt\/product\/2017-2024-chrysler-pacifica-voyager-6-buttons-keyless-entry-remote-m3n-97395900-pn-68241532ac-68241532ab-2__trashed\/\">controle remoto de entrada sem chave Chrysler Pacifica 2017-2024<\/a>\u00a0para agregar valor instantaneamente \u00e0s suas promo\u00e7\u00f5es e atrair clientes que precisam de substitutos acess\u00edveis, compat\u00edveis com OEM.<\/p>\t\t\t\t\t\t\t\t<\/div>\n\t\t\t\t\t<\/div>\n\t\t\t\t<\/div>\n\t\t<div class=\"elementor-element elementor-element-a0d636f e-flex e-con-boxed e-con e-parent\" data-id=\"a0d636f\" data-element_type=\"container\">\n\t\t\t\t\t<div class=\"e-con-inner\">\n\t\t\t\t<div class=\"elementor-element elementor-element-1847abe elementor-widget elementor-widget-text-editor\" data-id=\"1847abe\" data-element_type=\"widget\" data-widget_type=\"text-editor.default\">\n\t\t\t\t\t\t\t\t\t<h2>Maximizando seus ganhos com chaves KeylessBest CAE<\/h2><p>Para realmente aumentar sua renda de afiliado, concentre-se em estrat\u00e9gias inteligentes de promo\u00e7\u00e3o para chaves KeylessBest CAE. Aqui est\u00e3o algumas t\u00e1ticas comprovadas para ajudar voc\u00ea a maximizar seus ganhos:<\/p><h3><strong>Dicas de marketing de conte\u00fado e p\u00fablicos-alvo<\/strong><\/h3><ul><li><strong>Crie guias \u00fateis e tutoriais<\/strong>\u00a0sobre substitui\u00e7\u00e3o de chaves automotivas e programa\u00e7\u00e3o de chaves com chip transponder. Isso atrai propriet\u00e1rios de ve\u00edculos e chaveiros que procuram solu\u00e7\u00f5es confi\u00e1veis.<\/li><li><strong>Alvo para chaveiros, oficinas de repara\u00e7\u00e3o de ve\u00edculos e revendedores de chaves automotivas<\/strong>\u00a0que precisam regularmente de acesso por atacado a chaves inteligentes program\u00e1veis e chaves em branco.<\/li><li>Use posts em blogs, redes sociais e newsletters por e-mail para educar seu p\u00fablico sobre os benef\u00edcios de chaves em branco sem pedido m\u00ednimo e op\u00e7\u00f5es de substitui\u00e7\u00e3o de chaves automotivas em grande quantidade.<\/li><\/ul><h3><strong>T\u00e1ticas de SEO e publicidade paga<\/strong><\/h3><ul><li>Otimize seu site e conte\u00fado para palavras-chave como\u00a0<em>atacado de chaves automotivas<\/em>,\u00a0<em>pre\u00e7os em massa de chaves de entrada inteligente<\/em>, e\u00a0<em>distribuidor de chaves inteligentes program\u00e1veis<\/em>\u00a0para melhorar o posicionamento org\u00e2nico nos mecanismos de busca.<\/li><li>Execute an\u00fancios segmentados em plataformas como Google Ads ou Facebook para alcan\u00e7ar chaveiros automotivos e revendedores de chaves de carro, especialmente aqueles procurando por ofertas de atacado de chaves transponder especializadas.<\/li><li>Use an\u00fancios de retargeting para captar visitantes que demonstraram interesse, mas n\u00e3o converteram imediatamente.<\/li><\/ul>\t\t\t\t\t\t\t\t<\/div>\n\t\t\t\t\t<\/div>\n\t\t\t\t<\/div>\n\t\t<div class=\"elementor-element elementor-element-78a4b28 e-flex e-con-boxed e-con e-parent\" data-id=\"78a4b28\" data-element_type=\"container\">\n\t\t\t\t\t<div class=\"e-con-inner\">\n\t\t\t\t<div class=\"elementor-element elementor-element-e6613c0 elementor-widget elementor-widget-text-editor\" data-id=\"e6613c0\" data-element_type=\"widget\" data-widget_type=\"text-editor.default\">\n\t\t\t\t\t\t\t\t\t<h3><strong>Escalando com Upsells e Ferramentas de Rastreamento<\/strong><\/h3><ul><li>Ofere\u00e7a produtos complementares como pacotes de ferramentas para chaveiros ou op\u00e7\u00f5es de atacado de l\u00e2minas de chaves junto com fobes de chaves CAE para aumentar seu valor m\u00e9dio de pedido.<\/li><li>Aproveite as ferramentas de rastreamento de afiliados e uma calculadora de ganhos de afiliados que programas automotivos oferecem para monitorar o que est\u00e1 funcionando e otimizar suas campanhas.<\/li><li>Considere oportunidades de parceria de chaves de carro de marca branca com KeylessBest para construir sua marca e aumentar a renda de comiss\u00e3o recorrente.<\/li><\/ul><p>Dominar essas estrat\u00e9gias pode transformar sua parceria de afiliados em uma fonte constante de receita com altas comiss\u00f5es no mercado crescente de substitui\u00e7\u00e3o de chaves de autom\u00f3veis.<\/p><p>Por exemplo, promover modelos populares como o\u00a0<a href=\"https:\/\/keylessbest.com\/pt\/product\/2020-2025-hyundai-elantra-4-buttons-keyless-entry-remote-nyombec5fob2004-6a__trashed\/\">2020-2025 Hyundai Elantra com controle remoto de entrada sem chave de 4 bot\u00f5es<\/a>\u00a0pode ajud\u00e1-lo a atingir uma base s\u00f3lida de clientes que busca por substitui\u00e7\u00f5es confi\u00e1veis.<\/p><h2>Por que escolher KeylessBest em vez de concorrentes?<\/h2><p>Quando se trata de programas de afiliados de fobes de chaves CAE, a KeylessBest se destaca claramente. Aqui est\u00e1 uma compara\u00e7\u00e3o r\u00e1pida mostrando por que somos a melhor escolha para parceiros de atacado de chaves de carro:<\/p><div class=\"table-responsive\"><table class=\"table\"><thead><tr><th style=\"text-align: left;\">Recurso<\/th><th style=\"text-align: left;\">KeylessBest<\/th><th style=\"text-align: left;\">Concorrentes T\u00edpicos<\/th><\/tr><\/thead><tbody><tr><td><strong>Quantidade M\u00ednima de Pedido (MOQ)<\/strong><\/td><td>Sem MOQ necess\u00e1rio<\/td><td>Frequentemente com limites de MOQ altos<\/td><\/tr><tr><td><strong>Taxas de Comiss\u00e3o<\/strong><\/td><td>At\u00e9 o n\u00edvel 20% escalonado<\/td><td>Fixado normalmente 5-10%<\/td><\/tr><tr><td><strong>Suporte<\/strong><\/td><td>Suporte dedicado 24\/7 para afiliados<\/td><td>Resposta limitada ou lenta<\/td><\/tr><tr><td><strong>Garantia de Produto Sem Defeitos<\/strong><\/td><td>Sim \u2014 verificado por parceiros<\/td><td>Geralmente garantia limitada<\/td><\/tr><tr><td><strong>Op\u00e7\u00f5es de Marca Branca<\/strong><\/td><td>Dispon\u00edvel para todos os afiliados<\/td><td>Raro ou nenhum<\/td><\/tr><tr><td><strong>Pre\u00e7os por atacado para afiliados<\/strong><\/td><td>Pre\u00e7os competitivos de atacado para chaves inteligentes de entrada<\/td><td>Menos transparente ou dispon\u00edvel<\/td><\/tr><tr><td><strong>Inova\u00e7\u00f5es \u00danicas<\/strong><\/td><td>\u00daltima tecnologia de chave inteligente program\u00e1vel<\/td><td>Apenas substitui\u00e7\u00f5es b\u00e1sicas<\/td><\/tr><\/tbody><\/table><\/div><h3><strong>Mitiga\u00e7\u00e3o de Riscos e Confian\u00e7a:<\/strong><\/h3><p>Apoiamos cada produto com uma garantia de aus\u00eancia de defeitos, para que seus clientes recebam substitui\u00e7\u00f5es confi\u00e1veis, minimizando devolu\u00e7\u00f5es e problemas. Nossos rigorosos testes de qualidade e atendimento r\u00e1pido ao cliente nos diferenciam em confiabilidade.<\/p><h3><strong>Hist\u00f3rias de sucesso verificadas:<\/strong><\/h3><p>Nossos afiliados compartilham regularmente como as comiss\u00f5es do KeylessBest ajudam a aumentar seus ganhos, gra\u00e7as ao nosso programa claro e direto. Eles tamb\u00e9m elogiam a facilidade de pedir blanks de chaves sem quantidade m\u00ednima e substitui\u00e7\u00f5es em massa de chaves autom\u00e1ticas.<\/p><p>Escolher o KeylessBest significa obter melhores margens com barreiras de entrada baixas, qualidade de produto de primeira linha e suporte personalizado para ajudar no seu crescimento\u2014tornando seu papel como afiliado sem complica\u00e7\u00f5es e gratificante.<\/p><p>Confira nossa sele\u00e7\u00e3o de chaves remotas confi\u00e1veis, como a\u00a0<a href=\"https:\/\/keylessbest.com\/pt\/product\/2025-2024-chevrolet-blazer-trailblazer-traverse-5-buttons-keyless-entry-remote-hyq4es-pn-13530713-46__trashed\/\">chave de entrada sem chave Chevrolet Blazer 2025-2024<\/a>, apresentando a mais recente tecnologia de chip transponder confi\u00e1vel em todo o mercado brasileiro.<\/p><h2>Come\u00e7ando: Seu roteiro para o sucesso como afiliado com a KeylessBest<\/h2><p>Iniciar sua jornada como afiliado da KeylessBest \u00e9 simples e r\u00e1pido. Veja como voc\u00ea pode come\u00e7ar:<\/p><ul><li><strong>Cadastre-se facilmente<\/strong>\u00a0em nosso portal de afiliados preenchendo um formul\u00e1rio r\u00e1pido na sua\u00a0<a href=\"https:\/\/keylessbest.com\/pt\/minha-conta-2\/\">p\u00e1gina de cadastro de conta<\/a>.<\/li><li><strong>Escolha seu nicho<\/strong>\u2014 seja focado em venda por atacado de chaves de carro, distribui\u00e7\u00e3o de chaves inteligentes program\u00e1veis ou pacotes de ferramentas para chaveiros.<\/li><li><strong>Acesse seu painel de afiliado<\/strong>\u00a0para obter links de rastreamento, banners e materiais de marketing instantaneamente.<\/li><li><strong>Comece a promover<\/strong>\u00a0produtos de alta demanda como nossa\u00a0<a href=\"https:\/\/keylessbest.com\/pt\/product\/2018-2019-toyota-land-cruiser-controle-remoto-de-entrada-sem-chave-de-4-botoes-hyq14fba-pn-89904-60m80__trashed\/\">Chave de entrada sem chave Toyota Land Cruiser 4 Bot\u00f5es<\/a>\u00a0ou modelos Audi.<\/li><\/ul><h3>Perguntas Frequentes Respondidas<\/h3><ul><li><strong>Preciso manter estoque?<\/strong>\u00a0N\u00e3o, a KeylessBest cuida do fulfillment, ent\u00e3o voc\u00ea foca em ganhar.<\/li><li><strong>Quando recebo meu pagamento?<\/strong>\u00a0Comiss\u00f5es s\u00e3o pagas prontamente ap\u00f3s atingir o limite m\u00ednimo de pagamento.<\/li><li><strong>Os produtos s\u00e3o compat\u00edveis com marcas de carros populares?<\/strong>\u00a0Sim, oferecemos chaves e blanks compat\u00edveis com OEM para uma ampla variedade de ve\u00edculos.<\/li><\/ul><p>Se voc\u00ea deseja aproveitar o mercado em crescimento de substitui\u00e7\u00e3o de chaves de carro e ganhar altas comiss\u00f5es com um fabricante confi\u00e1vel com 15 anos de experi\u00eancia, agora \u00e9 a hora de participar. N\u00e3o espere\u2014nossas vagas de afiliados se esgotam rapidamente, e as oportunidades de parceria com chaves em 2025 n\u00e3o v\u00e3o durar muito.<\/p><p>\u00a0<\/p>\t\t\t\t\t\t\t\t<\/div>\n\t\t\t\t\t<\/div>\n\t\t\t\t<\/div>\n\t\t\t\t<\/div>","protected":false},"excerpt":{"rendered":"<p>Car Key Fob Affiliate Program: Earn High Commissions with 15 Years Manufacturer If you\u2019re looking to tap into the booming market of car\u00a0key fobs\u00a0and earn serious money, you\u2019re in the right place. Imagine partnering with a\u00a015 years manufacturer that hands you the keys\u2014literally\u2014to high commissions and no upfront inventory risks. The car\u00a0key fob Affiliate\u00a0program from&#8230;<\/p>","protected":false},"author":1,"featured_media":0,"parent":0,"menu_order":0,"comment_status":"closed","ping_status":"closed","template":"","meta":{"_bst_post_transparent":"","_bst_post_title":"hide","_bst_post_layout":"fullwidth","_bst_post_sidebar_id":"","_bst_post_content_style":"unboxed","_bst_post_vertical_padding":"hide","_bst_post_feature":"hide","_bst_post_feature_position":"","_bst_post_header":false,"_bst_post_footer":false,"footnotes":""},"class_list":["post-13676","page","type-page","status-publish","hentry"],"_links":{"self":[{"href":"https:\/\/keylessbest.com\/pt\/wp-json\/wp\/v2\/pages\/13676","targetHints":{"allow":["GET"]}}],"collection":[{"href":"https:\/\/keylessbest.com\/pt\/wp-json\/wp\/v2\/pages"}],"about":[{"href":"https:\/\/keylessbest.com\/pt\/wp-json\/wp\/v2\/types\/page"}],"author":[{"embeddable":true,"href":"https:\/\/keylessbest.com\/pt\/wp-json\/wp\/v2\/users\/1"}],"replies":[{"embeddable":true,"href":"https:\/\/keylessbest.com\/pt\/wp-json\/wp\/v2\/comments?post=13676"}],"version-history":[{"count":3,"href":"https:\/\/keylessbest.com\/pt\/wp-json\/wp\/v2\/pages\/13676\/revisions"}],"predecessor-version":[{"id":18445,"href":"https:\/\/keylessbest.com\/pt\/wp-json\/wp\/v2\/pages\/13676\/revisions\/18445"}],"wp:attachment":[{"href":"https:\/\/keylessbest.com\/pt\/wp-json\/wp\/v2\/media?parent=13676"}],"curies":[{"name":"wp","href":"https:\/\/api.w.org\/{rel}","templated":true}]}}