{"id":18448,"date":"2025-11-20T06:47:54","date_gmt":"2025-11-20T06:47:54","guid":{"rendered":"https:\/\/keylessbest.com\/?page_id=18448"},"modified":"2025-11-21T06:48:13","modified_gmt":"2025-11-21T06:48:13","slug":"sobre-nos-da-keylessbest","status":"publish","type":"page","link":"https:\/\/keylessbest.com\/pt\/sobre-nos-da-keylessbest\/","title":{"rendered":"Sobre N\u00f3s"},"content":{"rendered":"<style>* { box-sizing: border-box; } body {margin: 0;}*{box-sizing:border-box;}body{margin-top:0px;margin-right:0px;margin-bottom:0px;margin-left:0px;}.c1734{max-width:100%;width:100%;}.c1826{max-width:100%;width:100%;}.c1871{max-width:100%;width:100%;}.c2198{max-width:100%;width:100%;}.c881{max-width:100%;width:100%;}.c1067{max-width:100%;width:100%;}.c1189{max-width:100%;width:100%;}.c1559{max-width:100%;width:100%;}.c1953{max-width:100%;width:100%;}.c3831{outline:none;-webkit-font-smoothing:antialiased;-webkit-tap-highlight-color:rgba(0, 0, 0, 0);border-color:initial;border-image:initial;margin:0px;padding:0px;font-size:16px;line-height:28px;overflow-anchor:auto;font-family:Inter, -apple-system, BlinkMacSystemFont, \"Segoe UI\", \"PingFang SC\", \"Hiragino Sans GB\", \"Microsoft YaHei\", \"Helvetica Neue\", Helvetica, Arial, sans-serif;color:rgb(0, 0, 0) !important;outline-color:initial;outline-style:none;outline-width:initial;border-top-color:initial;border-right-color:initial;border-bottom-color:initial;border-left-color:initial;border-image-source:initial;border-image-slice:initial;border-image-width:initial;border-image-outset:initial;border-image-repeat:initial;margin-top:0px;margin-right:0px;margin-bottom:0px;margin-left:0px;padding-top:0px;padding-right:0px;padding-bottom:0px;padding-left:0px;}.c4874{margin-left:36pt;text-indent:-18pt;tab-stops:blank 36.0000pt;mso-list:l0 level1 lfo1;}.c4878{mso-spacerun:'yes';font-family:Calibri;mso-fareast-font-family:&#23435;&#20307;;mso-bidi-font-family:'Times New Roman';font-size:10.5pt;mso-font-kerning:1.0000pt;}.c4896{mso-spacerun:'yes';font-family:&#23435;&#20307;;mso-ascii-font-family:Calibri;mso-hansi-font-family:Calibri;mso-bidi-font-family:'Times New Roman';font-size:10.5pt;mso-font-kerning:1.0000pt;}.c4923{mso-spacerun:'yes';font-family:Calibri;mso-fareast-font-family:&#23435;&#20307;;mso-bidi-font-family:'Times New Roman';font-size:10.5pt;mso-font-kerning:1.0000pt;}.c4941{mso-spacerun:'yes';font-family:&#23435;&#20307;;mso-ascii-font-family:Calibri;mso-hansi-font-family:Calibri;mso-bidi-font-family:'Times New Roman';font-size:10.5pt;mso-font-kerning:1.0000pt;}.c4959{mso-spacerun:'yes';font-family:Calibri;mso-fareast-font-family:&#23435;&#20307;;mso-bidi-font-family:'Times New Roman';font-size:10.5pt;mso-font-kerning:1.0000pt;}.c4977{mso-spacerun:'yes';font-family:&#23435;&#20307;;mso-ascii-font-family:Calibri;mso-hansi-font-family:Calibri;mso-bidi-font-family:'Times New Roman';font-size:10.5pt;mso-font-kerning:1.0000pt;}.c5004{mso-spacerun:'yes';font-family:Calibri;mso-fareast-font-family:&#23435;&#20307;;mso-bidi-font-family:'Times New Roman';font-size:10.5pt;mso-font-kerning:1.0000pt;}.c8465{margin-left:18pt;mso-para-margin-left:0.0000gd;}.c8609{margin-left:18pt;mso-para-margin-left:0.0000gd;}.c8753{margin-left:18pt;mso-para-margin-left:0.0000gd;}.c8933{margin-left:18pt;mso-para-margin-left:0.0000gd;}.c8468{mso-spacerun:'yes';font-family:Calibri;mso-fareast-font-family:&#23435;&#20307;;mso-bidi-font-family:'Times New Roman';font-size:10.5pt;mso-font-kerning:1.0000pt;}.c8495{mso-spacerun:'yes';font-family:&#23435;&#20307;;mso-ascii-font-family:Calibri;mso-hansi-font-family:Calibri;mso-bidi-font-family:'Times New Roman';font-size:10.5pt;mso-font-kerning:1.0000pt;}.c8522{mso-spacerun:'yes';font-family:Calibri;mso-fareast-font-family:&#23435;&#20307;;mso-bidi-font-family:'Times New Roman';font-size:10.5pt;mso-font-kerning:1.0000pt;}.c8540{mso-spacerun:'yes';font-family:&#23435;&#20307;;mso-ascii-font-family:Calibri;mso-hansi-font-family:Calibri;mso-bidi-font-family:'Times New Roman';font-size:10.5pt;mso-font-kerning:1.0000pt;}.c8567{mso-spacerun:'yes';font-family:Calibri;mso-fareast-font-family:&#23435;&#20307;;mso-bidi-font-family:'Times New Roman';font-size:10.5pt;mso-font-kerning:1.0000pt;}.c8585{mso-spacerun:'yes';font-family:Calibri;mso-fareast-font-family:&#23435;&#20307;;mso-bidi-font-family:'Times New Roman';font-size:10.5pt;mso-font-kerning:1.0000pt;}.c8612{mso-spacerun:'yes';font-family:Calibri;mso-fareast-font-family:&#23435;&#20307;;mso-bidi-font-family:'Times New Roman';font-size:10.5pt;mso-font-kerning:1.0000pt;}.c8639{mso-spacerun:'yes';font-family:&#23435;&#20307;;mso-ascii-font-family:Calibri;mso-hansi-font-family:Calibri;mso-bidi-font-family:'Times New Roman';font-size:10.5pt;mso-font-kerning:1.0000pt;}.c8666{mso-spacerun:'yes';font-family:Calibri;mso-fareast-font-family:&#23435;&#20307;;mso-bidi-font-family:'Times New Roman';font-size:10.5pt;mso-font-kerning:1.0000pt;}.c8684{mso-spacerun:'yes';font-family:&#23435;&#20307;;mso-ascii-font-family:Calibri;mso-hansi-font-family:Calibri;mso-bidi-font-family:'Times New Roman';font-size:10.5pt;mso-font-kerning:1.0000pt;}.c8711{mso-spacerun:'yes';font-family:Calibri;mso-fareast-font-family:&#23435;&#20307;;mso-bidi-font-family:'Times New Roman';font-size:10.5pt;mso-font-kerning:1.0000pt;}.c8729{mso-spacerun:'yes';font-family:Calibri;mso-fareast-font-family:&#23435;&#20307;;mso-bidi-font-family:'Times New Roman';font-size:10.5pt;mso-font-kerning:1.0000pt;}.c8756{mso-spacerun:'yes';font-family:Calibri;mso-fareast-font-family:&#23435;&#20307;;mso-bidi-font-family:'Times New Roman';font-size:10.5pt;mso-font-kerning:1.0000pt;}.c8783{mso-spacerun:'yes';font-family:&#23435;&#20307;;mso-ascii-font-family:Calibri;mso-hansi-font-family:Calibri;mso-bidi-font-family:'Times New Roman';font-size:10.5pt;mso-font-kerning:1.0000pt;}.c8810{mso-spacerun:'yes';font-family:Calibri;mso-fareast-font-family:&#23435;&#20307;;mso-bidi-font-family:'Times New Roman';font-size:10.5pt;mso-font-kerning:1.0000pt;}.c8828{mso-spacerun:'yes';font-family:&#23435;&#20307;;mso-ascii-font-family:Calibri;mso-hansi-font-family:Calibri;mso-bidi-font-family:'Times New Roman';font-size:10.5pt;mso-font-kerning:1.0000pt;}.c8855{mso-spacerun:'yes';font-family:Calibri;mso-fareast-font-family:&#23435;&#20307;;mso-bidi-font-family:'Times New Roman';font-size:10.5pt;mso-font-kerning:1.0000pt;}.c8873{mso-spacerun:'yes';font-family:Calibri;mso-fareast-font-family:&#23435;&#20307;;mso-bidi-font-family:'Times New Roman';font-size:10.5pt;mso-font-kerning:1.0000pt;}.c8900{mso-spacerun:'yes';font-family:Calibri;mso-fareast-font-family:&#23435;&#20307;;mso-bidi-font-family:'Times New Roman';font-size:10.5pt;mso-font-kerning:1.0000pt;}.c8909{mso-spacerun:'yes';font-family:Calibri;mso-fareast-font-family:&#23435;&#20307;;mso-bidi-font-family:'Times New Roman';font-size:10.5pt;mso-font-kerning:1.0000pt;}.c8936{mso-spacerun:'yes';font-family:Calibri;mso-fareast-font-family:&#23435;&#20307;;mso-bidi-font-family:'Times New Roman';font-size:10.5pt;mso-font-kerning:1.0000pt;}.c8963{mso-spacerun:'yes';font-family:&#23435;&#20307;;mso-ascii-font-family:Calibri;mso-hansi-font-family:Calibri;mso-bidi-font-family:'Times New Roman';font-size:10.5pt;mso-font-kerning:1.0000pt;}.c8990{mso-spacerun:'yes';font-family:Calibri;mso-fareast-font-family:&#23435;&#20307;;mso-bidi-font-family:'Times New Roman';font-size:10.5pt;mso-font-kerning:1.0000pt;}.c9008{mso-spacerun:'yes';font-family:Calibri;mso-fareast-font-family:&#23435;&#20307;;mso-bidi-font-family:'Times New Roman';font-size:10.5pt;mso-font-kerning:1.0000pt;}<\/style>\n<p><body><\/p>\n<section class=\"relative bg-white bg-[url('https:\/\/hn-smartautokey.usa18.wondercdn.com\/uploads\/image\/60f7bb87a36b6.jpg')] bg-center bg-no-repeat bg-cover max-h-[600px] sm:max-h-[700px] lg:max-h-[800px] mb-0' style='max-width: 100%; width: max-width: c881\" style=\"max-width: 100%; width: 100%;\">\n<div class=\"absolute inset-0 bg-black bg-opacity-40\"><\/div>\n<div class=\"relative z-10 max-w-7xl mx-auto h-full flex flex-col justify-center px-6 py-20 sm:py-32 lg:py-40 container\">\n<h1 class=\"text-white font-extrabold text-4xl sm:text-5xl md:text-6xl max-w-3xl leading-tight drop-shadow-lg\">O Fabricante Profissional em Solu\u00e7\u00f5es Automotivas Sem Chave<\/h1>\n<p class=\"mt-6 max-w-xl text-orange-500 text-lg sm:text-xl font-semibold drop-shadow-md\">Oferecendo sistemas de entrada sem chave integrados, seguros e inovadores em todo o pa\u00eds.<\/p>\n<div class=\"mt-10 flex flex-col sm:flex-row sm:space-x-6 space-y-4 sm:space-y-0 max-w-xl\">\n<div class=\"rounded-md shadow\"><a class=\"w-full flex items-center justify-center px-8 py-3 border border-transparent text-base font-medium rounded-md text-white bg-orange-600 hover:bg-orange-700 focus:outline-none focus:ring-2 focus:ring-offset-2 focus:ring-orange-500' href='#\"> Explore Nossas Solu\u00e7\u00f5es <\/a><\/div>\n<div class=\"rounded-md shadow\">Fale com Vendas<\/div>\n<\/div>\n<\/div>\n<\/section>\n<section class=\"bg-white mb-0' style='max-width: 100%; width: max-width: c1067\" style=\"max-width: 100%; width: 100%;\">\n<div class=\"container mx-auto px-6 py-20 flex flex-col-reverse lg:flex-row items-center lg:items-start gap-12\">\n<div class=\"lg:w-1\/2 text-center lg:text-left\">\n<h1 class=\"text-4xl md:text-5xl font-extrabold text-gray-900 leading-tight\">Revolucionando Sua Experi\u00eancia de Acesso<\/h1>\n<p class=\"mt-6 text-lg md:text-xl text-gray-700 max-w-xl mx-auto lg:mx-0\">Descubra solu\u00e7\u00f5es de entrada sem chave de ponta, confi\u00e1veis, projetadas para melhorar a seguran\u00e7a e a conveni\u00eancia para empresas em todo o mundo.<\/p>\n<p><button type=\"button\" class=\"mt-8 inline-block bg-orange-600 hover:bg-orange-700 focus-visible:outline focus-visible:outline-2 focus-visible:outline-offset-2 focus-visible:outline-orange-600 text-white font-semibold px-8 py-3 rounded-md transition-colors text-lg\"> Explore Nossas Solu\u00e7\u00f5es <\/button><\/div>\n<div class=\"lg:w-1\/2 max-w-lg mx-auto\"><img fetchpriority=\"high\" src=\"https:\/\/keylessbest.com\/wp-content\/uploads\/2025\/11\/60f7bb87a36b6.webp\" alt=\"Carca\u00e7as de chaves de carro Keyless\" width=\"1000\" height=\"1000\" class=\"w-full h-auto rounded-lg shadow-lg' loading='eager' decoding='async\"><\/div>\n<\/div>\n<\/section>\n<section class=\"bg-gray-100 mb-0' style='max-width: 100%; width: max-width: c1189\" style=\"max-width: 100%; width: 100%;\">\n<div class=\"container mx-auto px-6 py-20\">\n<div class=\"max-w-7xl mx-auto grid grid-cols-1 lg:grid-cols-2 gap-12 items-center\">\n<div>\n<h2 class=\"text-4xl font-extrabold text-gray-900 mb-6\">Sobre a keylessbest<\/h2>\n<p class=\"text-gray-700 mb-6 leading-relaxed\">keylessbest \u00e9 um dos fabricantes mais profissionais e populares em solu\u00e7\u00f5es avan\u00e7adas de entrada sem chave e seguran\u00e7a automotiva. Combinamos tecnologia inovadora com artesanato especializado para oferecer conveni\u00eancia sem interrup\u00e7\u00f5es.<\/p>\n<h3 class=\"text-2xl font-semibold text-gray-900 mb-4\">Compet\u00eancias Principais<\/h3>\n<ul class=\"list-disc list-inside space-y-2 text-gray-700 mb-8\">\n<li>De ponta <a href=\"https:\/\/keylessbest.com\/pt\/product\/toyota-rav4-2013-2021-veiculos-construidos-no-brasil-apenas-highlander-tacoma-tundra-sequoia-4-botoes-controle-remoto-de-entrada-sem-chave-gq4-52t-gq452t-pn-89070-0r100-h\/\" data-wpil-monitor-id=\"6\">tecnologia de entrada sem chave adaptada para ve\u00edculos modernos<\/a><\/li>\n<li>Protocolos de seguran\u00e7a robustos garantindo m\u00e1xima prote\u00e7\u00e3o<\/li>\n<li>Desenvolvimento r\u00e1pido de produtos alinhado aos padr\u00f5es da ind\u00fastria<\/li>\n<li>Suporte ao cliente dedicado e servi\u00e7o confi\u00e1vel<\/li>\n<\/ul>\n<h3 class=\"text-2xl font-semibold text-gray-900 mb-4\">Benef\u00edcios para o usu\u00e1rio<\/h3>\n<ul class=\"list-disc list-inside space-y-2 text-gray-700\">\n<li>Acesso simplificado ao ve\u00edculo com solu\u00e7\u00f5es seguras e convenientes<\/li>\n<li>Seguran\u00e7a aprimorada do ve\u00edculo com tecnologia confi\u00e1vel e testada<\/li>\n<li>Redu\u00e7\u00e3o do risco de perda e dano atrav\u00e9s de recursos avan\u00e7ados de entrada sem chave<\/li>\n<li>Tranquilidade com produtos confi\u00e1veis e dur\u00e1veis<\/li>\n<\/ul>\n<\/div>\n<div class=\"flex justify-center\"><img loading=\"lazy\" decoding=\"async\" src=\"https:\/\/keylessbest.com\/wp-content\/uploads\/2025\/11\/60f7bb87a36b6.webp\" alt=\"Sistema de entrada sem chave moderno\" width=\"450\" height=\"479\" class=\"rounded-lg shadow-lg object-cover w-full max-w-md' loading='lazy\"><\/div>\n<\/div>\n<div class=\"mt-20 max-w-xl mx-auto text-center\">\n<p class=\"text-lg text-gray-800 leading-relaxed\">Na keylessbest, a confian\u00e7a \u00e9 a base de cada produto que constru\u00edmos. Nosso foco em qualidade, seguran\u00e7a e design centrado no usu\u00e1rio garante que voc\u00ea receba a melhor experi\u00eancia de entrada sem chave poss\u00edvel.<\/p>\n<p><button type=\"button\" class=\"mt-10 inline-block bg-orange-600 hover:bg-orange-700 focus-visible:outline focus-visible:outline-2 focus-visible:outline-offset-2 focus-visible:outline-orange-600 text-white font-semibold py-3 px-8 rounded-lg transition\"> Descubra Nossas Solu\u00e7\u00f5es <\/button><\/div>\n<\/div>\n<\/section>\n<section class=\"bg-white text-gray-900 mb-0' style='max-width: 100%; width: max-width: c1559\" style=\"max-width: 100%; width: 100%;\">\n<div class=\"container mx-auto px-6 py-20\">\n<header class=\"text-center max-w-3xl mx-auto mb-16\">\n<h1 class=\"text-4xl font-extrabold tracking-tight mb-4\">Gama de Produtos keylessbest<\/h1>\n<p class=\"text-lg leading-relaxed\">Somos especializados na produ\u00e7\u00e3o de uma ampla variedade de produtos de chaves de carro para empresas, incluindo <b>chaves de carro padr\u00e3o<\/b>, <b>chaves inteligentes<\/b>,<b> chaves transponder<\/b>, e <b>substitui\u00e7\u00f5es de chaves remotas<\/b>. Al\u00e9m de chaves prontas, tamb\u00e9m oferecemos componentes de fabrica\u00e7\u00e3o relacionados, como<b> blocos de chaves<\/b>,<b> chips eletr\u00f4nicos<\/b>, e<b> m\u00f3dulos de codifica\u00e7\u00e3o<\/b>, projetados para se encaixar em diferentes marcas e modelos de carros. Nossa miss\u00e3o principal \u00e9 fornecer aos clientes produtos de alta qualidade a pre\u00e7os competitivos.<\/p>\n<\/header>\n<div class=\"grid gap-12 lg:grid-cols-2 lg:items-center\">\n<div>\n<h2 class=\"text-3xl font-semibold mb-4 text-orange-600\">Introdu\u00e7\u00e3o \u00e0 Marca<\/h2>\n<p class=\"mb-6\"><span class=\"c3831\">Produzindo as melhores chaves de carro.\u00a0 somos <b>mais do que fabricantes profissionais<\/b>. Nosso objetivo \u00e9 <b>salvaguardar jornadas seguras para pessoas em todo o mundo.<\/b><\/span><\/p>\n<p><img decoding=\"async\" src=\"https:\/\/keylessbest.com\/wp-content\/uploads\/2025\/11\/60f7bb87a36b6.webp\" alt=\"Exibi\u00e7\u00e3o de produtos Keylessbest\" class=\"w-full rounded-lg shadow-md object-cover max-h-80' loading='lazy\"><\/div>\n<div class=\"space-y-12\">\n<section class=\"mb-0 c1734\" style=\"max-width: 100%; width: 100%;\">\n<h3 class=\"text-2xl font-semibold text-orange-600 mb-3\">Destaques do Produto<\/h3>\n<ul class=\"list-disc list-inside space-y-2 text-gray-800\">\n<li>Criptografia avan\u00e7ada garantindo seguran\u00e7a do ve\u00edculo e prote\u00e7\u00e3o contra roubo.<\/li>\n<li>Designs ergon\u00f4micos para uma experi\u00eancia de usu\u00e1rio fluida e manuseio f\u00e1cil.<\/li>\n<li>Ampla compatibilidade com as principais marcas e modelos de ve\u00edculos.<\/li>\n<\/ul>\n<\/section>\n<section class=\"mb-0 c1826\" style=\"max-width: 100%; width: 100%;\">\n<h3 class=\"text-2xl font-semibold text-orange-600 mb-3\">Garantia de Qualidade<\/h3>\n<p class=\"text-gray-800 leading-relaxed\">Cada produto passa por controle de qualidade rigoroso, incluindo testes de resist\u00eancia e certifica\u00e7\u00f5es do setor.<\/p>\n<\/section>\n<section class=\"mb-0 c1871\" style=\"max-width: 100%; width: 100%;\"><button class=\"mt-4 bg-orange-600 hover:bg-orange-700 text-white font-semibold px-6 py-3 rounded-md focus:outline-none focus-visible:ring-2 focus-visible:ring-orange-500 focus-visible:ring-offset-2 transition\"> Explore Nossa Linha <\/button><\/section>\n<\/div>\n<\/div>\n<\/div>\n<\/section>\n<section class=\"bg-gray-100 mb-0' style='max-width: 100%; width: max-width: c1953\" style=\"max-width: 100%; width: 100%;\">\n<div class=\"container mx-auto px-6 py-20\">\n<header class=\"max-w-3xl mx-auto text-center mb-16\">\n<h2 class=\"text-4xl font-extrabold text-gray-900 mb-4\">Por que Escolher a keylessbest<\/h2>\n<p class=\"text-gray-700 text-lg\">Solu\u00e7\u00f5es inovadoras que oferecem confiabilidade, seguran\u00e7a e conveni\u00eancia em todos os produtos sem chave.<\/p>\n<\/header>\n<div class=\"grid gap-12 lg:grid-cols-3 lg:gap-16 mb-20' role='list' aria-label='Unique selling points of keylessbest\">\n<article class=\"bg-white rounded-lg shadow-md p-8 flex flex-col items-center text-center\"><img decoding=\"async\" src=\"https:\/\/keylessbest.com\/wp-content\/uploads\/2025\/11\/60f7bb87a36b6.webp\" alt=\"Capa Universal para Chave de Carro\" width=\"150\" height=\"150\" class=\"mb-6\"><\/p>\n<h3 class=\"text-xl font-semibold text-gray-900 mb-2\">Compatibilidade Ampla<\/h3>\n<p class=\"text-gray-600\">Suporte para uma ampla variedade de modelos de ve\u00edculos garante integra\u00e7\u00e3o perfeita com a tecnologia existente.<\/p>\n<\/article>\n<article class=\"bg-white rounded-lg shadow-md p-8 flex flex-col items-center text-center\"><img decoding=\"async\" src=\"https:\/\/keylessbest.com\/wp-content\/uploads\/2025\/11\/60f7bb87a36b6.webp\" alt=\"Sistema de Entrada Sem Chave Seguro\" width=\"150\" height=\"150\" class=\"mb-6\"><\/p>\n<h3 class=\"text-xl font-semibold text-gray-900 mb-2\">Seguran\u00e7a Avan\u00e7ada<\/h3>\n<p class=\"text-gray-600\">Criptografia de ponta e designs resistentes a adultera\u00e7\u00f5es mant\u00eam seu ve\u00edculo seguro contra acessos n\u00e3o autorizados.<\/p>\n<\/article>\n<article class=\"bg-white rounded-lg shadow-md p-8 flex flex-col items-center text-center\">\n<div class=\"w-16 h-16 flex items-center justify-center rounded-full bg-orange-500 text-white text-2xl font-bold mb-6\">&#9851;<\/div>\n<h3 class=\"text-xl font-semibold text-gray-900 mb-2\">Materiais Ecol\u00f3gicos<\/h3>\n<p class=\"text-gray-600\">Componentes de origem sustent\u00e1vel reduzem o impacto ambiental sem comprometer durabilidade ou desempenho.<\/p>\n<\/article>\n<\/div>\n<section aria-labelledby=\"testimonials-heading\" class=\"max-w-5xl mx-auto mb-20 mb-0 c2198\" style=\"max-width: 100%; width: 100%;\">\n<h3 id=\"testimonials-heading\" class=\"text-3xl font-extrabold text-gray-900 text-center mb-12\">\n<p>Depoimentos de Clientes<\/h3>\n<div class=\"space-y-12\">\n<blockquote class=\"bg-white p-8 rounded-lg shadow-md\">\n<p class=\"text-gray-700 mb-6\">\n<p class=\"MsoNormal c4874\"><span class=\"c4878\">&#8220;My husband lost the key to our 2019 Subaru Outback while camping<\/span><span class=\"c4896\"><font face=\"Calibri\">, <\/font><\/span><span class=\"c4923\">nosso concession\u00e1rio local cotou $420 e uma<\/span><span class=\"c4941\">&nbsp;<\/span><span class=\"c4959\">week wait. I contacted customer service here to purchase one: we paid just $89, and the key arrived in Colorado in 36 hours. Most importantly, it started the car on the first try! I still can&rsquo;t believe the value, so I bought two more as spares. I&rsquo;ve also recommended this store to my family and friends, and they all love it too. I&rsquo;m thrilled!&#8221;<\/span><span class=\"c4977\"><font face=\"Calibri\">&#8212;<\/font><\/span><span class=\"c5004\">Jennifer<br \/><\/span><\/p>\n<p class=\"MsoNormal c8465\"><span class=\"c8468\"><br \/>\"Solicitei uma chave inteligente para meu Hyundai Tucson 2022 \u00e0s 23h de quarta-feira, e a FedEx entregou at\u00e9 \u00e0s 9h de sexta-feira,<\/span><span class=\"c8495\"><font face=\"Calibri\">, <\/font><\/span><span class=\"c8522\">3 days faster than the local shop&rsquo;s turnaround. I have my own programming equipment, so following their step-by-step tutorial made programming a breeze. Plus, it&rsquo;s 80% cheaper than the dealership!&#8221;<\/span><span class=\"c8540\"><font face=\"Calibri\">&#8212;<\/font><\/span><span class=\"c8567\">Brandon<\/span><span class=\"c8585\"><\/p>\n<p><\/span><\/p>\n<p class=\"MsoNormal c8609\"><span class=\"c8612\"><br \/>\"Tenho uma pequena oficina de reparos automotivos e troquei todo o meu estoque de chaves Toyota por Keyless h\u00e1 seis meses. Instalamos 362 chaves sem problemas,<\/span><span class=\"c8639\"><font face=\"Calibri\">,<\/font><\/span><span class=\"c8666\">their transponder chips are even more reliable than OEM. My customers have given great feedback! Before, my old supplier&rsquo;s constant delays made me lose many clients, but now they&rsquo;re all coming back&mdash;and bringing new ones. I credit this to switching to KeylessBest. My customer base keeps growing, and I&rsquo;m often working overtime now. Their wholesale prices are great, and my profit margin has increased by 30%!&#8221;<\/span><span class=\"c8684\"><font face=\"Calibri\">&#8212;<\/font><\/span><span class=\"c8711\">Mason Brooks<\/span><span class=\"c8729\"><\/p>\n<p><\/span><\/p>\n<p class=\"MsoNormal c8753\"><span class=\"c8756\"><br \/>&#8220;Tried a cheap key from Amazon for my 2017 Chevrolet Silverado<\/span><span class=\"c8783\"><font face=\"Calibri\">,<\/font><\/span><span class=\"c8810\">it wouldn&rsquo;t sync at all, wasting 3 hours of my time. Worse, they provided the wrong programming instructions, which locked me out of my car. I ended up paying $278 locally to fix it, and I was furious. Then I bought from here: the staff walked me through troubleshooting step by step over the phone, and programming was done in 30 minutes. Total lifesavers!&#8221;<\/span><span class=\"c8828\"><font face=\"Calibri\">&#8212;<\/font><\/span><span class=\"c8855\">Leo Hernandez<\/span><span class=\"c8873\"><\/p>\n<p><\/span><\/p>\n<p draggable=\"true\" class=\"MsoNormal c4874\"><span draggable=\"true\" class=\"c8900\"><\/span><span id=\"i55d6t\" draggable=\"true\" class=\"c8909\"><\/p>\n<p id=\"iunpsk\" draggable=\"true\">\n<p><\/span><\/p>\n<p class=\"MsoNormal c8933\"><span class=\"c8936\"><br \/>&#8220;Bought a remote key for my 2023 Kia from Keyless for $109, while the dealership wanted $395. Accidentally spilled coffee on it a month ago&mdash;wiped it off, and it works like new. Their 2-year warranty is just an added bonus, but I don&rsquo;t think I&rsquo;ll ever need to use it!&#8221;<\/span><span class=\"c8963\"><font face=\"Calibri\">&#8212;<\/font><\/span><span class=\"c8990\">Dylan Reeves<\/span><span class=\"c9008\"><\/p>\n<p><\/span><\/p>\n<\/p>\n<footer class=\"flex items-center\"><\/footer>\n<\/blockquote>\n<\/div>\n<\/section>\n<\/div>\n<\/section>\n<p><!-- AIVB Required Assets --> <\/body><\/p>\n<p><!-- AIVB Required Assets -->\n<link rel=\"stylesheet\" href=\"https:\/\/cdn.jsdelivr.net\/npm\/tailwindcss@2.2.19\/dist\/tailwind.min.css\">\n<link rel=\"stylesheet\" id=\"aivb-fontawesome-css\" href=\"https:\/\/cdn.jsdelivr.net\/npm\/@fortawesome\/fontawesome-free@6.4.0\/css\/all.min.css?ver=6.4.0\" media=\"all\">\n<script src=\"https:\/\/cdn.tailwindcss.com\"><\/script><\/p>\n<style>\n#content { width: 100% !important;  max-width: 100% !important; }\n#content > div:first-child { width: 100% !important;  max-width: 100% !important; }\n.ast-container { width: 100% !important;  max-width: 100% !important; }\nmain#content { width: 100% !important; max-width: 100% !important; }\n.page-content { width: 100% !important; max-width: 100% !important; }\n.site-content .ast-container { display: block !important; }\n<\/style>","protected":false},"excerpt":{"rendered":"<p>The Professional Manufacturer in Keyless Automotive Solutions Delivering seamless, secure, and innovative keyless entry systems nationwide. Explore Our Solutions Contact Sales Revolutionizing Your Access Experience Discover cutting-edge, reliable keyless solutions designed to enhance security and convenience for businesses worldwide. Explore Our Solutions About keylessbest keylessbest is one of the most professional and popular manufacturers in&#8230;<\/p>","protected":false},"author":1,"featured_media":0,"parent":0,"menu_order":0,"comment_status":"closed","ping_status":"closed","template":"","meta":{"_bst_post_transparent":"","_bst_post_title":"","_bst_post_layout":"","_bst_post_sidebar_id":"","_bst_post_content_style":"","_bst_post_vertical_padding":"","_bst_post_feature":"","_bst_post_feature_position":"","_bst_post_header":false,"_bst_post_footer":false,"footnotes":""},"class_list":["post-18448","page","type-page","status-publish","hentry"],"_links":{"self":[{"href":"https:\/\/keylessbest.com\/pt\/wp-json\/wp\/v2\/pages\/18448","targetHints":{"allow":["GET"]}}],"collection":[{"href":"https:\/\/keylessbest.com\/pt\/wp-json\/wp\/v2\/pages"}],"about":[{"href":"https:\/\/keylessbest.com\/pt\/wp-json\/wp\/v2\/types\/page"}],"author":[{"embeddable":true,"href":"https:\/\/keylessbest.com\/pt\/wp-json\/wp\/v2\/users\/1"}],"replies":[{"embeddable":true,"href":"https:\/\/keylessbest.com\/pt\/wp-json\/wp\/v2\/comments?post=18448"}],"version-history":[{"count":6,"href":"https:\/\/keylessbest.com\/pt\/wp-json\/wp\/v2\/pages\/18448\/revisions"}],"predecessor-version":[{"id":18518,"href":"https:\/\/keylessbest.com\/pt\/wp-json\/wp\/v2\/pages\/18448\/revisions\/18518"}],"wp:attachment":[{"href":"https:\/\/keylessbest.com\/pt\/wp-json\/wp\/v2\/media?parent=18448"}],"curies":[{"name":"wp","href":"https:\/\/api.w.org\/{rel}","templated":true}]}}