{"id":13750,"date":"2025-08-19T08:35:17","date_gmt":"2025-08-19T08:35:17","guid":{"rendered":"https:\/\/hanwuji.shengjit.com\/?post_type=product&#038;p=13750"},"modified":"2026-02-11T05:40:36","modified_gmt":"2026-02-11T05:40:36","slug":"chaveiro-buick-2005-2011-pn-15114376-para-keylessbest","status":"publish","type":"product","link":"https:\/\/keylessbest.com\/pt\/product\/chaveiro-buick-2005-2011-pn-15114376-para-keylessbest\/","title":{"rendered":"Chaveiro Buick 2005-2011 PN: 15114376 para Keylessbest"},"content":{"rendered":"<p>*As informa\u00e7\u00f5es detalhadas desta chave remota sem chave de 2005-2011 para Chevy Saturn Buick Pontiac s\u00e3o as seguintes. Por favor, confirme se os detalhes abaixo correspondem ao seu ve\u00edculo antes de fazer o pedido: FCC ID, N\u00famero da Pe\u00e7a, Ano Modelo, IC, Frequ\u00eancia, Chip e Bot\u00f5es.<\/p>\n<h6><strong><b>Informa\u00e7\u00f5es do Produto:<\/b><\/strong><\/h6>\n<ul>\n<li>FCC ID: KOBGT04A<\/li>\n<li>PN: 15114376<\/li>\n<li>IC: 3521A-T04A<\/li>\n<li>Frequ\u00eancia: 315MHz<\/li>\n<li>Bot\u00f5es: Partida Remota, Trancar, Destrancar, Porta El\u00e9trica Lado Esquerdo, Porta El\u00e9trica Lado Direito, P\u00e2nico<\/li>\n<\/ul>\n<h6><strong><b>O modelo de refer\u00eancia:<\/b><\/strong><\/h6>\n<ul>\n<li><a href=\"https:\/\/keylessbest.com\/pt\/product\/2009-2014-toyota-avalon-camry-corolla-remoto-de-entrada-sem-chave-de-3-botoes-hyq14aem-pn-89904-0r060-89904-60770-89904-0r090-89904-42140__trashed\/\" data-wpil-monitor-id=\"792\">2005 &#8211; 2007<\/a> Buick Terraza<\/li>\n<li>Chevy HHR 2006 \u2013 2011<\/li>\n<li>Chevy Uplander 2005 \u2013 2008<\/li>\n<li>Saturn Relay 2005 \u2013 2007<\/li>\n<li>2005 &#8211; 2009 <a href=\"https:\/\/keylessbest.com\/pt\/product\/2001-2012-chevrolet-hummer-gmc-oldsmobile-pontiac-isuzu-colorado-h3-venture-without-sliding-doors-canyon-silhouette-montana-h3t-i-280-i-290-i-350-i-370-3-buttons-keyless-entry-remote-l2c0007t-pn\/\" data-wpil-monitor-id=\"798\">Pontiac Montana<\/a><\/li>\n<\/ul>\n<h6><strong><b>Inclus\u00f5es do Pacote:<\/b><\/strong><\/h6>\n<ul>\n<li>Um novo aftermarket <a href=\"https:\/\/keylessbest.com\/pt\/product\/ford-fiesta-2011-2017-remoto-de-entrada-sem-chave-com-3-botoes-kr55wk47899-pn164-r8042-remoto-164-r8043-lamina-164-r8042-164-r8039-5913139-5914117-4d63-80bit__trashed\/\" data-wpil-monitor-id=\"796\">chaveiro remoto sem chave<\/a><\/li>\n<li>Uma chave de inser\u00e7\u00e3o de emerg\u00eancia aftermarket gratuita<\/li>\n<li>Todos os transmissores v\u00eam com uma bateria<\/li>\n<li>Todas as unidades s\u00e3o testadas antes do envio<\/li>\n<li>Garantia e satisfa\u00e7\u00e3o de 2 anos 100%<\/li>\n<\/ul>\n<h6><strong><b>Observa\u00e7\u00e3o:<\/b><\/strong><\/h6>\n<ul>\n<li>Chave de entrada inteligente sem chave de 2005-2011 para Chevy Saturn Buick Pontiac \u2013 sem logotipo, com uma chave de emerg\u00eancia n\u00e3o cortada inclu\u00edda.<\/li>\n<li>N\u00f3s n\u00e3o cortamos ou programamos a <a href=\"https:\/\/keylessbest.com\/pt\/loja-de-chaves-de-carro-keylessbestcarkeyfobshop\/\" data-wpil-monitor-id=\"797\">chave remota<\/a>. Al\u00e9m disso, para pre\u00e7os, entre em contato com o chaveiro ou concession\u00e1ria local.<\/li>\n<li>Este transmissor \u00e9 compat\u00edvel com ve\u00edculos que possuem bot\u00e3o de partida\/parada no painel ou igni\u00e7\u00e3o com bot\u00e3o girat\u00f3rio, juntamente com um sistema de entrada sem chave proxy <a href=\"https:\/\/keylessbest.com\/pt\/product\/nissan-rogue-versa-pathfinder-2007-2013-com-sistema-inteligente-controle-remoto-de-entrada-sem-chave-de-3-botoes-cwtwbu729-cwtwbu735-cwtwbu624-pn-285e3-em30d-285e3-em31d\/\" data-wpil-monitor-id=\"795\">sistema de entrada sem chave<\/a>.<\/li>\n<li>O pre\u00e7o \u00e9 para uma \u00fanica <a href=\"https:\/\/keylessbest.com\/pt\/product\/2015-2021-jeep-renegade-5-buttons-keyless-entry-remote-m3n-40821302-replaces-pn-6mp33dx9aa-id-47-4a__trashed\/\" data-wpil-monitor-id=\"793\">chave de entrada sem chave de reposi\u00e7\u00e3o<\/a>, chave de emerg\u00eancia inclu\u00edda.<\/li>\n<li>Portanto, recomendamos fortemente que voc\u00ea tenha seu <a href=\"https:\/\/keylessbest.com\/pt\/como-programar-chaveiro-rapido-facil-passos-diy-para-qualquer-carro\/\" data-wpil-monitor-id=\"794\">CHAVEIRO programado<\/a> por um chaveiro profissional ou revendedor.<\/li>\n<\/ul>\n<h6><strong>Recursos de Programa\u00e7\u00e3o:<\/strong><\/h6>\n<p><a href=\"http:\/\/programyourfob.com\/?list_4\/\" target=\"_blank\" rel=\"noopener\">http:\/\/programyourfob.com\/?list_4\/<\/a><\/p>\n<p><a href=\"http:\/\/programyourfob.com\/?list_30\/\" target=\"_blank\" rel=\"noopener\">http:\/\/programyourfob.com\/?list_30\/<\/a><\/p>\n<p><a href=\"http:\/\/programyourfob.com\/?list_32\/\" target=\"_blank\" rel=\"noopener\">http:\/\/programyourfob.com\/?list_32\/<\/a><\/p>\n<p>Obrigado por nos escolher.<\/p>\n<p>Somos um dos fabricantes mais profissionais de chaves de carro, sistema de entrada sem chave, <a href=\"https:\/\/keylessbest.com\/pt\/product\/2001-2007-buick-cadillac-chevrolet-gmc-oldsmobile-pontiac-lesabre-deville-eldorado-seville-astro-blazer-corvette-express-impala-malibu-monte-carlo-ssr-jimmy-safari-savana-alero-aurora-bonneville-grand\/\" data-wpil-monitor-id=\"791\">controle remoto de chave de carro<\/a>, chips transponder, programadores de chaves, carca\u00e7as de chaves de carro, fechaduras de carro, ferramentas de chaveiro e assim por diante. Al\u00e9m disso, nossa empresa possui equipe profissional e linha de produ\u00e7\u00e3o. Ademais, somos especializados na produ\u00e7\u00e3o de v\u00e1rias chaves de carro, carca\u00e7as de chaves de carro e ferramentas de chaveiro. Tamb\u00e9m lidamos com desenvolvimento, fabrica\u00e7\u00e3o e atacado de produtos de seguran\u00e7a e prote\u00e7\u00e3o automotiva.<\/p>\n<p>Pre\u00e7os competitivos e servi\u00e7os dedicados ajudar\u00e3o voc\u00ea a conquistar um bom mercado. Al\u00e9m disso, mais de 10 jovens e en\u00e9rgicos times de vendas oferecem servi\u00e7o r\u00e1pido, profissional e amig\u00e1vel a qualquer momento. Al\u00e9m disso, todos os nossos produtos\u00a0\u00a0s\u00e3o enviados diretamente do armaz\u00e9m na Brasil, Canad\u00e1 e M\u00e9xico. Portanto, as mercadorias que voc\u00ea comprar ser\u00e3o embaladas e enviadas dentro de 48 horas ap\u00f3s a realiza\u00e7\u00e3o do pedido. Mais de 100% de nossos produtos est\u00e3o em estoque, e o invent\u00e1rio \u00e9 suficiente.<\/p>","protected":false},"excerpt":{"rendered":"<ul>\n<li>SKU: CA-GM014<\/li>\n<li>FCC ID: KOBGT04A<\/li>\n<li>PN: 15114376<\/li>\n<li>IC: 3521A-T04A<\/li>\n<li>Frequ\u00eancia: 315MHz<\/li>\n<li>Bot\u00f5es: Partida Remota, Trancar, Destrancar, Porta El\u00e9trica Lado Esquerdo, Porta El\u00e9trica Lado Direito, P\u00e2nico<\/li>\n<\/ul>","protected":false},"featured_media":20820,"comment_status":"open","ping_status":"closed","template":"","meta":{"_bst_post_transparent":"default","_bst_post_title":"","_bst_post_layout":"default","_bst_post_sidebar_id":"","_bst_post_content_style":"default","_bst_post_vertical_padding":"default","_bst_post_feature":"","_bst_post_feature_position":"","_bst_post_header":false,"_bst_post_footer":false},"product_brand":[],"product_cat":[15,151,376,373,375],"product_tag":[],"2_year_make_model":[],"class_list":{"0":"post-13750","1":"product","2":"type-product","3":"status-publish","4":"has-post-thumbnail","6":"product_cat-carkeyremote","7":"product_cat-for-buick","8":"product_cat-for-chevy","9":"product_cat-for-pontiac","10":"product_cat-for-saturn","12":"first","13":"instock","14":"sale","15":"shipping-taxable","16":"purchasable","17":"product-type-simple","18":"entry","19":"content-bg","20":"loop-entry"},"_links":{"self":[{"href":"https:\/\/keylessbest.com\/pt\/wp-json\/wp\/v2\/product\/13750","targetHints":{"allow":["GET"]}}],"collection":[{"href":"https:\/\/keylessbest.com\/pt\/wp-json\/wp\/v2\/product"}],"about":[{"href":"https:\/\/keylessbest.com\/pt\/wp-json\/wp\/v2\/types\/product"}],"replies":[{"embeddable":true,"href":"https:\/\/keylessbest.com\/pt\/wp-json\/wp\/v2\/comments?post=13750"}],"version-history":[{"count":3,"href":"https:\/\/keylessbest.com\/pt\/wp-json\/wp\/v2\/product\/13750\/revisions"}],"predecessor-version":[{"id":20819,"href":"https:\/\/keylessbest.com\/pt\/wp-json\/wp\/v2\/product\/13750\/revisions\/20819"}],"wp:featuredmedia":[{"embeddable":true,"href":"https:\/\/keylessbest.com\/pt\/wp-json\/wp\/v2\/media\/20820"}],"wp:attachment":[{"href":"https:\/\/keylessbest.com\/pt\/wp-json\/wp\/v2\/media?parent=13750"}],"wp:term":[{"taxonomy":"product_brand","embeddable":true,"href":"https:\/\/keylessbest.com\/pt\/wp-json\/wp\/v2\/product_brand?post=13750"},{"taxonomy":"product_cat","embeddable":true,"href":"https:\/\/keylessbest.com\/pt\/wp-json\/wp\/v2\/product_cat?post=13750"},{"taxonomy":"product_tag","embeddable":true,"href":"https:\/\/keylessbest.com\/pt\/wp-json\/wp\/v2\/product_tag?post=13750"},{"taxonomy":"2_year_make_model","embeddable":true,"href":"https:\/\/keylessbest.com\/pt\/wp-json\/wp\/v2\/2_year_make_model?post=13750"}],"curies":[{"name":"wp","href":"https:\/\/api.w.org\/{rel}","templated":true}]}}