{"id":13762,"date":"2025-08-19T08:35:17","date_gmt":"2025-08-19T08:35:17","guid":{"rendered":"https:\/\/hanwuji.shengjit.com\/?post_type=product&#038;p=13762"},"modified":"2026-02-11T06:22:07","modified_gmt":"2026-02-11T06:22:07","slug":"chaveiro-dodge-caravan-2007-2018-pn-56046708ag-para-keylessbest","status":"publish","type":"product","link":"https:\/\/keylessbest.com\/pt\/product\/chaveiro-dodge-caravan-2007-2018-pn-56046708ag-para-keylessbest\/","title":{"rendered":"Chaveiro Dodge Caravan 2007-2018 PN: 56046708AG para Keylessbest"},"content":{"rendered":"<p>*As informa\u00e7\u00f5es detalhadas deste chaveiro sem chave de entrada sem chave de 2008 a 2019 Chrysler Dodge Volkswagen Jeep s\u00e3o as seguintes. Por favor, confirme se os detalhes abaixo correspondem ao seu ve\u00edculo antes de fazer o pedido: ID FCC, N\u00famero da Pe\u00e7a, Ano Modelo, IC, Frequ\u00eancia, Chip e Bot\u00f5es.<\/p>\n<h6><strong><b>Informa\u00e7\u00f5es do Produto:<\/b><\/strong><\/h6>\n<ul>\n<li>FCC ID: M3N5WY783X, IYZ-C01C<\/li>\n<li>PN: 56046708AG.<\/li>\n<li>N\u00fameros de Pe\u00e7as Intercambi\u00e1veis: 05026197AB; 56046708AA; 56046708AB; 68043593AB; 05026197AF; 56046708AC; 68043593AC; 05026197AD; 56046708AD; 05026197AC; 56046708AE; 56046708AF; 68043593AA; 68066873AA; 68079545AA.<\/li>\n<li>IC: 267F-5WY783X 2701A-C01C<\/li>\n<li>Frequ\u00eancia: 433MHz<\/li>\n<li>Chip: ID 46 CHR<\/li>\n<li>Chave de Teste: Y159<\/li>\n<li>Bot\u00f5es: Trancar, Destrancar, P\u00e2nico, Porta Malas, Partida Remota, Cap\u00f4, Porta Deslizante Esquerda, Porta Deslizante Direita<\/li>\n<\/ul>\n<h6><strong><b>O modelo de refer\u00eancia:<\/b><\/strong><\/h6>\n<ul>\n<li>Chrysler Town &amp; Country 2008 \u2013 2017<\/li>\n<li>2008 \u2013 2018 Dodge Grand Caravan<\/li>\n<li>2009 \u2013 2015 Volkswagen Routan<\/li>\n<li>2008 \u2013 2015 Chrysler 300<\/li>\n<li>Chrysler Town &amp; Country Limited 2011 \u2013 2016<\/li>\n<li>2008 \u2013 2017 Dodge Caravan<\/li>\n<li>Dodge Challenger 2008 \u2013 2014<\/li>\n<li>2007 \u2013 2014 Dodge Charger<\/li>\n<li>2011 \u2013 2013 Dodge Durango<\/li>\n<li>2009 \u2013 2016 Dodge Journey<\/li>\n<li>Dodge Magnum 2008 \u2013 2008<\/li>\n<li>2015 \u2013 2015 Dodge Dakota<\/li>\n<li>2006 \u2013 2016 Dodge RAM<\/li>\n<li>2008 \u2013 2010 Jeep Commander<\/li>\n<li>Jeep Grand Cherokee 2008 \u2013 2015<\/li>\n<\/ul>\n<h6><strong><b>Inclus\u00f5es do Pacote:<\/b><\/strong><\/h6>\n<ul>\n<li>Um novo chaveiro remoto sem chave do mercado de reposi\u00e7\u00e3o<\/li>\n<li>Uma chave de inser\u00e7\u00e3o de emerg\u00eancia aftermarket gratuita<\/li>\n<li>Todos os transmissores v\u00eam com uma bateria<\/li>\n<li>Todas as unidades s\u00e3o testadas antes do envio<\/li>\n<li>Garantia e satisfa\u00e7\u00e3o de 2 anos 100%<\/li>\n<\/ul>\n<h6><strong><b>Observa\u00e7\u00e3o:<\/b><\/strong><\/h6>\n<ul>\n<li>Substitui\u00e7\u00e3o do chaveiro de entrada sem chave inteligente Chrysler Dodge Volkswagen Jeep de 2006 a 2018 \u2013 sem logotipo, com uma chave de inser\u00e7\u00e3o de emerg\u00eancia n\u00e3o cortada inclu\u00edda.<\/li>\n<li>N\u00f3s n\u00e3o cortamos nem programamos a chave remota. Al\u00e9m disso, para pre\u00e7os, por favor, entre em contato com o chaveiro local ou concession\u00e1ria.<\/li>\n<li>Este transmissor \u00e9 compat\u00edvel com ve\u00edculos que possuem bot\u00e3o de partida\/parada no painel ou igni\u00e7\u00e3o de bot\u00e3o girat\u00f3rio, juntamente com um sistema de entrada sem chave proxy.<\/li>\n<li>O pre\u00e7o \u00e9 para um \u00fanico chaveiro de entrada sem chave de reposi\u00e7\u00e3o completo, com chave de emerg\u00eancia inclu\u00edda.<\/li>\n<li>Portanto, recomendamos fortemente que voc\u00ea tenha seu KEY FOB programado por um chaveiro profissional ou concession\u00e1ria.<\/li>\n<\/ul>\n<h6><strong>Recursos de Programa\u00e7\u00e3o:<\/strong><\/h6>\n<p><a href=\"http:\/\/programyourfob.com\/?list_7\/\" target=\"_blank\" rel=\"noopener\">http:\/\/programyourfob.com\/?list_7\/<\/a><\/p>\n<p><a href=\"http:\/\/programyourfob.com\/?list_8\/\" target=\"_blank\" rel=\"noopener\">http:\/\/programyourfob.com\/?list_8\/<\/a><\/p>\n<p><a href=\"http:\/\/programyourfob.com\/?list_18\/\" target=\"_blank\" rel=\"noopener\">http:\/\/programyourfob.com\/?list_18\/<\/a><\/p>\n<p><a href=\"http:\/\/programyourfob.com\/?list_37\/\" target=\"_blank\" rel=\"noopener\">http:\/\/programyourfob.com\/?list_37\/<\/a><\/p>\n<p>Obrigado por nos escolher.<\/p>\n<p>Somos um dos fabricantes mais profissionais de chaves de carro, sistema de entrada sem chave, controle remoto de chave de carro, chips transponder, programadores de chaves, carca\u00e7as de chaves de carro, fechaduras de carro, ferramentas de chaveiro e assim por diante. Al\u00e9m disso, nossa empresa possui uma equipe profissional e linha de produ\u00e7\u00e3o. Al\u00e9m disso, somos especializados na produ\u00e7\u00e3o de v\u00e1rias chaves de carro, carca\u00e7as de chaves de carro e ferramentas de chaveiro. Tamb\u00e9m lidamos com desenvolvimento, fabrica\u00e7\u00e3o e atacado de produtos de seguran\u00e7a e prote\u00e7\u00e3o automotiva.<\/p>\n<p>Pre\u00e7os competitivos e servi\u00e7os dedicados ajudar\u00e3o voc\u00ea a conquistar um bom mercado. Al\u00e9m disso, mais de 10 jovens e en\u00e9rgicos times de vendas oferecem servi\u00e7o r\u00e1pido, profissional e amig\u00e1vel a qualquer momento. Al\u00e9m disso, todos os nossos produtos\u00a0\u00a0s\u00e3o enviados diretamente do armaz\u00e9m na Brasil, Canad\u00e1 e M\u00e9xico. Portanto, as mercadorias que voc\u00ea comprar ser\u00e3o embaladas e enviadas dentro de 48 horas ap\u00f3s a realiza\u00e7\u00e3o do pedido. Mais de 100% de nossos produtos est\u00e3o em estoque, e o invent\u00e1rio \u00e9 suficiente.<\/p>","protected":false},"excerpt":{"rendered":"<ul>\n<li>FCC ID: M3N5WY783X, IYZ-C01C<\/li>\n<li>PN: 56046708AG. N\u00fameros de Pe\u00e7as Intercambi\u00e1veis: 05026197AB; 56046708AA; 56046708AB; 68043593AB; 05026197AF; 56046708AC; 68043593AC; 05026197AD; 56046708AD; 05026197AC; 56046708AE; 56046708AF; 68043593AA; 68066873AA; 68079545AA.<\/li>\n<li>IC: 267F-5WY783X 2701A-C01C<\/li>\n<li>Frequ\u00eancia: 433MHz<\/li>\n<li>Chip: ID 46 CHR<\/li>\n<li>Chave de Teste: Y159<\/li>\n<li>Bot\u00f5es: Trancar, Destrancar, P\u00e2nico, Porta Malas, Partida Remota, Cap\u00f4, Porta Deslizante Esquerda, Porta Deslizante Direita<\/li>\n<\/ul>","protected":false},"featured_media":20832,"comment_status":"open","ping_status":"closed","template":"","meta":{"_bst_post_transparent":"default","_bst_post_title":"","_bst_post_layout":"default","_bst_post_sidebar_id":"","_bst_post_content_style":"default","_bst_post_vertical_padding":"default","_bst_post_feature":"","_bst_post_feature_position":"","_bst_post_header":false,"_bst_post_footer":false},"product_brand":[],"product_cat":[15,155,153,154,165],"product_tag":[],"2_year_make_model":[],"class_list":{"0":"post-13762","1":"product","2":"type-product","3":"status-publish","4":"has-post-thumbnail","6":"product_cat-carkeyremote","7":"product_cat-for-chrysler","8":"product_cat-for-dodge","9":"product_cat-for-jeep","10":"product_cat-for-volkswagen","12":"first","13":"instock","14":"sale","15":"shipping-taxable","16":"purchasable","17":"product-type-simple","18":"entry","19":"content-bg","20":"loop-entry"},"_links":{"self":[{"href":"https:\/\/keylessbest.com\/pt\/wp-json\/wp\/v2\/product\/13762","targetHints":{"allow":["GET"]}}],"collection":[{"href":"https:\/\/keylessbest.com\/pt\/wp-json\/wp\/v2\/product"}],"about":[{"href":"https:\/\/keylessbest.com\/pt\/wp-json\/wp\/v2\/types\/product"}],"replies":[{"embeddable":true,"href":"https:\/\/keylessbest.com\/pt\/wp-json\/wp\/v2\/comments?post=13762"}],"version-history":[{"count":3,"href":"https:\/\/keylessbest.com\/pt\/wp-json\/wp\/v2\/product\/13762\/revisions"}],"predecessor-version":[{"id":18101,"href":"https:\/\/keylessbest.com\/pt\/wp-json\/wp\/v2\/product\/13762\/revisions\/18101"}],"wp:featuredmedia":[{"embeddable":true,"href":"https:\/\/keylessbest.com\/pt\/wp-json\/wp\/v2\/media\/20832"}],"wp:attachment":[{"href":"https:\/\/keylessbest.com\/pt\/wp-json\/wp\/v2\/media?parent=13762"}],"wp:term":[{"taxonomy":"product_brand","embeddable":true,"href":"https:\/\/keylessbest.com\/pt\/wp-json\/wp\/v2\/product_brand?post=13762"},{"taxonomy":"product_cat","embeddable":true,"href":"https:\/\/keylessbest.com\/pt\/wp-json\/wp\/v2\/product_cat?post=13762"},{"taxonomy":"product_tag","embeddable":true,"href":"https:\/\/keylessbest.com\/pt\/wp-json\/wp\/v2\/product_tag?post=13762"},{"taxonomy":"2_year_make_model","embeddable":true,"href":"https:\/\/keylessbest.com\/pt\/wp-json\/wp\/v2\/2_year_make_model?post=13762"}],"curies":[{"name":"wp","href":"https:\/\/api.w.org\/{rel}","templated":true}]}}