{"id":13764,"date":"2025-08-19T08:35:17","date_gmt":"2025-08-19T08:35:17","guid":{"rendered":"https:\/\/hanwuji.shengjit.com\/?post_type=product&#038;p=13764"},"modified":"2026-02-11T07:08:23","modified_gmt":"2026-02-11T07:08:23","slug":"chaveiro-dodge-caliber-2007-2012-kobdt04a-para-keylessbest","status":"publish","type":"product","link":"https:\/\/keylessbest.com\/pt\/product\/chaveiro-dodge-caliber-2007-2012-kobdt04a-para-keylessbest\/","title":{"rendered":"Chaveiro Dodge Caliber 2007-2012 KOBDT04A para Keylessbest"},"content":{"rendered":"<p>*As informa\u00e7\u00f5es detalhadas desta chave remota sem chave de 2004 a 2013 para Dodge Mitsubishi s\u00e3o as seguintes. Por favor, confirme se os detalhes abaixo correspondem ao seu ve\u00edculo antes de fazer o pedido: FCC ID, N\u00famero da Pe\u00e7a, Ano Modelo, IC, Frequ\u00eancia, Chip e Bot\u00f5es.<\/p>\n<h6><strong><b>Informa\u00e7\u00f5es do Produto: <\/b><\/strong><\/h6>\n<ul>\n<li>ID FCC: KOBDT04A<\/li>\n<li>PN: 3521A-T04B, 05135670, 05179513, 05135670AA, 05175786AA, 56038751, 56053000AD, 56053000AH<\/li>\n<li>IC: 5461A-692427AA<\/li>\n<li>Frequ\u00eancia: 315MHz<\/li>\n<li>Chip: 46<\/li>\n<li>Bot\u00f5es: Trancar, Destrancar, P\u00e2nico<\/li>\n<\/ul>\n<h6><strong><b>O modelo de refer\u00eancia:<\/b><\/strong><\/h6>\n<ul>\n<li><a href=\"https:\/\/keylessbest.com\/pt\/product\/2009-2014-toyota-avalon-camry-corolla-remoto-de-entrada-sem-chave-de-3-botoes-hyq14aem-pn-89904-0r060-89904-60770-89904-0r090-89904-42140__trashed\/\" data-wpil-monitor-id=\"1594\">2007 &#8211; 2012<\/a> Dodge Caliber<\/li>\n<li>Dodge Dakota de 2004 a 2013<\/li>\n<li>Dodge Durango de 2004 a 2013<\/li>\n<li>Dodge Magnum de 2005 a 2007<\/li>\n<li>Dodge Nitro de 2007 a 2012<\/li>\n<li>2006 &#8211; 2010 <a href=\"https:\/\/keylessbest.com\/pt\/product\/2013-2019-dodge-ram-ram-1500-classic-5-buttons-keyless-entry-remote-gq4-53t-pn-68159655ag-68159655af-68159655ad-68159655ab-68159655ac-id46-7961\/\" data-wpil-monitor-id=\"1598\">Dodge Ram<\/a><\/li>\n<li>Mitsubishi Raider de 2006 a 2009<\/li>\n<\/ul>\n<h6><strong><b>Inclus\u00f5es do Pacote:<\/b><\/strong><\/h6>\n<ul>\n<li>Um novo aftermarket <a href=\"https:\/\/keylessbest.com\/pt\/product\/ford-fiesta-2011-2017-remoto-de-entrada-sem-chave-com-3-botoes-kr55wk47899-pn164-r8042-remoto-164-r8043-lamina-164-r8042-164-r8039-5913139-5914117-4d63-80bit__trashed\/\" data-wpil-monitor-id=\"1597\">chaveiro remoto sem chave<\/a><\/li>\n<li>Uma chave de inser\u00e7\u00e3o de emerg\u00eancia aftermarket gratuita<\/li>\n<li>Todos os transmissores v\u00eam com uma bateria<\/li>\n<li>Todas as unidades s\u00e3o testadas antes do envio<\/li>\n<li>Garantia e satisfa\u00e7\u00e3o de 2 anos 100%<\/li>\n<\/ul>\n<h6><strong><b>Observa\u00e7\u00e3o:<\/b><\/strong><\/h6>\n<ul>\n<li>O <a href=\"https:\/\/keylessbest.com\/pt\/product\/acura-cl-tl-rl-de-1999-a-2004-controle-remoto-de-entrada-sem-chave-de-4-botoes-e4eg8d-444h-a-substitui-pn-72147-s0k-a23-72147-s0k-a13__trashed\/\" data-wpil-monitor-id=\"1595\">Chaveiro inteligente de entrada sem chave Dodge Mitsubishi de 2004 a 2013<\/a> substitui\u00e7\u00e3o \u2013 sem um logotipo, com uma chave de inser\u00e7\u00e3o de emerg\u00eancia n\u00e3o cortada inclu\u00edda.<\/li>\n<li>N\u00f3s n\u00e3o cortamos ou programamos a <a href=\"https:\/\/keylessbest.com\/pt\/loja-de-chaves-de-carro-keylessbestcarkeyfobshop\/\" data-wpil-monitor-id=\"1600\">chave remota<\/a>. Al\u00e9m disso, para pre\u00e7os, entre em contato com o chaveiro ou concession\u00e1ria local.<\/li>\n<li>Este transmissor \u00e9 compat\u00edvel com ve\u00edculos que possuem um bot\u00e3o de partida\/parada no painel ou igni\u00e7\u00e3o com bot\u00e3o girat\u00f3rio, juntamente com um proxy <a href=\"https:\/\/keylessbest.com\/pt\/product\/2008-2020-mitsubishi-mirage-lancer-outlander-outlander-sport-controle-remoto-de-entrada-sem-chave-de-4-botoes-ouc644m-key-n\/\" data-wpil-monitor-id=\"1599\">controle de acesso sem chave<\/a> sistema.<\/li>\n<li>O pre\u00e7o \u00e9 para um controle remoto de entrada sem contato de substitui\u00e7\u00e3o completo, incluindo a chave de emerg\u00eancia.<\/li>\n<li>Portanto, recomendamos fortemente que voc\u00ea tenha seu \u00a0<a href=\"https:\/\/keylessbest.com\/pt\/como-programar-chaveiro-rapido-facil-passos-diy-para-qualquer-carro\/\" data-wpil-monitor-id=\"1596\">CHAVEIRO programado<\/a> por um chaveiro profissional ou revendedor.<\/li>\n<\/ul>\n<h6><strong><b>Recursos de Programa\u00e7\u00e3o\u00a0<\/b><\/strong><\/h6>\n<p><a href=\"http:\/\/programyourfob.com\/?list_8\/\" target=\"_blank\" rel=\"noopener\">http:\/\/programyourfob.com\/?list_8\/<\/a><\/p>\n<p><a href=\"http:\/\/programyourfob.com\/?list_25\/\" target=\"_blank\" rel=\"noopener\">http:\/\/programyourfob.com\/?list_25\/<\/a><\/p>\n<p>Obrigado por nos escolher.<\/p>\n<p>Somos um dos fabricantes mais profissionais de chaves de carro, sistema de entrada sem chave, <a href=\"https:\/\/keylessbest.com\/pt\/product\/2017-2024-chrysler-pacifica-voyager-7-buttons-keyless-entry-remote-m3n-97395900-pn-68217832ac-68217832ad-68217832ab-4a\/\" data-wpil-monitor-id=\"1593\">controle remoto de chave de carro<\/a>, chips transponder, programadores de chaves, capas de chaves de carro, fechaduras de carro, ferramentas de chaveiro e assim por diante. Al\u00e9m disso, nossa empresa possui equipe profissional e linha de produ\u00e7\u00e3o. Al\u00e9m disso, somos especializados na produ\u00e7\u00e3o de v\u00e1rias chaves de carro, capas de chaves de carro e ferramentas de chaveiro. Tamb\u00e9m lidamos com desenvolvimento, fabrica\u00e7\u00e3o e atacado de produtos de seguran\u00e7a e prote\u00e7\u00e3o automotiva.<\/p>\n<p>Pre\u00e7os competitivos e servi\u00e7os dedicados ajudar\u00e3o voc\u00ea a conquistar um bom mercado. Al\u00e9m disso, mais de 10 jovens e en\u00e9rgicos times de vendas oferecem servi\u00e7o r\u00e1pido, profissional e amig\u00e1vel a qualquer momento. Al\u00e9m disso, todos os nossos produtos\u00a0\u00a0s\u00e3o enviados diretamente do armaz\u00e9m na Brasil, Canad\u00e1 e M\u00e9xico. Portanto, as mercadorias que voc\u00ea comprar ser\u00e3o embaladas e enviadas dentro de 48 horas ap\u00f3s a realiza\u00e7\u00e3o do pedido. Mais de 100% de nossos produtos est\u00e3o em estoque, e o invent\u00e1rio \u00e9 suficiente.<\/p>","protected":false},"excerpt":{"rendered":"<ul>\n<li>SKU: CA-DG031<\/li>\n<li>ID FCC: KOBDT04A<\/li>\n<li>PN: 3521A-T04B, 05135670, 05179513, 05135670AA, 05175786AA, 56038751, 56053000AD, 56053000AH<\/li>\n<li>IC: 5461A-692427AA<\/li>\n<li>Frequ\u00eancia: 315MHz<\/li>\n<li>Chip: 46<\/li>\n<li>Bot\u00f5es: Trancar, Destrancar, P\u00e2nico<\/li>\n<\/ul>","protected":false},"featured_media":20854,"comment_status":"open","ping_status":"closed","template":"","meta":{"_bst_post_transparent":"default","_bst_post_title":"","_bst_post_layout":"default","_bst_post_sidebar_id":"","_bst_post_content_style":"default","_bst_post_vertical_padding":"default","_bst_post_feature":"","_bst_post_feature_position":"","_bst_post_header":false,"_bst_post_footer":false},"product_brand":[],"product_cat":[15,153,170],"product_tag":[],"2_year_make_model":[],"class_list":{"0":"post-13764","1":"product","2":"type-product","3":"status-publish","4":"has-post-thumbnail","6":"product_cat-carkeyremote","7":"product_cat-for-dodge","8":"product_cat-for-mitsubishi","10":"first","11":"instock","12":"sale","13":"shipping-taxable","14":"purchasable","15":"product-type-simple","16":"entry","17":"content-bg","18":"loop-entry"},"_links":{"self":[{"href":"https:\/\/keylessbest.com\/pt\/wp-json\/wp\/v2\/product\/13764","targetHints":{"allow":["GET"]}}],"collection":[{"href":"https:\/\/keylessbest.com\/pt\/wp-json\/wp\/v2\/product"}],"about":[{"href":"https:\/\/keylessbest.com\/pt\/wp-json\/wp\/v2\/types\/product"}],"replies":[{"embeddable":true,"href":"https:\/\/keylessbest.com\/pt\/wp-json\/wp\/v2\/comments?post=13764"}],"version-history":[{"count":3,"href":"https:\/\/keylessbest.com\/pt\/wp-json\/wp\/v2\/product\/13764\/revisions"}],"predecessor-version":[{"id":20852,"href":"https:\/\/keylessbest.com\/pt\/wp-json\/wp\/v2\/product\/13764\/revisions\/20852"}],"wp:featuredmedia":[{"embeddable":true,"href":"https:\/\/keylessbest.com\/pt\/wp-json\/wp\/v2\/media\/20854"}],"wp:attachment":[{"href":"https:\/\/keylessbest.com\/pt\/wp-json\/wp\/v2\/media?parent=13764"}],"wp:term":[{"taxonomy":"product_brand","embeddable":true,"href":"https:\/\/keylessbest.com\/pt\/wp-json\/wp\/v2\/product_brand?post=13764"},{"taxonomy":"product_cat","embeddable":true,"href":"https:\/\/keylessbest.com\/pt\/wp-json\/wp\/v2\/product_cat?post=13764"},{"taxonomy":"product_tag","embeddable":true,"href":"https:\/\/keylessbest.com\/pt\/wp-json\/wp\/v2\/product_tag?post=13764"},{"taxonomy":"2_year_make_model","embeddable":true,"href":"https:\/\/keylessbest.com\/pt\/wp-json\/wp\/v2\/2_year_make_model?post=13764"}],"curies":[{"name":"wp","href":"https:\/\/api.w.org\/{rel}","templated":true}]}}