{"id":13785,"date":"2025-08-19T08:35:41","date_gmt":"2025-08-19T08:35:41","guid":{"rendered":"https:\/\/hanwuji.shengjit.com\/?post_type=product&#038;p=13785"},"modified":"2026-02-11T07:15:44","modified_gmt":"2026-02-11T07:15:44","slug":"chaveiro-dodge-caravan-m3n5wy72xx-2004-2007-para-keylessbest","status":"publish","type":"product","link":"https:\/\/keylessbest.com\/pt\/product\/chaveiro-dodge-caravan-m3n5wy72xx-2004-2007-para-keylessbest\/","title":{"rendered":"Chaveiro Dodge Caravan M3N5WY72XX 2004-2007 para Keylessbest"},"content":{"rendered":"<p>*As informa\u00e7\u00f5es detalhadas deste controle remoto sem chave de 2004 a 2007 para Chrysler s\u00e3o as seguintes. Por favor, confirme se os detalhes abaixo correspondem ao seu ve\u00edculo antes de fazer o pedido: ID FCC, N\u00famero da Pe\u00e7a, Ano do Modelo, IC, Frequ\u00eancia, Chip e Bot\u00f5es.<\/p>\n<h6><strong><b>Informa\u00e7\u00f5es do Produto: <\/b><\/strong><\/h6>\n<ul>\n<li>ID FCC: M3N5WY72XX<\/li>\n<li>PN: 05183683AA<\/li>\n<li>IC: 267F-5WY72XX<\/li>\n<li>Frequ\u00eancia: 315MHz<\/li>\n<li>Chip: ID46<\/li>\n<li>Bot\u00f5es: Trancar, Destrancar, P\u00e2nico, Cap\u00f4, Esquerda <a href=\"https:\/\/keylessbest.com\/pt\/product\/2001-2012-chevrolet-hummer-gmc-oldsmobile-pontiac-isuzu-colorado-h3-venture-without-sliding-doors-canyon-silhouette-montana-h3t-i-280-i-290-i-350-i-370-3-buttons-keyless-entry-remote-l2c0007t-pn\/\"  data-wpil-monitor-id=\"641\">Porta Deslizante<\/a>, Porta Deslizante Direita<\/li>\n<\/ul>\n<h6><strong><b>O modelo de refer\u00eancia:<\/b><\/strong><\/h6>\n<ul>\n<li>Chrysler Town &amp; Country 2004 \u2013 2007<\/li>\n<li>Dodge Caravan 2004 \u2013 2007<\/li>\n<li>Dodge Grand Caravan 2004 \u2013 2007<\/li>\n<\/ul>\n<h6><strong><b>Inclus\u00f5es do Pacote:<\/b><\/strong><\/h6>\n<ul>\n<li>Um novo aftermarket <a href=\"https:\/\/keylessbest.com\/pt\/product\/ford-fiesta-2011-2017-remoto-de-entrada-sem-chave-com-3-botoes-kr55wk47899-pn164-r8042-remoto-164-r8043-lamina-164-r8042-164-r8039-5913139-5914117-4d63-80bit__trashed\/\"  data-wpil-monitor-id=\"638\">chaveiro remoto sem chave<\/a><\/li>\n<li>Uma chave de inser\u00e7\u00e3o de emerg\u00eancia aftermarket gratuita<\/li>\n<li>Todos os transmissores v\u00eam com uma bateria<\/li>\n<li>Todas as unidades s\u00e3o testadas antes do envio<\/li>\n<li>Garantia e satisfa\u00e7\u00e3o de 2 anos 100%<\/li>\n<\/ul>\n<h6><strong><b>Observa\u00e7\u00e3o:<\/b><\/strong><\/h6>\n<ul>\n<li>A substitui\u00e7\u00e3o do controle remoto de entrada sem chave inteligente de 2004 a 2007 para Chrysler \u2013 sem logotipo, com uma chave de emerg\u00eancia n\u00e3o cortada inclu\u00edda.<\/li>\n<li>N\u00f3s n\u00e3o cortamos ou programamos a <a href=\"https:\/\/keylessbest.com\/pt\/loja-de-chaves-de-carro-keylessbestcarkeyfobshop\/\"  data-wpil-monitor-id=\"643\">chave remota<\/a>. Al\u00e9m disso, para pre\u00e7os, entre em contato com o chaveiro ou concession\u00e1ria local.<\/li>\n<li>Este transmissor \u00e9 compat\u00edvel com ve\u00edculos que possuem um bot\u00e3o de partida\/parada no painel ou igni\u00e7\u00e3o com bot\u00e3o girat\u00f3rio, juntamente com um proxy <a href=\"https:\/\/keylessbest.com\/pt\/product\/nissan-rogue-versa-pathfinder-2007-2013-com-sistema-inteligente-controle-remoto-de-entrada-sem-chave-de-3-botoes-cwtwbu729-cwtwbu735-cwtwbu624-pn-285e3-em30d-285e3-em31d\/\"  data-wpil-monitor-id=\"639\">controle de acesso sem chave<\/a> sistema.<\/li>\n<li>Pre\u00e7o \u00a0\u00a0\u00e9 \u00a0para \u00a0uma substitui\u00e7\u00e3o completa \u00a0\u00a0<a href=\"https:\/\/keylessbest.com\/pt\/product\/2001-2011-chevrolet-gmc-cadillac-suburban-tahoe-yukon-silverado-escalade-sierra-avalanche-s10-pickup-3-buttons-keyless-entry-remote-koblear1xt-pn15042968\/\"  data-wpil-monitor-id=\"645\">controle remoto de entrada sem chave<\/a>, chave de emerg\u00eancia inclu\u00edda.<\/li>\n<li>Portanto, recomendamos fortemente que voc\u00ea tenha seu \u00a0<a href=\"https:\/\/keylessbest.com\/pt\/como-programar-chaveiro-rapido-facil-passos-diy-para-qualquer-carro\/\"  data-wpil-monitor-id=\"637\">CHAVEIRO programado<\/a> por um chaveiro profissional ou revendedor.<\/li>\n<\/ul>\n<h6><strong><b>Recursos de Programa\u00e7\u00e3o\u00a0<\/b><\/strong><\/h6>\n<p><a href=\"http:\/\/programyourfob.com\/?list_7\/\" target=\"_blank\" rel=\"noopener\">http:\/\/programyourfob.com\/?list_7\/<\/a><\/p>\n<p>Obrigado por nos escolher.<\/p>\n<p>Somos um dos fabricantes mais profissionais de chaves de carro,\u00a0<a href=\"https:\/\/keylessbest.com\/pt\/product\/2016-2022-chevrolet-volt-cruze-new-model-traverse-camaro-malibu-cruze-xl8-systems-only-blazer-sonic-4-buttons-keyless-entry-remote-hyq4ea-pn-1350877113584504-13529660-46\/\" data-wpil-monitor-id=\"640\">sistema de entrada sem chave<\/a>, controle remoto de chave de carro, chips transponder, programadores de chaves, capas de chaves de carro, fechaduras de carro, ferramentas de chaveiro e assim por diante. Al\u00e9m disso, nossa empresa possui uma equipe profissional e linha de produ\u00e7\u00e3o. Al\u00e9m disso, somos especializados na produ\u00e7\u00e3o de v\u00e1rias <a href=\"https:\/\/keylessbest.com\/pt\/quanto-custa-para-substituir-um-chaveiro-de-carro-em-2025\/\" data-wpil-monitor-id=\"644\">chave de carro<\/a>s, capas de chaves de carro e ferramentas de chaveiro. Tamb\u00e9m lidamos com desenvolvimento, fabrica\u00e7\u00e3o e atacado de produtos de seguran\u00e7a e prote\u00e7\u00e3o automotiva.<\/p>\n<p>Pre\u00e7os competitivos e servi\u00e7os dedicados ajudar\u00e3o voc\u00ea a conquistar um bom mercado. Al\u00e9m disso, mais de 10 jovens e en\u00e9rgicos times de vendas oferecem servi\u00e7o r\u00e1pido, profissional e amig\u00e1vel a qualquer momento. Al\u00e9m disso, todos os nossos produtos\u00a0\u00a0s\u00e3o enviados diretamente do armaz\u00e9m na Brasil, Canad\u00e1 e M\u00e9xico. Portanto, as mercadorias que voc\u00ea comprar ser\u00e3o embaladas e enviadas dentro de 48 horas ap\u00f3s a realiza\u00e7\u00e3o do pedido. Mais de 100% de nossos produtos est\u00e3o em estoque, e o invent\u00e1rio \u00e9 suficiente.<\/p>","protected":false},"excerpt":{"rendered":"<ul>\n<li>SKU: CA-DG034<\/li>\n<li>ID FCC: M3N5WY72XX<\/li>\n<li>PN: 05183683AA<\/li>\n<li>IC: 267F-5WY72XX<\/li>\n<li>Frequ\u00eancia: 315MHz<\/li>\n<li>Chip: ID46<\/li>\n<li>Bot\u00f5es: Trancar, Destrancar, P\u00e2nico, Cap\u00f4, Esquerda <a href=\"https:\/\/keylessbest.com\/pt\/product\/2001-2012-chevrolet-hummer-gmc-oldsmobile-pontiac-isuzu-colorado-h3-venture-without-sliding-doors-canyon-silhouette-montana-h3t-i-280-i-290-i-350-i-370-3-buttons-keyless-entry-remote-l2c0007t-pn\/\"  data-wpil-monitor-id=\"642\">Porta Deslizante<\/a>, Porta Deslizante Direita<\/li>\n<\/ul>","protected":false},"featured_media":20862,"comment_status":"open","ping_status":"closed","template":"","meta":{"_bst_post_transparent":"default","_bst_post_title":"","_bst_post_layout":"default","_bst_post_sidebar_id":"","_bst_post_content_style":"default","_bst_post_vertical_padding":"default","_bst_post_feature":"","_bst_post_feature_position":"","_bst_post_header":false,"_bst_post_footer":false},"product_brand":[],"product_cat":[15,155],"product_tag":[],"2_year_make_model":[],"class_list":{"0":"post-13785","1":"product","2":"type-product","3":"status-publish","4":"has-post-thumbnail","6":"product_cat-carkeyremote","7":"product_cat-for-chrysler","9":"first","10":"instock","11":"sale","12":"shipping-taxable","13":"purchasable","14":"product-type-simple","15":"entry","16":"content-bg","17":"loop-entry"},"_links":{"self":[{"href":"https:\/\/keylessbest.com\/pt\/wp-json\/wp\/v2\/product\/13785","targetHints":{"allow":["GET"]}}],"collection":[{"href":"https:\/\/keylessbest.com\/pt\/wp-json\/wp\/v2\/product"}],"about":[{"href":"https:\/\/keylessbest.com\/pt\/wp-json\/wp\/v2\/types\/product"}],"replies":[{"embeddable":true,"href":"https:\/\/keylessbest.com\/pt\/wp-json\/wp\/v2\/comments?post=13785"}],"version-history":[{"count":2,"href":"https:\/\/keylessbest.com\/pt\/wp-json\/wp\/v2\/product\/13785\/revisions"}],"predecessor-version":[{"id":19539,"href":"https:\/\/keylessbest.com\/pt\/wp-json\/wp\/v2\/product\/13785\/revisions\/19539"}],"wp:featuredmedia":[{"embeddable":true,"href":"https:\/\/keylessbest.com\/pt\/wp-json\/wp\/v2\/media\/20862"}],"wp:attachment":[{"href":"https:\/\/keylessbest.com\/pt\/wp-json\/wp\/v2\/media?parent=13785"}],"wp:term":[{"taxonomy":"product_brand","embeddable":true,"href":"https:\/\/keylessbest.com\/pt\/wp-json\/wp\/v2\/product_brand?post=13785"},{"taxonomy":"product_cat","embeddable":true,"href":"https:\/\/keylessbest.com\/pt\/wp-json\/wp\/v2\/product_cat?post=13785"},{"taxonomy":"product_tag","embeddable":true,"href":"https:\/\/keylessbest.com\/pt\/wp-json\/wp\/v2\/product_tag?post=13785"},{"taxonomy":"2_year_make_model","embeddable":true,"href":"https:\/\/keylessbest.com\/pt\/wp-json\/wp\/v2\/2_year_make_model?post=13785"}],"curies":[{"name":"wp","href":"https:\/\/api.w.org\/{rel}","templated":true}]}}