{"id":13786,"date":"2025-08-19T08:35:41","date_gmt":"2025-08-19T08:35:41","guid":{"rendered":"https:\/\/hanwuji.shengjit.com\/?post_type=product&#038;p=13786"},"modified":"2026-02-11T07:17:47","modified_gmt":"2026-02-11T07:17:47","slug":"chaveiro-dodge-chrysler-1999-2008-04686481ab-para-keylessbest","status":"publish","type":"product","link":"https:\/\/keylessbest.com\/pt\/product\/chaveiro-dodge-chrysler-1999-2008-04686481ab-para-keylessbest\/","title":{"rendered":"Chaveiro Dodge Chrysler 1999-2008 04686481AB para Keylessbest"},"content":{"rendered":"<p>*As informa\u00e7\u00f5es detalhadas deste chaveiro de controle remoto sem chave de 1998-2008 Chrysler Dodge Jeep Plymouth s\u00e3o as seguintes. Por favor, confirme se os detalhes abaixo correspondem ao seu ve\u00edculo antes de fazer o pedido: ID FCC, N\u00famero da Pe\u00e7a, Ano do Modelo, IC, Frequ\u00eancia, Chip e Bot\u00f5es.<\/p>\n<h6><strong><b>Informa\u00e7\u00f5es do Produto:<\/b><\/strong><\/h6>\n<ul>\n<li>ID FCC: GQ43VT17T<\/li>\n<li>PN: 04686481AB<\/li>\n<li>Frequ\u00eancia: 315MHz<\/li>\n<li>Bot\u00f5es: Trancar, Destrancar, P\u00e2nico<\/li>\n<\/ul>\n<h6><strong><b>O modelo de refer\u00eancia:<\/b><\/strong><\/h6>\n<ul>\n<li>2008 \u2013 2008 Chrysler Crossfire<\/li>\n<li>2000 \u2013 2000 Chrysler Grand Voyager<\/li>\n<li>1999 \u2013 2003 Chrysler Town and Country<\/li>\n<li><a href=\"https:\/\/keylessbest.com\/pt\/product\/acura-cl-tl-rl-de-1999-a-2004-controle-remoto-de-entrada-sem-chave-de-4-botoes-e4eg8d-444h-a-substitui-pn-72147-s0k-a23-72147-s0k-a13__trashed\/\" data-wpil-monitor-id=\"872\">2000 &#8211; 2003<\/a> Chrysler Voyager<\/li>\n<li>1999 \u2013 2003 Dodge Caravan<\/li>\n<li>2001 \u2013 2004 Dodge Dakota<\/li>\n<li>2000 \u2013 2003 Dodge Durango<\/li>\n<li>1999 \u2013 2003 Dodge Grand Caravan<\/li>\n<li>2002 \u2013 2005 Dodge Ram 1500<\/li>\n<li>2003 \u2013 2005 Dodge Ram 2500<\/li>\n<li>2003 \u2013 2005 Dodge Ram 3500<\/li>\n<li>2008 \u2013 2008 Dodge Ram 4500<\/li>\n<li>2008 \u2013 2008 Dodge Ram 5500<\/li>\n<li>1998 \u2013 1998 Dodge Viper<\/li>\n<li>2001 &#8211; 2001 <a href=\"https:\/\/keylessbest.com\/pt\/product\/2021-2024-jeep-grand-cherokee-grand-wagoneer-4-buttons-keyless-entry-remote-m3nwxf0b1-pn-685169738aa-4a-chip-hitag-aes__trashed\/\" data-wpil-monitor-id=\"873\">Jeep Grand<\/a> Cherokee<\/li>\n<li>1999 \u2013 1999 Plymouth Grand Voyager<\/li>\n<li>2000 \u2013 2002 Plymouth Prowler<\/li>\n<li>1999 \u2013 1999 Plymouth Voyager<\/li>\n<\/ul>\n<h6><strong><b>Inclus\u00f5es do Pacote:<\/b><\/strong><\/h6>\n<ul>\n<li>Um novo aftermarket <a href=\"https:\/\/keylessbest.com\/pt\/product\/ford-fiesta-2011-2017-remoto-de-entrada-sem-chave-com-3-botoes-kr55wk47899-pn164-r8042-remoto-164-r8043-lamina-164-r8042-164-r8039-5913139-5914117-4d63-80bit__trashed\/\" data-wpil-monitor-id=\"877\">chaveiro remoto sem chave<\/a><\/li>\n<li>Uma chave de inser\u00e7\u00e3o de emerg\u00eancia aftermarket gratuita<\/li>\n<li>Todos os transmissores v\u00eam com uma bateria<\/li>\n<li>Todas as unidades s\u00e3o testadas antes do envio<\/li>\n<li>Garantia e satisfa\u00e7\u00e3o de 2 anos 100%<\/li>\n<\/ul>\n<h6><strong><b>Observa\u00e7\u00e3o:<\/b><\/strong><\/h6>\n<ul>\n<li>Substitui\u00e7\u00e3o do controle remoto inteligente de entrada sem chave de 1998-2008 Chrysler Dodge Jeep Plymouth \u2013 sem logotipo, com uma chave de inser\u00e7\u00e3o de emerg\u00eancia n\u00e3o cortada inclu\u00edda.<\/li>\n<li>N\u00f3s n\u00e3o cortamos ou programamos a <a href=\"https:\/\/keylessbest.com\/pt\/loja-de-chaves-de-carro-keylessbestcarkeyfobshop\/\" data-wpil-monitor-id=\"878\">chave remota<\/a>. Al\u00e9m disso, para pre\u00e7os, entre em contato com o chaveiro ou concession\u00e1ria local.<\/li>\n<li>Este transmissor \u00e9 compat\u00edvel com ve\u00edculos que possuem bot\u00e3o de partida\/parada no painel ou igni\u00e7\u00e3o com bot\u00e3o girat\u00f3rio, juntamente com um sistema de entrada sem chave proxy <a href=\"https:\/\/keylessbest.com\/pt\/product\/nissan-rogue-versa-pathfinder-2007-2013-com-sistema-inteligente-controle-remoto-de-entrada-sem-chave-de-3-botoes-cwtwbu729-cwtwbu735-cwtwbu624-pn-285e3-em30d-285e3-em31d\/\" data-wpil-monitor-id=\"876\">sistema de entrada sem chave<\/a>.<\/li>\n<li>O pre\u00e7o \u00e9 para uma \u00fanica <a href=\"https:\/\/keylessbest.com\/pt\/product\/2015-2021-jeep-renegade-5-buttons-keyless-entry-remote-m3n-40821302-replaces-pn-6mp33dx9aa-id-47-4a__trashed\/\" data-wpil-monitor-id=\"874\">chave de entrada sem chave de reposi\u00e7\u00e3o<\/a>, chave de emerg\u00eancia inclu\u00edda.<\/li>\n<li>Portanto, recomendamos fortemente que voc\u00ea tenha seu <a href=\"https:\/\/keylessbest.com\/pt\/como-programar-chaveiro-rapido-facil-passos-diy-para-qualquer-carro\/\" data-wpil-monitor-id=\"875\">CHAVEIRO programado<\/a> por um chaveiro profissional ou revendedor.<\/li>\n<\/ul>\n<h6><strong>Recursos de Programa\u00e7\u00e3o:<\/strong><\/h6>\n<p><a href=\"http:\/\/programyourfob.com\/?list_7\/\" target=\"_blank\" rel=\"noopener\">http:\/\/programyourfob.com\/?list_7\/<\/a><\/p>\n<p><a href=\"http:\/\/programyourfob.com\/?list_8\/\" target=\"_blank\" rel=\"noopener\">http:\/\/programyourfob.com\/?list_8\/<\/a><\/p>\n<p><a href=\"http:\/\/programyourfob.com\/?list_18\/\" target=\"_blank\" rel=\"noopener\">http:\/\/programyourfob.com\/?list_18\/<\/a><\/p>\n<p><a href=\"http:\/\/programyourfob.com\/?list_28\/\" target=\"_blank\" rel=\"noopener\">http:\/\/programyourfob.com\/?list_28\/<\/a><\/p>\n<p>Obrigado por nos escolher.<\/p>\n<p>Somos um dos fabricantes mais profissionais de chaves de carro, sistema de entrada sem chave, <a href=\"https:\/\/keylessbest.com\/pt\/product\/2006-2018-chrysler-dodge-volkswagen-jeep-town-country-grand-caravan-routan-300-town-country-limited-caravan-challenger-charger-durango-journey-magnum-dakota-ram-commander-grand-cherokee-7-button\/\" data-wpil-monitor-id=\"871\">controle remoto de chave de carro<\/a>, chips transponder, programadores de chaves, carca\u00e7as de chaves de carro, fechaduras de carro, ferramentas de chaveiro e assim por diante. Al\u00e9m disso, nossa empresa possui equipe profissional e linha de produ\u00e7\u00e3o. Ademais, somos especializados na produ\u00e7\u00e3o de v\u00e1rias chaves de carro, carca\u00e7as de chaves de carro e ferramentas de chaveiro. Tamb\u00e9m lidamos com desenvolvimento, fabrica\u00e7\u00e3o e atacado de produtos de seguran\u00e7a e prote\u00e7\u00e3o automotiva.<\/p>\n<p>Pre\u00e7os competitivos e servi\u00e7os dedicados ajudar\u00e3o voc\u00ea a conquistar um bom mercado. Al\u00e9m disso, mais de 10 jovens e en\u00e9rgicos times de vendas oferecem servi\u00e7o r\u00e1pido, profissional e amig\u00e1vel a qualquer momento. Al\u00e9m disso, todos os nossos produtos\u00a0\u00a0s\u00e3o enviados diretamente do armaz\u00e9m na Brasil, Canad\u00e1 e M\u00e9xico. Portanto, as mercadorias que voc\u00ea comprar ser\u00e3o embaladas e enviadas dentro de 48 horas ap\u00f3s a realiza\u00e7\u00e3o do pedido. Mais de 100% de nossos produtos est\u00e3o em estoque, e o invent\u00e1rio \u00e9 suficiente.<\/p>","protected":false},"excerpt":{"rendered":"<ul>\n<li>SKU: CA-DG035<\/li>\n<li>ID FCC: GQ43VT17T<\/li>\n<li>PN: 04686481AB<\/li>\n<li>Frequ\u00eancia: 315MHz<\/li>\n<li>Bot\u00f5es: Trancar, Destrancar, P\u00e2nico<\/li>\n<\/ul>","protected":false},"featured_media":20864,"comment_status":"open","ping_status":"closed","template":"","meta":{"_bst_post_transparent":"default","_bst_post_title":"","_bst_post_layout":"default","_bst_post_sidebar_id":"","_bst_post_content_style":"default","_bst_post_vertical_padding":"default","_bst_post_feature":"","_bst_post_feature_position":"","_bst_post_header":false,"_bst_post_footer":false},"product_brand":[],"product_cat":[15,155,153,154,378],"product_tag":[],"2_year_make_model":[],"class_list":{"0":"post-13786","1":"product","2":"type-product","3":"status-publish","4":"has-post-thumbnail","6":"product_cat-carkeyremote","7":"product_cat-for-chrysler","8":"product_cat-for-dodge","9":"product_cat-for-jeep","10":"product_cat-for-plymouth","12":"first","13":"instock","14":"sale","15":"shipping-taxable","16":"purchasable","17":"product-type-simple","18":"entry","19":"content-bg","20":"loop-entry"},"_links":{"self":[{"href":"https:\/\/keylessbest.com\/pt\/wp-json\/wp\/v2\/product\/13786","targetHints":{"allow":["GET"]}}],"collection":[{"href":"https:\/\/keylessbest.com\/pt\/wp-json\/wp\/v2\/product"}],"about":[{"href":"https:\/\/keylessbest.com\/pt\/wp-json\/wp\/v2\/types\/product"}],"replies":[{"embeddable":true,"href":"https:\/\/keylessbest.com\/pt\/wp-json\/wp\/v2\/comments?post=13786"}],"version-history":[{"count":2,"href":"https:\/\/keylessbest.com\/pt\/wp-json\/wp\/v2\/product\/13786\/revisions"}],"predecessor-version":[{"id":19524,"href":"https:\/\/keylessbest.com\/pt\/wp-json\/wp\/v2\/product\/13786\/revisions\/19524"}],"wp:featuredmedia":[{"embeddable":true,"href":"https:\/\/keylessbest.com\/pt\/wp-json\/wp\/v2\/media\/20864"}],"wp:attachment":[{"href":"https:\/\/keylessbest.com\/pt\/wp-json\/wp\/v2\/media?parent=13786"}],"wp:term":[{"taxonomy":"product_brand","embeddable":true,"href":"https:\/\/keylessbest.com\/pt\/wp-json\/wp\/v2\/product_brand?post=13786"},{"taxonomy":"product_cat","embeddable":true,"href":"https:\/\/keylessbest.com\/pt\/wp-json\/wp\/v2\/product_cat?post=13786"},{"taxonomy":"product_tag","embeddable":true,"href":"https:\/\/keylessbest.com\/pt\/wp-json\/wp\/v2\/product_tag?post=13786"},{"taxonomy":"2_year_make_model","embeddable":true,"href":"https:\/\/keylessbest.com\/pt\/wp-json\/wp\/v2\/2_year_make_model?post=13786"}],"curies":[{"name":"wp","href":"https:\/\/api.w.org\/{rel}","templated":true}]}}